{"id":527,"date":"2015-12-22T07:07:04","date_gmt":"2015-12-22T06:07:04","guid":{"rendered":"http:\/\/alders.p3group.de\/startseite\/"},"modified":"2025-03-21T13:40:06","modified_gmt":"2025-03-21T12:40:06","slug":"startseite","status":"publish","type":"page","link":"https:\/\/alders.p3group.de\/en\/","title":{"rendered":"Homepage"},"content":{"rendered":"<div class=\"wpb-content-wrapper\"><p>[vc_row full_width=&#8221;stretch_row_content&#8221; css=&#8221;.vc_custom_1624883019310{padding-top: 0px !important;padding-bottom: 0px !important;}&#8221; el_class=&#8221;section-grauverlauf&#8221;][vc_column offset=&#8221;vc_hidden-sm vc_hidden-xs&#8221;][vc_column_text][\/vc_column_text][\/vc_column][\/vc_row][vc_row full_width=&#8221;stretch_row&#8221; disable_element=&#8221;yes&#8221; css=&#8221;.vc_custom_1624883055695{padding-top: 0px !important;padding-bottom: 0px !important;}&#8221; el_class=&#8221;section-grauverlauf&#8221;][vc_column][alders_block id=&#8221;2263&#8243;][\/vc_column][\/vc_row][vc_row][vc_column][vc_column_text]<\/p>\n<h1 style=\"text-align: center;\">Electromechanical components for industrial use<\/h1>\n<p>[\/vc_column_text][vc_row_inner][vc_column_inner width=&#8221;1\/2&#8243;][vc_column_text]Find fitting and reliable components for electrical engineering, electronics, and electrodynamics.<\/p>\n<p>ALDERS is a supplier of high-quality and state-of-the-art components for electrical engineering, electronics, and electrodynamics. We enable our customers to be part of a group of selected international top manufacturers, known for first-class quality. Some of these manufacturers are exclusively managed by us.<\/p>\n<p>ALDERS focuses on\u00a0<a href=\"https:\/\/alders.p3group.de\/en\/products\/switches\/special-purpose-solutions\/\">special-purpose solutions<\/a>, customer-specific adaptations and small series. Based on the series products, we carry out modifications according to your specifications in our company.<\/p>\n<p>Our customers are experts in many different working fields which have in common, that components have to function with a great reliability.[\/vc_column_text][\/vc_column_inner][vc_column_inner width=&#8221;1\/2&#8243;][vc_column_text]These include areas such as\u00a0<a href=\"https:\/\/alders.p3group.de\/en\/industries\/construction-and-agricultural-machinery\/\">construction and agricultural machinery<\/a>,\u00a0<a href=\"https:\/\/alders.p3group.de\/en\/industries\/aviation-and-aerospace\/\">aviation and aerospace<\/a>,\u00a0<a href=\"https:\/\/alders.p3group.de\/en\/industries\/armor-and-defense\/\">defense technology<\/a>,\u00a0<a href=\"https:\/\/alders.p3group.de\/en\/industries\/naval-technology\/\">naval technology<\/a>,\u00a0<a href=\"https:\/\/alders.p3group.de\/en\/industries\/motorsports\/\">motor sports<\/a>, as well as\u00a0<a href=\"https:\/\/alders.p3group.de\/en\/industries\/medical-technology\/\">medical technology<\/a>.<\/p>\n<p>We have established very close, long-standing relationships with five of our partners. These are known as the ALDERS premium partners. You can find out more about them in the\u00a0<a href=\"https:\/\/alders.p3group.de\/en\/brands\/\">&#8220;brands&#8221;<\/a>\u00a0section.<\/p>\n<p>ALDERS is official representative and distributor of the following companies: OTTO Controls, NKK Switches, APM Hexseal, Cambion Electronics Ltd., Altmann, L3 Harris Technologies, GT Joysticks AG, CTI, CTS Corporation and FES Sensor Technology.[\/vc_column_text][\/vc_column_inner][\/vc_row_inner][vc_btn title=&#8221;Learn more about our brands&#8221; align=&#8221;center&#8221; link=&#8221;url:https%3A%2F%2Falders.de%2Fen%2Fbrands%2F|title:Brands&#8221; el_class=&#8221;button-white&#8221;][\/vc_column][\/vc_row][vc_row full_width=&#8221;stretch_row&#8221; disable_element=&#8221;yes&#8221; el_class=&#8221;section-blau&#8221;][vc_column][vc_column_text]<\/p>\n<h2 style=\"text-align: center;\">Strong partners, strong team: ALDERS<\/h2>\n<h3 class=\"subline\" style=\"text-align: center;\">Learn more about us and from our experience<\/h3>\n<p>[\/vc_column_text][\/vc_column][\/vc_row][vc_row equal_height=&#8221;yes&#8221; content_placement=&#8221;middle&#8221; el_class=&#8221;kacheln&#8221;][vc_column el_class=&#8221;kachel-blau&#8221; offset=&#8221;vc_col-md-6&#8243;][vc_column_text]<\/p>\n<h2 style=\"text-align: center;\">Company<\/h2>\n<p style=\"text-align: center;\">ALDERS has an extensive company history of over 35 years. When selecting suppliers for electromechanical components, our focus lies on excellent quality, high safety, and a long service life. Just like our premium partners, we have special requirements from a wide range of industries that benefit you as a customer.<\/p>\n<p>[\/vc_column_text][vc_btn title=&#8221;About us&#8221; align=&#8221;center&#8221; link=&#8221;url:https%3A%2F%2Falders.de%2Fen%2Fcompany%2Fteam%2F|title:About%20us&#8221; el_class=&#8221;kachel-button-weiss&#8221;][\/vc_column][vc_column el_class=&#8221;kachel-weiss&#8221; offset=&#8221;vc_col-md-6&#8243;][vc_raw_html css=&#8221;.vc_custom_1618495795280{margin-bottom: 0px !important;}&#8221;]JTNDZGl2JTIwY2xhc3MlM0QlMjJlbWJlZC1yZXNwb25zaXZlJTIwZW1iZWQtcmVzcG9uc2l2ZS0xNmJ5OSUyMiUzRSUwQSUyMCUyMCUzQ2lmcmFtZSUyMGNsYXNzJTNEJTIyZW1iZWQtcmVzcG9uc2l2ZS1pdGVtJTIyJTIwc3JjJTNEJTIyaHR0cHMlM0ElMkYlMkZ3d3cueW91dHViZS1ub2Nvb2tpZS5jb20lMkZlbWJlZCUyRmlXVkUxYmsxQ0pFJTNGcmVsJTNEMCUyMiUyMGFsbG93ZnVsbHNjcmVlbiUzRSUzQyUyRmlmcmFtZSUzRSUwQSUzQyUyRmRpdiUzRQ==[\/vc_raw_html][\/vc_column][\/vc_row][vc_row equal_height=&#8221;yes&#8221; content_placement=&#8221;middle&#8221; el_class=&#8221;kacheln&#8221; css=&#8221;.vc_custom_1624880816943{margin-right: 0px !important;margin-left: 0px !important;padding-top: 0px !important;padding-right: 30px !important;padding-bottom: 0px !important;padding-left: 30px !important;background-color: #e4e4e4 !important;}&#8221;][vc_column][vc_column_text css=&#8221;.vc_custom_1625068966205{margin-bottom: 25px !important;}&#8221;]<\/p>\n<h2 style=\"text-align: center;\">Our product portfolio &#8211; Highlights<\/h2>\n<p>[\/vc_column_text][vc_column_text css=&#8221;.vc_custom_1622543020837{margin-bottom: 0px !important;}&#8221;][alders_products_on_front_page posts_per_page=&#8221;10&#8243;][\/vc_column_text][\/vc_column][\/vc_row][vc_row css=&#8221;.vc_custom_1624881244996{margin-top: 30px !important;margin-bottom: 60px !important;padding-top: 0px !important;padding-bottom: 0px !important;}&#8221;][vc_column][vc_column_text]<\/p>\n<h2 style=\"text-align: center;\">Strong partners, strong team<\/h2>\n<p style=\"text-align: center;\">The variety of our qualified and experienced partners provides us with a widest product range of switches, gaskets, joysticks, Rotary and many more. Each individual is specialized in his area and ensure safety and many years of warranty.<\/p>\n<p>[\/vc_column_text][vc_row_inner equal_height=&#8221;yes&#8221; disable_element=&#8221;yes&#8221; el_id=&#8221;marken-logos&#8221;][vc_column_inner width=&#8221;1\/6&#8243;][vc_single_image image=&#8221;1151&#8243; img_size=&#8221;full&#8221; alignment=&#8221;center&#8221;][\/vc_column_inner][vc_column_inner width=&#8221;1\/6&#8243;][vc_single_image image=&#8221;1147&#8243; img_size=&#8221;full&#8221; alignment=&#8221;center&#8221;][\/vc_column_inner][vc_column_inner width=&#8221;1\/6&#8243;][vc_single_image image=&#8221;1149&#8243; img_size=&#8221;full&#8221; alignment=&#8221;center&#8221;][\/vc_column_inner][vc_column_inner width=&#8221;1\/6&#8243;][vc_single_image image=&#8221;2885&#8243; img_size=&#8221;full&#8221; alignment=&#8221;center&#8221;][\/vc_column_inner][vc_column_inner width=&#8221;1\/6&#8243;][vc_single_image image=&#8221;2889&#8243; img_size=&#8221;full&#8221; alignment=&#8221;center&#8221;][\/vc_column_inner][vc_column_inner width=&#8221;1\/6&#8243;][vc_single_image image=&#8221;2887&#8243; img_size=&#8221;full&#8221; alignment=&#8221;center&#8221;][\/vc_column_inner][vc_column_inner width=&#8221;1\/6&#8243;][vc_single_image image=&#8221;1141&#8243; img_size=&#8221;full&#8221; alignment=&#8221;center&#8221;][\/vc_column_inner][vc_column_inner width=&#8221;1\/6&#8243;][vc_single_image image=&#8221;2881&#8243; img_size=&#8221;full&#8221; alignment=&#8221;center&#8221;][\/vc_column_inner][vc_column_inner width=&#8221;1\/6&#8243;][vc_single_image image=&#8221;1143&#8243; img_size=&#8221;full&#8221; alignment=&#8221;center&#8221;][\/vc_column_inner][vc_column_inner width=&#8221;1\/6&#8243;][vc_single_image image=&#8221;2454&#8243; img_size=&#8221;full&#8221; alignment=&#8221;center&#8221;][\/vc_column_inner][vc_column_inner width=&#8221;1\/6&#8243;][vc_single_image image=&#8221;2314&#8243; img_size=&#8221;full&#8221; alignment=&#8221;center&#8221;][\/vc_column_inner][vc_column_inner width=&#8221;1\/6&#8243;][vc_single_image image=&#8221;2310&#8243; img_size=&#8221;full&#8221; alignment=&#8221;center&#8221;][\/vc_column_inner][\/vc_row_inner][vc_row_inner][vc_column_inner width=&#8221;1\/2&#8243; offset=&#8221;vc_col-md-3&#8243;][vc_images_carousel images=&#8221;288811,2889,2887,287871,2883&#8243; img_size=&#8221;full&#8221; onclick=&#8221;link_no&#8221; autoplay=&#8221;yes&#8221; hide_pagination_control=&#8221;yes&#8221; hide_prev_next_buttons=&#8221;yes&#8221; wrap=&#8221;yes&#8221; css=&#8221;.vc_custom_1706706454360{margin-bottom: 0px !important;}&#8221; el_class=&#8221;marken-karussell text-center&#8221;][\/vc_column_inner][vc_column_inner width=&#8221;1\/2&#8243; offset=&#8221;vc_col-md-3&#8243;][vc_images_carousel images=&#8221;1147,288811,2881,284820,2454&#8243; img_size=&#8221;full&#8221; onclick=&#8221;link_no&#8221; autoplay=&#8221;yes&#8221; hide_pagination_control=&#8221;yes&#8221; hide_prev_next_buttons=&#8221;yes&#8221; wrap=&#8221;yes&#8221; css=&#8221;.vc_custom_1706706496561{margin-bottom: 0px !important;}&#8221; el_class=&#8221;marken-karussell text-center&#8221;][\/vc_column_inner][vc_column_inner width=&#8221;1\/2&#8243; offset=&#8221;vc_col-md-3&#8243;][vc_images_carousel images=&#8221;1145,1147,1143,2889&#8243; img_size=&#8221;full&#8221; onclick=&#8221;link_no&#8221; autoplay=&#8221;yes&#8221; hide_pagination_control=&#8221;yes&#8221; hide_prev_next_buttons=&#8221;yes&#8221; wrap=&#8221;yes&#8221; css=&#8221;.vc_custom_1742560773096{margin-bottom: 0px !important;}&#8221; el_class=&#8221;marken-karussell text-center&#8221;][\/vc_column_inner][vc_column_inner width=&#8221;1\/2&#8243; offset=&#8221;vc_col-md-3&#8243;][vc_images_carousel images=&#8221;284820,2881,2883,2887,287871&#8243; img_size=&#8221;full&#8221; onclick=&#8221;link_no&#8221; autoplay=&#8221;yes&#8221; hide_pagination_control=&#8221;yes&#8221; hide_prev_next_buttons=&#8221;yes&#8221; wrap=&#8221;yes&#8221; css=&#8221;.vc_custom_1694417567812{margin-bottom: 0px !important;}&#8221; el_class=&#8221;marken-karussell text-center&#8221;][\/vc_column_inner][\/vc_row_inner][vc_btn title=&#8221;Our partners&#8221; align=&#8221;center&#8221; link=&#8221;url:https%3A%2F%2Falders.de%2Fen%2Fbrands%2F|title:%C3%9Cber%20uns&#8221; el_class=&#8221;button-white&#8221;][\/vc_column][\/vc_row][vc_row equal_height=&#8221;yes&#8221; content_placement=&#8221;middle&#8221; disable_element=&#8221;yes&#8221; el_class=&#8221;kacheln&#8221;][vc_column el_class=&#8221;kachel-weiss vc_col-md-push-3&#8243; offset=&#8221;vc_col-md-6&#8243;][vc_column_text el_class=&#8221;fachwissen-links text-center&#8221;]<\/p>\n<h2>Fachwissen<\/h2>\n<ul>\n<li><a href=\"https:\/\/alders.p3group.de\/fachwissen\/daumenjoystick\/\">Daumenjoystick<\/a><\/li>\n<li><a href=\"https:\/\/alders.p3group.de\/fachwissen\/daumenrad\/\">Daumenrad<\/a><\/li>\n<li><a href=\"https:\/\/alders.p3group.de\/fachwissen\/daumenwippe\/\">Daumenwippe<\/a><\/li>\n<li><a href=\"https:\/\/alders.p3group.de\/fachwissen\/desktop-joystick\/\">Desktop-Joystick<\/a><\/li>\n<li><a href=\"https:\/\/alders.p3group.de\/fachwissen\/dip-schalter\/\">DIP-Schalter<\/a><\/li>\n<li><a href=\"https:\/\/alders.p3group.de\/fachwissen\/displaytaster\/\">Displaytaster<\/a><\/li>\n<li><a href=\"https:\/\/alders.p3group.de\/fachwissen\/drehcodierschalter\/\">Drehcodierschalter<\/a><\/li>\n<li><a href=\"https:\/\/alders.p3group.de\/fachwissen\/drehgeber\/\">Drehgeber<\/a><\/li>\n<li><a href=\"https:\/\/alders.p3group.de\/fachwissen\/drehpotentiometer\/\">Drehpotentiometer<\/a><\/li>\n<li><a href=\"https:\/\/alders.p3group.de\/fachwissen\/drehschalter\/\">Drehschalter<\/a><\/li>\n<li><a href=\"https:\/\/alders.p3group.de\/fachwissen\/druckschalter\/\">Druckschalter<\/a><\/li>\n<li><a href=\"https:\/\/alders.p3group.de\/fachwissen\/drucktaster\/\">Drucktaster<\/a><\/li>\n<li><a href=\"https:\/\/alders.p3group.de\/fachwissen\/kipphebelschalter\/\">Kipphebelschalter<\/a><\/li>\n<li><a href=\"https:\/\/alders.p3group.de\/fachwissen\/kippschalter\/\">Kippschalter<\/a><\/li>\n<li><a href=\"https:\/\/alders.p3group.de\/fachwissen\/kitting\/\">Kitting<\/a><\/li>\n<li><a href=\"https:\/\/alders.p3group.de\/fachwissen\/kodierer\/\">Kodierer<\/a><\/li>\n<li><a href=\"https:\/\/alders.p3group.de\/fachwissen\/kurzhubschalter\/\">Kurzhubschalter<\/a><\/li>\n<li><a href=\"https:\/\/alders.p3group.de\/fachwissen\/kurzhubtaster\/\">Kurzhubtaster<\/a><\/li>\n<li><a href=\"https:\/\/alders.p3group.de\/fachwissen\/kurzschlussstecker\/\">Kurzschlussstecker<\/a><\/li>\n<\/ul>\n<p>[\/vc_column_text][\/vc_column][vc_column width=&#8221;1\/2&#8243; el_class=&#8221;kachel-blau vc_col-md-pull-6&#8243; offset=&#8221;vc_col-md-3&#8243;][vc_column_text]<\/p>\n<h2 style=\"text-align: center;\">Sonderl\u00f6sungen<\/h2>\n<p style=\"text-align: center;\">Sind unsere Herausforderung! Sie m\u00f6chten uns ein Projekt vorstellen, an dem Sie gerade arbeiten? Kein Problem. Gerne erarbeiten wir mit Ihnen zusammen Ihr Produkt f\u00fcr Ihr Vorhaben.<\/p>\n<p>[\/vc_column_text][vc_btn title=&#8221;Referenzen&#8221; align=&#8221;center&#8221; link=&#8221;url:https%3A%2F%2Falders.de%2Funternehmen%2Freferenzen%2F|title:Referenzen&#8221; el_class=&#8221;kachel-button-weiss&#8221;][\/vc_column][vc_column width=&#8221;1\/2&#8243; offset=&#8221;vc_col-md-3&#8243; el_class=&#8221;kachel-blau&#8221;][vc_hoverbox image=&#8221;277355&#8243; primary_title=&#8221;&#8221; hover_title=&#8221;Daniel Jennen &#8211; Vertriebsleiter&#8221; shape=&#8221;square&#8221; hover_background_color=&#8221;custom&#8221; hover_btn_title=&#8221;Kontakt&#8221; hover_add_button=&#8221;true&#8221; hover_custom_background=&#8221;#00559f&#8221; hover_btn_link=&#8221;url:mailto%3Ajde%40alders.de|title:Kontakt&#8221; hover_btn_el_class=&#8221;kachel-button-weiss&#8221;]Ihr Ansprechpartner f\u00fcr Produkte, Service und Sonderl\u00f6sungen.[\/vc_hoverbox][\/vc_column][\/vc_row][vc_row equal_height=&#8221;yes&#8221; content_placement=&#8221;middle&#8221; disable_element=&#8221;yes&#8221; el_class=&#8221;kacheln&#8221;][vc_column width=&#8221;1\/2&#8243; el_class=&#8221;kachel-blau&#8221; offset=&#8221;vc_col-md-3&#8243;][vc_hoverbox image=&#8221;277353&#8243; primary_title=&#8221;&#8221; hover_title=&#8221;Anja Bohlmann &#8211; Auftragsabwicklung&#8221; shape=&#8221;square&#8221; hover_background_color=&#8221;custom&#8221; hover_custom_background=&#8221;#00559f&#8221;]&#8221;Bei ALDERS zu arbeiten, ist jeden Tag ein tolles Erlebnis.&#8221;[\/vc_hoverbox][\/vc_column][vc_column width=&#8221;1\/2&#8243; el_class=&#8221;kachel-weiss&#8221;][vc_column_text el_class=&#8221;messen-links text-center&#8221;]<\/p>\n<h2>Messe &amp; Events<\/h2>\n<p>Wir stellen aus und freuen uns, Sie auf unserem Messestand begr\u00fc\u00dfen zu d\u00fcrfen.<\/p>\n<p><a href=\"https:\/\/www.interairporteurope.com\" target=\"_blank\" rel=\"noopener\"><strong>InterAirport<\/strong><\/a>, 09.11.-12.11.2021, M\u00fcnchen<br \/>\n<strong><a href=\"https:\/\/www.agritechnica.com\/de\/\" target=\"_blank\" rel=\"noopener\">Agritechnica<\/a><\/strong>, 14.11.-20.11.2021, Hannover<br \/>\n<strong><a href=\"https:\/\/www.bauma.de\/de\/\">BAUMA<\/a><\/strong>, 04.04.-10.04.2022, M\u00fcnchen[\/vc_column_text][\/vc_column][vc_column offset=&#8221;vc_col-md-3&#8243; el_class=&#8221;kachel-blau&#8221;][vc_column_text]<\/p>\n<h2 style=\"text-align: center;\">Karriere<\/h2>\n<p>[\/vc_column_text][vc_single_image image=&#8221;1997&#8243; img_size=&#8221;medium&#8221; alignment=&#8221;center&#8221; css=&#8221;.vc_custom_1623054028141{margin-bottom: 10px !important;}&#8221;][vc_column_text]<\/p>\n<p style=\"text-align: center;\"><a class=\"stretched-link\" href=\"https:\/\/alders.p3group.de\/unternehmen\/karriere\/\">Ihre Karriere-Chancen bei ALDERS<\/a><\/p>\n<p>[\/vc_column_text][\/vc_column][\/vc_row][vc_row equal_height=&#8221;yes&#8221; content_placement=&#8221;middle&#8221; disable_element=&#8221;yes&#8221; el_class=&#8221;kacheln&#8221;][vc_column][vc_column_text css=&#8221;.vc_custom_1624879614765{margin-bottom: 25px !important;}&#8221;]<\/p>\n<h2 style=\"text-align: center;\">ALDERS-News<\/h2>\n<p>[\/vc_column_text][vc_column_text][alders_news posts_per_page=&#8221;10&#8243;][\/vc_column_text][\/vc_column][\/vc_row][vc_row css=&#8221;.vc_custom_1618496633441{padding-top: 0px !important;padding-bottom: 0px !important;}&#8221;][vc_column][vc_column_text]<\/p>\n<h4 style=\"text-align: center;\">The ALDERS team will be pleased to support you in your project.<\/h4>\n<p style=\"text-align: center;\">We guide you with our strong experience to find the right product for your application.<\/p>\n<p style=\"text-align: center;\"><a href=\"tel:+49215289550\"><i class=\"fa fa-phone\" aria-hidden=\"true\"><\/i>\u00a0+49 2152 8955-0<\/a><\/p>\n<p>[\/vc_column_text][\/vc_column][\/vc_row][vc_row css=&#8221;.vc_custom_1618496633441{padding-top: 0px !important;padding-bottom: 0px !important;}&#8221;][vc_column][vc_empty_space height=&#8221;80px&#8221;][\/vc_column][\/vc_row]<\/p>\n<\/div>","protected":false},"excerpt":{"rendered":"<p>[vc_row full_width=&#8221;stretch_row_content&#8221; css=&#8221;.vc_custom_1624883019310{padding-top: 0px !important;padding-bottom: 0px !important;}&#8221; el_class=&#8221;section-grauverlauf&#8221;][vc_column offset=&#8221;vc_hidden-sm vc_hidden-xs&#8221;][vc_column_text][\/vc_column_text][\/vc_column][\/vc_row][vc_row full_width=&#8221;stretch_row&#8221; disable_element=&#8221;yes&#8221; css=&#8221;.vc_custom_1624883055695{padding-top: 0px !important;padding-bottom: 0px !important;}&#8221; el_class=&#8221;section-grauverlauf&#8221;][vc_column][alders_block id=&#8221;2263&#8243;][\/vc_column][\/vc_row][vc_row][vc_column][vc_column_text] Electromechanical components for industrial use [\/vc_column_text][vc_row_inner][vc_column_inner width=&#8221;1\/2&#8243;][vc_column_text]Find fitting and reliable components for electrical engineering, electronics, and electrodynamics. ALDERS is a supplier of high-quality and state-of-the-art components for electrical engineering, electronics, and electrodynamics. We enable our customers [&hellip;]<\/p>\n","protected":false},"author":1,"featured_media":0,"parent":0,"menu_order":114,"comment_status":"closed","ping_status":"open","template":"","meta":{"_acf_changed":false,"inline_featured_image":false,"footnotes":""},"class_list":["post-527","page","type-page","status-publish","hentry"],"acf":[],"yoast_head":"<!-- This site is optimized with the Yoast SEO plugin v26.6 - https:\/\/yoast.com\/wordpress\/plugins\/seo\/ -->\n<title>ALDERS | Specialist for innovative solutions<\/title>\n<meta name=\"description\" content=\"On our page you will find switches, buttons, joysticks and control handles, potentiometers and more. Make a request!\" \/>\n<meta name=\"robots\" content=\"noindex, follow, max-snippet:-1, max-image-preview:large, max-video-preview:-1\" \/>\n<meta property=\"og:locale\" content=\"en_US\" \/>\n<meta property=\"og:type\" content=\"article\" \/>\n<meta property=\"og:title\" content=\"ALDERS | Specialist for innovative solutions\" \/>\n<meta property=\"og:description\" content=\"On our page you will find switches, buttons, joysticks and control handles, potentiometers and more. Make a request!\" \/>\n<meta property=\"og:url\" content=\"https:\/\/alders.p3group.de\/en\/\" \/>\n<meta property=\"og:site_name\" content=\"ALDERS electronic GmbH\" \/>\n<meta property=\"article:publisher\" content=\"https:\/\/www.facebook.com\/Alders.electronic\/\" \/>\n<meta property=\"article:modified_time\" content=\"2025-03-21T12:40:06+00:00\" \/>\n<meta property=\"og:image\" content=\"https:\/\/alders.p3group.de\/wp-content\/uploads\/2021\/02\/alders-electronic-gmbh_logo.png\" \/>\n\t<meta property=\"og:image:width\" content=\"270\" \/>\n\t<meta property=\"og:image:height\" content=\"66\" \/>\n\t<meta property=\"og:image:type\" content=\"image\/png\" \/>\n<meta name=\"twitter:card\" content=\"summary_large_image\" \/>\n<meta name=\"twitter:label1\" content=\"Est. reading time\" \/>\n\t<meta name=\"twitter:data1\" content=\"11 minutes\" \/>\n<script type=\"application\/ld+json\" class=\"yoast-schema-graph\">{\"@context\":\"https:\/\/schema.org\",\"@graph\":[{\"@type\":\"WebPage\",\"@id\":\"https:\/\/alders.p3group.de\/en\/\",\"url\":\"https:\/\/alders.p3group.de\/en\/\",\"name\":\"ALDERS | Specialist for innovative solutions\",\"isPartOf\":{\"@id\":\"https:\/\/alders.p3group.de\/en\/#website\"},\"datePublished\":\"2015-12-22T06:07:04+00:00\",\"dateModified\":\"2025-03-21T12:40:06+00:00\",\"description\":\"On our page you will find switches, buttons, joysticks and control handles, potentiometers and more. Make a request!\",\"breadcrumb\":{\"@id\":\"https:\/\/alders.p3group.de\/en\/#breadcrumb\"},\"inLanguage\":\"en-US\",\"potentialAction\":[{\"@type\":\"ReadAction\",\"target\":[\"https:\/\/alders.p3group.de\/en\/\"]}]},{\"@type\":\"BreadcrumbList\",\"@id\":\"https:\/\/alders.p3group.de\/en\/#breadcrumb\",\"itemListElement\":[{\"@type\":\"ListItem\",\"position\":1,\"name\":\"ALDERS\",\"item\":\"https:\/\/alders.p3group.de\/en\/\"},{\"@type\":\"ListItem\",\"position\":2,\"name\":\"Homepage\"}]},{\"@type\":\"WebSite\",\"@id\":\"https:\/\/alders.p3group.de\/en\/#website\",\"url\":\"https:\/\/alders.p3group.de\/en\/\",\"name\":\"ALDERS electronic GmbH\",\"description\":\"Der Spezialist f\u00fcr elektromechanische L\u00f6sungen\",\"publisher\":{\"@id\":\"https:\/\/alders.p3group.de\/en\/#organization\"},\"potentialAction\":[{\"@type\":\"SearchAction\",\"target\":{\"@type\":\"EntryPoint\",\"urlTemplate\":\"https:\/\/alders.p3group.de\/en\/?s={search_term_string}\"},\"query-input\":{\"@type\":\"PropertyValueSpecification\",\"valueRequired\":true,\"valueName\":\"search_term_string\"}}],\"inLanguage\":\"en-US\"},{\"@type\":\"Organization\",\"@id\":\"https:\/\/alders.p3group.de\/en\/#organization\",\"name\":\"ALDERS electronic GmbH\",\"url\":\"https:\/\/alders.p3group.de\/en\/\",\"logo\":{\"@type\":\"ImageObject\",\"inLanguage\":\"en-US\",\"@id\":\"https:\/\/alders.p3group.de\/en\/#\/schema\/logo\/image\/\",\"url\":\"https:\/\/alders.p3group.de\/wp-content\/uploads\/2022\/07\/Alders-logo-Komplett.png\",\"contentUrl\":\"https:\/\/alders.p3group.de\/wp-content\/uploads\/2022\/07\/Alders-logo-Komplett.png\",\"width\":1043,\"height\":253,\"caption\":\"ALDERS electronic GmbH\"},\"image\":{\"@id\":\"https:\/\/alders.p3group.de\/en\/#\/schema\/logo\/image\/\"},\"sameAs\":[\"https:\/\/www.facebook.com\/Alders.electronic\/\",\"https:\/\/de.linkedin.com\/company\/alders-electronic-gmbh\",\"https:\/\/www.youtube.com\/channel\/UC-hR66wsAmKOdY03IokrlzA\",\"https:\/\/www.instagram.com\/alders.electronic\/\"]}]}<\/script>\n<!-- \/ Yoast SEO plugin. -->","yoast_head_json":{"title":"ALDERS | Specialist for innovative solutions","description":"On our page you will find switches, buttons, joysticks and control handles, potentiometers and more. Make a request!","robots":{"index":"noindex","follow":"follow","max-snippet":"max-snippet:-1","max-image-preview":"max-image-preview:large","max-video-preview":"max-video-preview:-1"},"og_locale":"en_US","og_type":"article","og_title":"ALDERS | Specialist for innovative solutions","og_description":"On our page you will find switches, buttons, joysticks and control handles, potentiometers and more. Make a request!","og_url":"https:\/\/alders.p3group.de\/en\/","og_site_name":"ALDERS electronic GmbH","article_publisher":"https:\/\/www.facebook.com\/Alders.electronic\/","article_modified_time":"2025-03-21T12:40:06+00:00","og_image":[{"width":270,"height":66,"url":"https:\/\/alders.p3group.de\/wp-content\/uploads\/2021\/02\/alders-electronic-gmbh_logo.png","type":"image\/png"}],"twitter_card":"summary_large_image","twitter_misc":{"Est. reading time":"11 minutes"},"schema":{"@context":"https:\/\/schema.org","@graph":[{"@type":"WebPage","@id":"https:\/\/alders.p3group.de\/en\/","url":"https:\/\/alders.p3group.de\/en\/","name":"ALDERS | Specialist for innovative solutions","isPartOf":{"@id":"https:\/\/alders.p3group.de\/en\/#website"},"datePublished":"2015-12-22T06:07:04+00:00","dateModified":"2025-03-21T12:40:06+00:00","description":"On our page you will find switches, buttons, joysticks and control handles, potentiometers and more. Make a request!","breadcrumb":{"@id":"https:\/\/alders.p3group.de\/en\/#breadcrumb"},"inLanguage":"en-US","potentialAction":[{"@type":"ReadAction","target":["https:\/\/alders.p3group.de\/en\/"]}]},{"@type":"BreadcrumbList","@id":"https:\/\/alders.p3group.de\/en\/#breadcrumb","itemListElement":[{"@type":"ListItem","position":1,"name":"ALDERS","item":"https:\/\/alders.p3group.de\/en\/"},{"@type":"ListItem","position":2,"name":"Homepage"}]},{"@type":"WebSite","@id":"https:\/\/alders.p3group.de\/en\/#website","url":"https:\/\/alders.p3group.de\/en\/","name":"ALDERS electronic GmbH","description":"Der Spezialist f\u00fcr elektromechanische L\u00f6sungen","publisher":{"@id":"https:\/\/alders.p3group.de\/en\/#organization"},"potentialAction":[{"@type":"SearchAction","target":{"@type":"EntryPoint","urlTemplate":"https:\/\/alders.p3group.de\/en\/?s={search_term_string}"},"query-input":{"@type":"PropertyValueSpecification","valueRequired":true,"valueName":"search_term_string"}}],"inLanguage":"en-US"},{"@type":"Organization","@id":"https:\/\/alders.p3group.de\/en\/#organization","name":"ALDERS electronic GmbH","url":"https:\/\/alders.p3group.de\/en\/","logo":{"@type":"ImageObject","inLanguage":"en-US","@id":"https:\/\/alders.p3group.de\/en\/#\/schema\/logo\/image\/","url":"https:\/\/alders.p3group.de\/wp-content\/uploads\/2022\/07\/Alders-logo-Komplett.png","contentUrl":"https:\/\/alders.p3group.de\/wp-content\/uploads\/2022\/07\/Alders-logo-Komplett.png","width":1043,"height":253,"caption":"ALDERS electronic GmbH"},"image":{"@id":"https:\/\/alders.p3group.de\/en\/#\/schema\/logo\/image\/"},"sameAs":["https:\/\/www.facebook.com\/Alders.electronic\/","https:\/\/de.linkedin.com\/company\/alders-electronic-gmbh","https:\/\/www.youtube.com\/channel\/UC-hR66wsAmKOdY03IokrlzA","https:\/\/www.instagram.com\/alders.electronic\/"]}]}},"_links":{"self":[{"href":"https:\/\/alders.p3group.de\/en\/wp-json\/wp\/v2\/pages\/527","targetHints":{"allow":["GET"]}}],"collection":[{"href":"https:\/\/alders.p3group.de\/en\/wp-json\/wp\/v2\/pages"}],"about":[{"href":"https:\/\/alders.p3group.de\/en\/wp-json\/wp\/v2\/types\/page"}],"author":[{"embeddable":true,"href":"https:\/\/alders.p3group.de\/en\/wp-json\/wp\/v2\/users\/1"}],"replies":[{"embeddable":true,"href":"https:\/\/alders.p3group.de\/en\/wp-json\/wp\/v2\/comments?post=527"}],"version-history":[{"count":12,"href":"https:\/\/alders.p3group.de\/en\/wp-json\/wp\/v2\/pages\/527\/revisions"}],"predecessor-version":[{"id":291622,"href":"https:\/\/alders.p3group.de\/en\/wp-json\/wp\/v2\/pages\/527\/revisions\/291622"}],"wp:attachment":[{"href":"https:\/\/alders.p3group.de\/en\/wp-json\/wp\/v2\/media?parent=527"}],"curies":[{"name":"wp","href":"https:\/\/api.w.org\/{rel}","templated":true}]}}