{"id":280889,"date":"2015-12-22T07:07:04","date_gmt":"2015-12-22T06:07:04","guid":{"rendered":"https:\/\/dev2.alders.de\/startseite\/"},"modified":"2024-02-14T11:49:48","modified_gmt":"2024-02-14T10:49:48","slug":"startseite","status":"publish","type":"page","link":"https:\/\/alders.p3group.de\/fr\/","title":{"rendered":"Page d&rsquo;accueil"},"content":{"rendered":"<div class=\"wpb-content-wrapper\"><p>[vc_row disable_element=\u00a0\u00bbyes\u00a0\u00bb css=\u00a0\u00bb.vc_custom_1624882629961{padding-top: 0px !important;padding-bottom: 0px !important;}\u00a0\u00bb][vc_column][alders_block id=\u00a0\u00bb2263&Prime;][\/vc_column][\/vc_row][vc_row][vc_column][vc_column_text]<\/p>\n<h1 style=\"text-align: center;\">Composants \u00e9lectrom\u00e9caniques \u00e0 usage industriel<\/h1>\n<h2 class=\"subline\" style=\"text-align: center;\">Composants \u00e0 haute s\u00e9curit\u00e9 de fonctionnement pour l\u2019\u00e9lectrotechnique, l\u2019\u00e9lectronique et l\u2019\u00e9lectrodynamique<\/h2>\n<p>[\/vc_column_text][vc_column_text]Bienvenue chez ALDERS. Nous sommes fournisseur de composants de haute qualit\u00e9 et durables pour l\u2019\u00e9lectrotechnique, l\u2019\u00e9lectronique et l\u2019\u00e9lectrodynamique. Et nous garantissons des standards de qualit\u00e9 \u00e9lev\u00e9s, que nous transmettons \u00e0 nos clients.<\/p>\n<p>Nos clients proviennent de domaines d\u2019application dans lesquels les contraintes sur les composants sont tr\u00e8s \u00e9lev\u00e9es et la s\u00e9curit\u00e9 de fonctionnement est essentielle. Cela inclut : Technique du b\u00e2timent et des machines agricoles, a\u00e9ronautique, a\u00e9rospatiale, technique militaire, technique marine, sport automobile, technique automobile, technique m\u00e9dicale, technique des outils, technique industrielle, industrie des distributeurs automatiques ainsi que la construction d\u2019installations et de machines.<\/p>\n<p>ALDERS se concentre \u00e9galement sur les adaptations sp\u00e9cifiques au client et les petites s\u00e9ries. Sur la base des produits de s\u00e9rie, nous effectuons des modifications dans notre entreprise selon vos sp\u00e9cifications.[\/vc_column_text][vc_column_text]<\/p>\n<h3 style=\"text-align: center;\">Nos partenaires<\/h3>\n<h3 style=\"text-align: center;\">Nous collaborons avec OTTO<\/h3>\n<p>[\/vc_column_text][vc_column_text]<\/p>\n<p>Lors du choix de notre fournisseur de composants \u00e9lectrom\u00e9caniques, une excellente qualit\u00e9, une s\u00e9curit\u00e9 \u00e9lev\u00e9e et une longue dur\u00e9e de vie sont particuli\u00e8rement importantes pour nous. C\u2019est pourquoi nous collaborons avec OTTO Controls.<\/p>\n<p style=\"text-align: left;\">Notre partenaire OTTO est connu pour ses produits de haute qualit\u00e9 et son vaste assortiment. Il s\u2019agit notamment d\u2019interrupteurs et de boutons-poussoirs, ainsi que de poign\u00e9es de commande et de joysticks. Que vous soyez int\u00e9ress\u00e9 par les interrupteurs \u00e0 bascule, les interrupteurs \u00e0 levier ou les interrupteurs rotatifs, que vous recherchiez des boutons-poussoirs ou des interrupteurs multidirectionnels ou que vous ayez besoin de joysticks, de poign\u00e9es de commande et de leviers lat\u00e9raux \u2013 nous faisons confiance \u00e0 ce fabricant.<\/p>\n<p style=\"text-align: left;\">OTTO Controls d\u00e9veloppe et fabrique des interrupteurs et des \u00e9l\u00e9ments de commande de haute qualit\u00e9 depuis plus de cinq d\u00e9cennies \u00e0 son si\u00e8ge de Carpentersville, Illinois, USA. Ce fabricant jouit d\u2019une excellente r\u00e9putation dans le monde entier. Fiabilit\u00e9, qualit\u00e9 et long\u00e9vit\u00e9 \u2013 telles sont les caract\u00e9ristiques qui parlent pour les composants de notre partenaire commercial.<\/p>\n<p>[\/vc_column_text][vc_btn title=\u00a0\u00bbEn savoir plus sur OTTO Controls\u00a0\u00bb align=\u00a0\u00bbcenter\u00a0\u00bb link=\u00a0\u00bburl:https%3A%2F%2Falders.de%2Ffr%2Fmarques%2Fotto-controls%2F|title:Marques\u00a0\u00bb el_class=\u00a0\u00bbbutton-white\u00a0\u00bb][\/vc_column][\/vc_row][vc_row equal_height=\u00a0\u00bbyes\u00a0\u00bb content_placement=\u00a0\u00bbmiddle\u00a0\u00bb el_class=\u00a0\u00bbkacheln\u00a0\u00bb css=\u00a0\u00bb.vc_custom_1624880816943{margin-right: 0px !important;margin-left: 0px !important;padding-top: 0px !important;padding-right: 30px !important;padding-bottom: 0px !important;padding-left: 30px !important;background-color: #e4e4e4 !important;}\u00a0\u00bb][vc_column][vc_column_text css=\u00a0\u00bb.vc_custom_1645432124914{margin-bottom: 25px !important;}\u00a0\u00bb]<\/p>\n<h2 style=\"text-align: center;\">Nos produits phares<\/h2>\n<p>[\/vc_column_text][vc_row_inner][vc_column_inner][\/vc_column_inner][\/vc_row_inner][vc_column_text css=\u00a0\u00bb.vc_custom_1622543020837{margin-bottom: 0px !important;}\u00a0\u00bb][alders_products_on_front_page posts_per_page=\u00a0\u00bb10&Prime;][\/vc_column_text][\/vc_column][\/vc_row][vc_row el_class=\u00a0\u00bbkacheln\u00a0\u00bb][vc_column width=\u00a0\u00bb2\/3&Prime; el_class=\u00a0\u00bbkachel-blau\u00a0\u00bb][vc_column_text]<\/p>\n<h2 style=\"text-align: center;\">Entreprise<\/h2>\n<p style=\"text-align: center;\">La philosophie de l\u2019entreprise est d\u2019offrir un service et des conseils de premier ordre et de ne vendre que des produits de haute qualit\u00e9 provenant de fabricants certifi\u00e9s. Il est important pour nous de traiter nos partenaires \u00e9quitablement et de maintenir une relation de confiance les uns avec les autres. Vos exigences sp\u00e9cifiques en mati\u00e8re de solutions sont d\u00e9termin\u00e9es par nos sp\u00e9cialistes et mises en \u0153uvre dans les d\u00e9lais d\u00e9finis avec vous. La livraison just in time des produits command\u00e9s, que ce soit en stock ou de la disposition du fabricant, est une \u00e9vidence pour nous. En tant qu\u2019entreprise familiale g\u00e9r\u00e9e par son propri\u00e9taire, nous avons des structures claires et un rapide pouvoir d\u00e9cisionnel.<br \/>\nEn collaboration avec nos partenaires, nous nous sommes donn\u00e9 pour mission de trouver des solutions \u00e0 vos projets. Notre soci\u00e9t\u00e9 a \u00e9t\u00e9 fond\u00e9e en 1987 \u00e0 T\u00f6nisvorst, pr\u00e8s de D\u00fcsseldorf. Les bonnes liaisons de transport ainsi que notre situation centrale au \u00ab c\u0153ur de l\u2019Europe \u00bb permettent de r\u00e9agir rapidement et, si n\u00e9cessaire, d\u2019\u00eatre sur place \u00e0 court terme, c\u2019est-\u00e0-dire avec vous.<\/p>\n<p id=\"tw-target-text\" class=\"tw-data-text tw-text-large XcVN5d tw-ta\" dir=\"ltr\" style=\"text-align: center;\" data-placeholder=\"\u00dcbersetzung\">Des partenaires forts, une \u00e9quipe forte : ALDERS<br \/>\nApprenez-en davantage \u00e0 notre sujet et aupr\u00e8s de nous.<\/p>\n<p>[\/vc_column_text][vc_btn title=\u00a0\u00bbEntreprise\u00a0\u00bb align=\u00a0\u00bbcenter\u00a0\u00bb link=\u00a0\u00bburl:https%3A%2F%2Falders.de%2Ffr%2Fentreprise|title:Enterprise\u00a0\u00bb el_class=\u00a0\u00bbkachel-button-weiss\u00a0\u00bb][\/vc_column][vc_column width=\u00a0\u00bb1\/3&Prime;][vc_column_text][alders_counterpart id=\u00a0\u00bb283728&Prime; name=\u00a0\u00bbCatherine Sturm\u00a0\u00bb headline=\u00a0\u00bbVous avez des questions sur nos produits?<br \/>\nCatherine Sturm se fera un plaisir de se tenir \u00e0 votre disposition en tant que personne de contact.\u00a0\u00bb][\/vc_column_text][\/vc_column][\/vc_row][vc_row css=\u00a0\u00bb.vc_custom_1635936729449{margin-top: 30px !important;margin-bottom: 60px !important;padding-top: 0px !important;padding-bottom: 0px !important;}\u00a0\u00bb el_class=\u00a0\u00bbkacheln\u00a0\u00bb][vc_column][vc_column_text]<\/p>\n<h2 style=\"text-align: center;\">Nos partenaires<\/h2>\n<p style=\"text-align: center;\">Le grand nombre de partenaires qualifi\u00e9s et exp\u00e9riment\u00e9s nous offre une large gamme de produits\u00a0: commutateurs, joysticks, potentiom\u00e8tres rotatifs, capuchons, vis et \u00e9crous d\u2019\u00e9tanch\u00e9it\u00e9 et compteurs horaires. Chacun est sp\u00e9cialis\u00e9 dans son domaine et assure s\u00e9curit\u00e9 et garantie \u00e0 long terme. La liste suivante d\u00e9taille nos fabricants et leur production.<\/p>\n<p>[\/vc_column_text][vc_row_inner equal_height=\u00a0\u00bbyes\u00a0\u00bb disable_element=\u00a0\u00bbyes\u00a0\u00bb el_id=\u00a0\u00bbmarken-logos\u00a0\u00bb][vc_column_inner width=\u00a0\u00bb1\/6&Prime;][vc_single_image image=\u00a0\u00bb288812&Prime; img_size=\u00a0\u00bbfull\u00a0\u00bb alignment=\u00a0\u00bbcenter\u00a0\u00bb][\/vc_column_inner][vc_column_inner width=\u00a0\u00bb1\/6&Prime;][vc_single_image image=\u00a0\u00bb281371&Prime; img_size=\u00a0\u00bbfull\u00a0\u00bb alignment=\u00a0\u00bbcenter\u00a0\u00bb][\/vc_column_inner][vc_column_inner width=\u00a0\u00bb1\/6&Prime;][vc_single_image image=\u00a0\u00bb281372&Prime; img_size=\u00a0\u00bbfull\u00a0\u00bb alignment=\u00a0\u00bbcenter\u00a0\u00bb][\/vc_column_inner][vc_column_inner width=\u00a0\u00bb1\/6&Prime;][vc_single_image image=\u00a0\u00bb280945&Prime; img_size=\u00a0\u00bbfull\u00a0\u00bb alignment=\u00a0\u00bbcenter\u00a0\u00bb][\/vc_column_inner][vc_column_inner width=\u00a0\u00bb1\/6&Prime;][vc_single_image image=\u00a0\u00bb280947&Prime; img_size=\u00a0\u00bbfull\u00a0\u00bb alignment=\u00a0\u00bbcenter\u00a0\u00bb][\/vc_column_inner][vc_column_inner width=\u00a0\u00bb1\/6&Prime;][vc_single_image image=\u00a0\u00bb280946&Prime; img_size=\u00a0\u00bbfull\u00a0\u00bb alignment=\u00a0\u00bbcenter\u00a0\u00bb][\/vc_column_inner][vc_column_inner width=\u00a0\u00bb1\/6&Prime;][vc_single_image image=\u00a0\u00bb281368&Prime; img_size=\u00a0\u00bbfull\u00a0\u00bb alignment=\u00a0\u00bbcenter\u00a0\u00bb][\/vc_column_inner][vc_column_inner width=\u00a0\u00bb1\/6&Prime;][vc_single_image image=\u00a0\u00bb280942&Prime; img_size=\u00a0\u00bbfull\u00a0\u00bb alignment=\u00a0\u00bbcenter\u00a0\u00bb][\/vc_column_inner][vc_column_inner width=\u00a0\u00bb1\/6&Prime;][vc_single_image image=\u00a0\u00bb281369&Prime; img_size=\u00a0\u00bbfull\u00a0\u00bb alignment=\u00a0\u00bbcenter\u00a0\u00bb][\/vc_column_inner][vc_column_inner width=\u00a0\u00bb1\/6&Prime;][vc_single_image image=\u00a0\u00bb281510&Prime; img_size=\u00a0\u00bbfull\u00a0\u00bb alignment=\u00a0\u00bbcenter\u00a0\u00bb][\/vc_column_inner][vc_column_inner width=\u00a0\u00bb1\/6&Prime;][vc_single_image image=\u00a0\u00bb281492&Prime; img_size=\u00a0\u00bbfull\u00a0\u00bb alignment=\u00a0\u00bbcenter\u00a0\u00bb][\/vc_column_inner][vc_column_inner width=\u00a0\u00bb1\/6&Prime;][vc_single_image image=\u00a0\u00bb281490&Prime; img_size=\u00a0\u00bbfull\u00a0\u00bb alignment=\u00a0\u00bbcenter\u00a0\u00bb][\/vc_column_inner][\/vc_row_inner][vc_row_inner][vc_column_inner width=\u00a0\u00bb1\/2&Prime; offset=\u00a0\u00bbvc_col-md-3&Prime;][vc_images_carousel images=\u00a0\u00bb280944,288812&Prime; img_size=\u00a0\u00bbfull\u00a0\u00bb onclick=\u00a0\u00bblink_no\u00a0\u00bb autoplay=\u00a0\u00bbyes\u00a0\u00bb hide_pagination_control=\u00a0\u00bbyes\u00a0\u00bb hide_prev_next_buttons=\u00a0\u00bbyes\u00a0\u00bb wrap=\u00a0\u00bbyes\u00a0\u00bb css=\u00a0\u00bb.vc_custom_1707907760694{margin-bottom: 0px !important;}\u00a0\u00bb el_class=\u00a0\u00bbmarken-karussell text-center\u00a0\u00bb][\/vc_column_inner][vc_column_inner width=\u00a0\u00bb1\/2&Prime; offset=\u00a0\u00bbvc_col-md-3&Prime;][vc_images_carousel images=\u00a0\u00bb281371,281510,288812&Prime; img_size=\u00a0\u00bbfull\u00a0\u00bb onclick=\u00a0\u00bblink_no\u00a0\u00bb autoplay=\u00a0\u00bbyes\u00a0\u00bb hide_pagination_control=\u00a0\u00bbyes\u00a0\u00bb hide_prev_next_buttons=\u00a0\u00bbyes\u00a0\u00bb wrap=\u00a0\u00bbyes\u00a0\u00bb css=\u00a0\u00bb.vc_custom_1707907754704{margin-bottom: 0px !important;}\u00a0\u00bb el_class=\u00a0\u00bbmarken-karussell text-center\u00a0\u00bb][\/vc_column_inner][vc_column_inner width=\u00a0\u00bb1\/2&Prime; offset=\u00a0\u00bbvc_col-md-3&Prime;][vc_images_carousel images=\u00a0\u00bb281370,281371,281369&Prime; img_size=\u00a0\u00bbfull\u00a0\u00bb onclick=\u00a0\u00bblink_no\u00a0\u00bb autoplay=\u00a0\u00bbyes\u00a0\u00bb hide_pagination_control=\u00a0\u00bbyes\u00a0\u00bb hide_prev_next_buttons=\u00a0\u00bbyes\u00a0\u00bb wrap=\u00a0\u00bbyes\u00a0\u00bb css=\u00a0\u00bb.vc_custom_1635844045208{margin-bottom: 0px !important;}\u00a0\u00bb el_class=\u00a0\u00bbmarken-karussell text-center\u00a0\u00bb][\/vc_column_inner][vc_column_inner width=\u00a0\u00bb1\/2&Prime; offset=\u00a0\u00bbvc_col-md-3&Prime;][vc_images_carousel images=\u00a0\u00bb280944,281369&Prime; img_size=\u00a0\u00bbfull\u00a0\u00bb onclick=\u00a0\u00bblink_no\u00a0\u00bb autoplay=\u00a0\u00bbyes\u00a0\u00bb hide_pagination_control=\u00a0\u00bbyes\u00a0\u00bb hide_prev_next_buttons=\u00a0\u00bbyes\u00a0\u00bb wrap=\u00a0\u00bbyes\u00a0\u00bb css=\u00a0\u00bb.vc_custom_1635844075960{margin-bottom: 0px !important;}\u00a0\u00bb el_class=\u00a0\u00bbmarken-karussell text-center\u00a0\u00bb][\/vc_column_inner][\/vc_row_inner][vc_btn title=\u00a0\u00bbNos partenaires\u00a0\u00bb align=\u00a0\u00bbcenter\u00a0\u00bb link=\u00a0\u00bburl:https%3A%2F%2Falders.de%2Ffr%2Fmarques%2F|title:Partnaires\u00a0\u00bb el_class=\u00a0\u00bbbutton-white\u00a0\u00bb][\/vc_column][\/vc_row][vc_row css=\u00a0\u00bb.vc_custom_1618496633441{padding-top: 0px !important;padding-bottom: 0px !important;}\u00a0\u00bb][vc_column][vc_empty_space height=\u00a0\u00bb80px\u00a0\u00bb][\/vc_column][\/vc_row]<\/p>\n<\/div>","protected":false},"excerpt":{"rendered":"<p>[vc_row disable_element=\u00a0\u00bbyes\u00a0\u00bb css=\u00a0\u00bb.vc_custom_1624882629961{padding-top: 0px !important;padding-bottom: 0px !important;}\u00a0\u00bb][vc_column][alders_block id=\u00a0\u00bb2263&Prime;][\/vc_column][\/vc_row][vc_row][vc_column][vc_column_text] Composants \u00e9lectrom\u00e9caniques \u00e0 usage industriel Composants \u00e0 haute s\u00e9curit\u00e9 de fonctionnement pour l\u2019\u00e9lectrotechnique, l\u2019\u00e9lectronique et l\u2019\u00e9lectrodynamique [\/vc_column_text][vc_column_text]Bienvenue chez ALDERS. Nous sommes fournisseur de composants de haute qualit\u00e9 et durables pour l\u2019\u00e9lectrotechnique, l\u2019\u00e9lectronique et l\u2019\u00e9lectrodynamique. Et nous garantissons des standards de qualit\u00e9 \u00e9lev\u00e9s, que nous transmettons \u00e0 nos [&hellip;]<\/p>\n","protected":false},"author":1,"featured_media":0,"parent":0,"menu_order":116,"comment_status":"closed","ping_status":"open","template":"","meta":{"_acf_changed":false,"inline_featured_image":false,"footnotes":""},"class_list":["post-280889","page","type-page","status-publish","hentry"],"acf":[],"yoast_head":"<!-- This site is optimized with the Yoast SEO plugin v26.6 - https:\/\/yoast.com\/wordpress\/plugins\/seo\/ -->\n<title>ALDERS: Le sp\u00e9cialiste des solutions \u00e9lectrom\u00e9caniques<\/title>\n<meta name=\"description\" content=\"Chez ALDERS, vous trouverez des interrupteurs, des boutons, des joysticks et des poign\u00e9es de commande, des potentiom\u00e8tres et des indicateurs.\" \/>\n<meta name=\"robots\" content=\"noindex, follow, max-snippet:-1, max-image-preview:large, max-video-preview:-1\" \/>\n<meta property=\"og:locale\" content=\"fr_FR\" \/>\n<meta property=\"og:type\" content=\"article\" \/>\n<meta property=\"og:title\" content=\"ALDERS: Le sp\u00e9cialiste des solutions \u00e9lectrom\u00e9caniques\" \/>\n<meta property=\"og:description\" content=\"Chez ALDERS, vous trouverez des interrupteurs, des boutons, des joysticks et des poign\u00e9es de commande, des potentiom\u00e8tres et des indicateurs.\" \/>\n<meta property=\"og:url\" content=\"https:\/\/alders.p3group.de\/fr\/\" \/>\n<meta property=\"og:site_name\" content=\"ALDERS electronic GmbH\" \/>\n<meta property=\"article:publisher\" content=\"https:\/\/www.facebook.com\/Alders.electronic\/\" \/>\n<meta property=\"article:modified_time\" content=\"2024-02-14T10:49:48+00:00\" \/>\n<meta property=\"og:image\" content=\"https:\/\/alders.p3group.de\/wp-content\/uploads\/2021\/02\/alders-electronic-gmbh_logo.png\" \/>\n\t<meta property=\"og:image:width\" content=\"270\" \/>\n\t<meta property=\"og:image:height\" content=\"66\" \/>\n\t<meta property=\"og:image:type\" content=\"image\/png\" \/>\n<meta name=\"twitter:card\" content=\"summary_large_image\" \/>\n<meta name=\"twitter:label1\" content=\"Dur\u00e9e de lecture estim\u00e9e\" \/>\n\t<meta name=\"twitter:data1\" content=\"4 minutes\" \/>\n<script type=\"application\/ld+json\" class=\"yoast-schema-graph\">{\"@context\":\"https:\/\/schema.org\",\"@graph\":[{\"@type\":\"WebPage\",\"@id\":\"https:\/\/alders.p3group.de\/fr\/\",\"url\":\"https:\/\/alders.p3group.de\/fr\/\",\"name\":\"ALDERS: Le sp\u00e9cialiste des solutions \u00e9lectrom\u00e9caniques\",\"isPartOf\":{\"@id\":\"https:\/\/alders.p3group.de\/fr\/#website\"},\"datePublished\":\"2015-12-22T06:07:04+00:00\",\"dateModified\":\"2024-02-14T10:49:48+00:00\",\"description\":\"Chez ALDERS, vous trouverez des interrupteurs, des boutons, des joysticks et des poign\u00e9es de commande, des potentiom\u00e8tres et des indicateurs.\",\"breadcrumb\":{\"@id\":\"https:\/\/alders.p3group.de\/fr\/#breadcrumb\"},\"inLanguage\":\"fr-FR\",\"potentialAction\":[{\"@type\":\"ReadAction\",\"target\":[\"https:\/\/alders.p3group.de\/fr\/\"]}]},{\"@type\":\"BreadcrumbList\",\"@id\":\"https:\/\/alders.p3group.de\/fr\/#breadcrumb\",\"itemListElement\":[{\"@type\":\"ListItem\",\"position\":1,\"name\":\"ALDERS\",\"item\":\"https:\/\/alders.p3group.de\/fr\/\"},{\"@type\":\"ListItem\",\"position\":2,\"name\":\"Page d'accueil\"}]},{\"@type\":\"WebSite\",\"@id\":\"https:\/\/alders.p3group.de\/fr\/#website\",\"url\":\"https:\/\/alders.p3group.de\/fr\/\",\"name\":\"ALDERS electronic GmbH\",\"description\":\"Der Spezialist f\u00fcr elektromechanische L\u00f6sungen\",\"publisher\":{\"@id\":\"https:\/\/alders.p3group.de\/fr\/#organization\"},\"potentialAction\":[{\"@type\":\"SearchAction\",\"target\":{\"@type\":\"EntryPoint\",\"urlTemplate\":\"https:\/\/alders.p3group.de\/fr\/?s={search_term_string}\"},\"query-input\":{\"@type\":\"PropertyValueSpecification\",\"valueRequired\":true,\"valueName\":\"search_term_string\"}}],\"inLanguage\":\"fr-FR\"},{\"@type\":\"Organization\",\"@id\":\"https:\/\/alders.p3group.de\/fr\/#organization\",\"name\":\"ALDERS electronic GmbH\",\"url\":\"https:\/\/alders.p3group.de\/fr\/\",\"logo\":{\"@type\":\"ImageObject\",\"inLanguage\":\"fr-FR\",\"@id\":\"https:\/\/alders.p3group.de\/fr\/#\/schema\/logo\/image\/\",\"url\":\"https:\/\/alders.p3group.de\/wp-content\/uploads\/2022\/07\/Alders-logo-Komplett.png\",\"contentUrl\":\"https:\/\/alders.p3group.de\/wp-content\/uploads\/2022\/07\/Alders-logo-Komplett.png\",\"width\":1043,\"height\":253,\"caption\":\"ALDERS electronic GmbH\"},\"image\":{\"@id\":\"https:\/\/alders.p3group.de\/fr\/#\/schema\/logo\/image\/\"},\"sameAs\":[\"https:\/\/www.facebook.com\/Alders.electronic\/\",\"https:\/\/de.linkedin.com\/company\/alders-electronic-gmbh\",\"https:\/\/www.youtube.com\/channel\/UC-hR66wsAmKOdY03IokrlzA\",\"https:\/\/www.instagram.com\/alders.electronic\/\"]}]}<\/script>\n<!-- \/ Yoast SEO plugin. -->","yoast_head_json":{"title":"ALDERS: Le sp\u00e9cialiste des solutions \u00e9lectrom\u00e9caniques","description":"Chez ALDERS, vous trouverez des interrupteurs, des boutons, des joysticks et des poign\u00e9es de commande, des potentiom\u00e8tres et des indicateurs.","robots":{"index":"noindex","follow":"follow","max-snippet":"max-snippet:-1","max-image-preview":"max-image-preview:large","max-video-preview":"max-video-preview:-1"},"og_locale":"fr_FR","og_type":"article","og_title":"ALDERS: Le sp\u00e9cialiste des solutions \u00e9lectrom\u00e9caniques","og_description":"Chez ALDERS, vous trouverez des interrupteurs, des boutons, des joysticks et des poign\u00e9es de commande, des potentiom\u00e8tres et des indicateurs.","og_url":"https:\/\/alders.p3group.de\/fr\/","og_site_name":"ALDERS electronic GmbH","article_publisher":"https:\/\/www.facebook.com\/Alders.electronic\/","article_modified_time":"2024-02-14T10:49:48+00:00","og_image":[{"width":270,"height":66,"url":"https:\/\/alders.p3group.de\/wp-content\/uploads\/2021\/02\/alders-electronic-gmbh_logo.png","type":"image\/png"}],"twitter_card":"summary_large_image","twitter_misc":{"Dur\u00e9e de lecture estim\u00e9e":"4 minutes"},"schema":{"@context":"https:\/\/schema.org","@graph":[{"@type":"WebPage","@id":"https:\/\/alders.p3group.de\/fr\/","url":"https:\/\/alders.p3group.de\/fr\/","name":"ALDERS: Le sp\u00e9cialiste des solutions \u00e9lectrom\u00e9caniques","isPartOf":{"@id":"https:\/\/alders.p3group.de\/fr\/#website"},"datePublished":"2015-12-22T06:07:04+00:00","dateModified":"2024-02-14T10:49:48+00:00","description":"Chez ALDERS, vous trouverez des interrupteurs, des boutons, des joysticks et des poign\u00e9es de commande, des potentiom\u00e8tres et des indicateurs.","breadcrumb":{"@id":"https:\/\/alders.p3group.de\/fr\/#breadcrumb"},"inLanguage":"fr-FR","potentialAction":[{"@type":"ReadAction","target":["https:\/\/alders.p3group.de\/fr\/"]}]},{"@type":"BreadcrumbList","@id":"https:\/\/alders.p3group.de\/fr\/#breadcrumb","itemListElement":[{"@type":"ListItem","position":1,"name":"ALDERS","item":"https:\/\/alders.p3group.de\/fr\/"},{"@type":"ListItem","position":2,"name":"Page d'accueil"}]},{"@type":"WebSite","@id":"https:\/\/alders.p3group.de\/fr\/#website","url":"https:\/\/alders.p3group.de\/fr\/","name":"ALDERS electronic GmbH","description":"Der Spezialist f\u00fcr elektromechanische L\u00f6sungen","publisher":{"@id":"https:\/\/alders.p3group.de\/fr\/#organization"},"potentialAction":[{"@type":"SearchAction","target":{"@type":"EntryPoint","urlTemplate":"https:\/\/alders.p3group.de\/fr\/?s={search_term_string}"},"query-input":{"@type":"PropertyValueSpecification","valueRequired":true,"valueName":"search_term_string"}}],"inLanguage":"fr-FR"},{"@type":"Organization","@id":"https:\/\/alders.p3group.de\/fr\/#organization","name":"ALDERS electronic GmbH","url":"https:\/\/alders.p3group.de\/fr\/","logo":{"@type":"ImageObject","inLanguage":"fr-FR","@id":"https:\/\/alders.p3group.de\/fr\/#\/schema\/logo\/image\/","url":"https:\/\/alders.p3group.de\/wp-content\/uploads\/2022\/07\/Alders-logo-Komplett.png","contentUrl":"https:\/\/alders.p3group.de\/wp-content\/uploads\/2022\/07\/Alders-logo-Komplett.png","width":1043,"height":253,"caption":"ALDERS electronic GmbH"},"image":{"@id":"https:\/\/alders.p3group.de\/fr\/#\/schema\/logo\/image\/"},"sameAs":["https:\/\/www.facebook.com\/Alders.electronic\/","https:\/\/de.linkedin.com\/company\/alders-electronic-gmbh","https:\/\/www.youtube.com\/channel\/UC-hR66wsAmKOdY03IokrlzA","https:\/\/www.instagram.com\/alders.electronic\/"]}]}},"_links":{"self":[{"href":"https:\/\/alders.p3group.de\/fr\/wp-json\/wp\/v2\/pages\/280889","targetHints":{"allow":["GET"]}}],"collection":[{"href":"https:\/\/alders.p3group.de\/fr\/wp-json\/wp\/v2\/pages"}],"about":[{"href":"https:\/\/alders.p3group.de\/fr\/wp-json\/wp\/v2\/types\/page"}],"author":[{"embeddable":true,"href":"https:\/\/alders.p3group.de\/fr\/wp-json\/wp\/v2\/users\/1"}],"replies":[{"embeddable":true,"href":"https:\/\/alders.p3group.de\/fr\/wp-json\/wp\/v2\/comments?post=280889"}],"version-history":[{"count":11,"href":"https:\/\/alders.p3group.de\/fr\/wp-json\/wp\/v2\/pages\/280889\/revisions"}],"predecessor-version":[{"id":283761,"href":"https:\/\/alders.p3group.de\/fr\/wp-json\/wp\/v2\/pages\/280889\/revisions\/283761"}],"wp:attachment":[{"href":"https:\/\/alders.p3group.de\/fr\/wp-json\/wp\/v2\/media?parent=280889"}],"curies":[{"name":"wp","href":"https:\/\/api.w.org\/{rel}","templated":true}]}}