{"id":280903,"date":"2021-02-22T13:29:59","date_gmt":"2021-02-22T12:29:59","guid":{"rendered":"https:\/\/dev2.alders.de\/infomaterial\/"},"modified":"2023-02-03T10:22:36","modified_gmt":"2023-02-03T09:22:36","slug":"materiel-informatif","status":"publish","type":"page","link":"https:\/\/alders.p3group.de\/fr\/entreprise\/materiel-informatif\/","title":{"rendered":"Mat\u00e9riel informatif"},"content":{"rendered":"<div class=\"wpb-content-wrapper\"><p>[vc_row full_width=\u00a0\u00bbstretch_row\u00a0\u00bb el_class=\u00a0\u00bbsection-grauverlauf\u00a0\u00bb][vc_column][vc_column_text]<\/p>\n<h1 style=\"text-align: center;\">Mat\u00e9riel d\u2019information d\u2019ALDERS \u00e0 t\u00e9l\u00e9charger<\/h1>\n<p>[\/vc_column_text][\/vc_column][\/vc_row][vc_row][vc_column][vc_column_text]<\/p>\n<h2 style=\"text-align: center;\">Catalogue de produits de Otto Controls<\/h2>\n<p>[\/vc_column_text][vc_row_inner equal_height=\u00a0\u00bbyes\u00a0\u00bb][vc_column_inner width=\u00a0\u00bb1\/3&Prime;][vc_btn title=\u00a0\u00bbCatalogue de produits de Otto Controls 2022&Prime; align=\u00a0\u00bbcenter\u00a0\u00bb link=\u00a0\u00bburl:https%3A%2F%2Falders.de%2Fwp-content%2Fuploads%2F2023%2F01%2FOTTO-Product-Summary-010623-final.pdf|title:OTTO%20Product%20Summary|target:_blank\u00a0\u00bb el_class=\u00a0\u00bbbutton-pdf-download\u00a0\u00bb][\/vc_column_inner][vc_column_inner width=\u00a0\u00bb1\/3&Prime;][vc_btn title=\u00a0\u00bbCatalogue de produits de Otto Controls\u00a0\u00bb align=\u00a0\u00bbcenter\u00a0\u00bb link=\u00a0\u00bburl:https%3A%2F%2Falders.de%2Fwp-content%2Fuploads%2F2021%2F04%2FControls-Short-Form-Catalog-2018.pdf|title:Produktkatalog%20von%20OTTO%20Controls|target:_blank\u00a0\u00bb el_class=\u00a0\u00bbbutton-pdf-download\u00a0\u00bb][\/vc_column_inner][vc_column_inner width=\u00a0\u00bb1\/3&Prime;][\/vc_column_inner][\/vc_row_inner][\/vc_column][\/vc_row]<\/p>\n<\/div>","protected":false},"excerpt":{"rendered":"<p>[vc_row full_width=\u00a0\u00bbstretch_row\u00a0\u00bb el_class=\u00a0\u00bbsection-grauverlauf\u00a0\u00bb][vc_column][vc_column_text] Mat\u00e9riel d\u2019information d\u2019ALDERS \u00e0 t\u00e9l\u00e9charger [\/vc_column_text][\/vc_column][\/vc_row][vc_row][vc_column][vc_column_text] Catalogue de produits de Otto Controls [\/vc_column_text][vc_row_inner equal_height=\u00a0\u00bbyes\u00a0\u00bb][vc_column_inner width=\u00a0\u00bb1\/3&Prime;][vc_btn title=\u00a0\u00bbCatalogue de produits de Otto Controls 2022&Prime; align=\u00a0\u00bbcenter\u00a0\u00bb link=\u00a0\u00bburl:https%3A%2F%2Falders.de%2Fwp-content%2Fuploads%2F2023%2F01%2FOTTO-Product-Summary-010623-final.pdf|title:OTTO%20Product%20Summary|target:_blank\u00a0\u00bb el_class=\u00a0\u00bbbutton-pdf-download\u00a0\u00bb][\/vc_column_inner][vc_column_inner width=\u00a0\u00bb1\/3&Prime;][vc_btn title=\u00a0\u00bbCatalogue de produits de Otto Controls\u00a0\u00bb align=\u00a0\u00bbcenter\u00a0\u00bb link=\u00a0\u00bburl:https%3A%2F%2Falders.de%2Fwp-content%2Fuploads%2F2021%2F04%2FControls-Short-Form-Catalog-2018.pdf|title:Produktkatalog%20von%20OTTO%20Controls|target:_blank\u00a0\u00bb el_class=\u00a0\u00bbbutton-pdf-download\u00a0\u00bb][\/vc_column_inner][vc_column_inner width=\u00a0\u00bb1\/3&Prime;][\/vc_column_inner][\/vc_row_inner][\/vc_column][\/vc_row]<\/p>\n","protected":false},"author":1,"featured_media":0,"parent":280919,"menu_order":74,"comment_status":"closed","ping_status":"closed","template":"templates\/SalesViewer-Tracking.php","meta":{"_acf_changed":false,"inline_featured_image":false,"footnotes":""},"class_list":["post-280903","page","type-page","status-publish","hentry"],"acf":[],"yoast_head":"<!-- This site is optimized with the Yoast SEO plugin v26.6 - https:\/\/yoast.com\/wordpress\/plugins\/seo\/ -->\n<title>Mat\u00e9riel d\u2019information d\u2019ALDERS \u00e0 t\u00e9l\u00e9charger<\/title>\n<meta name=\"description\" content=\"Mat\u00e9riel d\u2019information d\u2019ALDERS \u00e0 t\u00e9l\u00e9charger\" \/>\n<meta name=\"robots\" content=\"noindex, follow, max-snippet:-1, max-image-preview:large, max-video-preview:-1\" \/>\n<meta property=\"og:locale\" content=\"fr_FR\" \/>\n<meta property=\"og:type\" content=\"article\" \/>\n<meta property=\"og:title\" content=\"Mat\u00e9riel d\u2019information d\u2019ALDERS \u00e0 t\u00e9l\u00e9charger\" \/>\n<meta property=\"og:description\" content=\"Mat\u00e9riel d\u2019information d\u2019ALDERS \u00e0 t\u00e9l\u00e9charger\" \/>\n<meta property=\"og:url\" content=\"https:\/\/alders.p3group.de\/fr\/entreprise\/materiel-informatif\/\" \/>\n<meta property=\"og:site_name\" content=\"ALDERS electronic GmbH\" \/>\n<meta property=\"article:publisher\" content=\"https:\/\/www.facebook.com\/Alders.electronic\/\" \/>\n<meta property=\"article:modified_time\" content=\"2023-02-03T09:22:36+00:00\" \/>\n<meta property=\"og:image\" content=\"https:\/\/alders.p3group.de\/wp-content\/uploads\/2021\/02\/alders-electronic-gmbh_logo.png\" \/>\n\t<meta property=\"og:image:width\" content=\"270\" \/>\n\t<meta property=\"og:image:height\" content=\"66\" \/>\n\t<meta property=\"og:image:type\" content=\"image\/png\" \/>\n<meta name=\"twitter:card\" content=\"summary_large_image\" \/>\n<meta name=\"twitter:label1\" content=\"Dur\u00e9e de lecture estim\u00e9e\" \/>\n\t<meta name=\"twitter:data1\" content=\"1 minute\" \/>\n<script type=\"application\/ld+json\" class=\"yoast-schema-graph\">{\"@context\":\"https:\/\/schema.org\",\"@graph\":[{\"@type\":\"WebPage\",\"@id\":\"https:\/\/alders.p3group.de\/fr\/entreprise\/materiel-informatif\/\",\"url\":\"https:\/\/alders.p3group.de\/fr\/entreprise\/materiel-informatif\/\",\"name\":\"Mat\u00e9riel d\u2019information d\u2019ALDERS \u00e0 t\u00e9l\u00e9charger\",\"isPartOf\":{\"@id\":\"https:\/\/alders.p3group.de\/fr\/#website\"},\"datePublished\":\"2021-02-22T12:29:59+00:00\",\"dateModified\":\"2023-02-03T09:22:36+00:00\",\"description\":\"Mat\u00e9riel d\u2019information d\u2019ALDERS \u00e0 t\u00e9l\u00e9charger\",\"breadcrumb\":{\"@id\":\"https:\/\/alders.p3group.de\/fr\/entreprise\/materiel-informatif\/#breadcrumb\"},\"inLanguage\":\"fr-FR\",\"potentialAction\":[{\"@type\":\"ReadAction\",\"target\":[\"https:\/\/alders.p3group.de\/fr\/entreprise\/materiel-informatif\/\"]}]},{\"@type\":\"BreadcrumbList\",\"@id\":\"https:\/\/alders.p3group.de\/fr\/entreprise\/materiel-informatif\/#breadcrumb\",\"itemListElement\":[{\"@type\":\"ListItem\",\"position\":1,\"name\":\"ALDERS\",\"item\":\"https:\/\/alders.p3group.de\/fr\/\"},{\"@type\":\"ListItem\",\"position\":2,\"name\":\"Entreprise\",\"item\":\"https:\/\/alders.p3group.de\/fr\/entreprise\/\"},{\"@type\":\"ListItem\",\"position\":3,\"name\":\"Mat\u00e9riel informatif\"}]},{\"@type\":\"WebSite\",\"@id\":\"https:\/\/alders.p3group.de\/fr\/#website\",\"url\":\"https:\/\/alders.p3group.de\/fr\/\",\"name\":\"ALDERS electronic GmbH\",\"description\":\"Der Spezialist f\u00fcr elektromechanische L\u00f6sungen\",\"publisher\":{\"@id\":\"https:\/\/alders.p3group.de\/fr\/#organization\"},\"potentialAction\":[{\"@type\":\"SearchAction\",\"target\":{\"@type\":\"EntryPoint\",\"urlTemplate\":\"https:\/\/alders.p3group.de\/fr\/?s={search_term_string}\"},\"query-input\":{\"@type\":\"PropertyValueSpecification\",\"valueRequired\":true,\"valueName\":\"search_term_string\"}}],\"inLanguage\":\"fr-FR\"},{\"@type\":\"Organization\",\"@id\":\"https:\/\/alders.p3group.de\/fr\/#organization\",\"name\":\"ALDERS electronic GmbH\",\"url\":\"https:\/\/alders.p3group.de\/fr\/\",\"logo\":{\"@type\":\"ImageObject\",\"inLanguage\":\"fr-FR\",\"@id\":\"https:\/\/alders.p3group.de\/fr\/#\/schema\/logo\/image\/\",\"url\":\"https:\/\/alders.p3group.de\/wp-content\/uploads\/2022\/07\/Alders-logo-Komplett.png\",\"contentUrl\":\"https:\/\/alders.p3group.de\/wp-content\/uploads\/2022\/07\/Alders-logo-Komplett.png\",\"width\":1043,\"height\":253,\"caption\":\"ALDERS electronic GmbH\"},\"image\":{\"@id\":\"https:\/\/alders.p3group.de\/fr\/#\/schema\/logo\/image\/\"},\"sameAs\":[\"https:\/\/www.facebook.com\/Alders.electronic\/\",\"https:\/\/de.linkedin.com\/company\/alders-electronic-gmbh\",\"https:\/\/www.youtube.com\/channel\/UC-hR66wsAmKOdY03IokrlzA\",\"https:\/\/www.instagram.com\/alders.electronic\/\"]}]}<\/script>\n<!-- \/ Yoast SEO plugin. -->","yoast_head_json":{"title":"Mat\u00e9riel d\u2019information d\u2019ALDERS \u00e0 t\u00e9l\u00e9charger","description":"Mat\u00e9riel d\u2019information d\u2019ALDERS \u00e0 t\u00e9l\u00e9charger","robots":{"index":"noindex","follow":"follow","max-snippet":"max-snippet:-1","max-image-preview":"max-image-preview:large","max-video-preview":"max-video-preview:-1"},"og_locale":"fr_FR","og_type":"article","og_title":"Mat\u00e9riel d\u2019information d\u2019ALDERS \u00e0 t\u00e9l\u00e9charger","og_description":"Mat\u00e9riel d\u2019information d\u2019ALDERS \u00e0 t\u00e9l\u00e9charger","og_url":"https:\/\/alders.p3group.de\/fr\/entreprise\/materiel-informatif\/","og_site_name":"ALDERS electronic GmbH","article_publisher":"https:\/\/www.facebook.com\/Alders.electronic\/","article_modified_time":"2023-02-03T09:22:36+00:00","og_image":[{"width":270,"height":66,"url":"https:\/\/alders.p3group.de\/wp-content\/uploads\/2021\/02\/alders-electronic-gmbh_logo.png","type":"image\/png"}],"twitter_card":"summary_large_image","twitter_misc":{"Dur\u00e9e de lecture estim\u00e9e":"1 minute"},"schema":{"@context":"https:\/\/schema.org","@graph":[{"@type":"WebPage","@id":"https:\/\/alders.p3group.de\/fr\/entreprise\/materiel-informatif\/","url":"https:\/\/alders.p3group.de\/fr\/entreprise\/materiel-informatif\/","name":"Mat\u00e9riel d\u2019information d\u2019ALDERS \u00e0 t\u00e9l\u00e9charger","isPartOf":{"@id":"https:\/\/alders.p3group.de\/fr\/#website"},"datePublished":"2021-02-22T12:29:59+00:00","dateModified":"2023-02-03T09:22:36+00:00","description":"Mat\u00e9riel d\u2019information d\u2019ALDERS \u00e0 t\u00e9l\u00e9charger","breadcrumb":{"@id":"https:\/\/alders.p3group.de\/fr\/entreprise\/materiel-informatif\/#breadcrumb"},"inLanguage":"fr-FR","potentialAction":[{"@type":"ReadAction","target":["https:\/\/alders.p3group.de\/fr\/entreprise\/materiel-informatif\/"]}]},{"@type":"BreadcrumbList","@id":"https:\/\/alders.p3group.de\/fr\/entreprise\/materiel-informatif\/#breadcrumb","itemListElement":[{"@type":"ListItem","position":1,"name":"ALDERS","item":"https:\/\/alders.p3group.de\/fr\/"},{"@type":"ListItem","position":2,"name":"Entreprise","item":"https:\/\/alders.p3group.de\/fr\/entreprise\/"},{"@type":"ListItem","position":3,"name":"Mat\u00e9riel informatif"}]},{"@type":"WebSite","@id":"https:\/\/alders.p3group.de\/fr\/#website","url":"https:\/\/alders.p3group.de\/fr\/","name":"ALDERS electronic GmbH","description":"Der Spezialist f\u00fcr elektromechanische L\u00f6sungen","publisher":{"@id":"https:\/\/alders.p3group.de\/fr\/#organization"},"potentialAction":[{"@type":"SearchAction","target":{"@type":"EntryPoint","urlTemplate":"https:\/\/alders.p3group.de\/fr\/?s={search_term_string}"},"query-input":{"@type":"PropertyValueSpecification","valueRequired":true,"valueName":"search_term_string"}}],"inLanguage":"fr-FR"},{"@type":"Organization","@id":"https:\/\/alders.p3group.de\/fr\/#organization","name":"ALDERS electronic GmbH","url":"https:\/\/alders.p3group.de\/fr\/","logo":{"@type":"ImageObject","inLanguage":"fr-FR","@id":"https:\/\/alders.p3group.de\/fr\/#\/schema\/logo\/image\/","url":"https:\/\/alders.p3group.de\/wp-content\/uploads\/2022\/07\/Alders-logo-Komplett.png","contentUrl":"https:\/\/alders.p3group.de\/wp-content\/uploads\/2022\/07\/Alders-logo-Komplett.png","width":1043,"height":253,"caption":"ALDERS electronic GmbH"},"image":{"@id":"https:\/\/alders.p3group.de\/fr\/#\/schema\/logo\/image\/"},"sameAs":["https:\/\/www.facebook.com\/Alders.electronic\/","https:\/\/de.linkedin.com\/company\/alders-electronic-gmbh","https:\/\/www.youtube.com\/channel\/UC-hR66wsAmKOdY03IokrlzA","https:\/\/www.instagram.com\/alders.electronic\/"]}]}},"_links":{"self":[{"href":"https:\/\/alders.p3group.de\/fr\/wp-json\/wp\/v2\/pages\/280903","targetHints":{"allow":["GET"]}}],"collection":[{"href":"https:\/\/alders.p3group.de\/fr\/wp-json\/wp\/v2\/pages"}],"about":[{"href":"https:\/\/alders.p3group.de\/fr\/wp-json\/wp\/v2\/types\/page"}],"author":[{"embeddable":true,"href":"https:\/\/alders.p3group.de\/fr\/wp-json\/wp\/v2\/users\/1"}],"replies":[{"embeddable":true,"href":"https:\/\/alders.p3group.de\/fr\/wp-json\/wp\/v2\/comments?post=280903"}],"version-history":[{"count":8,"href":"https:\/\/alders.p3group.de\/fr\/wp-json\/wp\/v2\/pages\/280903\/revisions"}],"predecessor-version":[{"id":286549,"href":"https:\/\/alders.p3group.de\/fr\/wp-json\/wp\/v2\/pages\/280903\/revisions\/286549"}],"up":[{"embeddable":true,"href":"https:\/\/alders.p3group.de\/fr\/wp-json\/wp\/v2\/pages\/280919"}],"wp:attachment":[{"href":"https:\/\/alders.p3group.de\/fr\/wp-json\/wp\/v2\/media?parent=280903"}],"curies":[{"name":"wp","href":"https:\/\/api.w.org\/{rel}","templated":true}]}}