{"id":280909,"date":"2021-03-22T16:01:06","date_gmt":"2021-03-22T15:01:06","guid":{"rendered":"https:\/\/dev2.alders.de\/kontakt\/"},"modified":"2025-11-25T12:26:17","modified_gmt":"2025-11-25T11:26:17","slug":"contact","status":"publish","type":"page","link":"https:\/\/alders.p3group.de\/fr\/contact\/","title":{"rendered":"Contact"},"content":{"rendered":"<div class=\"wpb-content-wrapper\"><p>[vc_row full_width=\u00a0\u00bbstretch_row\u00a0\u00bb el_class=\u00a0\u00bbsection-grauverlauf\u00a0\u00bb][vc_column][vc_custom_heading text=\u00a0\u00bbVotre contact avec ALDERS\u00a0\u00bb font_container=\u00a0\u00bbtag:h1|text_align:center\u00a0\u00bb use_theme_fonts=\u00a0\u00bbyes\u00a0\u00bb css=\u00a0\u00bb.vc_custom_1646744261451{margin-bottom: 30px !important;}\u00a0\u00bb][vc_row_inner][vc_column_inner width=\u00a0\u00bb1\/4&Prime;][vc_column_text]<strong>Comment nous joindre:<\/strong>[\/vc_column_text][\/vc_column_inner][vc_column_inner width=\u00a0\u00bb1\/4&Prime;][vc_column_text]ALDERS electronic GmbH<br \/>\nArnoldstra\u00dfe 19<br \/>\n47906 Kempen<br \/>\nDeutschland[\/vc_column_text][\/vc_column_inner][vc_column_inner width=\u00a0\u00bb1\/4&Prime;][vc_column_text]<a href=\"tel:+33388064677\">+33 3 88 06 46 77<\/a><br \/>\n<a href=\"mailto:mail@alders.fr\"><i class=\"fa fa-fw fa-envelope\" aria-hidden=\"true\"><\/i>mail@alders.fr<\/a>[\/vc_column_text][\/vc_column_inner][vc_column_inner width=\u00a0\u00bb1\/4&Prime;][vc_column_text]<a href=\"https:\/\/www.facebook.com\/Alders.electronic\/\" target=\"_blank\" rel=\"noopener\"><i class=\"fab fa-facebook-square\" aria-hidden=\"true\"><\/i>\u00a0Facebook<\/a><br \/>\n<a href=\"https:\/\/www.instagram.com\/alders.electronic\/\" target=\"_blank\" rel=\"noopener\"><i class=\"fab fa-instagram-square\" aria-hidden=\"true\"><\/i>\u00a0Instagram<\/a><br \/>\n<a href=\"https:\/\/www.youtube.com\/channel\/UC-hR66wsAmKOdY03IokrlzA\" target=\"_blank\" rel=\"noopener\"><i class=\"fab fa-youtube\" aria-hidden=\"true\"><\/i>\u00a0YouTube<\/a><br \/>\n<a href=\"https:\/\/de.linkedin.com\/company\/alders-electronic-gmbh\" target=\"_blank\" rel=\"noopener\"><i class=\"fab fa-linkedin\" aria-hidden=\"true\"><\/i>\u00a0LinkedIn<\/a>[\/vc_column_text][\/vc_column_inner][\/vc_row_inner][\/vc_column][\/vc_row][vc_row][vc_column][vc_row_inner][vc_column_inner width=\u00a0\u00bb1\/6&Prime;][\/vc_column_inner][vc_column_inner width=\u00a0\u00bb2\/3&Prime;][vc_column_text] <div class=\"brlbs-cmpnt-container brlbs-cmpnt-content-blocker brlbs-cmpnt-with-individual-styles\" data-borlabs-cookie-content-blocker-id=\"contact-form-seven-recaptcha\" data-borlabs-cookie-content=\"PGRpdiByb2xlPSJmb3JtIiBjbGFzcz0id3BjZjciIGlkPSJ3cGNmNy1mMjgxMjYwLW8xIiBsYW5nPSJmci1GUiIgZGlyPSJsdHIiPgo8ZGl2IGNsYXNzPSJzY3JlZW4tcmVhZGVyLXJlc3BvbnNlIj48cCByb2xlPSJzdGF0dXMiIGFyaWEtbGl2ZT0icG9saXRlIiBhcmlhLWF0b21pYz0idHJ1ZSI+PC9wPiA8dWw+PC91bD48L2Rpdj4KPGZvcm0gYWN0aW9uPSIvZnIvd3AtanNvbi93cC92Mi9wYWdlcy8yODA5MDkjd3BjZjctZjI4MTI2MC1vMSIgbWV0aG9kPSJwb3N0IiBjbGFzcz0id3BjZjctZm9ybSBpbml0IiBub3ZhbGlkYXRlPSJub3ZhbGlkYXRlIiBkYXRhLXN0YXR1cz0iaW5pdCI+CjxkaXYgc3R5bGU9ImRpc3BsYXk6IG5vbmU7Ij4KPGlucHV0IHR5cGU9ImhpZGRlbiIgbmFtZT0iX3dwY2Y3IiB2YWx1ZT0iMjgxMjYwIiAvPgo8aW5wdXQgdHlwZT0iaGlkZGVuIiBuYW1lPSJfd3BjZjdfdmVyc2lvbiIgdmFsdWU9IjUuMy4yIiAvPgo8aW5wdXQgdHlwZT0iaGlkZGVuIiBuYW1lPSJfd3BjZjdfbG9jYWxlIiB2YWx1ZT0iZnJfRlIiIC8+CjxpbnB1dCB0eXBlPSJoaWRkZW4iIG5hbWU9Il93cGNmN191bml0X3RhZyIgdmFsdWU9IndwY2Y3LWYyODEyNjAtbzEiIC8+CjxpbnB1dCB0eXBlPSJoaWRkZW4iIG5hbWU9Il93cGNmN19jb250YWluZXJfcG9zdCIgdmFsdWU9IjAiIC8+CjxpbnB1dCB0eXBlPSJoaWRkZW4iIG5hbWU9Il93cGNmN19wb3N0ZWRfZGF0YV9oYXNoIiB2YWx1ZT0iIiAvPgo8aW5wdXQgdHlwZT0iaGlkZGVuIiBuYW1lPSJfd3BjZjdfcmVjYXB0Y2hhX3Jlc3BvbnNlIiB2YWx1ZT0iIiAvPgo8L2Rpdj4KPGRpdiBpZD0ia29udGFrdGZvcm11bGFyIj4KPGRpdiBjbGFzcz0iZm9ybS1ncm91cCBmb3JtLXJvdyI+CjxkaXYgY2xhc3M9ImNvbC1zbS02Ij4KICAgICAgPHNwYW4gY2xhc3M9IndwY2Y3LWZvcm0tY29udHJvbC13cmFwIGtvbnRha3QtZmlybWEiPjxpbnB1dCB0eXBlPSJ0ZXh0IiBuYW1lPSJrb250YWt0LWZpcm1hIiB2YWx1ZT0iIiBzaXplPSI0MCIgY2xhc3M9IndwY2Y3LWZvcm0tY29udHJvbCB3cGNmNy10ZXh0IHdwY2Y3LXZhbGlkYXRlcy1hcy1yZXF1aXJlZCBmb3JtLWNvbnRyb2wgc3RvcmVkIiBpZD0idm9ybmFtZSIgYXJpYS1yZXF1aXJlZD0idHJ1ZSIgYXJpYS1pbnZhbGlkPSJmYWxzZSIgcGxhY2Vob2xkZXI9IkVudHJlcHJpc2UqIiAvPjwvc3Bhbj4KICAgIDwvZGl2Pgo8L2Rpdj4KPGRpdiBjbGFzcz0iZm9ybS1ncm91cCBmb3JtLXJvdyI+CjxkaXYgY2xhc3M9ImNvbC1zbS02Ij4KICAgICAgPHNwYW4gY2xhc3M9IndwY2Y3LWZvcm0tY29udHJvbC13cmFwIGtvbnRha3QtdGl0bGUiPjxzcGFuIGNsYXNzPSJ3cGNmNy1mb3JtLWNvbnRyb2wgd3BjZjctcmFkaW8gZm9ybS1jb250cm9sIHN0b3JlZCIgaWQ9InRpdGxlIj48c3BhbiBjbGFzcz0id3BjZjctbGlzdC1pdGVtIGZpcnN0Ij48bGFiZWw+PGlucHV0IHR5cGU9InJhZGlvIiBuYW1lPSJrb250YWt0LXRpdGxlIiB2YWx1ZT0iTW9uc2lldXIqIiBjaGVja2VkPSJjaGVja2VkIiAvPjxzcGFuIGNsYXNzPSJ3cGNmNy1saXN0LWl0ZW0tbGFiZWwiPk1vbnNpZXVyKjwvc3Bhbj48L2xhYmVsPjwvc3Bhbj48c3BhbiBjbGFzcz0id3BjZjctbGlzdC1pdGVtIGxhc3QiPjxsYWJlbD48aW5wdXQgdHlwZT0icmFkaW8iIG5hbWU9ImtvbnRha3QtdGl0bGUiIHZhbHVlPSJNYWRhbWUqIiAvPjxzcGFuIGNsYXNzPSJ3cGNmNy1saXN0LWl0ZW0tbGFiZWwiPk1hZGFtZSo8L3NwYW4+PC9sYWJlbD48L3NwYW4+PC9zcGFuPjwvc3Bhbj4KPC9kaXY+CjwvZGl2Pgo8ZGl2IGNsYXNzPSJmb3JtLWdyb3VwIGZvcm0tcm93Ij4KPGRpdiBjbGFzcz0iY29sLXNtLTYiPgogICAgICA8c3BhbiBjbGFzcz0id3BjZjctZm9ybS1jb250cm9sLXdyYXAga29udGFrdC12b3JuYW1lIj48aW5wdXQgdHlwZT0idGV4dCIgbmFtZT0ia29udGFrdC12b3JuYW1lIiB2YWx1ZT0iIiBzaXplPSI0MCIgY2xhc3M9IndwY2Y3LWZvcm0tY29udHJvbCB3cGNmNy10ZXh0IHdwY2Y3LXZhbGlkYXRlcy1hcy1yZXF1aXJlZCBmb3JtLWNvbnRyb2wgc3RvcmVkIiBpZD0ibmFtZSIgYXJpYS1yZXF1aXJlZD0idHJ1ZSIgYXJpYS1pbnZhbGlkPSJmYWxzZSIgcGxhY2Vob2xkZXI9IlByw6lub20qIiAvPjwvc3Bhbj4KICAgIDwvZGl2Pgo8ZGl2IGNsYXNzPSJjb2wtc20tNiI+CiAgICAgIDxzcGFuIGNsYXNzPSJ3cGNmNy1mb3JtLWNvbnRyb2wtd3JhcCBrb250YWt0LW5hbWUiPjxpbnB1dCB0eXBlPSJ0ZXh0IiBuYW1lPSJrb250YWt0LW5hbWUiIHZhbHVlPSIiIHNpemU9IjQwIiBjbGFzcz0id3BjZjctZm9ybS1jb250cm9sIHdwY2Y3LXRleHQgd3BjZjctdmFsaWRhdGVzLWFzLXJlcXVpcmVkIGZvcm0tY29udHJvbCBzdG9yZWQiIGlkPSJuYW1lIiBhcmlhLXJlcXVpcmVkPSJ0cnVlIiBhcmlhLWludmFsaWQ9ImZhbHNlIiBwbGFjZWhvbGRlcj0iTm9tKiIgLz48L3NwYW4+CiAgICA8L2Rpdj4KPC9kaXY+CjxkaXYgY2xhc3M9ImZvcm0tZ3JvdXAgZm9ybS1yb3ciPgo8ZGl2IGNsYXNzPSJjb2wtc20tNiI+CiAgICAgIDxzcGFuIGNsYXNzPSJ3cGNmNy1mb3JtLWNvbnRyb2wtd3JhcCBrb250YWt0LWVtYWlsIj48aW5wdXQgdHlwZT0iZW1haWwiIG5hbWU9ImtvbnRha3QtZW1haWwiIHZhbHVlPSIiIHNpemU9IjQwIiBjbGFzcz0id3BjZjctZm9ybS1jb250cm9sIHdwY2Y3LXRleHQgd3BjZjctZW1haWwgd3BjZjctdmFsaWRhdGVzLWFzLXJlcXVpcmVkIHdwY2Y3LXZhbGlkYXRlcy1hcy1lbWFpbCBmb3JtLWNvbnRyb2wgc3RvcmVkIiBpZD0iZW1haWwiIGFyaWEtcmVxdWlyZWQ9InRydWUiIGFyaWEtaW52YWxpZD0iZmFsc2UiIHBsYWNlaG9sZGVyPSJBZHJlc3NlIG1haWwqIiAvPjwvc3Bhbj4KICAgIDwvZGl2Pgo8ZGl2IGNsYXNzPSJjb2wtc20tNiI+CiAgICAgIDxzcGFuIGNsYXNzPSJ3cGNmNy1mb3JtLWNvbnRyb2wtd3JhcCBrb250YWt0LXRlbGVmb24iPjxpbnB1dCB0eXBlPSJ0ZXh0IiBuYW1lPSJrb250YWt0LXRlbGVmb24iIHZhbHVlPSIiIHNpemU9IjQwIiBjbGFzcz0id3BjZjctZm9ybS1jb250cm9sIHdwY2Y3LXRleHQgZm9ybS1jb250cm9sIHN0b3JlZCIgaWQ9InRlbGVmb24iIGFyaWEtaW52YWxpZD0iZmFsc2UiIHBsYWNlaG9sZGVyPSJOdW3DqXJvIGRlIHTDqWzDqXBob25lKiIgLz48L3NwYW4+CiAgICA8L2Rpdj4KPC9kaXY+CjxkaXYgY2xhc3M9ImZvcm0tZ3JvdXAgZm9ybS1yb3ciPgo8ZGl2IGNsYXNzPSJjb2wiPgogICAgICA8c3BhbiBjbGFzcz0id3BjZjctZm9ybS1jb250cm9sLXdyYXAga29udGFrdC1uYWNocmljaHQiPjx0ZXh0YXJlYSBuYW1lPSJrb250YWt0LW5hY2hyaWNodCIgY29scz0iNDAiIHJvd3M9IjEwIiBjbGFzcz0id3BjZjctZm9ybS1jb250cm9sIHdwY2Y3LXRleHRhcmVhIHdwY2Y3LXZhbGlkYXRlcy1hcy1yZXF1aXJlZCBmb3JtLWNvbnRyb2wiIGlkPSJuYWNocmljaHQiIGFyaWEtcmVxdWlyZWQ9InRydWUiIGFyaWEtaW52YWxpZD0iZmFsc2UiIHBsYWNlaG9sZGVyPSJWb3RyZSBtZXNzYWdlIMOgIG5vdXMqIj48L3RleHRhcmVhPjwvc3Bhbj4KICAgIDwvZGl2Pgo8L2Rpdj4KPGRpdiBjbGFzcz0iZm9ybS1yb3ciPgo8ZGl2IGNsYXNzPSJjb2wiPgogIDxzcGFuIGNsYXNzPSJ3cGNmNy1mb3JtLWNvbnRyb2wtd3JhcCBjbGFzc2Zvcm0tY2hlY2staW5wdXQiPjxzcGFuIGNsYXNzPSJ3cGNmNy1mb3JtLWNvbnRyb2wgd3BjZjctYWNjZXB0YW5jZSI+PHNwYW4gY2xhc3M9IndwY2Y3LWxpc3QtaXRlbSI+PGxhYmVsPjxpbnB1dCB0eXBlPSJjaGVja2JveCIgbmFtZT0iY2xhc3M6Zm9ybS1jaGVjay1pbnB1dCIgdmFsdWU9IjEiIGFyaWEtaW52YWxpZD0iZmFsc2UiIC8+PHNwYW4gY2xhc3M9IndwY2Y3LWxpc3QtaXRlbS1sYWJlbCI+PGxhYmVsIGNsYXNzPSJmb3JtLWNoZWNrLWxhYmVsIiBmb3I9ImRlZmF1bHRDaGVjazEiPkonYWNjZXB0ZSBsJ3V0aWxpc2F0aW9uIGRlIG1lcyBkb25uw6llcyBzYWlzaWVzIGNvbmZvcm3DqW1lbnQgw6AgPGEgaHJlZj0iL2ZyL3Byb3RlY3Rpb24tZGVzLWRvbm5lZXMvIj5sYSBwb2xpdGlxdWUgZGUgY29uZmlkZW50aWFsaXTDqTwvYT4uKjwvbGFiZWw+PC9zcGFuPjwvbGFiZWw+PC9zcGFuPjwvc3Bhbj48L3NwYW4+PGJyIC8+CjxzbWFsbD5DZSBzaXRlIFdlYiBlc3QgcHJvdMOpZ8OpIHBhciByZUNBUFRDSEEgZXQgbGVzIDxhIGhyZWY9Imh0dHBzOi8vcG9saWNpZXMuZ29vZ2xlLmNvbS9wcml2YWN5IiB0YXJnZXQ9Il9ibGFuayI+UG9saXRpcXVlcyBkZSBjb25maWRlbnRpYWxpdMOpPC9hPiBldCA8YSBocmVmPSJodHRwczovL3BvbGljaWVzLmdvb2dsZS5jb20vdGVybXMiIHRhcmdldD0iX2JsYW5rIj5Db25kaXRpb25zIGQndXRpbGlzYXRpb248L2E+IGRlIEdvb2dsZSBzJ2FwcGxpcXVlbnQuPC9zbWFsbD4gKCpjaGFtcHMgb2JsaWdhdG9pcmVzKQo8L2Rpdj4KPC9kaXY+CjxkaXYgY2xhc3M9ImZvcm0tcm93IG10LTUiPgo8ZGl2IGNsYXNzPSJjb2wiPgo8aW5wdXQgdHlwZT0ic3VibWl0IiB2YWx1ZT0iRW52b2kiIGNsYXNzPSJ3cGNmNy1mb3JtLWNvbnRyb2wgd3BjZjctc3VibWl0IGJ0biBidG4tcHJpbWFyeSBidG4tbWQiIC8+CjwvZGl2Pgo8L2Rpdj4KPC9kaXY+CjxkaXYgY2xhc3M9IndwY2Y3LXJlc3BvbnNlLW91dHB1dCIgYXJpYS1oaWRkZW49InRydWUiPjwvZGl2PjwvZm9ybT48L2Rpdj4=\"><div class=\"brlbs-cmpnt-cb-preset-b brlbs-cmpnt-cb-cf7-recaptcha\"> <div class=\"brlbs-cmpnt-cb-thumbnail\" style=\"background-image: url('https:\/\/alders.p3group.de\/wp-content\/uploads\/borlabs-cookie\/1\/bct-google-recaptcha-main.png')\"><\/div> <div class=\"brlbs-cmpnt-cb-main\"> <div class=\"brlbs-cmpnt-cb-content\"> <p class=\"brlbs-cmpnt-cb-description\">Vous devez charger le contenu de <strong>reCAPTCHA<\/strong> pour soumettre le formulaire. Veuillez noter que ce faisant, des donn\u00e9es seront partag\u00e9es avec des providers tiers.<\/p> <a class=\"brlbs-cmpnt-cb-provider-toggle\" href=\"#\" data-borlabs-cookie-show-provider-information role=\"button\">Plus d'informations<\/a> <\/div> <div class=\"brlbs-cmpnt-cb-buttons\"> <a class=\"brlbs-cmpnt-cb-btn\" href=\"#\" data-borlabs-cookie-unblock role=\"button\">D\u00e9bloquer le contenu<\/a> <a class=\"brlbs-cmpnt-cb-btn\" href=\"#\" data-borlabs-cookie-accept-service role=\"button\" style=\"display: inherit\">Accepter le service requis et d\u00e9bloquer les contenus<\/a> <\/div> <\/div> <\/div><\/div>[\/vc_column_text][\/vc_column_inner][vc_column_inner width=\u00a0\u00bb1\/6&Prime;][\/vc_column_inner][\/vc_row_inner][\/vc_column][\/vc_row][vc_row full_width=\u00a0\u00bbstretch_row_content_no_spaces\u00a0\u00bb el_id=\u00a0\u00bbmaps\u00a0\u00bb css=\u00a0\u00bb.vc_custom_1617275751101{padding-top: 0px !important;padding-bottom: 0px !important;}\u00a0\u00bb][vc_column][vc_raw_html css=\u00a0\u00bb.vc_custom_1764069974488{margin-bottom: 0px !important;}\u00a0\u00bb]JTVCYm9ybGFicy1jb29raWUlMjBpZCUzRCUyMmdvb2dsZS1tYXBzJTIyJTIwdHlwZSUzRCUyMmNvbnRlbnQtYmxvY2tlciUyMiU1RCUwQSUzQ2lmcmFtZSUyMHNyYyUzRCUyMmh0dHBzJTNBJTJGJTJGd3d3Lmdvb2dsZS5jb20lMkZtYXBzJTJGZW1iZWQlM0ZwYiUzRCUyMTFtMTglMjExbTEyJTIxMW0zJTIxMWQxNTk0MTguMTQ3OTM0MjcxMTQlMjEyZDYuNDI1MTQ4NjczODAzNjkxJTIxM2Q1MS4zNjc5NDgyMzUzNTgwMzUlMjEybTMlMjExZjAlMjEyZjAlMjEzZjAlMjEzbTIlMjExaTEwMjQlMjEyaTc2OCUyMTRmMTMuMSUyMTNtMyUyMTFtMiUyMTFzMHg0N2I4YWY3NjY5YzI5YTczJTI1M0EweGU1MzU4NzhlZWU4MWI4NDAlMjEyc0FMREVSUyUyNTIwZWxlY3Ryb25pYyUyNTIwR21iSCUyMTVlMCUyMTNtMiUyMTFzZGUlMjEyc2RlJTIxNHYxNjE3Mjc1NjkyNzA2JTIxNW0yJTIxMXNkZSUyMTJzZGUlMjIlMjB3aWR0aCUzRCUyMjYwMCUyMiUyMGhlaWdodCUzRCUyMjQ1MCUyMiUyMHN0eWxlJTNEJTIyYm9yZGVyJTNBMCUzQiUyMiUyMGFsbG93ZnVsbHNjcmVlbiUzRCUyMiUyMiUyMGxvYWRpbmclM0QlMjJsYXp5JTIyJTNFJTNDJTJGaWZyYW1lJTNFJTBBJTVCJTJGYm9ybGFicy1jb29raWUlNUQ=[\/vc_raw_html][\/vc_column][\/vc_row][vc_row][vc_column width=\u00a0\u00bb5\/12&Prime;][vc_column_text]<strong>ALDERS electronic GmbH est votre partenaire pour les composants de haute qualit\u00e9 dans le domaine de l&rsquo;\u00e9lectrotechnique, de l&rsquo;\u00e9lectronique et de l&rsquo;\u00e9lectrodynamique.<\/strong> Nous distribuons des composants des meilleurs fabricants du monde entier, connus dans le monde entier pour leur qualit\u00e9 de premier ordre. De plus, nous effectuons nous-m\u00eames des ajustements sp\u00e9cifiques au client et d\u00e9veloppons des petites s\u00e9ries individuelles pour les clients dans les domaines d&rsquo;application de la technologie des machines de construction et agricoles, de l&rsquo;aviation, de la technologie militaire, de la technologie maritime, des sports automobiles et de la technologie m\u00e9dicale.[\/vc_column_text][\/vc_column][vc_column width=\u00a0\u00bb7\/12&Prime;][vc_column_text]Si vous souhaitez travailler avec ALDERS ou si vous avez des questions sur les produits que nous proposons, n&rsquo;h\u00e9sitez pas \u00e0 nous contacter. Appelez-nous ou \u00e9crivez-nous un e-mail et nous vous r\u00e9pondrons imm\u00e9diatement. Un expert comp\u00e9tent est disponible pour vous conseiller sur chaque probl\u00e8me et domaine ou composant. Vous pouvez trouver les coordonn\u00e9es des employ\u00e9s sur la page produit respective ou vous pouvez nous contacter au num\u00e9ro de t\u00e9l\u00e9phone sur cette page et nous vous mettrons en contact avec l&#8217;employ\u00e9 responsable. Bien entendu, les e-mails contenant des questions sur des produits individuels sont \u00e9galement transmis, afin que vous receviez toujours les conseils et les informations les meilleurs et les plus complets.[\/vc_column_text][\/vc_column][\/vc_row]<\/p>\n<\/div>","protected":false},"excerpt":{"rendered":"<p>[vc_row full_width=\u00a0\u00bbstretch_row\u00a0\u00bb el_class=\u00a0\u00bbsection-grauverlauf\u00a0\u00bb][vc_column][vc_custom_heading text=\u00a0\u00bbVotre contact avec ALDERS\u00a0\u00bb font_container=\u00a0\u00bbtag:h1|text_align:center\u00a0\u00bb use_theme_fonts=\u00a0\u00bbyes\u00a0\u00bb css=\u00a0\u00bb.vc_custom_1646744261451{margin-bottom: 30px !important;}\u00a0\u00bb][vc_row_inner][vc_column_inner width=\u00a0\u00bb1\/4&Prime;][vc_column_text]Comment nous joindre:[\/vc_column_text][\/vc_column_inner][vc_column_inner width=\u00a0\u00bb1\/4&Prime;][vc_column_text]ALDERS electronic GmbH Arnoldstra\u00dfe 19 47906 Kempen Deutschland[\/vc_column_text][\/vc_column_inner][vc_column_inner width=\u00a0\u00bb1\/4&Prime;][vc_column_text]+33 3 88 06 46 77 mail@alders.fr[\/vc_column_text][\/vc_column_inner][vc_column_inner width=\u00a0\u00bb1\/4&Prime;][vc_column_text]\u00a0Facebook \u00a0Instagram \u00a0YouTube \u00a0LinkedIn[\/vc_column_text][\/vc_column_inner][\/vc_row_inner][\/vc_column][\/vc_row][vc_row][vc_column][vc_row_inner][vc_column_inner width=\u00a0\u00bb1\/6&Prime;][\/vc_column_inner][vc_column_inner width=\u00a0\u00bb2\/3&Prime;][vc_column_text][\/vc_column_text][\/vc_column_inner][vc_column_inner width=\u00a0\u00bb1\/6&Prime;][\/vc_column_inner][\/vc_row_inner][\/vc_column][\/vc_row][vc_row full_width=\u00a0\u00bbstretch_row_content_no_spaces\u00a0\u00bb el_id=\u00a0\u00bbmaps\u00a0\u00bb css=\u00a0\u00bb.vc_custom_1617275751101{padding-top: 0px !important;padding-bottom: 0px !important;}\u00a0\u00bb][vc_column][vc_raw_html css=\u00a0\u00bb.vc_custom_1764069974488{margin-bottom: 0px !important;}\u00a0\u00bb]JTVCYm9ybGFicy1jb29raWUlMjBpZCUzRCUyMmdvb2dsZS1tYXBzJTIyJTIwdHlwZSUzRCUyMmNvbnRlbnQtYmxvY2tlciUyMiU1RCUwQSUzQ2lmcmFtZSUyMHNyYyUzRCUyMmh0dHBzJTNBJTJGJTJGd3d3Lmdvb2dsZS5jb20lMkZtYXBzJTJGZW1iZWQlM0ZwYiUzRCUyMTFtMTglMjExbTEyJTIxMW0zJTIxMWQxNTk0MTguMTQ3OTM0MjcxMTQlMjEyZDYuNDI1MTQ4NjczODAzNjkxJTIxM2Q1MS4zNjc5NDgyMzUzNTgwMzUlMjEybTMlMjExZjAlMjEyZjAlMjEzZjAlMjEzbTIlMjExaTEwMjQlMjEyaTc2OCUyMTRmMTMuMSUyMTNtMyUyMTFtMiUyMTFzMHg0N2I4YWY3NjY5YzI5YTczJTI1M0EweGU1MzU4NzhlZWU4MWI4NDAlMjEyc0FMREVSUyUyNTIwZWxlY3Ryb25pYyUyNTIwR21iSCUyMTVlMCUyMTNtMiUyMTFzZGUlMjEyc2RlJTIxNHYxNjE3Mjc1NjkyNzA2JTIxNW0yJTIxMXNkZSUyMTJzZGUlMjIlMjB3aWR0aCUzRCUyMjYwMCUyMiUyMGhlaWdodCUzRCUyMjQ1MCUyMiUyMHN0eWxlJTNEJTIyYm9yZGVyJTNBMCUzQiUyMiUyMGFsbG93ZnVsbHNjcmVlbiUzRCUyMiUyMiUyMGxvYWRpbmclM0QlMjJsYXp5JTIyJTNFJTNDJTJGaWZyYW1lJTNFJTBBJTVCJTJGYm9ybGFicy1jb29raWUlNUQ=[\/vc_raw_html][\/vc_column][\/vc_row][vc_row][vc_column width=\u00a0\u00bb5\/12&Prime;][vc_column_text]ALDERS electronic GmbH est votre partenaire pour les [&hellip;]<\/p>\n","protected":false},"author":1,"featured_media":0,"parent":0,"menu_order":63,"comment_status":"closed","ping_status":"closed","template":"","meta":{"_acf_changed":false,"inline_featured_image":false,"footnotes":""},"class_list":["post-280909","page","type-page","status-publish","hentry"],"acf":[],"yoast_head":"<!-- This site is optimized with the Yoast SEO plugin v26.6 - https:\/\/yoast.com\/wordpress\/plugins\/seo\/ -->\n<title>Elektrotechnik: Ihre Experten bei ALDERS electronic<\/title>\n<meta name=\"description\" content=\"Bei der ALDERS electronic GmbH erhalten Sie kompetente Beratung zu hochwertigen elektromechanischen Bauteilen.\" \/>\n<meta name=\"robots\" content=\"noindex, follow, max-snippet:-1, max-image-preview:large, max-video-preview:-1\" \/>\n<meta property=\"og:locale\" content=\"fr_FR\" \/>\n<meta property=\"og:type\" content=\"article\" \/>\n<meta property=\"og:title\" content=\"Elektrotechnik: Ihre Experten bei ALDERS electronic\" \/>\n<meta property=\"og:description\" content=\"Bei der ALDERS electronic GmbH erhalten Sie kompetente Beratung zu hochwertigen elektromechanischen Bauteilen.\" \/>\n<meta property=\"og:url\" content=\"https:\/\/alders.p3group.de\/fr\/contact\/\" \/>\n<meta property=\"og:site_name\" content=\"ALDERS electronic GmbH\" \/>\n<meta property=\"article:publisher\" content=\"https:\/\/www.facebook.com\/Alders.electronic\/\" \/>\n<meta property=\"article:modified_time\" content=\"2025-11-25T11:26:17+00:00\" \/>\n<meta property=\"og:image\" content=\"https:\/\/alders.p3group.de\/wp-content\/uploads\/2021\/02\/alders-electronic-gmbh_logo.png\" \/>\n\t<meta property=\"og:image:width\" content=\"270\" \/>\n\t<meta property=\"og:image:height\" content=\"66\" \/>\n\t<meta property=\"og:image:type\" content=\"image\/png\" \/>\n<meta name=\"twitter:card\" content=\"summary_large_image\" \/>\n<meta name=\"twitter:label1\" content=\"Dur\u00e9e de lecture estim\u00e9e\" \/>\n\t<meta name=\"twitter:data1\" content=\"2 minutes\" \/>\n<script type=\"application\/ld+json\" class=\"yoast-schema-graph\">{\"@context\":\"https:\/\/schema.org\",\"@graph\":[{\"@type\":\"WebPage\",\"@id\":\"https:\/\/alders.p3group.de\/fr\/contact\/\",\"url\":\"https:\/\/alders.p3group.de\/fr\/contact\/\",\"name\":\"Elektrotechnik: Ihre Experten bei ALDERS electronic\",\"isPartOf\":{\"@id\":\"https:\/\/alders.p3group.de\/fr\/#website\"},\"datePublished\":\"2021-03-22T15:01:06+00:00\",\"dateModified\":\"2025-11-25T11:26:17+00:00\",\"description\":\"Bei der ALDERS electronic GmbH erhalten Sie kompetente Beratung zu hochwertigen elektromechanischen Bauteilen.\",\"breadcrumb\":{\"@id\":\"https:\/\/alders.p3group.de\/fr\/contact\/#breadcrumb\"},\"inLanguage\":\"fr-FR\",\"potentialAction\":[{\"@type\":\"ReadAction\",\"target\":[\"https:\/\/alders.p3group.de\/fr\/contact\/\"]}]},{\"@type\":\"BreadcrumbList\",\"@id\":\"https:\/\/alders.p3group.de\/fr\/contact\/#breadcrumb\",\"itemListElement\":[{\"@type\":\"ListItem\",\"position\":1,\"name\":\"ALDERS\",\"item\":\"https:\/\/alders.p3group.de\/fr\/\"},{\"@type\":\"ListItem\",\"position\":2,\"name\":\"Contact\"}]},{\"@type\":\"WebSite\",\"@id\":\"https:\/\/alders.p3group.de\/fr\/#website\",\"url\":\"https:\/\/alders.p3group.de\/fr\/\",\"name\":\"ALDERS electronic GmbH\",\"description\":\"Der Spezialist f\u00fcr elektromechanische L\u00f6sungen\",\"publisher\":{\"@id\":\"https:\/\/alders.p3group.de\/fr\/#organization\"},\"potentialAction\":[{\"@type\":\"SearchAction\",\"target\":{\"@type\":\"EntryPoint\",\"urlTemplate\":\"https:\/\/alders.p3group.de\/fr\/?s={search_term_string}\"},\"query-input\":{\"@type\":\"PropertyValueSpecification\",\"valueRequired\":true,\"valueName\":\"search_term_string\"}}],\"inLanguage\":\"fr-FR\"},{\"@type\":\"Organization\",\"@id\":\"https:\/\/alders.p3group.de\/fr\/#organization\",\"name\":\"ALDERS electronic GmbH\",\"url\":\"https:\/\/alders.p3group.de\/fr\/\",\"logo\":{\"@type\":\"ImageObject\",\"inLanguage\":\"fr-FR\",\"@id\":\"https:\/\/alders.p3group.de\/fr\/#\/schema\/logo\/image\/\",\"url\":\"https:\/\/alders.p3group.de\/wp-content\/uploads\/2022\/07\/Alders-logo-Komplett.png\",\"contentUrl\":\"https:\/\/alders.p3group.de\/wp-content\/uploads\/2022\/07\/Alders-logo-Komplett.png\",\"width\":1043,\"height\":253,\"caption\":\"ALDERS electronic GmbH\"},\"image\":{\"@id\":\"https:\/\/alders.p3group.de\/fr\/#\/schema\/logo\/image\/\"},\"sameAs\":[\"https:\/\/www.facebook.com\/Alders.electronic\/\",\"https:\/\/de.linkedin.com\/company\/alders-electronic-gmbh\",\"https:\/\/www.youtube.com\/channel\/UC-hR66wsAmKOdY03IokrlzA\",\"https:\/\/www.instagram.com\/alders.electronic\/\"]}]}<\/script>\n<!-- \/ Yoast SEO plugin. -->","yoast_head_json":{"title":"Elektrotechnik: Ihre Experten bei ALDERS electronic","description":"Bei der ALDERS electronic GmbH erhalten Sie kompetente Beratung zu hochwertigen elektromechanischen Bauteilen.","robots":{"index":"noindex","follow":"follow","max-snippet":"max-snippet:-1","max-image-preview":"max-image-preview:large","max-video-preview":"max-video-preview:-1"},"og_locale":"fr_FR","og_type":"article","og_title":"Elektrotechnik: Ihre Experten bei ALDERS electronic","og_description":"Bei der ALDERS electronic GmbH erhalten Sie kompetente Beratung zu hochwertigen elektromechanischen Bauteilen.","og_url":"https:\/\/alders.p3group.de\/fr\/contact\/","og_site_name":"ALDERS electronic GmbH","article_publisher":"https:\/\/www.facebook.com\/Alders.electronic\/","article_modified_time":"2025-11-25T11:26:17+00:00","og_image":[{"width":270,"height":66,"url":"https:\/\/alders.p3group.de\/wp-content\/uploads\/2021\/02\/alders-electronic-gmbh_logo.png","type":"image\/png"}],"twitter_card":"summary_large_image","twitter_misc":{"Dur\u00e9e de lecture estim\u00e9e":"2 minutes"},"schema":{"@context":"https:\/\/schema.org","@graph":[{"@type":"WebPage","@id":"https:\/\/alders.p3group.de\/fr\/contact\/","url":"https:\/\/alders.p3group.de\/fr\/contact\/","name":"Elektrotechnik: Ihre Experten bei ALDERS electronic","isPartOf":{"@id":"https:\/\/alders.p3group.de\/fr\/#website"},"datePublished":"2021-03-22T15:01:06+00:00","dateModified":"2025-11-25T11:26:17+00:00","description":"Bei der ALDERS electronic GmbH erhalten Sie kompetente Beratung zu hochwertigen elektromechanischen Bauteilen.","breadcrumb":{"@id":"https:\/\/alders.p3group.de\/fr\/contact\/#breadcrumb"},"inLanguage":"fr-FR","potentialAction":[{"@type":"ReadAction","target":["https:\/\/alders.p3group.de\/fr\/contact\/"]}]},{"@type":"BreadcrumbList","@id":"https:\/\/alders.p3group.de\/fr\/contact\/#breadcrumb","itemListElement":[{"@type":"ListItem","position":1,"name":"ALDERS","item":"https:\/\/alders.p3group.de\/fr\/"},{"@type":"ListItem","position":2,"name":"Contact"}]},{"@type":"WebSite","@id":"https:\/\/alders.p3group.de\/fr\/#website","url":"https:\/\/alders.p3group.de\/fr\/","name":"ALDERS electronic GmbH","description":"Der Spezialist f\u00fcr elektromechanische L\u00f6sungen","publisher":{"@id":"https:\/\/alders.p3group.de\/fr\/#organization"},"potentialAction":[{"@type":"SearchAction","target":{"@type":"EntryPoint","urlTemplate":"https:\/\/alders.p3group.de\/fr\/?s={search_term_string}"},"query-input":{"@type":"PropertyValueSpecification","valueRequired":true,"valueName":"search_term_string"}}],"inLanguage":"fr-FR"},{"@type":"Organization","@id":"https:\/\/alders.p3group.de\/fr\/#organization","name":"ALDERS electronic GmbH","url":"https:\/\/alders.p3group.de\/fr\/","logo":{"@type":"ImageObject","inLanguage":"fr-FR","@id":"https:\/\/alders.p3group.de\/fr\/#\/schema\/logo\/image\/","url":"https:\/\/alders.p3group.de\/wp-content\/uploads\/2022\/07\/Alders-logo-Komplett.png","contentUrl":"https:\/\/alders.p3group.de\/wp-content\/uploads\/2022\/07\/Alders-logo-Komplett.png","width":1043,"height":253,"caption":"ALDERS electronic GmbH"},"image":{"@id":"https:\/\/alders.p3group.de\/fr\/#\/schema\/logo\/image\/"},"sameAs":["https:\/\/www.facebook.com\/Alders.electronic\/","https:\/\/de.linkedin.com\/company\/alders-electronic-gmbh","https:\/\/www.youtube.com\/channel\/UC-hR66wsAmKOdY03IokrlzA","https:\/\/www.instagram.com\/alders.electronic\/"]}]}},"_links":{"self":[{"href":"https:\/\/alders.p3group.de\/fr\/wp-json\/wp\/v2\/pages\/280909","targetHints":{"allow":["GET"]}}],"collection":[{"href":"https:\/\/alders.p3group.de\/fr\/wp-json\/wp\/v2\/pages"}],"about":[{"href":"https:\/\/alders.p3group.de\/fr\/wp-json\/wp\/v2\/types\/page"}],"author":[{"embeddable":true,"href":"https:\/\/alders.p3group.de\/fr\/wp-json\/wp\/v2\/users\/1"}],"replies":[{"embeddable":true,"href":"https:\/\/alders.p3group.de\/fr\/wp-json\/wp\/v2\/comments?post=280909"}],"version-history":[{"count":7,"href":"https:\/\/alders.p3group.de\/fr\/wp-json\/wp\/v2\/pages\/280909\/revisions"}],"predecessor-version":[{"id":292046,"href":"https:\/\/alders.p3group.de\/fr\/wp-json\/wp\/v2\/pages\/280909\/revisions\/292046"}],"wp:attachment":[{"href":"https:\/\/alders.p3group.de\/fr\/wp-json\/wp\/v2\/media?parent=280909"}],"curies":[{"name":"wp","href":"https:\/\/api.w.org\/{rel}","templated":true}]}}