{"id":280912,"date":"2021-02-22T16:10:35","date_gmt":"2021-02-22T15:10:35","guid":{"rendered":"https:\/\/dev2.alders.de\/impressum\/"},"modified":"2024-07-02T10:53:29","modified_gmt":"2024-07-02T08:53:29","slug":"mentions-legales","status":"publish","type":"page","link":"https:\/\/alders.p3group.de\/fr\/mentions-legales\/","title":{"rendered":"Mentions l\u00e9gales"},"content":{"rendered":"<div class=\"wpb-content-wrapper\"><p>[vc_row full_width=\u00a0\u00bbstretch_row\u00a0\u00bb el_class=\u00a0\u00bbsection-grauverlauf\u00a0\u00bb][vc_column][vc_column_text]<\/p>\n<h1 style=\"text-align: center;\">Mentions l\u00e9gales<\/h1>\n<p>[\/vc_column_text][vc_row_inner disable_element=\u00a0\u00bbyes\u00a0\u00bb][vc_column_inner width=\u00a0\u00bb1\/4&Prime;][vc_column_text]<strong>ALDERS electronic GmbH<\/strong><br \/>\nArnoldstra\u00dfe 19<br \/>\n47906 Kempen<br \/>\nDeutschland[\/vc_column_text][\/vc_column_inner][vc_column_inner width=\u00a0\u00bb1\/4&Prime;][vc_column_text]<strong>Gesch\u00e4ftsf\u00fchrer:<\/strong><br \/>\nMartin Alders[\/vc_column_text][\/vc_column_inner][vc_column_inner width=\u00a0\u00bb1\/4&Prime;][vc_column_text]<strong>Kontakt:<\/strong><br \/>\n<a href=\"tel:+49215289550\"><i class=\"fa fa-fw fa-phone\" aria-hidden=\"true\"><\/i>\u00a0+49 2152 8955-0<\/a><br \/>\n<a href=\"tel:+4921528955157\"><i class=\"fa fa-fw fa-fax\" aria-hidden=\"true\"><\/i>\u00a0+49 2152 8955-157<\/a><br \/>\n<a href=\"mailto:vertrieb@alders.de\"><i class=\"fa fa-fw fa-envelope\" aria-hidden=\"true\"><\/i>\u00a0vertrieb@alders.de<\/a>[\/vc_column_text][\/vc_column_inner][vc_column_inner width=\u00a0\u00bb1\/4&Prime;][vc_column_text]<strong>USt-IdNr.:<\/strong><br \/>\nDE 815 011 430<\/p>\n<p><strong>Amtsgericht Krefeld<\/strong>,<br \/>\nHRB 12099[\/vc_column_text][\/vc_column_inner][\/vc_row_inner][vc_row_inner][vc_column_inner][vc_column_text]<div style=\"word-wrap: break-word;\">\r\n\r\n<p>ALDERS electronic GmbH<br \/>\r\nArnoldstra\u00dfe 19<br \/>\r\n47906 Kempen<\/p>\r\n\r\n<p>Handelsregister: 12099<br \/>\r\nRegistergericht: Amtsgericht Krefeld<\/p>\r\n\r\n<p><strong>Vertreten durch:<\/strong><br \/>\r\nMartin Alders<\/p>\r\n\r\n<h2>Kontakt<\/h2>\r\n<p>Telefon: +49 2152 8955-0<br \/>\r\nTelefax: +49 2152 8955-157<br \/>\r\nE-Mail: vertrieb@alders.de<\/p>\r\n\r\n<h2>Umsatzsteuer-ID<\/h2>\r\n<p>Umsatzsteuer-Identifikationsnummer gem\u00e4\u00df \u00a7 27 a Umsatzsteuergesetz:<br \/>\r\nDE 815 011 430<\/p>\r\n\r\n<h2>Redaktionell verantwortlich<\/h2>\r\n<p>Martin Alders<\/p>\r\n\r\n<h2>EU-Streitschlichtung<\/h2>\r\n<p>Die Europ\u00e4ische Kommission stellt eine Plattform zur Online-Streitbeilegung (OS) bereit: <a href=\"https:\/\/ec.europa.eu\/consumers\/odr\/\" target=\"_blank\" rel=\"noopener noreferrer\">https:\/\/ec.europa.eu\/consumers\/odr\/<\/a>.<br \/> Unsere E-Mail-Adresse finden Sie oben im Impressum.<\/p>\r\n\r\n<h2>Verbraucher\u00adstreit\u00adbeilegung\/Universal\u00adschlichtungs\u00adstelle<\/h2>\r\n<p>Wir sind nicht bereit oder verpflichtet, an Streitbeilegungsverfahren vor einer Verbraucherschlichtungsstelle teilzunehmen.<\/p><\/div>[\/vc_column_text][\/vc_column_inner][\/vc_row_inner][\/vc_column][\/vc_row][vc_row][vc_column][vc_column_text]<\/p>\n<h2>Das Impressum gilt auch f\u00fcr folgende Social Media Profile<\/h2>\n<div><a href=\"https:\/\/www.facebook.com\/Alders.electronic\/\" target=\"_blank\" rel=\"noopener\">Facebook<\/a><\/div>\n<div><a href=\"https:\/\/www.instagram.com\/alders.electronic\/\" target=\"_blank\" rel=\"noopener\">Instagram<\/a><\/div>\n<div><a href=\"https:\/\/de.linkedin.com\/company\/alders-electronic-gmbh\" target=\"_blank\" rel=\"noopener\">Linkedin<\/a><\/div>\n<div><a href=\"https:\/\/www.youtube.com\/channel\/UC-hR66wsAmKOdY03IokrlzA\" target=\"_blank\" rel=\"noopener\">YouTube<\/a><\/div>\n<div><\/div>\n<p>[\/vc_column_text][\/vc_column][\/vc_row][vc_row disable_element=\u00a0\u00bbyes\u00a0\u00bb][vc_column][vc_column_text]<\/p>\n<div><strong>Angaben gem\u00e4\u00df \u00a7 5 TMG<\/strong><\/div>\n<div><\/div>\n<div class=\"subline\">\n<h2 class=\"subline\">Das Impressum gilt auch f\u00fcr folgende Social Media Profile<\/h2>\n<div><a href=\"https:\/\/www.facebook.com\/Alders.electronic\/\" target=\"_blank\" rel=\"noopener\">Facebook<\/a><br \/>\n<a href=\"https:\/\/www.instagram.com\/alders.electronic\/\" target=\"_blank\" rel=\"noopener\">Instagram<\/a><br \/>\n<a href=\"https:\/\/www.xing.com\/companies\/alderselectronicgmbh\" target=\"_blank\" rel=\"noopener\">XING<\/a><\/div>\n<div><a href=\"https:\/\/de.linkedin.com\/company\/alders-electronic-gmbh\" target=\"_blank\" rel=\"noopener\">Linkedin<\/a><\/div>\n<div><a href=\"https:\/\/www.youtube.com\/channel\/UC-hR66wsAmKOdY03IokrlzA\" target=\"_blank\" rel=\"noopener\">YouTube<\/a><\/div>\n<div><\/div>\n<div><\/div>\n<div>\n<h2 class=\"subline\">Online-Streitbeilegung<\/h2>\n<p>Plattform der EU-Kommission zur Online-Streitbeilegung:\u00a0<a id=\"LPlnk764310\" href=\"https:\/\/ec.europa.eu\/consumers\/odr\" target=\"_blank\" rel=\"noopener noreferrer\">https:\/\/ec.europa.eu\/consumers\/odr<\/a><br \/>\nWir sind zur Teilnahme an einem Streitbeilegungsverfahren vor einer Verbraucherschlichtungsstelle weder verpflichtet noch bereit.<\/p>\n<\/div>\n<div><\/div>\n<h2 class=\"subline\">Verweise und Links<\/h2>\n<p>Der Inhaber weist darauf hin, dass die Links der Website zu externen Anbietern f\u00fchren, sobald der Rahmen der Internet-Seite verlassen wird und sich ein neues und komplettes Browserfenster \u00f6ffnet. F\u00fcr den Inhalt dieser Seiten sind die jeweiligen Autoren verantwortlich, der Inhaber \u00fcbernimmt keine Verantwortung f\u00fcr die Richtigkeit des Inhalts, f\u00fcr die Rechtm\u00e4\u00dfigkeit oder die Erf\u00fcllung von Urheberrechtsbestimmungen der verlinkten Seiten sowie f\u00fcr die Aktualit\u00e4t der verwiesenen Angebote. Auch macht sich der Anbieter die fremden Inhalte nicht zueigen. Diese Einschr\u00e4nkung gilt gleicherma\u00dfen f\u00fcr Fremdbeitr\u00e4ge. Alle externen Links auf diesen Seiten sind mit entsprechenden Hinweisen versehen, das Urheberrecht liegt bei dem jeweils Verantwortlichen f\u00fcr die verlinkten Seiten. Ist ein Link aufgrund rechtlicher Bestimmungen nicht rechtm\u00e4\u00dfig oder vom Inhaber der Web-Seite nicht erw\u00fcnscht, wird der Verweis selbstverst\u00e4ndlich auf Anzeige des Rechtsinhabers entfernt.<\/p>\n<h2 class=\"subline\">Inhaltliche Richtigkeit<\/h2>\n<p>Der Domaininhaber \u00fcbernimmt keine inhaltliche Gew\u00e4hr.<\/p>\n<\/div>\n<p>[\/vc_column_text][\/vc_column][\/vc_row]<\/p>\n<\/div>","protected":false},"excerpt":{"rendered":"<p>[vc_row full_width=\u00a0\u00bbstretch_row\u00a0\u00bb el_class=\u00a0\u00bbsection-grauverlauf\u00a0\u00bb][vc_column][vc_column_text] Mentions l\u00e9gales [\/vc_column_text][vc_row_inner disable_element=\u00a0\u00bbyes\u00a0\u00bb][vc_column_inner width=\u00a0\u00bb1\/4&Prime;][vc_column_text]ALDERS electronic GmbH Arnoldstra\u00dfe 19 47906 Kempen Deutschland[\/vc_column_text][\/vc_column_inner][vc_column_inner width=\u00a0\u00bb1\/4&Prime;][vc_column_text]Gesch\u00e4ftsf\u00fchrer: Martin Alders[\/vc_column_text][\/vc_column_inner][vc_column_inner width=\u00a0\u00bb1\/4&Prime;][vc_column_text]Kontakt: \u00a0+49 2152 8955-0 \u00a0+49 2152 8955-157 \u00a0vertrieb@alders.de[\/vc_column_text][\/vc_column_inner][vc_column_inner width=\u00a0\u00bb1\/4&Prime;][vc_column_text]USt-IdNr.: DE 815 011 430 Amtsgericht Krefeld, HRB 12099[\/vc_column_text][\/vc_column_inner][\/vc_row_inner][vc_row_inner][vc_column_inner][vc_column_text][\/vc_column_text][\/vc_column_inner][\/vc_row_inner][\/vc_column][\/vc_row][vc_row][vc_column][vc_column_text] Das Impressum gilt auch f\u00fcr folgende Social Media Profile Facebook Instagram Linkedin YouTube [\/vc_column_text][\/vc_column][\/vc_row][vc_row disable_element=\u00a0\u00bbyes\u00a0\u00bb][vc_column][vc_column_text] Angaben gem\u00e4\u00df \u00a7 5 TMG [&hellip;]<\/p>\n","protected":false},"author":1,"featured_media":0,"parent":0,"menu_order":51,"comment_status":"closed","ping_status":"closed","template":"","meta":{"_acf_changed":false,"inline_featured_image":false,"footnotes":""},"class_list":["post-280912","page","type-page","status-publish","hentry"],"acf":[],"yoast_head":"<!-- This site is optimized with the Yoast SEO plugin v26.6 - https:\/\/yoast.com\/wordpress\/plugins\/seo\/ -->\n<title>Impressum: ALDERS, Ihr Spezialist f\u00fcr die Elektromechanik<\/title>\n<meta name=\"description\" content=\"Hier finden Sie das Impressum der Webseite www.alders.de mit Hinweisen zum Unternehmenssitz und der Gesch\u00e4ftsf\u00fchrung.\" \/>\n<meta name=\"robots\" content=\"noindex, follow\" \/>\n<meta property=\"og:locale\" content=\"fr_FR\" \/>\n<meta property=\"og:type\" content=\"article\" \/>\n<meta property=\"og:title\" content=\"Impressum: ALDERS, Ihr Spezialist f\u00fcr die Elektromechanik\" \/>\n<meta property=\"og:description\" content=\"Hier finden Sie das Impressum der Webseite www.alders.de mit Hinweisen zum Unternehmenssitz und der Gesch\u00e4ftsf\u00fchrung.\" \/>\n<meta property=\"og:url\" content=\"https:\/\/alders.p3group.de\/fr\/mentions-legales\/\" \/>\n<meta property=\"og:site_name\" content=\"ALDERS electronic GmbH\" \/>\n<meta property=\"article:publisher\" content=\"https:\/\/www.facebook.com\/Alders.electronic\/\" \/>\n<meta property=\"article:modified_time\" content=\"2024-07-02T08:53:29+00:00\" \/>\n<meta property=\"og:image\" content=\"https:\/\/alders.p3group.de\/wp-content\/uploads\/2021\/02\/alders-electronic-gmbh_logo.png\" \/>\n\t<meta property=\"og:image:width\" content=\"270\" \/>\n\t<meta property=\"og:image:height\" content=\"66\" \/>\n\t<meta property=\"og:image:type\" content=\"image\/png\" \/>\n<meta name=\"twitter:card\" content=\"summary_large_image\" \/>\n<meta name=\"twitter:label1\" content=\"Dur\u00e9e de lecture estim\u00e9e\" \/>\n\t<meta name=\"twitter:data1\" content=\"2 minutes\" \/>\n<script type=\"application\/ld+json\" class=\"yoast-schema-graph\">{\"@context\":\"https:\/\/schema.org\",\"@graph\":[{\"@type\":\"WebPage\",\"@id\":\"https:\/\/alders.p3group.de\/fr\/mentions-legales\/\",\"url\":\"https:\/\/alders.p3group.de\/fr\/mentions-legales\/\",\"name\":\"Impressum: ALDERS, Ihr Spezialist f\u00fcr die Elektromechanik\",\"isPartOf\":{\"@id\":\"https:\/\/alders.p3group.de\/fr\/#website\"},\"datePublished\":\"2021-02-22T15:10:35+00:00\",\"dateModified\":\"2024-07-02T08:53:29+00:00\",\"description\":\"Hier finden Sie das Impressum der Webseite www.alders.de mit Hinweisen zum Unternehmenssitz und der Gesch\u00e4ftsf\u00fchrung.\",\"breadcrumb\":{\"@id\":\"https:\/\/alders.p3group.de\/fr\/mentions-legales\/#breadcrumb\"},\"inLanguage\":\"fr-FR\",\"potentialAction\":[{\"@type\":\"ReadAction\",\"target\":[\"https:\/\/alders.p3group.de\/fr\/mentions-legales\/\"]}]},{\"@type\":\"BreadcrumbList\",\"@id\":\"https:\/\/alders.p3group.de\/fr\/mentions-legales\/#breadcrumb\",\"itemListElement\":[{\"@type\":\"ListItem\",\"position\":1,\"name\":\"ALDERS\",\"item\":\"https:\/\/alders.p3group.de\/fr\/\"},{\"@type\":\"ListItem\",\"position\":2,\"name\":\"Mentions l\u00e9gales\"}]},{\"@type\":\"WebSite\",\"@id\":\"https:\/\/alders.p3group.de\/fr\/#website\",\"url\":\"https:\/\/alders.p3group.de\/fr\/\",\"name\":\"ALDERS electronic GmbH\",\"description\":\"Der Spezialist f\u00fcr elektromechanische L\u00f6sungen\",\"publisher\":{\"@id\":\"https:\/\/alders.p3group.de\/fr\/#organization\"},\"potentialAction\":[{\"@type\":\"SearchAction\",\"target\":{\"@type\":\"EntryPoint\",\"urlTemplate\":\"https:\/\/alders.p3group.de\/fr\/?s={search_term_string}\"},\"query-input\":{\"@type\":\"PropertyValueSpecification\",\"valueRequired\":true,\"valueName\":\"search_term_string\"}}],\"inLanguage\":\"fr-FR\"},{\"@type\":\"Organization\",\"@id\":\"https:\/\/alders.p3group.de\/fr\/#organization\",\"name\":\"ALDERS electronic GmbH\",\"url\":\"https:\/\/alders.p3group.de\/fr\/\",\"logo\":{\"@type\":\"ImageObject\",\"inLanguage\":\"fr-FR\",\"@id\":\"https:\/\/alders.p3group.de\/fr\/#\/schema\/logo\/image\/\",\"url\":\"https:\/\/alders.p3group.de\/wp-content\/uploads\/2022\/07\/Alders-logo-Komplett.png\",\"contentUrl\":\"https:\/\/alders.p3group.de\/wp-content\/uploads\/2022\/07\/Alders-logo-Komplett.png\",\"width\":1043,\"height\":253,\"caption\":\"ALDERS electronic GmbH\"},\"image\":{\"@id\":\"https:\/\/alders.p3group.de\/fr\/#\/schema\/logo\/image\/\"},\"sameAs\":[\"https:\/\/www.facebook.com\/Alders.electronic\/\",\"https:\/\/de.linkedin.com\/company\/alders-electronic-gmbh\",\"https:\/\/www.youtube.com\/channel\/UC-hR66wsAmKOdY03IokrlzA\",\"https:\/\/www.instagram.com\/alders.electronic\/\"]}]}<\/script>\n<!-- \/ Yoast SEO plugin. -->","yoast_head_json":{"title":"Impressum: ALDERS, Ihr Spezialist f\u00fcr die Elektromechanik","description":"Hier finden Sie das Impressum der Webseite www.alders.de mit Hinweisen zum Unternehmenssitz und der Gesch\u00e4ftsf\u00fchrung.","robots":{"index":"noindex","follow":"follow"},"og_locale":"fr_FR","og_type":"article","og_title":"Impressum: ALDERS, Ihr Spezialist f\u00fcr die Elektromechanik","og_description":"Hier finden Sie das Impressum der Webseite www.alders.de mit Hinweisen zum Unternehmenssitz und der Gesch\u00e4ftsf\u00fchrung.","og_url":"https:\/\/alders.p3group.de\/fr\/mentions-legales\/","og_site_name":"ALDERS electronic GmbH","article_publisher":"https:\/\/www.facebook.com\/Alders.electronic\/","article_modified_time":"2024-07-02T08:53:29+00:00","og_image":[{"width":270,"height":66,"url":"https:\/\/alders.p3group.de\/wp-content\/uploads\/2021\/02\/alders-electronic-gmbh_logo.png","type":"image\/png"}],"twitter_card":"summary_large_image","twitter_misc":{"Dur\u00e9e de lecture estim\u00e9e":"2 minutes"},"schema":{"@context":"https:\/\/schema.org","@graph":[{"@type":"WebPage","@id":"https:\/\/alders.p3group.de\/fr\/mentions-legales\/","url":"https:\/\/alders.p3group.de\/fr\/mentions-legales\/","name":"Impressum: ALDERS, Ihr Spezialist f\u00fcr die Elektromechanik","isPartOf":{"@id":"https:\/\/alders.p3group.de\/fr\/#website"},"datePublished":"2021-02-22T15:10:35+00:00","dateModified":"2024-07-02T08:53:29+00:00","description":"Hier finden Sie das Impressum der Webseite www.alders.de mit Hinweisen zum Unternehmenssitz und der Gesch\u00e4ftsf\u00fchrung.","breadcrumb":{"@id":"https:\/\/alders.p3group.de\/fr\/mentions-legales\/#breadcrumb"},"inLanguage":"fr-FR","potentialAction":[{"@type":"ReadAction","target":["https:\/\/alders.p3group.de\/fr\/mentions-legales\/"]}]},{"@type":"BreadcrumbList","@id":"https:\/\/alders.p3group.de\/fr\/mentions-legales\/#breadcrumb","itemListElement":[{"@type":"ListItem","position":1,"name":"ALDERS","item":"https:\/\/alders.p3group.de\/fr\/"},{"@type":"ListItem","position":2,"name":"Mentions l\u00e9gales"}]},{"@type":"WebSite","@id":"https:\/\/alders.p3group.de\/fr\/#website","url":"https:\/\/alders.p3group.de\/fr\/","name":"ALDERS electronic GmbH","description":"Der Spezialist f\u00fcr elektromechanische L\u00f6sungen","publisher":{"@id":"https:\/\/alders.p3group.de\/fr\/#organization"},"potentialAction":[{"@type":"SearchAction","target":{"@type":"EntryPoint","urlTemplate":"https:\/\/alders.p3group.de\/fr\/?s={search_term_string}"},"query-input":{"@type":"PropertyValueSpecification","valueRequired":true,"valueName":"search_term_string"}}],"inLanguage":"fr-FR"},{"@type":"Organization","@id":"https:\/\/alders.p3group.de\/fr\/#organization","name":"ALDERS electronic GmbH","url":"https:\/\/alders.p3group.de\/fr\/","logo":{"@type":"ImageObject","inLanguage":"fr-FR","@id":"https:\/\/alders.p3group.de\/fr\/#\/schema\/logo\/image\/","url":"https:\/\/alders.p3group.de\/wp-content\/uploads\/2022\/07\/Alders-logo-Komplett.png","contentUrl":"https:\/\/alders.p3group.de\/wp-content\/uploads\/2022\/07\/Alders-logo-Komplett.png","width":1043,"height":253,"caption":"ALDERS electronic GmbH"},"image":{"@id":"https:\/\/alders.p3group.de\/fr\/#\/schema\/logo\/image\/"},"sameAs":["https:\/\/www.facebook.com\/Alders.electronic\/","https:\/\/de.linkedin.com\/company\/alders-electronic-gmbh","https:\/\/www.youtube.com\/channel\/UC-hR66wsAmKOdY03IokrlzA","https:\/\/www.instagram.com\/alders.electronic\/"]}]}},"_links":{"self":[{"href":"https:\/\/alders.p3group.de\/fr\/wp-json\/wp\/v2\/pages\/280912","targetHints":{"allow":["GET"]}}],"collection":[{"href":"https:\/\/alders.p3group.de\/fr\/wp-json\/wp\/v2\/pages"}],"about":[{"href":"https:\/\/alders.p3group.de\/fr\/wp-json\/wp\/v2\/types\/page"}],"author":[{"embeddable":true,"href":"https:\/\/alders.p3group.de\/fr\/wp-json\/wp\/v2\/users\/1"}],"replies":[{"embeddable":true,"href":"https:\/\/alders.p3group.de\/fr\/wp-json\/wp\/v2\/comments?post=280912"}],"version-history":[{"count":9,"href":"https:\/\/alders.p3group.de\/fr\/wp-json\/wp\/v2\/pages\/280912\/revisions"}],"predecessor-version":[{"id":290921,"href":"https:\/\/alders.p3group.de\/fr\/wp-json\/wp\/v2\/pages\/280912\/revisions\/290921"}],"wp:attachment":[{"href":"https:\/\/alders.p3group.de\/fr\/wp-json\/wp\/v2\/media?parent=280912"}],"curies":[{"name":"wp","href":"https:\/\/api.w.org\/{rel}","templated":true}]}}