{"id":280919,"date":"2021-02-17T21:19:43","date_gmt":"2021-02-17T20:19:43","guid":{"rendered":"https:\/\/dev2.alders.de\/unternehmen\/"},"modified":"2022-10-12T11:30:48","modified_gmt":"2022-10-12T09:30:48","slug":"entreprise","status":"publish","type":"page","link":"https:\/\/alders.p3group.de\/fr\/entreprise\/","title":{"rendered":"Entreprise"},"content":{"rendered":"<div class=\"wpb-content-wrapper\"><p>[vc_row full_width=\u00a0\u00bbstretch_row\u00a0\u00bb el_class=\u00a0\u00bbsection-grauverlauf\u00a0\u00bb][vc_column][vc_column_text]<\/p>\n<h1 style=\"text-align: center;\">ALDERS \u2014 Indicate. Control. Connect.<\/h1>\n<p>[\/vc_column_text][vc_row_inner][vc_column_inner][vc_column_text]La philosophie de l\u2019entreprise est d\u2019offrir un service et des conseils de premier ordre et de ne vendre que des produits de haute qualit\u00e9 provenant de fabricants certifi\u00e9s. Il est important pour nous de traiter \u00e9quitablement. Ensemble, nous d\u00e9terminons vos besoins sp\u00e9cifiques et les mettons en \u0153uvre dans un d\u00e9lai d\u00e9fini. La livraison just in time, que\u2019il s\u2019agisse de marchandises en stock ou de la disposition du fabricant, est une \u00e9vidence pour nous.[\/vc_column_text][\/vc_column_inner][\/vc_row_inner][\/vc_column][\/vc_row][vc_row][vc_column][vc_column_text]<\/p>\n<h2 id=\"tw-target-text\" class=\"tw-data-text tw-text-large tw-ta\" dir=\"ltr\" style=\"text-align: center;\" data-placeholder=\"\u00dcbersetzung\"><span class=\"Y2IQFc\" lang=\"fr\">Si\u00e8ge d&rsquo;ALDERS \u00e0 Kempen dans le Niederrhein<\/span><\/h2>\n<p>[\/vc_column_text][\/vc_column][vc_column width=\u00a0\u00bb2\/3&Prime; css=\u00a0\u00bb.vc_custom_1619694049461{margin-bottom: 30px !important;border-right-width: 15px !important;border-left-width: 15px !important;padding-top: 450px !important;background-image: url(https:\/\/alders.p3group.de\/wp-content\/uploads\/2023\/01\/SB-11A-00.pdf2021\/04\/alders-firmengebaeude-1.jpg?id=2828) !important;background-position: center !important;background-repeat: no-repeat !important;background-size: cover !important;border-left-color: #ffffff !important;border-left-style: solid !important;border-right-color: #ffffff !important;border-right-style: solid !important;}\u00a0\u00bb][\/vc_column][vc_column width=\u00a0\u00bb1\/3&Prime; css=\u00a0\u00bb.vc_custom_1625817983415{border-right-width: 15px !important;border-left-width: 15px !important;padding-top: 450px !important;background-image: url(https:\/\/alders.p3group.de\/wp-content\/uploads\/2023\/01\/SB-11A-00.pdf2021\/07\/IMG_4392-scaled.jpg?id=277975) !important;background-position: center !important;background-repeat: no-repeat !important;background-size: cover !important;border-left-color: #ffffff !important;border-left-style: solid !important;border-right-color: #ffffff !important;border-right-style: solid !important;}\u00a0\u00bb][\/vc_column][\/vc_row]<\/p>\n<\/div>","protected":false},"excerpt":{"rendered":"<p>[vc_row full_width=\u00a0\u00bbstretch_row\u00a0\u00bb el_class=\u00a0\u00bbsection-grauverlauf\u00a0\u00bb][vc_column][vc_column_text] ALDERS \u2014 Indicate. Control. Connect. [\/vc_column_text][vc_row_inner][vc_column_inner][vc_column_text]La philosophie de l\u2019entreprise est d\u2019offrir un service et des conseils de premier ordre et de ne vendre que des produits de haute qualit\u00e9 provenant de fabricants certifi\u00e9s. Il est important pour nous de traiter \u00e9quitablement. Ensemble, nous d\u00e9terminons vos besoins sp\u00e9cifiques et les mettons en \u0153uvre [&hellip;]<\/p>\n","protected":false},"author":1,"featured_media":0,"parent":0,"menu_order":34,"comment_status":"closed","ping_status":"closed","template":"","meta":{"_acf_changed":false,"inline_featured_image":false,"footnotes":""},"class_list":["post-280919","page","type-page","status-publish","hentry"],"acf":[],"yoast_head":"<!-- This site is optimized with the Yoast SEO plugin v26.6 - https:\/\/yoast.com\/wordpress\/plugins\/seo\/ -->\n<title>Composants \u00e9lectrom\u00e9caniques d&#039;ALDERS : notre entreprise<\/title>\n<meta name=\"description\" content=\"ALDERS ist Ihr Partner f\u00fcr den Vertrieb hochwertiger elektromechanischer Bauteile. Erfahren Sie jetzt mehr \u00fcber unser Unternehmen!\" \/>\n<meta name=\"robots\" content=\"noindex, follow, max-snippet:-1, max-image-preview:large, max-video-preview:-1\" \/>\n<meta property=\"og:locale\" content=\"fr_FR\" \/>\n<meta property=\"og:type\" content=\"article\" \/>\n<meta property=\"og:title\" content=\"Composants \u00e9lectrom\u00e9caniques d&#039;ALDERS : notre entreprise\" \/>\n<meta property=\"og:description\" content=\"ALDERS ist Ihr Partner f\u00fcr den Vertrieb hochwertiger elektromechanischer Bauteile. Erfahren Sie jetzt mehr \u00fcber unser Unternehmen!\" \/>\n<meta property=\"og:url\" content=\"https:\/\/alders.p3group.de\/fr\/entreprise\/\" \/>\n<meta property=\"og:site_name\" content=\"ALDERS electronic GmbH\" \/>\n<meta property=\"article:publisher\" content=\"https:\/\/www.facebook.com\/Alders.electronic\/\" \/>\n<meta property=\"article:modified_time\" content=\"2022-10-12T09:30:48+00:00\" \/>\n<meta property=\"og:image\" content=\"https:\/\/alders.p3group.de\/wp-content\/uploads\/2021\/02\/alders-electronic-gmbh_logo.png\" \/>\n\t<meta property=\"og:image:width\" content=\"270\" \/>\n\t<meta property=\"og:image:height\" content=\"66\" \/>\n\t<meta property=\"og:image:type\" content=\"image\/png\" \/>\n<meta name=\"twitter:card\" content=\"summary_large_image\" \/>\n<meta name=\"twitter:label1\" content=\"Dur\u00e9e de lecture estim\u00e9e\" \/>\n\t<meta name=\"twitter:data1\" content=\"1 minute\" \/>\n<script type=\"application\/ld+json\" class=\"yoast-schema-graph\">{\"@context\":\"https:\/\/schema.org\",\"@graph\":[{\"@type\":\"WebPage\",\"@id\":\"https:\/\/alders.p3group.de\/fr\/entreprise\/\",\"url\":\"https:\/\/alders.p3group.de\/fr\/entreprise\/\",\"name\":\"Composants \u00e9lectrom\u00e9caniques d'ALDERS : notre entreprise\",\"isPartOf\":{\"@id\":\"https:\/\/alders.p3group.de\/fr\/#website\"},\"datePublished\":\"2021-02-17T20:19:43+00:00\",\"dateModified\":\"2022-10-12T09:30:48+00:00\",\"description\":\"ALDERS ist Ihr Partner f\u00fcr den Vertrieb hochwertiger elektromechanischer Bauteile. Erfahren Sie jetzt mehr \u00fcber unser Unternehmen!\",\"breadcrumb\":{\"@id\":\"https:\/\/alders.p3group.de\/fr\/entreprise\/#breadcrumb\"},\"inLanguage\":\"fr-FR\",\"potentialAction\":[{\"@type\":\"ReadAction\",\"target\":[\"https:\/\/alders.p3group.de\/fr\/entreprise\/\"]}]},{\"@type\":\"BreadcrumbList\",\"@id\":\"https:\/\/alders.p3group.de\/fr\/entreprise\/#breadcrumb\",\"itemListElement\":[{\"@type\":\"ListItem\",\"position\":1,\"name\":\"ALDERS\",\"item\":\"https:\/\/alders.p3group.de\/fr\/\"},{\"@type\":\"ListItem\",\"position\":2,\"name\":\"Entreprise\"}]},{\"@type\":\"WebSite\",\"@id\":\"https:\/\/alders.p3group.de\/fr\/#website\",\"url\":\"https:\/\/alders.p3group.de\/fr\/\",\"name\":\"ALDERS electronic GmbH\",\"description\":\"Der Spezialist f\u00fcr elektromechanische L\u00f6sungen\",\"publisher\":{\"@id\":\"https:\/\/alders.p3group.de\/fr\/#organization\"},\"potentialAction\":[{\"@type\":\"SearchAction\",\"target\":{\"@type\":\"EntryPoint\",\"urlTemplate\":\"https:\/\/alders.p3group.de\/fr\/?s={search_term_string}\"},\"query-input\":{\"@type\":\"PropertyValueSpecification\",\"valueRequired\":true,\"valueName\":\"search_term_string\"}}],\"inLanguage\":\"fr-FR\"},{\"@type\":\"Organization\",\"@id\":\"https:\/\/alders.p3group.de\/fr\/#organization\",\"name\":\"ALDERS electronic GmbH\",\"url\":\"https:\/\/alders.p3group.de\/fr\/\",\"logo\":{\"@type\":\"ImageObject\",\"inLanguage\":\"fr-FR\",\"@id\":\"https:\/\/alders.p3group.de\/fr\/#\/schema\/logo\/image\/\",\"url\":\"https:\/\/alders.p3group.de\/wp-content\/uploads\/2022\/07\/Alders-logo-Komplett.png\",\"contentUrl\":\"https:\/\/alders.p3group.de\/wp-content\/uploads\/2022\/07\/Alders-logo-Komplett.png\",\"width\":1043,\"height\":253,\"caption\":\"ALDERS electronic GmbH\"},\"image\":{\"@id\":\"https:\/\/alders.p3group.de\/fr\/#\/schema\/logo\/image\/\"},\"sameAs\":[\"https:\/\/www.facebook.com\/Alders.electronic\/\",\"https:\/\/de.linkedin.com\/company\/alders-electronic-gmbh\",\"https:\/\/www.youtube.com\/channel\/UC-hR66wsAmKOdY03IokrlzA\",\"https:\/\/www.instagram.com\/alders.electronic\/\"]}]}<\/script>\n<!-- \/ Yoast SEO plugin. -->","yoast_head_json":{"title":"Composants \u00e9lectrom\u00e9caniques d'ALDERS : notre entreprise","description":"ALDERS ist Ihr Partner f\u00fcr den Vertrieb hochwertiger elektromechanischer Bauteile. Erfahren Sie jetzt mehr \u00fcber unser Unternehmen!","robots":{"index":"noindex","follow":"follow","max-snippet":"max-snippet:-1","max-image-preview":"max-image-preview:large","max-video-preview":"max-video-preview:-1"},"og_locale":"fr_FR","og_type":"article","og_title":"Composants \u00e9lectrom\u00e9caniques d'ALDERS : notre entreprise","og_description":"ALDERS ist Ihr Partner f\u00fcr den Vertrieb hochwertiger elektromechanischer Bauteile. Erfahren Sie jetzt mehr \u00fcber unser Unternehmen!","og_url":"https:\/\/alders.p3group.de\/fr\/entreprise\/","og_site_name":"ALDERS electronic GmbH","article_publisher":"https:\/\/www.facebook.com\/Alders.electronic\/","article_modified_time":"2022-10-12T09:30:48+00:00","og_image":[{"width":270,"height":66,"url":"https:\/\/alders.p3group.de\/wp-content\/uploads\/2021\/02\/alders-electronic-gmbh_logo.png","type":"image\/png"}],"twitter_card":"summary_large_image","twitter_misc":{"Dur\u00e9e de lecture estim\u00e9e":"1 minute"},"schema":{"@context":"https:\/\/schema.org","@graph":[{"@type":"WebPage","@id":"https:\/\/alders.p3group.de\/fr\/entreprise\/","url":"https:\/\/alders.p3group.de\/fr\/entreprise\/","name":"Composants \u00e9lectrom\u00e9caniques d'ALDERS : notre entreprise","isPartOf":{"@id":"https:\/\/alders.p3group.de\/fr\/#website"},"datePublished":"2021-02-17T20:19:43+00:00","dateModified":"2022-10-12T09:30:48+00:00","description":"ALDERS ist Ihr Partner f\u00fcr den Vertrieb hochwertiger elektromechanischer Bauteile. Erfahren Sie jetzt mehr \u00fcber unser Unternehmen!","breadcrumb":{"@id":"https:\/\/alders.p3group.de\/fr\/entreprise\/#breadcrumb"},"inLanguage":"fr-FR","potentialAction":[{"@type":"ReadAction","target":["https:\/\/alders.p3group.de\/fr\/entreprise\/"]}]},{"@type":"BreadcrumbList","@id":"https:\/\/alders.p3group.de\/fr\/entreprise\/#breadcrumb","itemListElement":[{"@type":"ListItem","position":1,"name":"ALDERS","item":"https:\/\/alders.p3group.de\/fr\/"},{"@type":"ListItem","position":2,"name":"Entreprise"}]},{"@type":"WebSite","@id":"https:\/\/alders.p3group.de\/fr\/#website","url":"https:\/\/alders.p3group.de\/fr\/","name":"ALDERS electronic GmbH","description":"Der Spezialist f\u00fcr elektromechanische L\u00f6sungen","publisher":{"@id":"https:\/\/alders.p3group.de\/fr\/#organization"},"potentialAction":[{"@type":"SearchAction","target":{"@type":"EntryPoint","urlTemplate":"https:\/\/alders.p3group.de\/fr\/?s={search_term_string}"},"query-input":{"@type":"PropertyValueSpecification","valueRequired":true,"valueName":"search_term_string"}}],"inLanguage":"fr-FR"},{"@type":"Organization","@id":"https:\/\/alders.p3group.de\/fr\/#organization","name":"ALDERS electronic GmbH","url":"https:\/\/alders.p3group.de\/fr\/","logo":{"@type":"ImageObject","inLanguage":"fr-FR","@id":"https:\/\/alders.p3group.de\/fr\/#\/schema\/logo\/image\/","url":"https:\/\/alders.p3group.de\/wp-content\/uploads\/2022\/07\/Alders-logo-Komplett.png","contentUrl":"https:\/\/alders.p3group.de\/wp-content\/uploads\/2022\/07\/Alders-logo-Komplett.png","width":1043,"height":253,"caption":"ALDERS electronic GmbH"},"image":{"@id":"https:\/\/alders.p3group.de\/fr\/#\/schema\/logo\/image\/"},"sameAs":["https:\/\/www.facebook.com\/Alders.electronic\/","https:\/\/de.linkedin.com\/company\/alders-electronic-gmbh","https:\/\/www.youtube.com\/channel\/UC-hR66wsAmKOdY03IokrlzA","https:\/\/www.instagram.com\/alders.electronic\/"]}]}},"_links":{"self":[{"href":"https:\/\/alders.p3group.de\/fr\/wp-json\/wp\/v2\/pages\/280919","targetHints":{"allow":["GET"]}}],"collection":[{"href":"https:\/\/alders.p3group.de\/fr\/wp-json\/wp\/v2\/pages"}],"about":[{"href":"https:\/\/alders.p3group.de\/fr\/wp-json\/wp\/v2\/types\/page"}],"author":[{"embeddable":true,"href":"https:\/\/alders.p3group.de\/fr\/wp-json\/wp\/v2\/users\/1"}],"replies":[{"embeddable":true,"href":"https:\/\/alders.p3group.de\/fr\/wp-json\/wp\/v2\/comments?post=280919"}],"version-history":[{"count":5,"href":"https:\/\/alders.p3group.de\/fr\/wp-json\/wp\/v2\/pages\/280919\/revisions"}],"predecessor-version":[{"id":284673,"href":"https:\/\/alders.p3group.de\/fr\/wp-json\/wp\/v2\/pages\/280919\/revisions\/284673"}],"wp:attachment":[{"href":"https:\/\/alders.p3group.de\/fr\/wp-json\/wp\/v2\/media?parent=280919"}],"curies":[{"name":"wp","href":"https:\/\/api.w.org\/{rel}","templated":true}]}}