{"id":280938,"date":"2021-02-17T21:24:20","date_gmt":"2021-02-17T20:24:20","guid":{"rendered":"https:\/\/dev2.alders.de\/produkte\/"},"modified":"2022-03-18T11:07:57","modified_gmt":"2022-03-18T10:07:57","slug":"produits","status":"publish","type":"page","link":"https:\/\/alders.p3group.de\/fr\/produits\/","title":{"rendered":"Produits"},"content":{"rendered":"<div class=\"wpb-content-wrapper\"><p>[vc_row full_width=\u00a0\u00bbstretch_row\u00a0\u00bb el_class=\u00a0\u00bbsection-grauverlauf\u00a0\u00bb][vc_column][vc_column_text]<\/p>\n<h1 style=\"text-align: center;\">Nos produits: Interrupteurs, boutons-poussoirs et bien plus encore<\/h1>\n<p>[\/vc_column_text][vc_row_inner][vc_column_inner width=\u00a0\u00bb1\/2&Prime;][vc_column_text]Notre portefeuille de vente comprend entre autres des interrupteurs, des boutons, des joysticks ainsi que des poign\u00e9es de commande et des leviers lat\u00e9raux, des accessoires d\u2019\u00e9tanch\u00e9it\u00e9s comme les capuchons, les vis et \u00e9crous, des compteurs horaires et indicateurs, ainsi que des capteurs.<\/p>\n<p>Les industries dans lesquelles nous op\u00e9rons sont aussi diverses que nos produits. Nous servons des clients dans les secteurs de l\u2019a\u00e9rospatiale, de la construction et de la machinerie agricole, de la d\u00e9fense, de l\u2019automobile, de la marine, de la m\u00e9decine, de l\u2019industrie, de la radiodiffusion, des m\u00e9dias, de l\u2019\u00e9nergie et bien d\u2019autres.[\/vc_column_text][\/vc_column_inner][vc_column_inner width=\u00a0\u00bb1\/2&Prime;][vc_column_text]Vous avez des questions sur nos produits? Nous serons heureux de vous envoyer des informations sur notre portefeuille \u2013 n\u2019h\u00e9sitez pas \u00e0 nous contacter ou \u00e0 nous envoyer un e-mail.[\/vc_column_text][\/vc_column_inner][\/vc_row_inner][\/vc_column][\/vc_row][vc_row css=\u00a0\u00bb.vc_custom_1618487035088{padding-top: 0px !important;padding-bottom: 0px !important;}\u00a0\u00bb][vc_column][alders_block id=\u00a0\u00bb2182&Prime;][\/vc_column][\/vc_row][vc_row][vc_column][vc_column_text]<\/p>\n<h2 style=\"text-align: center;\">Joysticks, interrupteurs, poign\u00e9es de commande, boutons-poussoirs:<br \/>\nProfitez de notre exp\u00e9rience<\/h2>\n<p>Nous travaillons dans des domaines de haute technologie o\u00f9 la fiabilit\u00e9 et la pr\u00e9cision sont d\u2019une importance capitale. Nos produits sont utilis\u00e9s dans l\u2019industrie a\u00e9rospatiale, sont des composants importants de la technique m\u00e9dicale et sont utilis\u00e9s, entre autres, dans la construction et la technologie des machines agricoles. Ils doivent donc r\u00e9sister \u00e0 des charges sp\u00e9cifiques \u00e0 l\u2019application particuli\u00e8rement \u00e9lev\u00e9es pour pouvoir fonctionner en permanence. Lorsque vous choisissez les produits ALDERS, vous \u00eates toujours du bon c\u00f4t\u00e9.<\/p>\n<p>Nous valorisons des valeurs telles que la confiance, la fiabilit\u00e9 et l\u2019honn\u00eatet\u00e9 et cultivons nos relations commerciales selon cette maxime. Dans le m\u00eame temps, notre secteur d\u2019activit\u00e9 est en constante \u00e9volution gr\u00e2ce aux technologies que nous \u00e9quipons. Profitez vous aussi de nos solutions.<\/p>\n<h2 style=\"text-align: center;\">Nous vous souhaitons la bienvenue chez nous<\/h2>\n<p>Rejoignez notre r\u00e9seau et profitez des produits de notre partenaire commercial OTTO Controls. Ce sp\u00e9cialiste vous fournira des composants de haute qualit\u00e9: Il s\u2019agit notamment d\u2019interrupteurs et de boutons, de manettes ainsi que de poign\u00e9es de commande et de leviers lat\u00e9raux.<\/p>\n<p>Chez ALDERS, c\u2019est la passion d\u2019une technologie exceptionnelle et d\u2019un service complet qui nous anime.[\/vc_column_text][\/vc_column][\/vc_row][vc_row css=\u00a0\u00bb.vc_custom_1618487035088{padding-top: 0px !important;padding-bottom: 0px !important;}\u00a0\u00bb][vc_column][alders_block id=\u00a0\u00bb2193&Prime;][\/vc_column][\/vc_row]<\/p>\n<\/div>","protected":false},"excerpt":{"rendered":"<p>[vc_row full_width=\u00a0\u00bbstretch_row\u00a0\u00bb el_class=\u00a0\u00bbsection-grauverlauf\u00a0\u00bb][vc_column][vc_column_text] Nos produits: Interrupteurs, boutons-poussoirs et bien plus encore [\/vc_column_text][vc_row_inner][vc_column_inner width=\u00a0\u00bb1\/2&Prime;][vc_column_text]Notre portefeuille de vente comprend entre autres des interrupteurs, des boutons, des joysticks ainsi que des poign\u00e9es de commande et des leviers lat\u00e9raux, des accessoires d\u2019\u00e9tanch\u00e9it\u00e9s comme les capuchons, les vis et \u00e9crous, des compteurs horaires et indicateurs, ainsi que des capteurs. Les [&hellip;]<\/p>\n","protected":false},"author":1,"featured_media":0,"parent":0,"menu_order":98,"comment_status":"closed","ping_status":"closed","template":"","meta":{"_acf_changed":false,"inline_featured_image":false,"footnotes":""},"class_list":["post-280938","page","type-page","status-publish","hentry"],"acf":[],"yoast_head":"<!-- This site is optimized with the Yoast SEO plugin v26.6 - https:\/\/yoast.com\/wordpress\/plugins\/seo\/ -->\n<title>Produits - ALDERS electronic GmbH<\/title>\n<meta name=\"description\" content=\"Du potentiom\u00e8tre au joystick et des poign\u00e9es de commande au bouton et \u00e0 l&#039;interrupteur : ALDERS est votre partenaire fiable pour les composants \u00e9lectrom\u00e9caniques.\" \/>\n<meta name=\"robots\" content=\"noindex, follow, max-snippet:-1, max-image-preview:large, max-video-preview:-1\" \/>\n<meta property=\"og:locale\" content=\"fr_FR\" \/>\n<meta property=\"og:type\" content=\"article\" \/>\n<meta property=\"og:title\" content=\"Produits - ALDERS electronic GmbH\" \/>\n<meta property=\"og:description\" content=\"Du potentiom\u00e8tre au joystick et des poign\u00e9es de commande au bouton et \u00e0 l&#039;interrupteur : ALDERS est votre partenaire fiable pour les composants \u00e9lectrom\u00e9caniques.\" \/>\n<meta property=\"og:url\" content=\"https:\/\/alders.p3group.de\/fr\/produits\/\" \/>\n<meta property=\"og:site_name\" content=\"ALDERS electronic GmbH\" \/>\n<meta property=\"article:publisher\" content=\"https:\/\/www.facebook.com\/Alders.electronic\/\" \/>\n<meta property=\"article:modified_time\" content=\"2022-03-18T10:07:57+00:00\" \/>\n<meta property=\"og:image\" content=\"https:\/\/alders.p3group.de\/wp-content\/uploads\/2021\/02\/alders-electronic-gmbh_logo.png\" \/>\n\t<meta property=\"og:image:width\" content=\"270\" \/>\n\t<meta property=\"og:image:height\" content=\"66\" \/>\n\t<meta property=\"og:image:type\" content=\"image\/png\" \/>\n<meta name=\"twitter:card\" content=\"summary_large_image\" \/>\n<meta name=\"twitter:label1\" content=\"Dur\u00e9e de lecture estim\u00e9e\" \/>\n\t<meta name=\"twitter:data1\" content=\"2 minutes\" \/>\n<script type=\"application\/ld+json\" class=\"yoast-schema-graph\">{\"@context\":\"https:\/\/schema.org\",\"@graph\":[{\"@type\":\"WebPage\",\"@id\":\"https:\/\/alders.p3group.de\/fr\/produits\/\",\"url\":\"https:\/\/alders.p3group.de\/fr\/produits\/\",\"name\":\"Produits - ALDERS electronic GmbH\",\"isPartOf\":{\"@id\":\"https:\/\/alders.p3group.de\/fr\/#website\"},\"datePublished\":\"2021-02-17T20:24:20+00:00\",\"dateModified\":\"2022-03-18T10:07:57+00:00\",\"description\":\"Du potentiom\u00e8tre au joystick et des poign\u00e9es de commande au bouton et \u00e0 l'interrupteur : ALDERS est votre partenaire fiable pour les composants \u00e9lectrom\u00e9caniques.\",\"breadcrumb\":{\"@id\":\"https:\/\/alders.p3group.de\/fr\/produits\/#breadcrumb\"},\"inLanguage\":\"fr-FR\",\"potentialAction\":[{\"@type\":\"ReadAction\",\"target\":[\"https:\/\/alders.p3group.de\/fr\/produits\/\"]}]},{\"@type\":\"BreadcrumbList\",\"@id\":\"https:\/\/alders.p3group.de\/fr\/produits\/#breadcrumb\",\"itemListElement\":[{\"@type\":\"ListItem\",\"position\":1,\"name\":\"ALDERS\",\"item\":\"https:\/\/alders.p3group.de\/fr\/\"},{\"@type\":\"ListItem\",\"position\":2,\"name\":\"Produits\"}]},{\"@type\":\"WebSite\",\"@id\":\"https:\/\/alders.p3group.de\/fr\/#website\",\"url\":\"https:\/\/alders.p3group.de\/fr\/\",\"name\":\"ALDERS electronic GmbH\",\"description\":\"Der Spezialist f\u00fcr elektromechanische L\u00f6sungen\",\"publisher\":{\"@id\":\"https:\/\/alders.p3group.de\/fr\/#organization\"},\"potentialAction\":[{\"@type\":\"SearchAction\",\"target\":{\"@type\":\"EntryPoint\",\"urlTemplate\":\"https:\/\/alders.p3group.de\/fr\/?s={search_term_string}\"},\"query-input\":{\"@type\":\"PropertyValueSpecification\",\"valueRequired\":true,\"valueName\":\"search_term_string\"}}],\"inLanguage\":\"fr-FR\"},{\"@type\":\"Organization\",\"@id\":\"https:\/\/alders.p3group.de\/fr\/#organization\",\"name\":\"ALDERS electronic GmbH\",\"url\":\"https:\/\/alders.p3group.de\/fr\/\",\"logo\":{\"@type\":\"ImageObject\",\"inLanguage\":\"fr-FR\",\"@id\":\"https:\/\/alders.p3group.de\/fr\/#\/schema\/logo\/image\/\",\"url\":\"https:\/\/alders.p3group.de\/wp-content\/uploads\/2022\/07\/Alders-logo-Komplett.png\",\"contentUrl\":\"https:\/\/alders.p3group.de\/wp-content\/uploads\/2022\/07\/Alders-logo-Komplett.png\",\"width\":1043,\"height\":253,\"caption\":\"ALDERS electronic GmbH\"},\"image\":{\"@id\":\"https:\/\/alders.p3group.de\/fr\/#\/schema\/logo\/image\/\"},\"sameAs\":[\"https:\/\/www.facebook.com\/Alders.electronic\/\",\"https:\/\/de.linkedin.com\/company\/alders-electronic-gmbh\",\"https:\/\/www.youtube.com\/channel\/UC-hR66wsAmKOdY03IokrlzA\",\"https:\/\/www.instagram.com\/alders.electronic\/\"]}]}<\/script>\n<!-- \/ Yoast SEO plugin. -->","yoast_head_json":{"title":"Produits - ALDERS electronic GmbH","description":"Du potentiom\u00e8tre au joystick et des poign\u00e9es de commande au bouton et \u00e0 l'interrupteur : ALDERS est votre partenaire fiable pour les composants \u00e9lectrom\u00e9caniques.","robots":{"index":"noindex","follow":"follow","max-snippet":"max-snippet:-1","max-image-preview":"max-image-preview:large","max-video-preview":"max-video-preview:-1"},"og_locale":"fr_FR","og_type":"article","og_title":"Produits - ALDERS electronic GmbH","og_description":"Du potentiom\u00e8tre au joystick et des poign\u00e9es de commande au bouton et \u00e0 l'interrupteur : ALDERS est votre partenaire fiable pour les composants \u00e9lectrom\u00e9caniques.","og_url":"https:\/\/alders.p3group.de\/fr\/produits\/","og_site_name":"ALDERS electronic GmbH","article_publisher":"https:\/\/www.facebook.com\/Alders.electronic\/","article_modified_time":"2022-03-18T10:07:57+00:00","og_image":[{"width":270,"height":66,"url":"https:\/\/alders.p3group.de\/wp-content\/uploads\/2021\/02\/alders-electronic-gmbh_logo.png","type":"image\/png"}],"twitter_card":"summary_large_image","twitter_misc":{"Dur\u00e9e de lecture estim\u00e9e":"2 minutes"},"schema":{"@context":"https:\/\/schema.org","@graph":[{"@type":"WebPage","@id":"https:\/\/alders.p3group.de\/fr\/produits\/","url":"https:\/\/alders.p3group.de\/fr\/produits\/","name":"Produits - ALDERS electronic GmbH","isPartOf":{"@id":"https:\/\/alders.p3group.de\/fr\/#website"},"datePublished":"2021-02-17T20:24:20+00:00","dateModified":"2022-03-18T10:07:57+00:00","description":"Du potentiom\u00e8tre au joystick et des poign\u00e9es de commande au bouton et \u00e0 l'interrupteur : ALDERS est votre partenaire fiable pour les composants \u00e9lectrom\u00e9caniques.","breadcrumb":{"@id":"https:\/\/alders.p3group.de\/fr\/produits\/#breadcrumb"},"inLanguage":"fr-FR","potentialAction":[{"@type":"ReadAction","target":["https:\/\/alders.p3group.de\/fr\/produits\/"]}]},{"@type":"BreadcrumbList","@id":"https:\/\/alders.p3group.de\/fr\/produits\/#breadcrumb","itemListElement":[{"@type":"ListItem","position":1,"name":"ALDERS","item":"https:\/\/alders.p3group.de\/fr\/"},{"@type":"ListItem","position":2,"name":"Produits"}]},{"@type":"WebSite","@id":"https:\/\/alders.p3group.de\/fr\/#website","url":"https:\/\/alders.p3group.de\/fr\/","name":"ALDERS electronic GmbH","description":"Der Spezialist f\u00fcr elektromechanische L\u00f6sungen","publisher":{"@id":"https:\/\/alders.p3group.de\/fr\/#organization"},"potentialAction":[{"@type":"SearchAction","target":{"@type":"EntryPoint","urlTemplate":"https:\/\/alders.p3group.de\/fr\/?s={search_term_string}"},"query-input":{"@type":"PropertyValueSpecification","valueRequired":true,"valueName":"search_term_string"}}],"inLanguage":"fr-FR"},{"@type":"Organization","@id":"https:\/\/alders.p3group.de\/fr\/#organization","name":"ALDERS electronic GmbH","url":"https:\/\/alders.p3group.de\/fr\/","logo":{"@type":"ImageObject","inLanguage":"fr-FR","@id":"https:\/\/alders.p3group.de\/fr\/#\/schema\/logo\/image\/","url":"https:\/\/alders.p3group.de\/wp-content\/uploads\/2022\/07\/Alders-logo-Komplett.png","contentUrl":"https:\/\/alders.p3group.de\/wp-content\/uploads\/2022\/07\/Alders-logo-Komplett.png","width":1043,"height":253,"caption":"ALDERS electronic GmbH"},"image":{"@id":"https:\/\/alders.p3group.de\/fr\/#\/schema\/logo\/image\/"},"sameAs":["https:\/\/www.facebook.com\/Alders.electronic\/","https:\/\/de.linkedin.com\/company\/alders-electronic-gmbh","https:\/\/www.youtube.com\/channel\/UC-hR66wsAmKOdY03IokrlzA","https:\/\/www.instagram.com\/alders.electronic\/"]}]}},"_links":{"self":[{"href":"https:\/\/alders.p3group.de\/fr\/wp-json\/wp\/v2\/pages\/280938","targetHints":{"allow":["GET"]}}],"collection":[{"href":"https:\/\/alders.p3group.de\/fr\/wp-json\/wp\/v2\/pages"}],"about":[{"href":"https:\/\/alders.p3group.de\/fr\/wp-json\/wp\/v2\/types\/page"}],"author":[{"embeddable":true,"href":"https:\/\/alders.p3group.de\/fr\/wp-json\/wp\/v2\/users\/1"}],"replies":[{"embeddable":true,"href":"https:\/\/alders.p3group.de\/fr\/wp-json\/wp\/v2\/comments?post=280938"}],"version-history":[{"count":4,"href":"https:\/\/alders.p3group.de\/fr\/wp-json\/wp\/v2\/pages\/280938\/revisions"}],"predecessor-version":[{"id":283706,"href":"https:\/\/alders.p3group.de\/fr\/wp-json\/wp\/v2\/pages\/280938\/revisions\/283706"}],"wp:attachment":[{"href":"https:\/\/alders.p3group.de\/fr\/wp-json\/wp\/v2\/media?parent=280938"}],"curies":[{"name":"wp","href":"https:\/\/api.w.org\/{rel}","templated":true}]}}