{"id":280941,"date":"2021-02-18T12:42:29","date_gmt":"2021-02-18T11:42:29","guid":{"rendered":"https:\/\/dev2.alders.de\/marken\/"},"modified":"2024-02-14T10:46:50","modified_gmt":"2024-02-14T09:46:50","slug":"marques","status":"publish","type":"page","link":"https:\/\/alders.p3group.de\/fr\/marques\/","title":{"rendered":"Marques"},"content":{"rendered":"<div class=\"wpb-content-wrapper\"><p>[vc_row full_width=\u00a0\u00bbstretch_row\u00a0\u00bb el_class=\u00a0\u00bbsection-grauverlauf\u00a0\u00bb][vc_column][vc_column_text]<\/p>\n<h1 style=\"text-align: center;\">Nos partenaires<\/h1>\n<p>[\/vc_column_text][vc_row_inner][vc_column_inner][vc_column_text]Le grand nombre de partenaires qualifi\u00e9s et exp\u00e9riment\u00e9s nous offre une large gamme de produits\u00a0: commutateurs, joysticks, potentiom\u00e8tres rotatifs, capuchons, vis et \u00e9crous d\u2019\u00e9tanch\u00e9it\u00e9 et compteurs horaires. Chacun est sp\u00e9cialis\u00e9 dans son domaine et assure s\u00e9curit\u00e9 et garantie \u00e0 long terme. La liste suivante d\u00e9taille nos fabricants et leur production.[\/vc_column_text][\/vc_column_inner][\/vc_row_inner][\/vc_column][\/vc_row][vc_row full_width=\u00a0\u00bbstretch_row\u00a0\u00bb el_class=\u00a0\u00bbsection-grauverlauf\u00a0\u00bb][vc_column][vc_column_text]<\/p>\n<h2 style=\"text-align: center;\">Partenaires<\/h2>\n<p>[\/vc_column_text][vc_row_inner equal_height=\u00a0\u00bbyes\u00a0\u00bb el_class=\u00a0\u00bbkacheln\u00a0\u00bb][vc_column_inner width=\u00a0\u00bb1\/3&Prime;][vc_column_text]<\/p>\n<h3 style=\"text-align: center;\"><a class=\"stretched-link\" href=\"https:\/\/alders.p3group.de\/fr\/marques\/otto-controls\/\">OTTO Controls<\/a><\/h3>\n<p>[\/vc_column_text][vc_single_image image=\u00a0\u00bb288812&Prime; img_size=\u00a0\u00bbfull\u00a0\u00bb alignment=\u00a0\u00bbcenter\u00a0\u00bb][vc_column_text]<\/p>\n<p style=\"text-align: center;\">OTTO Controls est responsable du d\u00e9veloppement et de la production de commutateurs et de commandes de haute qualit\u00e9 pour les applications les plus exigeantes.<\/p>\n<p>[\/vc_column_text][\/vc_column_inner][vc_column_inner width=\u00a0\u00bb1\/3&Prime;][vc_column_text]<\/p>\n<h3 style=\"text-align: center;\"><a class=\"stretched-link\" href=\"https:\/\/alders.p3group.de\/fr\/marques\/nkk-switches\/\">NKK Switches<\/a><\/h3>\n<p>[\/vc_column_text][vc_single_image image=\u00a0\u00bb281371&Prime; img_size=\u00a0\u00bbfull\u00a0\u00bb alignment=\u00a0\u00bbcenter\u00a0\u00bb][vc_column_text]<\/p>\n<p style=\"text-align: center;\">NKK Switches est l\u2019une des entreprises leaders dans le d\u00e9veloppement de produits de commutation innovants, avec des solutions dans les secteurs de l\u2019audio, de la diffusion et des transports, ainsi que dans l\u2019industrie, la m\u00e9decine et l\u2019\u00e9nergie.<\/p>\n<p>[\/vc_column_text][\/vc_column_inner][vc_column_inner width=\u00a0\u00bb1\/3&Prime;][vc_column_text]<\/p>\n<h3 style=\"text-align: center;\"><a class=\"stretched-link\" href=\"https:\/\/alders.p3group.de\/fr\/marques\/apm-hexseal\/\">APM Hexseal<\/a><\/h3>\n<p>[\/vc_column_text][vc_single_image image=\u00a0\u00bb281370&Prime; img_size=\u00a0\u00bbfull\u00a0\u00bb alignment=\u00a0\u00bbcenter\u00a0\u00bb][vc_column_text]<\/p>\n<p style=\"text-align: center;\">L&rsquo;un de nos partenaires les plus importants: les joints APM HEXSEAL sont fabriqu\u00e9s selon les normes officielles et offrent un degr\u00e9 de protection \u00e9lev\u00e9.<\/p>\n<p>[\/vc_column_text][\/vc_column_inner][vc_column_inner width=\u00a0\u00bb1\/3&Prime;][vc_column_text]<\/p>\n<h3 style=\"text-align: center;\">Cambion<\/h3>\n<p>[\/vc_column_text][vc_single_image image=\u00a0\u00bb284821&Prime; img_size=\u00a0\u00bbfull\u00a0\u00bb alignment=\u00a0\u00bbcenter\u00a0\u00bb][vc_column_text]<\/p>\n<p id=\"tw-target-text\" class=\"tw-data-text tw-text-large tw-ta\" dir=\"ltr\" style=\"text-align: center;\" data-placeholder=\"\u00dcbersetzung\"><span class=\"Y2IQFc\" lang=\"fr\">Cambion est un partenaire \u00e9tabli de composants haute performance, \u00e9lectrom\u00e9caniques et inductifs qui r\u00e9pondent aux exigences des march\u00e9s militaires et commerciaux ainsi que de l&rsquo;industrie a\u00e9rospatiale.<\/span><\/p>\n<p>[\/vc_column_text][\/vc_column_inner][vc_column_inner width=\u00a0\u00bb1\/3&Prime;][vc_column_text]<\/p>\n<h3 style=\"text-align: center;\"><a href=\"https:\/\/alders.p3group.de\/fr\/produits\/compteurs-indicateurs-et-leds\/compteurs-horaires\/\">L3 Harris Technologies Inc.<\/a><\/h3>\n<p>[\/vc_column_text][vc_single_image image=\u00a0\u00bb280944&Prime; img_size=\u00a0\u00bbfull\u00a0\u00bb alignment=\u00a0\u00bbcenter\u00a0\u00bb][vc_column_text]<\/p>\n<p id=\"tw-target-text\" class=\"tw-data-text tw-text-large tw-ta\" dir=\"ltr\" style=\"text-align: center;\" data-placeholder=\"\u00dcbersetzung\">L3 Harris Technologies produit, entre autres, des compteurs horaires et d&rsquo;\u00e9v\u00e9nements ainsi que des indicateurs optiques et m\u00e9caniques pour les industries a\u00e9rospatiale et militaire.<\/p>\n<p>[\/vc_column_text][\/vc_column_inner][vc_column_inner width=\u00a0\u00bb1\/3&Prime;][vc_column_text]<\/p>\n<h3 style=\"text-align: center;\"><a class=\"stretched-link\" href=\"https:\/\/alders.p3group.de\/fr\/marques\/fes-sensor-technology\/\">FES Sensor Technology<\/a><\/h3>\n<p>[\/vc_column_text][vc_single_image image=\u00a0\u00bb281369&Prime; img_size=\u00a0\u00bbfull\u00a0\u00bb alignment=\u00a0\u00bbcenter\u00a0\u00bb][vc_column_text]<\/p>\n<p style=\"text-align: center;\">FES Sensor Technology est l\u2019expert de la technologie des capteurs d\u2019hydrog\u00e8ne en raison de son exp\u00e9rience de longue date.<\/p>\n<p>[\/vc_column_text][\/vc_column_inner][\/vc_row_inner][\/vc_column][\/vc_row]<\/p>\n<\/div>","protected":false},"excerpt":{"rendered":"<p>[vc_row full_width=\u00a0\u00bbstretch_row\u00a0\u00bb el_class=\u00a0\u00bbsection-grauverlauf\u00a0\u00bb][vc_column][vc_column_text] Nos partenaires [\/vc_column_text][vc_row_inner][vc_column_inner][vc_column_text]Le grand nombre de partenaires qualifi\u00e9s et exp\u00e9riment\u00e9s nous offre une large gamme de produits\u00a0: commutateurs, joysticks, potentiom\u00e8tres rotatifs, capuchons, vis et \u00e9crous d\u2019\u00e9tanch\u00e9it\u00e9 et compteurs horaires. Chacun est sp\u00e9cialis\u00e9 dans son domaine et assure s\u00e9curit\u00e9 et garantie \u00e0 long terme. La liste suivante d\u00e9taille nos fabricants et leur production.[\/vc_column_text][\/vc_column_inner][\/vc_row_inner][\/vc_column][\/vc_row][vc_row [&hellip;]<\/p>\n","protected":false},"author":1,"featured_media":0,"parent":0,"menu_order":72,"comment_status":"closed","ping_status":"closed","template":"","meta":{"_acf_changed":false,"inline_featured_image":false,"footnotes":""},"class_list":["post-280941","page","type-page","status-publish","hentry"],"acf":[],"yoast_head":"<!-- This site is optimized with the Yoast SEO plugin v26.6 - https:\/\/yoast.com\/wordpress\/plugins\/seo\/ -->\n<title>Les partenaires fiables du r\u00e9seau ALDERS<\/title>\n<meta name=\"description\" content=\"ALDERS travaille avec des partenaires commerciaux fiables. Vous pouvez toujours compter sur les produits de haute qualit\u00e9 que nous vous fournissons.\" \/>\n<meta name=\"robots\" content=\"noindex, follow, max-snippet:-1, max-image-preview:large, max-video-preview:-1\" \/>\n<meta property=\"og:locale\" content=\"fr_FR\" \/>\n<meta property=\"og:type\" content=\"article\" \/>\n<meta property=\"og:title\" content=\"Les partenaires fiables du r\u00e9seau ALDERS\" \/>\n<meta property=\"og:description\" content=\"ALDERS travaille avec des partenaires commerciaux fiables. Vous pouvez toujours compter sur les produits de haute qualit\u00e9 que nous vous fournissons.\" \/>\n<meta property=\"og:url\" content=\"https:\/\/alders.p3group.de\/fr\/marques\/\" \/>\n<meta property=\"og:site_name\" content=\"ALDERS electronic GmbH\" \/>\n<meta property=\"article:publisher\" content=\"https:\/\/www.facebook.com\/Alders.electronic\/\" \/>\n<meta property=\"article:modified_time\" content=\"2024-02-14T09:46:50+00:00\" \/>\n<meta property=\"og:image\" content=\"https:\/\/alders.p3group.de\/wp-content\/uploads\/2021\/02\/alders-electronic-gmbh_logo.png\" \/>\n\t<meta property=\"og:image:width\" content=\"270\" \/>\n\t<meta property=\"og:image:height\" content=\"66\" \/>\n\t<meta property=\"og:image:type\" content=\"image\/png\" \/>\n<meta name=\"twitter:card\" content=\"summary_large_image\" \/>\n<meta name=\"twitter:label1\" content=\"Dur\u00e9e de lecture estim\u00e9e\" \/>\n\t<meta name=\"twitter:data1\" content=\"2 minutes\" \/>\n<script type=\"application\/ld+json\" class=\"yoast-schema-graph\">{\"@context\":\"https:\/\/schema.org\",\"@graph\":[{\"@type\":\"WebPage\",\"@id\":\"https:\/\/alders.p3group.de\/fr\/marques\/\",\"url\":\"https:\/\/alders.p3group.de\/fr\/marques\/\",\"name\":\"Les partenaires fiables du r\u00e9seau ALDERS\",\"isPartOf\":{\"@id\":\"https:\/\/alders.p3group.de\/fr\/#website\"},\"datePublished\":\"2021-02-18T11:42:29+00:00\",\"dateModified\":\"2024-02-14T09:46:50+00:00\",\"description\":\"ALDERS travaille avec des partenaires commerciaux fiables. Vous pouvez toujours compter sur les produits de haute qualit\u00e9 que nous vous fournissons.\",\"breadcrumb\":{\"@id\":\"https:\/\/alders.p3group.de\/fr\/marques\/#breadcrumb\"},\"inLanguage\":\"fr-FR\",\"potentialAction\":[{\"@type\":\"ReadAction\",\"target\":[\"https:\/\/alders.p3group.de\/fr\/marques\/\"]}]},{\"@type\":\"BreadcrumbList\",\"@id\":\"https:\/\/alders.p3group.de\/fr\/marques\/#breadcrumb\",\"itemListElement\":[{\"@type\":\"ListItem\",\"position\":1,\"name\":\"ALDERS\",\"item\":\"https:\/\/alders.p3group.de\/fr\/\"},{\"@type\":\"ListItem\",\"position\":2,\"name\":\"Marques\"}]},{\"@type\":\"WebSite\",\"@id\":\"https:\/\/alders.p3group.de\/fr\/#website\",\"url\":\"https:\/\/alders.p3group.de\/fr\/\",\"name\":\"ALDERS electronic GmbH\",\"description\":\"Der Spezialist f\u00fcr elektromechanische L\u00f6sungen\",\"publisher\":{\"@id\":\"https:\/\/alders.p3group.de\/fr\/#organization\"},\"potentialAction\":[{\"@type\":\"SearchAction\",\"target\":{\"@type\":\"EntryPoint\",\"urlTemplate\":\"https:\/\/alders.p3group.de\/fr\/?s={search_term_string}\"},\"query-input\":{\"@type\":\"PropertyValueSpecification\",\"valueRequired\":true,\"valueName\":\"search_term_string\"}}],\"inLanguage\":\"fr-FR\"},{\"@type\":\"Organization\",\"@id\":\"https:\/\/alders.p3group.de\/fr\/#organization\",\"name\":\"ALDERS electronic GmbH\",\"url\":\"https:\/\/alders.p3group.de\/fr\/\",\"logo\":{\"@type\":\"ImageObject\",\"inLanguage\":\"fr-FR\",\"@id\":\"https:\/\/alders.p3group.de\/fr\/#\/schema\/logo\/image\/\",\"url\":\"https:\/\/alders.p3group.de\/wp-content\/uploads\/2022\/07\/Alders-logo-Komplett.png\",\"contentUrl\":\"https:\/\/alders.p3group.de\/wp-content\/uploads\/2022\/07\/Alders-logo-Komplett.png\",\"width\":1043,\"height\":253,\"caption\":\"ALDERS electronic GmbH\"},\"image\":{\"@id\":\"https:\/\/alders.p3group.de\/fr\/#\/schema\/logo\/image\/\"},\"sameAs\":[\"https:\/\/www.facebook.com\/Alders.electronic\/\",\"https:\/\/de.linkedin.com\/company\/alders-electronic-gmbh\",\"https:\/\/www.youtube.com\/channel\/UC-hR66wsAmKOdY03IokrlzA\",\"https:\/\/www.instagram.com\/alders.electronic\/\"]}]}<\/script>\n<!-- \/ Yoast SEO plugin. -->","yoast_head_json":{"title":"Les partenaires fiables du r\u00e9seau ALDERS","description":"ALDERS travaille avec des partenaires commerciaux fiables. Vous pouvez toujours compter sur les produits de haute qualit\u00e9 que nous vous fournissons.","robots":{"index":"noindex","follow":"follow","max-snippet":"max-snippet:-1","max-image-preview":"max-image-preview:large","max-video-preview":"max-video-preview:-1"},"og_locale":"fr_FR","og_type":"article","og_title":"Les partenaires fiables du r\u00e9seau ALDERS","og_description":"ALDERS travaille avec des partenaires commerciaux fiables. Vous pouvez toujours compter sur les produits de haute qualit\u00e9 que nous vous fournissons.","og_url":"https:\/\/alders.p3group.de\/fr\/marques\/","og_site_name":"ALDERS electronic GmbH","article_publisher":"https:\/\/www.facebook.com\/Alders.electronic\/","article_modified_time":"2024-02-14T09:46:50+00:00","og_image":[{"width":270,"height":66,"url":"https:\/\/alders.p3group.de\/wp-content\/uploads\/2021\/02\/alders-electronic-gmbh_logo.png","type":"image\/png"}],"twitter_card":"summary_large_image","twitter_misc":{"Dur\u00e9e de lecture estim\u00e9e":"2 minutes"},"schema":{"@context":"https:\/\/schema.org","@graph":[{"@type":"WebPage","@id":"https:\/\/alders.p3group.de\/fr\/marques\/","url":"https:\/\/alders.p3group.de\/fr\/marques\/","name":"Les partenaires fiables du r\u00e9seau ALDERS","isPartOf":{"@id":"https:\/\/alders.p3group.de\/fr\/#website"},"datePublished":"2021-02-18T11:42:29+00:00","dateModified":"2024-02-14T09:46:50+00:00","description":"ALDERS travaille avec des partenaires commerciaux fiables. Vous pouvez toujours compter sur les produits de haute qualit\u00e9 que nous vous fournissons.","breadcrumb":{"@id":"https:\/\/alders.p3group.de\/fr\/marques\/#breadcrumb"},"inLanguage":"fr-FR","potentialAction":[{"@type":"ReadAction","target":["https:\/\/alders.p3group.de\/fr\/marques\/"]}]},{"@type":"BreadcrumbList","@id":"https:\/\/alders.p3group.de\/fr\/marques\/#breadcrumb","itemListElement":[{"@type":"ListItem","position":1,"name":"ALDERS","item":"https:\/\/alders.p3group.de\/fr\/"},{"@type":"ListItem","position":2,"name":"Marques"}]},{"@type":"WebSite","@id":"https:\/\/alders.p3group.de\/fr\/#website","url":"https:\/\/alders.p3group.de\/fr\/","name":"ALDERS electronic GmbH","description":"Der Spezialist f\u00fcr elektromechanische L\u00f6sungen","publisher":{"@id":"https:\/\/alders.p3group.de\/fr\/#organization"},"potentialAction":[{"@type":"SearchAction","target":{"@type":"EntryPoint","urlTemplate":"https:\/\/alders.p3group.de\/fr\/?s={search_term_string}"},"query-input":{"@type":"PropertyValueSpecification","valueRequired":true,"valueName":"search_term_string"}}],"inLanguage":"fr-FR"},{"@type":"Organization","@id":"https:\/\/alders.p3group.de\/fr\/#organization","name":"ALDERS electronic GmbH","url":"https:\/\/alders.p3group.de\/fr\/","logo":{"@type":"ImageObject","inLanguage":"fr-FR","@id":"https:\/\/alders.p3group.de\/fr\/#\/schema\/logo\/image\/","url":"https:\/\/alders.p3group.de\/wp-content\/uploads\/2022\/07\/Alders-logo-Komplett.png","contentUrl":"https:\/\/alders.p3group.de\/wp-content\/uploads\/2022\/07\/Alders-logo-Komplett.png","width":1043,"height":253,"caption":"ALDERS electronic GmbH"},"image":{"@id":"https:\/\/alders.p3group.de\/fr\/#\/schema\/logo\/image\/"},"sameAs":["https:\/\/www.facebook.com\/Alders.electronic\/","https:\/\/de.linkedin.com\/company\/alders-electronic-gmbh","https:\/\/www.youtube.com\/channel\/UC-hR66wsAmKOdY03IokrlzA","https:\/\/www.instagram.com\/alders.electronic\/"]}]}},"_links":{"self":[{"href":"https:\/\/alders.p3group.de\/fr\/wp-json\/wp\/v2\/pages\/280941","targetHints":{"allow":["GET"]}}],"collection":[{"href":"https:\/\/alders.p3group.de\/fr\/wp-json\/wp\/v2\/pages"}],"about":[{"href":"https:\/\/alders.p3group.de\/fr\/wp-json\/wp\/v2\/types\/page"}],"author":[{"embeddable":true,"href":"https:\/\/alders.p3group.de\/fr\/wp-json\/wp\/v2\/users\/1"}],"replies":[{"embeddable":true,"href":"https:\/\/alders.p3group.de\/fr\/wp-json\/wp\/v2\/comments?post=280941"}],"version-history":[{"count":9,"href":"https:\/\/alders.p3group.de\/fr\/wp-json\/wp\/v2\/pages\/280941\/revisions"}],"predecessor-version":[{"id":289161,"href":"https:\/\/alders.p3group.de\/fr\/wp-json\/wp\/v2\/pages\/280941\/revisions\/289161"}],"wp:attachment":[{"href":"https:\/\/alders.p3group.de\/fr\/wp-json\/wp\/v2\/media?parent=280941"}],"curies":[{"name":"wp","href":"https:\/\/api.w.org\/{rel}","templated":true}]}}