{"id":280951,"date":"2021-02-18T12:48:32","date_gmt":"2021-02-18T11:48:32","guid":{"rendered":"https:\/\/dev2.alders.de\/branchen\/"},"modified":"2021-12-07T13:23:24","modified_gmt":"2021-12-07T12:23:24","slug":"branches","status":"publish","type":"page","link":"https:\/\/alders.p3group.de\/fr\/branches\/","title":{"rendered":"Branches"},"content":{"rendered":"<div class=\"wpb-content-wrapper\"><p>[vc_row full_width=\u00a0\u00bbstretch_row\u00a0\u00bb el_class=\u00a0\u00bbsection-grauverlauf\u00a0\u00bb][vc_column][vc_column_text]<\/p>\n<h1 style=\"text-align: center;\">Branches<\/h1>\n<p>[\/vc_column_text][vc_row_inner][vc_column_inner][vc_column_text]Chez ALDERS, nous entretenons un r\u00e9seau de de distribution pour des de partenaires de premier ordre avec lesquels nous offrons des composants \u00e9lectrom\u00e9caniques pour une grande vari\u00e9t\u00e9 d\u2019industries. De la technique m\u00e9dicale et a\u00e9rospatiale \u00e0 la technique militaire, en passant par l\u2019automatisation et la technique automobile, nous vous offrons un service comp\u00e9tent dans tous les domaines gr\u00e2ce \u00e0 l\u2019expertise de nos experts. Ici, vous pouvez avoir un aper\u00e7u de certains des secteurs dans lesquels nous sommes actifs depuis de nombreuses ann\u00e9es.[\/vc_column_text][\/vc_column_inner][\/vc_row_inner][\/vc_column][\/vc_row][vc_row][vc_column][vc_row_inner equal_height=\u00a0\u00bbyes\u00a0\u00bb el_class=\u00a0\u00bbkacheln\u00a0\u00bb][vc_column_inner width=\u00a0\u00bb1\/3&Prime;][vc_column_text]<\/p>\n<h3 style=\"text-align: center;\"><a href=\"https:\/\/alders.p3group.de\/fr\/branches\/aerospatiale\/\" target=\"\" rel=\"noopener\">A\u00e9rospatiale<\/a><\/h3>\n<p>[\/vc_column_text][vc_single_image image=\u00a0\u00bb280952&Prime; img_size=\u00a0\u00bbfull\u00a0\u00bb alignment=\u00a0\u00bbcenter\u00a0\u00bb][\/vc_column_inner][vc_column_inner width=\u00a0\u00bb1\/3&Prime;][vc_column_text]<\/p>\n<h3 style=\"text-align: center;\"><a href=\"https:\/\/alders.p3group.de\/fr\/branches\/technologie-medicale\/\" target=\"\" rel=\"noopener\">Technologie m\u00e9dicale<\/a><\/h3>\n<p>[\/vc_column_text][vc_single_image image=\u00a0\u00bb280954&Prime; img_size=\u00a0\u00bbfull\u00a0\u00bb alignment=\u00a0\u00bbcenter\u00a0\u00bb][\/vc_column_inner][vc_column_inner width=\u00a0\u00bb1\/3&Prime;][vc_column_text]<\/p>\n<h3 style=\"text-align: center;\"><a href=\"https:\/\/alders.p3group.de\/fr\/branches\/machines-agricoles\/\" target=\"\" rel=\"noopener\">Machines agricoles<\/a><\/h3>\n<p>[\/vc_column_text][vc_single_image image=\u00a0\u00bb280955&Prime; img_size=\u00a0\u00bbfull\u00a0\u00bb alignment=\u00a0\u00bbcenter\u00a0\u00bb][\/vc_column_inner][vc_column_inner width=\u00a0\u00bb1\/3&Prime;][vc_column_text]<\/p>\n<h3 style=\"text-align: center;\"><a href=\"https:\/\/alders.p3group.de\/fr\/branches\/armement-et-defense\/\" target=\"\" rel=\"noopener\">Armement et d\u00e9fense<\/a><\/h3>\n<p>[\/vc_column_text][vc_single_image image=\u00a0\u00bb280958&Prime; img_size=\u00a0\u00bbfull\u00a0\u00bb alignment=\u00a0\u00bbcenter\u00a0\u00bb][\/vc_column_inner][vc_column_inner width=\u00a0\u00bb1\/3&Prime;][vc_column_text]<\/p>\n<h3 style=\"text-align: center;\"><a href=\"https:\/\/alders.p3group.de\/fr\/branches\/technologie-automobile\/\" target=\"\" rel=\"noopener\">Technologie automobile<\/a><\/h3>\n<p>[\/vc_column_text][vc_single_image image=\u00a0\u00bb280962&Prime; img_size=\u00a0\u00bbfull\u00a0\u00bb alignment=\u00a0\u00bbcenter\u00a0\u00bb][\/vc_column_inner][vc_column_inner width=\u00a0\u00bb1\/3&Prime;][vc_column_text]<\/p>\n<h3 style=\"text-align: center;\"><a href=\"https:\/\/alders.p3group.de\/fr\/branches\/sport-motorise-et-automobile\/\" target=\"\" rel=\"noopener\">Sport motorise et automobile<\/a><\/h3>\n<p>[\/vc_column_text][vc_single_image image=\u00a0\u00bb280963&Prime; img_size=\u00a0\u00bbfull\u00a0\u00bb alignment=\u00a0\u00bbcenter\u00a0\u00bb][\/vc_column_inner][vc_column_inner width=\u00a0\u00bb1\/3&Prime;][vc_column_text]<\/p>\n<h3 style=\"text-align: center;\"><a href=\"https:\/\/alders.p3group.de\/fr\/branches\/transport-terrestre-et-vehicules-communaux\/\" target=\"\" rel=\"noopener\">Transport terrestre et vehicules communaux<\/a><\/h3>\n<p>[\/vc_column_text][vc_single_image image=\u00a0\u00bb280964&Prime; img_size=\u00a0\u00bbfull\u00a0\u00bb alignment=\u00a0\u00bbcenter\u00a0\u00bb][\/vc_column_inner][\/vc_row_inner][\/vc_column][\/vc_row]<\/p>\n<\/div>","protected":false},"excerpt":{"rendered":"<p>[vc_row full_width=\u00a0\u00bbstretch_row\u00a0\u00bb el_class=\u00a0\u00bbsection-grauverlauf\u00a0\u00bb][vc_column][vc_column_text] Branches [\/vc_column_text][vc_row_inner][vc_column_inner][vc_column_text]Chez ALDERS, nous entretenons un r\u00e9seau de de distribution pour des de partenaires de premier ordre avec lesquels nous offrons des composants \u00e9lectrom\u00e9caniques pour une grande vari\u00e9t\u00e9 d\u2019industries. De la technique m\u00e9dicale et a\u00e9rospatiale \u00e0 la technique militaire, en passant par l\u2019automatisation et la technique automobile, nous vous offrons un service [&hellip;]<\/p>\n","protected":false},"author":1,"featured_media":0,"parent":0,"menu_order":12,"comment_status":"closed","ping_status":"closed","template":"","meta":{"_acf_changed":false,"inline_featured_image":false,"footnotes":""},"class_list":["post-280951","page","type-page","status-publish","hentry"],"acf":[],"yoast_head":"<!-- This site is optimized with the Yoast SEO plugin v26.6 - https:\/\/yoast.com\/wordpress\/plugins\/seo\/ -->\n<title>Elektromechanische Bauteile f\u00fcr unterschiedliche Branchen<\/title>\n<meta name=\"description\" content=\"ALDERS bietet Ihnen elektromechanische Teile f\u00fcr viele Branchen: von Medizintechnik, \u00fcber Milit\u00e4r oder Automation, bis hin zu Luft- und Raumfahrttechnik.\" \/>\n<meta name=\"robots\" content=\"noindex, follow, max-snippet:-1, max-image-preview:large, max-video-preview:-1\" \/>\n<meta property=\"og:locale\" content=\"fr_FR\" \/>\n<meta property=\"og:type\" content=\"article\" \/>\n<meta property=\"og:title\" content=\"Elektromechanische Bauteile f\u00fcr unterschiedliche Branchen\" \/>\n<meta property=\"og:description\" content=\"ALDERS bietet Ihnen elektromechanische Teile f\u00fcr viele Branchen: von Medizintechnik, \u00fcber Milit\u00e4r oder Automation, bis hin zu Luft- und Raumfahrttechnik.\" \/>\n<meta property=\"og:url\" content=\"https:\/\/alders.p3group.de\/fr\/branches\/\" \/>\n<meta property=\"og:site_name\" content=\"ALDERS electronic GmbH\" \/>\n<meta property=\"article:publisher\" content=\"https:\/\/www.facebook.com\/Alders.electronic\/\" \/>\n<meta property=\"article:modified_time\" content=\"2021-12-07T12:23:24+00:00\" \/>\n<meta property=\"og:image\" content=\"https:\/\/alders.p3group.de\/wp-content\/uploads\/2021\/02\/alders-electronic-gmbh_logo.png\" \/>\n\t<meta property=\"og:image:width\" content=\"270\" \/>\n\t<meta property=\"og:image:height\" content=\"66\" \/>\n\t<meta property=\"og:image:type\" content=\"image\/png\" \/>\n<meta name=\"twitter:card\" content=\"summary_large_image\" \/>\n<meta name=\"twitter:label1\" content=\"Dur\u00e9e de lecture estim\u00e9e\" \/>\n\t<meta name=\"twitter:data1\" content=\"1 minute\" \/>\n<script type=\"application\/ld+json\" class=\"yoast-schema-graph\">{\"@context\":\"https:\/\/schema.org\",\"@graph\":[{\"@type\":\"WebPage\",\"@id\":\"https:\/\/alders.p3group.de\/fr\/branches\/\",\"url\":\"https:\/\/alders.p3group.de\/fr\/branches\/\",\"name\":\"Elektromechanische Bauteile f\u00fcr unterschiedliche Branchen\",\"isPartOf\":{\"@id\":\"https:\/\/alders.p3group.de\/fr\/#website\"},\"datePublished\":\"2021-02-18T11:48:32+00:00\",\"dateModified\":\"2021-12-07T12:23:24+00:00\",\"description\":\"ALDERS bietet Ihnen elektromechanische Teile f\u00fcr viele Branchen: von Medizintechnik, \u00fcber Milit\u00e4r oder Automation, bis hin zu Luft- und Raumfahrttechnik.\",\"breadcrumb\":{\"@id\":\"https:\/\/alders.p3group.de\/fr\/branches\/#breadcrumb\"},\"inLanguage\":\"fr-FR\",\"potentialAction\":[{\"@type\":\"ReadAction\",\"target\":[\"https:\/\/alders.p3group.de\/fr\/branches\/\"]}]},{\"@type\":\"BreadcrumbList\",\"@id\":\"https:\/\/alders.p3group.de\/fr\/branches\/#breadcrumb\",\"itemListElement\":[{\"@type\":\"ListItem\",\"position\":1,\"name\":\"ALDERS\",\"item\":\"https:\/\/alders.p3group.de\/fr\/\"},{\"@type\":\"ListItem\",\"position\":2,\"name\":\"Branches\"}]},{\"@type\":\"WebSite\",\"@id\":\"https:\/\/alders.p3group.de\/fr\/#website\",\"url\":\"https:\/\/alders.p3group.de\/fr\/\",\"name\":\"ALDERS electronic GmbH\",\"description\":\"Der Spezialist f\u00fcr elektromechanische L\u00f6sungen\",\"publisher\":{\"@id\":\"https:\/\/alders.p3group.de\/fr\/#organization\"},\"potentialAction\":[{\"@type\":\"SearchAction\",\"target\":{\"@type\":\"EntryPoint\",\"urlTemplate\":\"https:\/\/alders.p3group.de\/fr\/?s={search_term_string}\"},\"query-input\":{\"@type\":\"PropertyValueSpecification\",\"valueRequired\":true,\"valueName\":\"search_term_string\"}}],\"inLanguage\":\"fr-FR\"},{\"@type\":\"Organization\",\"@id\":\"https:\/\/alders.p3group.de\/fr\/#organization\",\"name\":\"ALDERS electronic GmbH\",\"url\":\"https:\/\/alders.p3group.de\/fr\/\",\"logo\":{\"@type\":\"ImageObject\",\"inLanguage\":\"fr-FR\",\"@id\":\"https:\/\/alders.p3group.de\/fr\/#\/schema\/logo\/image\/\",\"url\":\"https:\/\/alders.p3group.de\/wp-content\/uploads\/2022\/07\/Alders-logo-Komplett.png\",\"contentUrl\":\"https:\/\/alders.p3group.de\/wp-content\/uploads\/2022\/07\/Alders-logo-Komplett.png\",\"width\":1043,\"height\":253,\"caption\":\"ALDERS electronic GmbH\"},\"image\":{\"@id\":\"https:\/\/alders.p3group.de\/fr\/#\/schema\/logo\/image\/\"},\"sameAs\":[\"https:\/\/www.facebook.com\/Alders.electronic\/\",\"https:\/\/de.linkedin.com\/company\/alders-electronic-gmbh\",\"https:\/\/www.youtube.com\/channel\/UC-hR66wsAmKOdY03IokrlzA\",\"https:\/\/www.instagram.com\/alders.electronic\/\"]}]}<\/script>\n<!-- \/ Yoast SEO plugin. -->","yoast_head_json":{"title":"Elektromechanische Bauteile f\u00fcr unterschiedliche Branchen","description":"ALDERS bietet Ihnen elektromechanische Teile f\u00fcr viele Branchen: von Medizintechnik, \u00fcber Milit\u00e4r oder Automation, bis hin zu Luft- und Raumfahrttechnik.","robots":{"index":"noindex","follow":"follow","max-snippet":"max-snippet:-1","max-image-preview":"max-image-preview:large","max-video-preview":"max-video-preview:-1"},"og_locale":"fr_FR","og_type":"article","og_title":"Elektromechanische Bauteile f\u00fcr unterschiedliche Branchen","og_description":"ALDERS bietet Ihnen elektromechanische Teile f\u00fcr viele Branchen: von Medizintechnik, \u00fcber Milit\u00e4r oder Automation, bis hin zu Luft- und Raumfahrttechnik.","og_url":"https:\/\/alders.p3group.de\/fr\/branches\/","og_site_name":"ALDERS electronic GmbH","article_publisher":"https:\/\/www.facebook.com\/Alders.electronic\/","article_modified_time":"2021-12-07T12:23:24+00:00","og_image":[{"width":270,"height":66,"url":"https:\/\/alders.p3group.de\/wp-content\/uploads\/2021\/02\/alders-electronic-gmbh_logo.png","type":"image\/png"}],"twitter_card":"summary_large_image","twitter_misc":{"Dur\u00e9e de lecture estim\u00e9e":"1 minute"},"schema":{"@context":"https:\/\/schema.org","@graph":[{"@type":"WebPage","@id":"https:\/\/alders.p3group.de\/fr\/branches\/","url":"https:\/\/alders.p3group.de\/fr\/branches\/","name":"Elektromechanische Bauteile f\u00fcr unterschiedliche Branchen","isPartOf":{"@id":"https:\/\/alders.p3group.de\/fr\/#website"},"datePublished":"2021-02-18T11:48:32+00:00","dateModified":"2021-12-07T12:23:24+00:00","description":"ALDERS bietet Ihnen elektromechanische Teile f\u00fcr viele Branchen: von Medizintechnik, \u00fcber Milit\u00e4r oder Automation, bis hin zu Luft- und Raumfahrttechnik.","breadcrumb":{"@id":"https:\/\/alders.p3group.de\/fr\/branches\/#breadcrumb"},"inLanguage":"fr-FR","potentialAction":[{"@type":"ReadAction","target":["https:\/\/alders.p3group.de\/fr\/branches\/"]}]},{"@type":"BreadcrumbList","@id":"https:\/\/alders.p3group.de\/fr\/branches\/#breadcrumb","itemListElement":[{"@type":"ListItem","position":1,"name":"ALDERS","item":"https:\/\/alders.p3group.de\/fr\/"},{"@type":"ListItem","position":2,"name":"Branches"}]},{"@type":"WebSite","@id":"https:\/\/alders.p3group.de\/fr\/#website","url":"https:\/\/alders.p3group.de\/fr\/","name":"ALDERS electronic GmbH","description":"Der Spezialist f\u00fcr elektromechanische L\u00f6sungen","publisher":{"@id":"https:\/\/alders.p3group.de\/fr\/#organization"},"potentialAction":[{"@type":"SearchAction","target":{"@type":"EntryPoint","urlTemplate":"https:\/\/alders.p3group.de\/fr\/?s={search_term_string}"},"query-input":{"@type":"PropertyValueSpecification","valueRequired":true,"valueName":"search_term_string"}}],"inLanguage":"fr-FR"},{"@type":"Organization","@id":"https:\/\/alders.p3group.de\/fr\/#organization","name":"ALDERS electronic GmbH","url":"https:\/\/alders.p3group.de\/fr\/","logo":{"@type":"ImageObject","inLanguage":"fr-FR","@id":"https:\/\/alders.p3group.de\/fr\/#\/schema\/logo\/image\/","url":"https:\/\/alders.p3group.de\/wp-content\/uploads\/2022\/07\/Alders-logo-Komplett.png","contentUrl":"https:\/\/alders.p3group.de\/wp-content\/uploads\/2022\/07\/Alders-logo-Komplett.png","width":1043,"height":253,"caption":"ALDERS electronic GmbH"},"image":{"@id":"https:\/\/alders.p3group.de\/fr\/#\/schema\/logo\/image\/"},"sameAs":["https:\/\/www.facebook.com\/Alders.electronic\/","https:\/\/de.linkedin.com\/company\/alders-electronic-gmbh","https:\/\/www.youtube.com\/channel\/UC-hR66wsAmKOdY03IokrlzA","https:\/\/www.instagram.com\/alders.electronic\/"]}]}},"_links":{"self":[{"href":"https:\/\/alders.p3group.de\/fr\/wp-json\/wp\/v2\/pages\/280951","targetHints":{"allow":["GET"]}}],"collection":[{"href":"https:\/\/alders.p3group.de\/fr\/wp-json\/wp\/v2\/pages"}],"about":[{"href":"https:\/\/alders.p3group.de\/fr\/wp-json\/wp\/v2\/types\/page"}],"author":[{"embeddable":true,"href":"https:\/\/alders.p3group.de\/fr\/wp-json\/wp\/v2\/users\/1"}],"replies":[{"embeddable":true,"href":"https:\/\/alders.p3group.de\/fr\/wp-json\/wp\/v2\/comments?post=280951"}],"version-history":[{"count":10,"href":"https:\/\/alders.p3group.de\/fr\/wp-json\/wp\/v2\/pages\/280951\/revisions"}],"predecessor-version":[{"id":284156,"href":"https:\/\/alders.p3group.de\/fr\/wp-json\/wp\/v2\/pages\/280951\/revisions\/284156"}],"wp:attachment":[{"href":"https:\/\/alders.p3group.de\/fr\/wp-json\/wp\/v2\/media?parent=280951"}],"curies":[{"name":"wp","href":"https:\/\/api.w.org\/{rel}","templated":true}]}}