{"id":280985,"date":"2021-02-18T12:42:58","date_gmt":"2021-02-18T11:42:58","guid":{"rendered":"https:\/\/dev2.alders.de\/marques\/otto-controls\/"},"modified":"2023-08-21T11:23:15","modified_gmt":"2023-08-21T09:23:15","slug":"otto-controls","status":"publish","type":"page","link":"https:\/\/alders.p3group.de\/fr\/marques\/otto-controls\/","title":{"rendered":"OTTO Controls"},"content":{"rendered":"<div class=\"wpb-content-wrapper\"><p>[vc_row full_width=\u00a0\u00bbstretch_row\u00a0\u00bb el_class=\u00a0\u00bbsection-grauverlauf\u00a0\u00bb][vc_column][vc_column_text]<\/p>\n<h1 style=\"text-align: center;\">OTTO Controls \u2013 Attendez-vous \u00e0 l\u2019excellence<\/h1>\n<h2 style=\"text-align: center;\">Interrupteurs et commandes<\/h2>\n<p>[\/vc_column_text][vc_row_inner][vc_column_inner][vc_column_text]OTTO Controls est connu pour sa vaste gamme de produits robustes et durables. Situ\u00e9e \u00e0 Carpentersville, Illinois, \u00c9tats-Unis, l\u2019entreprise est reconnue dans le monde entier pour ses performances de qualit\u00e9 et ses produits innovants. Les produits de la soci\u00e9t\u00e9 am\u00e9ricaine ont une large \u00e9tendue de fabrication avec moulage par injection, poin\u00e7onnage, usinage CNC, assemblage de c\u00e2bles et possibilit\u00e9 de surmoulage de c\u00e2bles.<\/p>\n<p>OTTO Controls dispose d\u2019un haut niveau de d\u00e9veloppement m\u00e9canique, \u00e9lectrique et \u00e9lectronique, d\u2019un laboratoire d\u2019essais complet et d\u2019une ligne de production assist\u00e9e par ordinateur. La soci\u00e9t\u00e9 con\u00e7oit et fabrique \u00e9galement des interrupteurs de pr\u00e9cision et des poign\u00e9es de commande, y compris des interrupteurs m\u00e9caniques d\u2019une dur\u00e9e de vie sup\u00e9rieure \u00e0 un million d\u2019ann\u00e9es : interrupteurs \u00e0 effet Hall avec sortie num\u00e9rique et analogique, scell\u00e9s et \u00e9clair\u00e9s, avec donn\u00e9es haute performance, interrupteurs \u00e0 bascule, interrupteurs \u00e0 bascule et interrupteurs rotatifs, poign\u00e9es multifonction civiles et militaires et joysticks \u00e0 effet Hall.<\/p>\n<p>Plongez dans le choix vari\u00e9 d\u2019interrupteurs et de commandes du fabricant am\u00e9ricain, qui est l\u2019un des partenaires privil\u00e9gi\u00e9s d\u2019ALDERS. Le catalogue de produits\u00a0<a href=\"https:\/\/alders.p3group.de\/wp-content\/uploads\/2021\/04\/Controls-Short-Form-Catalog-2018.pdf\">OTTO Controls<\/a>\u00a0vous donne un aper\u00e7u complet.[\/vc_column_text][\/vc_column_inner][\/vc_row_inner][\/vc_column][\/vc_row][vc_row][vc_column][vc_column_text]<\/p>\n<h2 style=\"text-align: center;\">Nos meilleures ventes de produits d\u2019OTTO Controls<\/h2>\n<p>&nbsp;<\/p>\n<p style=\"text-align: center;\">[alders_top_sellers brand=\u00a0\u00bb41&Prime;]<\/p>\n<p>[\/vc_column_text][\/vc_column][\/vc_row][vc_row full_width=\u00a0\u00bbstretch_row\u00a0\u00bb el_class=\u00a0\u00bbsection-grauverlauf\u00a0\u00bb][vc_column][vc_column_text]<\/p>\n<h2 style=\"text-align: center;\">Portefeuille de produits OTTO Controls<\/h2>\n<p>&nbsp;<\/p>\n<p style=\"text-align: center;\">[alders_product_cats brand=\u00a0\u00bb41&Prime;]<\/p>\n<p>[\/vc_column_text][\/vc_column][\/vc_row]<\/p>\n<\/div>","protected":false},"excerpt":{"rendered":"<p>[vc_row full_width=\u00a0\u00bbstretch_row\u00a0\u00bb el_class=\u00a0\u00bbsection-grauverlauf\u00a0\u00bb][vc_column][vc_column_text] OTTO Controls \u2013 Attendez-vous \u00e0 l\u2019excellence Interrupteurs et commandes [\/vc_column_text][vc_row_inner][vc_column_inner][vc_column_text]OTTO Controls est connu pour sa vaste gamme de produits robustes et durables. Situ\u00e9e \u00e0 Carpentersville, Illinois, \u00c9tats-Unis, l\u2019entreprise est reconnue dans le monde entier pour ses performances de qualit\u00e9 et ses produits innovants. Les produits de la soci\u00e9t\u00e9 am\u00e9ricaine ont une large [&hellip;]<\/p>\n","protected":false},"author":1,"featured_media":0,"parent":280941,"menu_order":91,"comment_status":"closed","ping_status":"closed","template":"","meta":{"_acf_changed":false,"inline_featured_image":false,"footnotes":""},"class_list":["post-280985","page","type-page","status-publish","hentry"],"acf":[],"yoast_head":"<!-- This site is optimized with the Yoast SEO plugin v26.6 - https:\/\/yoast.com\/wordpress\/plugins\/seo\/ -->\n<title>OTTO Controls \u2013 hochwertige Schalter &amp; Bedienelemente<\/title>\n<meta name=\"description\" content=\"OTTO Controls z\u00e4hlt zu unseren langj\u00e4hrigen Premiumpartnern. ALDERS bietet Ihnen hochwertige Schalter &amp; Bedienlemente des amerikanischen Herstellers.\" \/>\n<meta name=\"robots\" content=\"noindex, follow, max-snippet:-1, max-image-preview:large, max-video-preview:-1\" \/>\n<meta property=\"og:locale\" content=\"fr_FR\" \/>\n<meta property=\"og:type\" content=\"article\" \/>\n<meta property=\"og:title\" content=\"OTTO Controls \u2013 hochwertige Schalter &amp; Bedienelemente\" \/>\n<meta property=\"og:description\" content=\"OTTO Controls z\u00e4hlt zu unseren langj\u00e4hrigen Premiumpartnern. ALDERS bietet Ihnen hochwertige Schalter &amp; Bedienlemente des amerikanischen Herstellers.\" \/>\n<meta property=\"og:url\" content=\"https:\/\/alders.p3group.de\/fr\/marques\/otto-controls\/\" \/>\n<meta property=\"og:site_name\" content=\"ALDERS electronic GmbH\" \/>\n<meta property=\"article:publisher\" content=\"https:\/\/www.facebook.com\/Alders.electronic\/\" \/>\n<meta property=\"article:modified_time\" content=\"2023-08-21T09:23:15+00:00\" \/>\n<meta property=\"og:image\" content=\"https:\/\/alders.p3group.de\/wp-content\/uploads\/2021\/02\/alders-electronic-gmbh_logo.png\" \/>\n\t<meta property=\"og:image:width\" content=\"270\" \/>\n\t<meta property=\"og:image:height\" content=\"66\" \/>\n\t<meta property=\"og:image:type\" content=\"image\/png\" \/>\n<meta name=\"twitter:card\" content=\"summary_large_image\" \/>\n<meta name=\"twitter:label1\" content=\"Dur\u00e9e de lecture estim\u00e9e\" \/>\n\t<meta name=\"twitter:data1\" content=\"1 minute\" \/>\n<script type=\"application\/ld+json\" class=\"yoast-schema-graph\">{\"@context\":\"https:\/\/schema.org\",\"@graph\":[{\"@type\":\"WebPage\",\"@id\":\"https:\/\/alders.p3group.de\/fr\/marques\/otto-controls\/\",\"url\":\"https:\/\/alders.p3group.de\/fr\/marques\/otto-controls\/\",\"name\":\"OTTO Controls \u2013 hochwertige Schalter & Bedienelemente\",\"isPartOf\":{\"@id\":\"https:\/\/alders.p3group.de\/fr\/#website\"},\"datePublished\":\"2021-02-18T11:42:58+00:00\",\"dateModified\":\"2023-08-21T09:23:15+00:00\",\"description\":\"OTTO Controls z\u00e4hlt zu unseren langj\u00e4hrigen Premiumpartnern. ALDERS bietet Ihnen hochwertige Schalter & Bedienlemente des amerikanischen Herstellers.\",\"breadcrumb\":{\"@id\":\"https:\/\/alders.p3group.de\/fr\/marques\/otto-controls\/#breadcrumb\"},\"inLanguage\":\"fr-FR\",\"potentialAction\":[{\"@type\":\"ReadAction\",\"target\":[\"https:\/\/alders.p3group.de\/fr\/marques\/otto-controls\/\"]}]},{\"@type\":\"BreadcrumbList\",\"@id\":\"https:\/\/alders.p3group.de\/fr\/marques\/otto-controls\/#breadcrumb\",\"itemListElement\":[{\"@type\":\"ListItem\",\"position\":1,\"name\":\"ALDERS\",\"item\":\"https:\/\/alders.p3group.de\/fr\/\"},{\"@type\":\"ListItem\",\"position\":2,\"name\":\"Marques\",\"item\":\"https:\/\/alders.p3group.de\/fr\/marques\/\"},{\"@type\":\"ListItem\",\"position\":3,\"name\":\"OTTO Controls\"}]},{\"@type\":\"WebSite\",\"@id\":\"https:\/\/alders.p3group.de\/fr\/#website\",\"url\":\"https:\/\/alders.p3group.de\/fr\/\",\"name\":\"ALDERS electronic GmbH\",\"description\":\"Der Spezialist f\u00fcr elektromechanische L\u00f6sungen\",\"publisher\":{\"@id\":\"https:\/\/alders.p3group.de\/fr\/#organization\"},\"potentialAction\":[{\"@type\":\"SearchAction\",\"target\":{\"@type\":\"EntryPoint\",\"urlTemplate\":\"https:\/\/alders.p3group.de\/fr\/?s={search_term_string}\"},\"query-input\":{\"@type\":\"PropertyValueSpecification\",\"valueRequired\":true,\"valueName\":\"search_term_string\"}}],\"inLanguage\":\"fr-FR\"},{\"@type\":\"Organization\",\"@id\":\"https:\/\/alders.p3group.de\/fr\/#organization\",\"name\":\"ALDERS electronic GmbH\",\"url\":\"https:\/\/alders.p3group.de\/fr\/\",\"logo\":{\"@type\":\"ImageObject\",\"inLanguage\":\"fr-FR\",\"@id\":\"https:\/\/alders.p3group.de\/fr\/#\/schema\/logo\/image\/\",\"url\":\"https:\/\/alders.p3group.de\/wp-content\/uploads\/2022\/07\/Alders-logo-Komplett.png\",\"contentUrl\":\"https:\/\/alders.p3group.de\/wp-content\/uploads\/2022\/07\/Alders-logo-Komplett.png\",\"width\":1043,\"height\":253,\"caption\":\"ALDERS electronic GmbH\"},\"image\":{\"@id\":\"https:\/\/alders.p3group.de\/fr\/#\/schema\/logo\/image\/\"},\"sameAs\":[\"https:\/\/www.facebook.com\/Alders.electronic\/\",\"https:\/\/de.linkedin.com\/company\/alders-electronic-gmbh\",\"https:\/\/www.youtube.com\/channel\/UC-hR66wsAmKOdY03IokrlzA\",\"https:\/\/www.instagram.com\/alders.electronic\/\"]}]}<\/script>\n<!-- \/ Yoast SEO plugin. -->","yoast_head_json":{"title":"OTTO Controls \u2013 hochwertige Schalter & Bedienelemente","description":"OTTO Controls z\u00e4hlt zu unseren langj\u00e4hrigen Premiumpartnern. ALDERS bietet Ihnen hochwertige Schalter & Bedienlemente des amerikanischen Herstellers.","robots":{"index":"noindex","follow":"follow","max-snippet":"max-snippet:-1","max-image-preview":"max-image-preview:large","max-video-preview":"max-video-preview:-1"},"og_locale":"fr_FR","og_type":"article","og_title":"OTTO Controls \u2013 hochwertige Schalter & Bedienelemente","og_description":"OTTO Controls z\u00e4hlt zu unseren langj\u00e4hrigen Premiumpartnern. ALDERS bietet Ihnen hochwertige Schalter & Bedienlemente des amerikanischen Herstellers.","og_url":"https:\/\/alders.p3group.de\/fr\/marques\/otto-controls\/","og_site_name":"ALDERS electronic GmbH","article_publisher":"https:\/\/www.facebook.com\/Alders.electronic\/","article_modified_time":"2023-08-21T09:23:15+00:00","og_image":[{"width":270,"height":66,"url":"https:\/\/alders.p3group.de\/wp-content\/uploads\/2021\/02\/alders-electronic-gmbh_logo.png","type":"image\/png"}],"twitter_card":"summary_large_image","twitter_misc":{"Dur\u00e9e de lecture estim\u00e9e":"1 minute"},"schema":{"@context":"https:\/\/schema.org","@graph":[{"@type":"WebPage","@id":"https:\/\/alders.p3group.de\/fr\/marques\/otto-controls\/","url":"https:\/\/alders.p3group.de\/fr\/marques\/otto-controls\/","name":"OTTO Controls \u2013 hochwertige Schalter & Bedienelemente","isPartOf":{"@id":"https:\/\/alders.p3group.de\/fr\/#website"},"datePublished":"2021-02-18T11:42:58+00:00","dateModified":"2023-08-21T09:23:15+00:00","description":"OTTO Controls z\u00e4hlt zu unseren langj\u00e4hrigen Premiumpartnern. ALDERS bietet Ihnen hochwertige Schalter & Bedienlemente des amerikanischen Herstellers.","breadcrumb":{"@id":"https:\/\/alders.p3group.de\/fr\/marques\/otto-controls\/#breadcrumb"},"inLanguage":"fr-FR","potentialAction":[{"@type":"ReadAction","target":["https:\/\/alders.p3group.de\/fr\/marques\/otto-controls\/"]}]},{"@type":"BreadcrumbList","@id":"https:\/\/alders.p3group.de\/fr\/marques\/otto-controls\/#breadcrumb","itemListElement":[{"@type":"ListItem","position":1,"name":"ALDERS","item":"https:\/\/alders.p3group.de\/fr\/"},{"@type":"ListItem","position":2,"name":"Marques","item":"https:\/\/alders.p3group.de\/fr\/marques\/"},{"@type":"ListItem","position":3,"name":"OTTO Controls"}]},{"@type":"WebSite","@id":"https:\/\/alders.p3group.de\/fr\/#website","url":"https:\/\/alders.p3group.de\/fr\/","name":"ALDERS electronic GmbH","description":"Der Spezialist f\u00fcr elektromechanische L\u00f6sungen","publisher":{"@id":"https:\/\/alders.p3group.de\/fr\/#organization"},"potentialAction":[{"@type":"SearchAction","target":{"@type":"EntryPoint","urlTemplate":"https:\/\/alders.p3group.de\/fr\/?s={search_term_string}"},"query-input":{"@type":"PropertyValueSpecification","valueRequired":true,"valueName":"search_term_string"}}],"inLanguage":"fr-FR"},{"@type":"Organization","@id":"https:\/\/alders.p3group.de\/fr\/#organization","name":"ALDERS electronic GmbH","url":"https:\/\/alders.p3group.de\/fr\/","logo":{"@type":"ImageObject","inLanguage":"fr-FR","@id":"https:\/\/alders.p3group.de\/fr\/#\/schema\/logo\/image\/","url":"https:\/\/alders.p3group.de\/wp-content\/uploads\/2022\/07\/Alders-logo-Komplett.png","contentUrl":"https:\/\/alders.p3group.de\/wp-content\/uploads\/2022\/07\/Alders-logo-Komplett.png","width":1043,"height":253,"caption":"ALDERS electronic GmbH"},"image":{"@id":"https:\/\/alders.p3group.de\/fr\/#\/schema\/logo\/image\/"},"sameAs":["https:\/\/www.facebook.com\/Alders.electronic\/","https:\/\/de.linkedin.com\/company\/alders-electronic-gmbh","https:\/\/www.youtube.com\/channel\/UC-hR66wsAmKOdY03IokrlzA","https:\/\/www.instagram.com\/alders.electronic\/"]}]}},"_links":{"self":[{"href":"https:\/\/alders.p3group.de\/fr\/wp-json\/wp\/v2\/pages\/280985","targetHints":{"allow":["GET"]}}],"collection":[{"href":"https:\/\/alders.p3group.de\/fr\/wp-json\/wp\/v2\/pages"}],"about":[{"href":"https:\/\/alders.p3group.de\/fr\/wp-json\/wp\/v2\/types\/page"}],"author":[{"embeddable":true,"href":"https:\/\/alders.p3group.de\/fr\/wp-json\/wp\/v2\/users\/1"}],"replies":[{"embeddable":true,"href":"https:\/\/alders.p3group.de\/fr\/wp-json\/wp\/v2\/comments?post=280985"}],"version-history":[{"count":7,"href":"https:\/\/alders.p3group.de\/fr\/wp-json\/wp\/v2\/pages\/280985\/revisions"}],"predecessor-version":[{"id":287663,"href":"https:\/\/alders.p3group.de\/fr\/wp-json\/wp\/v2\/pages\/280985\/revisions\/287663"}],"up":[{"embeddable":true,"href":"https:\/\/alders.p3group.de\/fr\/wp-json\/wp\/v2\/pages\/280941"}],"wp:attachment":[{"href":"https:\/\/alders.p3group.de\/fr\/wp-json\/wp\/v2\/media?parent=280985"}],"curies":[{"name":"wp","href":"https:\/\/api.w.org\/{rel}","templated":true}]}}