{"id":280991,"date":"2021-02-18T12:44:04","date_gmt":"2021-02-18T11:44:04","guid":{"rendered":"https:\/\/dev2.alders.de\/marques\/apm-hexseal\/"},"modified":"2023-08-24T08:33:34","modified_gmt":"2023-08-24T06:33:34","slug":"apm-hexseal","status":"publish","type":"page","link":"https:\/\/alders.p3group.de\/fr\/marques\/apm-hexseal\/","title":{"rendered":"APM HEXSEAL"},"content":{"rendered":"<div class=\"wpb-content-wrapper\"><p>[vc_row full_width=\u00a0\u00bbstretch_row\u00a0\u00bb el_class=\u00a0\u00bbsection-grauverlauf\u00a0\u00bb][vc_column][vc_column_text]<\/p>\n<h1 style=\"text-align: center;\">APM HEXSEAL<\/h1>\n<h2 class=\"subline\" style=\"text-align: center;\">Solutions d\u2019\u00e9tanch\u00e9it\u00e9 pour interrupteurs et vis avec joints int\u00e9gr\u00e9s<\/h2>\n<p>[\/vc_column_text][vc_column_text]APM Hexseal a \u00e9t\u00e9 fond\u00e9e en 1947 dans le but de d\u00e9velopper des solutions de protection de l\u2019environnement permettant de prolonger la dur\u00e9e de vie des composants \u00e9lectrom\u00e9caniques dans le monde entier. La gamme de produits comprend de nombreux types de capuchons d\u2019\u00e9tanch\u00e9it\u00e9 pour interrupteurs et fusibles ainsi que des vis, des \u00e9crous et des rondelles avec joints int\u00e9gr\u00e9s.<\/p>\n<p>Depuis sa fondation, APM Hexseal a d\u00e9velopp\u00e9 une vaste gamme de capuchons d\u2019\u00e9tanch\u00e9it\u00e9 haute pression pour interrupteurs et disjoncteurs. Les joints du fabricant sont con\u00e7us pour la norme MIL-B-5433 afin de pouvoir fournir de mani\u00e8re professionnelle l\u2019ing\u00e9nierie a\u00e9ronautique, la technologie de mesure, la technologie de communication, la construction, la technologie marine, la technologie m\u00e9dicale ainsi que la technologie industrielle.<\/p>\n<p>En outre, APM Hexseal propose des fixations (auto-\u00e9tanches) et des joints d\u2019\u00e9tanch\u00e9it\u00e9 approuv\u00e9s par UL pour les syst\u00e8mes \u00e9lectriques de 20 000 PSIG. Ces fixations et rondelles sont imperm\u00e9ables \u00e0 une vari\u00e9t\u00e9 de liquides et de gaz corrosifs.<\/p>\n<p>Nous sommes heureux de vous fournir des informations suppl\u00e9mentaires sur notre partenaire. Vous trouverez plus de d\u00e9tails sur les solutions d\u2019\u00e9tanch\u00e9it\u00e9 APM Hexseal dans le\u00a0<a href=\"https:\/\/alders.p3group.de\/wp-content\/uploads\/2021\/04\/apm-hexseal-catalog.pdf\" target=\"_blank\" rel=\"noopener\">catalogue <\/a>de produits du fabricant.[\/vc_column_text][\/vc_column][\/vc_row][vc_row equal_height=\u00a0\u00bbyes\u00a0\u00bb][vc_column css=\u00a0\u00bb.vc_custom_1623081722068{padding-top: 400px !important;background-image: url(https:\/\/alders.p3group.de\/wp-content\/uploads\/2023\/01\/SB-11A-00.pdf2021\/06\/alder-produkte-apm-hexseal.jpg?id=4117) !important;background-position: center !important;background-repeat: no-repeat !important;background-size: cover !important;}\u00a0\u00bb offset=\u00a0\u00bbvc_col-lg-9 vc_col-md-8&Prime;][\/vc_column][\/vc_row][vc_row full_width=\u00a0\u00bbstretch_row\u00a0\u00bb el_class=\u00a0\u00bbsection-grauverlauf\u00a0\u00bb][vc_column][vc_column_text]<\/p>\n<h2 style=\"text-align: center;\">Portfolio de produits de APM Hexseal<\/h2>\n<p>&nbsp;<\/p>\n<p style=\"text-align: center;\">[alders_product_cats brand=\u00a0\u00bb52&Prime;]<\/p>\n<p>[\/vc_column_text][\/vc_column][\/vc_row][vc_row][vc_column][\/vc_column][\/vc_row]<\/p>\n<\/div>","protected":false},"excerpt":{"rendered":"<p>[vc_row full_width=\u00a0\u00bbstretch_row\u00a0\u00bb el_class=\u00a0\u00bbsection-grauverlauf\u00a0\u00bb][vc_column][vc_column_text] APM HEXSEAL Solutions d\u2019\u00e9tanch\u00e9it\u00e9 pour interrupteurs et vis avec joints int\u00e9gr\u00e9s [\/vc_column_text][vc_column_text]APM Hexseal a \u00e9t\u00e9 fond\u00e9e en 1947 dans le but de d\u00e9velopper des solutions de protection de l\u2019environnement permettant de prolonger la dur\u00e9e de vie des composants \u00e9lectrom\u00e9caniques dans le monde entier. La gamme de produits comprend de nombreux types de [&hellip;]<\/p>\n","protected":false},"author":1,"featured_media":0,"parent":280941,"menu_order":8,"comment_status":"closed","ping_status":"closed","template":"","meta":{"_acf_changed":false,"inline_featured_image":false,"footnotes":""},"class_list":["post-280991","page","type-page","status-publish","hentry"],"acf":[],"yoast_head":"<!-- This site is optimized with the Yoast SEO plugin v26.6 - https:\/\/yoast.com\/wordpress\/plugins\/seo\/ -->\n<title>Zuverl\u00e4ssige Dichtungsl\u00f6sungen von APM Hexseal<\/title>\n<meta name=\"description\" content=\"APM Hexseal z\u00e4hlt zu den langj\u00e4hrigen Premiumpartnern von ALDERS. Profitieren Sie von zuverl\u00e4ssigen Dichtungen f\u00fcr Ihre elektromechanischen Bauteile.\" \/>\n<meta name=\"robots\" content=\"noindex, follow, max-snippet:-1, max-image-preview:large, max-video-preview:-1\" \/>\n<meta property=\"og:locale\" content=\"fr_FR\" \/>\n<meta property=\"og:type\" content=\"article\" \/>\n<meta property=\"og:title\" content=\"Zuverl\u00e4ssige Dichtungsl\u00f6sungen von APM Hexseal\" \/>\n<meta property=\"og:description\" content=\"APM Hexseal z\u00e4hlt zu den langj\u00e4hrigen Premiumpartnern von ALDERS. Profitieren Sie von zuverl\u00e4ssigen Dichtungen f\u00fcr Ihre elektromechanischen Bauteile.\" \/>\n<meta property=\"og:url\" content=\"https:\/\/alders.p3group.de\/fr\/marques\/apm-hexseal\/\" \/>\n<meta property=\"og:site_name\" content=\"ALDERS electronic GmbH\" \/>\n<meta property=\"article:publisher\" content=\"https:\/\/www.facebook.com\/Alders.electronic\/\" \/>\n<meta property=\"article:modified_time\" content=\"2023-08-24T06:33:34+00:00\" \/>\n<meta property=\"og:image\" content=\"https:\/\/alders.p3group.de\/wp-content\/uploads\/2021\/02\/alders-electronic-gmbh_logo.png\" \/>\n\t<meta property=\"og:image:width\" content=\"270\" \/>\n\t<meta property=\"og:image:height\" content=\"66\" \/>\n\t<meta property=\"og:image:type\" content=\"image\/png\" \/>\n<meta name=\"twitter:card\" content=\"summary_large_image\" \/>\n<meta name=\"twitter:label1\" content=\"Dur\u00e9e de lecture estim\u00e9e\" \/>\n\t<meta name=\"twitter:data1\" content=\"1 minute\" \/>\n<script type=\"application\/ld+json\" class=\"yoast-schema-graph\">{\"@context\":\"https:\/\/schema.org\",\"@graph\":[{\"@type\":\"WebPage\",\"@id\":\"https:\/\/alders.p3group.de\/fr\/marques\/apm-hexseal\/\",\"url\":\"https:\/\/alders.p3group.de\/fr\/marques\/apm-hexseal\/\",\"name\":\"Zuverl\u00e4ssige Dichtungsl\u00f6sungen von APM Hexseal\",\"isPartOf\":{\"@id\":\"https:\/\/alders.p3group.de\/fr\/#website\"},\"datePublished\":\"2021-02-18T11:44:04+00:00\",\"dateModified\":\"2023-08-24T06:33:34+00:00\",\"description\":\"APM Hexseal z\u00e4hlt zu den langj\u00e4hrigen Premiumpartnern von ALDERS. Profitieren Sie von zuverl\u00e4ssigen Dichtungen f\u00fcr Ihre elektromechanischen Bauteile.\",\"breadcrumb\":{\"@id\":\"https:\/\/alders.p3group.de\/fr\/marques\/apm-hexseal\/#breadcrumb\"},\"inLanguage\":\"fr-FR\",\"potentialAction\":[{\"@type\":\"ReadAction\",\"target\":[\"https:\/\/alders.p3group.de\/fr\/marques\/apm-hexseal\/\"]}]},{\"@type\":\"BreadcrumbList\",\"@id\":\"https:\/\/alders.p3group.de\/fr\/marques\/apm-hexseal\/#breadcrumb\",\"itemListElement\":[{\"@type\":\"ListItem\",\"position\":1,\"name\":\"ALDERS\",\"item\":\"https:\/\/alders.p3group.de\/fr\/\"},{\"@type\":\"ListItem\",\"position\":2,\"name\":\"Marques\",\"item\":\"https:\/\/alders.p3group.de\/fr\/marques\/\"},{\"@type\":\"ListItem\",\"position\":3,\"name\":\"APM HEXSEAL\"}]},{\"@type\":\"WebSite\",\"@id\":\"https:\/\/alders.p3group.de\/fr\/#website\",\"url\":\"https:\/\/alders.p3group.de\/fr\/\",\"name\":\"ALDERS electronic GmbH\",\"description\":\"Der Spezialist f\u00fcr elektromechanische L\u00f6sungen\",\"publisher\":{\"@id\":\"https:\/\/alders.p3group.de\/fr\/#organization\"},\"potentialAction\":[{\"@type\":\"SearchAction\",\"target\":{\"@type\":\"EntryPoint\",\"urlTemplate\":\"https:\/\/alders.p3group.de\/fr\/?s={search_term_string}\"},\"query-input\":{\"@type\":\"PropertyValueSpecification\",\"valueRequired\":true,\"valueName\":\"search_term_string\"}}],\"inLanguage\":\"fr-FR\"},{\"@type\":\"Organization\",\"@id\":\"https:\/\/alders.p3group.de\/fr\/#organization\",\"name\":\"ALDERS electronic GmbH\",\"url\":\"https:\/\/alders.p3group.de\/fr\/\",\"logo\":{\"@type\":\"ImageObject\",\"inLanguage\":\"fr-FR\",\"@id\":\"https:\/\/alders.p3group.de\/fr\/#\/schema\/logo\/image\/\",\"url\":\"https:\/\/alders.p3group.de\/wp-content\/uploads\/2022\/07\/Alders-logo-Komplett.png\",\"contentUrl\":\"https:\/\/alders.p3group.de\/wp-content\/uploads\/2022\/07\/Alders-logo-Komplett.png\",\"width\":1043,\"height\":253,\"caption\":\"ALDERS electronic GmbH\"},\"image\":{\"@id\":\"https:\/\/alders.p3group.de\/fr\/#\/schema\/logo\/image\/\"},\"sameAs\":[\"https:\/\/www.facebook.com\/Alders.electronic\/\",\"https:\/\/de.linkedin.com\/company\/alders-electronic-gmbh\",\"https:\/\/www.youtube.com\/channel\/UC-hR66wsAmKOdY03IokrlzA\",\"https:\/\/www.instagram.com\/alders.electronic\/\"]}]}<\/script>\n<!-- \/ Yoast SEO plugin. -->","yoast_head_json":{"title":"Zuverl\u00e4ssige Dichtungsl\u00f6sungen von APM Hexseal","description":"APM Hexseal z\u00e4hlt zu den langj\u00e4hrigen Premiumpartnern von ALDERS. Profitieren Sie von zuverl\u00e4ssigen Dichtungen f\u00fcr Ihre elektromechanischen Bauteile.","robots":{"index":"noindex","follow":"follow","max-snippet":"max-snippet:-1","max-image-preview":"max-image-preview:large","max-video-preview":"max-video-preview:-1"},"og_locale":"fr_FR","og_type":"article","og_title":"Zuverl\u00e4ssige Dichtungsl\u00f6sungen von APM Hexseal","og_description":"APM Hexseal z\u00e4hlt zu den langj\u00e4hrigen Premiumpartnern von ALDERS. Profitieren Sie von zuverl\u00e4ssigen Dichtungen f\u00fcr Ihre elektromechanischen Bauteile.","og_url":"https:\/\/alders.p3group.de\/fr\/marques\/apm-hexseal\/","og_site_name":"ALDERS electronic GmbH","article_publisher":"https:\/\/www.facebook.com\/Alders.electronic\/","article_modified_time":"2023-08-24T06:33:34+00:00","og_image":[{"width":270,"height":66,"url":"https:\/\/alders.p3group.de\/wp-content\/uploads\/2021\/02\/alders-electronic-gmbh_logo.png","type":"image\/png"}],"twitter_card":"summary_large_image","twitter_misc":{"Dur\u00e9e de lecture estim\u00e9e":"1 minute"},"schema":{"@context":"https:\/\/schema.org","@graph":[{"@type":"WebPage","@id":"https:\/\/alders.p3group.de\/fr\/marques\/apm-hexseal\/","url":"https:\/\/alders.p3group.de\/fr\/marques\/apm-hexseal\/","name":"Zuverl\u00e4ssige Dichtungsl\u00f6sungen von APM Hexseal","isPartOf":{"@id":"https:\/\/alders.p3group.de\/fr\/#website"},"datePublished":"2021-02-18T11:44:04+00:00","dateModified":"2023-08-24T06:33:34+00:00","description":"APM Hexseal z\u00e4hlt zu den langj\u00e4hrigen Premiumpartnern von ALDERS. Profitieren Sie von zuverl\u00e4ssigen Dichtungen f\u00fcr Ihre elektromechanischen Bauteile.","breadcrumb":{"@id":"https:\/\/alders.p3group.de\/fr\/marques\/apm-hexseal\/#breadcrumb"},"inLanguage":"fr-FR","potentialAction":[{"@type":"ReadAction","target":["https:\/\/alders.p3group.de\/fr\/marques\/apm-hexseal\/"]}]},{"@type":"BreadcrumbList","@id":"https:\/\/alders.p3group.de\/fr\/marques\/apm-hexseal\/#breadcrumb","itemListElement":[{"@type":"ListItem","position":1,"name":"ALDERS","item":"https:\/\/alders.p3group.de\/fr\/"},{"@type":"ListItem","position":2,"name":"Marques","item":"https:\/\/alders.p3group.de\/fr\/marques\/"},{"@type":"ListItem","position":3,"name":"APM HEXSEAL"}]},{"@type":"WebSite","@id":"https:\/\/alders.p3group.de\/fr\/#website","url":"https:\/\/alders.p3group.de\/fr\/","name":"ALDERS electronic GmbH","description":"Der Spezialist f\u00fcr elektromechanische L\u00f6sungen","publisher":{"@id":"https:\/\/alders.p3group.de\/fr\/#organization"},"potentialAction":[{"@type":"SearchAction","target":{"@type":"EntryPoint","urlTemplate":"https:\/\/alders.p3group.de\/fr\/?s={search_term_string}"},"query-input":{"@type":"PropertyValueSpecification","valueRequired":true,"valueName":"search_term_string"}}],"inLanguage":"fr-FR"},{"@type":"Organization","@id":"https:\/\/alders.p3group.de\/fr\/#organization","name":"ALDERS electronic GmbH","url":"https:\/\/alders.p3group.de\/fr\/","logo":{"@type":"ImageObject","inLanguage":"fr-FR","@id":"https:\/\/alders.p3group.de\/fr\/#\/schema\/logo\/image\/","url":"https:\/\/alders.p3group.de\/wp-content\/uploads\/2022\/07\/Alders-logo-Komplett.png","contentUrl":"https:\/\/alders.p3group.de\/wp-content\/uploads\/2022\/07\/Alders-logo-Komplett.png","width":1043,"height":253,"caption":"ALDERS electronic GmbH"},"image":{"@id":"https:\/\/alders.p3group.de\/fr\/#\/schema\/logo\/image\/"},"sameAs":["https:\/\/www.facebook.com\/Alders.electronic\/","https:\/\/de.linkedin.com\/company\/alders-electronic-gmbh","https:\/\/www.youtube.com\/channel\/UC-hR66wsAmKOdY03IokrlzA","https:\/\/www.instagram.com\/alders.electronic\/"]}]}},"_links":{"self":[{"href":"https:\/\/alders.p3group.de\/fr\/wp-json\/wp\/v2\/pages\/280991","targetHints":{"allow":["GET"]}}],"collection":[{"href":"https:\/\/alders.p3group.de\/fr\/wp-json\/wp\/v2\/pages"}],"about":[{"href":"https:\/\/alders.p3group.de\/fr\/wp-json\/wp\/v2\/types\/page"}],"author":[{"embeddable":true,"href":"https:\/\/alders.p3group.de\/fr\/wp-json\/wp\/v2\/users\/1"}],"replies":[{"embeddable":true,"href":"https:\/\/alders.p3group.de\/fr\/wp-json\/wp\/v2\/comments?post=280991"}],"version-history":[{"count":4,"href":"https:\/\/alders.p3group.de\/fr\/wp-json\/wp\/v2\/pages\/280991\/revisions"}],"predecessor-version":[{"id":287735,"href":"https:\/\/alders.p3group.de\/fr\/wp-json\/wp\/v2\/pages\/280991\/revisions\/287735"}],"up":[{"embeddable":true,"href":"https:\/\/alders.p3group.de\/fr\/wp-json\/wp\/v2\/pages\/280941"}],"wp:attachment":[{"href":"https:\/\/alders.p3group.de\/fr\/wp-json\/wp\/v2\/media?parent=280991"}],"curies":[{"name":"wp","href":"https:\/\/api.w.org\/{rel}","templated":true}]}}