{"id":280996,"date":"2021-02-18T12:49:22","date_gmt":"2021-02-18T11:49:22","guid":{"rendered":"https:\/\/dev2.alders.de\/branches\/luft-und-raumfahrt\/"},"modified":"2021-12-10T13:27:13","modified_gmt":"2021-12-10T12:27:13","slug":"aerospatiale","status":"publish","type":"page","link":"https:\/\/alders.p3group.de\/fr\/branches\/aerospatiale\/","title":{"rendered":"Aerospatiale"},"content":{"rendered":"<div class=\"wpb-content-wrapper\"><p>[vc_row full_width=\u00a0\u00bbstretch_row\u00a0\u00bb el_class=\u00a0\u00bbsection-grauverlauf\u00a0\u00bb][vc_column][vc_column_text]<\/p>\n<h1 style=\"text-align: center;\">Composants a\u00e9rospatiaux chez ALDERS<\/h1>\n<h2 style=\"text-align: center;\">Commutateurs rotatifs, joysticks et autres composants de haute qualit\u00e9<\/h2>\n<p>[\/vc_column_text][vc_row_inner][vc_column_inner width=\u00a0\u00bb2\/3&Prime;][vc_column_text]Dans l\u2019industrie a\u00e9rospatiale, les composants \u00e9lectrom\u00e9caniques doivent r\u00e9sister \u00e0 des charges \u00e9lev\u00e9es et fonctionner avec une pr\u00e9cision et une fiabilit\u00e9 absolues. Vous pouvez donc compter exclusivement sur des produits de haute qualit\u00e9 qui r\u00e9pondent aux normes de qualit\u00e9 et aux exigences \u00e9lev\u00e9es de la technologie a\u00e9rospatiale. Les interrupteurs, claviers et joysticks de notre gamme offrent un maximum de s\u00e9curit\u00e9 et de fonctionnalit\u00e9 sous de fortes charges. La dur\u00e9e de vie des composants est \u00e9galement tr\u00e8s importante. M\u00eame apr\u00e8s plusieurs ann\u00e9es d\u2019utilisation quotidienne, les interrupteurs fonctionnent toujours comme au premier jour: avec pr\u00e9cision et sans faille.<\/p>\n<p>Nous vous proposons des produits de haute qualit\u00e9 de notre partenaire OTTO Controls, qui convainc depuis de nombreuses ann\u00e9es dans le monde entier par son expertise dans la fabrication de composants pour l\u2019industrie a\u00e9rospatiale. Obtenez un aper\u00e7u de nos offres et laissez-vous conseiller par notre \u00e9quipe comp\u00e9tente. Nous nous ferons un plaisir de vous aider.[\/vc_column_text][\/vc_column_inner][vc_column_inner width=\u00a0\u00bb1\/3&Prime;][vc_single_image image=\u00a0\u00bb280997&Prime; img_size=\u00a0\u00bbfull\u00a0\u00bb][\/vc_column_inner][\/vc_row_inner][\/vc_column][\/vc_row][vc_row][vc_column][vc_row_inner][vc_column_inner][vc_column_text]<\/p>\n<h2 style=\"text-align: center;\">Micro-interrupteurs et plus pour l\u2019industrie a\u00e9rospatiale<\/h2>\n<p>[\/vc_column_text][\/vc_column_inner][\/vc_row_inner][\/vc_column][\/vc_row][vc_row equal_height=\u00a0\u00bbyes\u00a0\u00bb el_class=\u00a0\u00bbbranchen-row\u00a0\u00bb][vc_column offset=\u00a0\u00bbvc_col-md-4&Prime;][vc_row_inner el_class=\u00a0\u00bbbranchen-kachel-row\u00a0\u00bb][vc_column_inner][vc_column_text]<\/p>\n<h2 style=\"text-align: center;\"><a href=\"https:\/\/alders.p3group.de\/fr\/produits\/bouton-de-commutation\/interrupteur-a-bascule\" target=\"\" rel=\"noopener\">Interrupteur \u00e0 bascule<\/a><\/h2>\n<p>[\/vc_column_text][vc_single_image image=\u00a0\u00bb283712&Prime; img_size=\u00a0\u00bbfull\u00a0\u00bb alignment=\u00a0\u00bbcenter\u00a0\u00bb][\/vc_column_inner][\/vc_row_inner][\/vc_column][vc_column css=\u00a0\u00bb.vc_custom_1619597991401{margin-right: 15px !important;margin-bottom: 30px !important;margin-left: 15px !important;padding-top: 270px !important;background-image: url(https:\/\/alders.p3group.de\/wp-content\/uploads\/2023\/01\/SB-11A-00.pdf2021\/04\/alders-branche-luftfahrt-instrumente.jpg?id=2598) !important;background-position: center !important;background-repeat: no-repeat !important;background-size: cover !important;}\u00a0\u00bb offset=\u00a0\u00bbvc_col-md-8&Prime;][\/vc_column][\/vc_row][vc_row equal_height=\u00a0\u00bbyes\u00a0\u00bb el_class=\u00a0\u00bbbranchen-row\u00a0\u00bb][vc_column offset=\u00a0\u00bbvc_col-md-4&Prime;][vc_row_inner el_class=\u00a0\u00bbbranchen-kachel-row\u00a0\u00bb][vc_column_inner][vc_column_text]<\/p>\n<h2 style=\"text-align: center;\"><a href=\"https:\/\/alders.p3group.de\/fr\/bouton-de-commutation\/\" target=\"\" rel=\"noopener\">Bouton de commutation<\/a><\/h2>\n<p>[\/vc_column_text][vc_single_image image=\u00a0\u00bb281048&Prime; img_size=\u00a0\u00bbfull\u00a0\u00bb alignment=\u00a0\u00bbcenter\u00a0\u00bb][\/vc_column_inner][\/vc_row_inner][vc_row_inner el_class=\u00a0\u00bbbranchen-kachel-row\u00a0\u00bb][vc_column_inner][vc_column_text]<\/p>\n<h2 style=\"text-align: center;\"><a href=\"https:\/\/alders.p3group.de\/fr\/produits\/bouton-de-commutation\/interrupteur-a-bascule\" target=\"\" rel=\"noopener\">Interrupteurs \u00e0 bascule<\/a><\/h2>\n<p>[\/vc_column_text][vc_single_image image=\u00a0\u00bb283718&Prime; img_size=\u00a0\u00bbfull\u00a0\u00bb alignment=\u00a0\u00bbcenter\u00a0\u00bb][\/vc_column_inner][\/vc_row_inner][\/vc_column][vc_column css=\u00a0\u00bb.vc_custom_1619604871593{margin-right: 15px !important;margin-bottom: 30px !important;margin-left: 15px !important;padding-top: 270px !important;background-image: url(https:\/\/alders.p3group.de\/wp-content\/uploads\/2023\/01\/SB-11A-00.pdf2021\/04\/bild-2-3-hoch.-cockpit.jpg?id=2602) !important;background-position: center !important;background-repeat: no-repeat !important;background-size: cover !important;}\u00a0\u00bb offset=\u00a0\u00bbvc_col-md-8&Prime;][\/vc_column][\/vc_row][vc_row][vc_column][vc_column_text]<\/p>\n<h2 style=\"text-align: center;\">Fonctionnement parfait de vos machines gr\u00e2ce \u00e0 des commutateurs \u00e0 bascule et des joysticks pr\u00e9cis<\/h2>\n<p>Nous pouvons vous fournir des interrupteurs, des joysticks et d\u2019autres composants \u00e9lectrom\u00e9caniques destin\u00e9s \u00e0 l\u2019industrie a\u00e9rospatiale. Dans cette industrie, par exemple, divers interrupteurs sont utilis\u00e9s dans la technologie de commande du poste de pilotage, qui doit r\u00e9pondre aux normes \u00e9lev\u00e9es de s\u00e9curit\u00e9 a\u00e9rospatiale. Nous vous proposons un grand choix de diff\u00e9rents mod\u00e8les pour diff\u00e9rents domaines d\u2019application. Les interrupteurs \u00e0 bascule robustes sont disponibles, par exemple, en version \u00e0 effleurement et \u00e0 cran, ainsi qu\u2019avec un \u00e9clairage LED suppl\u00e9mentaire. Les microrupteurs de notre partenaire OTTO Controls ont \u00e9t\u00e9 d\u00e9velopp\u00e9s selon la norme MIL-PRF-8805\/94 et peuvent supporter jusqu\u2019\u00e0 un million d\u2019op\u00e9rations de commutation, selon la s\u00e9rie. Pour une commande pr\u00e9cise de la machine, utilisez \u00e9galement les joysticks de haute qualit\u00e9 de notre partenaire OTTO. Qu\u2019il s\u2019agisse d\u2019un joystick pour le pouce, d\u2019un simple ou triple essieu ou d\u2019une p\u00e9dale, les joysticks convainquent par leur fonctionnalit\u00e9 fiable et leur design convivial.<\/p>\n<p>Profitez de nos conseils comp\u00e9tents en mati\u00e8re de composants pour l\u2019industrie a\u00e9rospatiale et trouvez exactement les produits dont vous avez besoin.[\/vc_column_text][\/vc_column][\/vc_row]<\/p>\n<\/div>","protected":false},"excerpt":{"rendered":"<p>[vc_row full_width=\u00a0\u00bbstretch_row\u00a0\u00bb el_class=\u00a0\u00bbsection-grauverlauf\u00a0\u00bb][vc_column][vc_column_text] Composants a\u00e9rospatiaux chez ALDERS Commutateurs rotatifs, joysticks et autres composants de haute qualit\u00e9 [\/vc_column_text][vc_row_inner][vc_column_inner width=\u00a0\u00bb2\/3&Prime;][vc_column_text]Dans l\u2019industrie a\u00e9rospatiale, les composants \u00e9lectrom\u00e9caniques doivent r\u00e9sister \u00e0 des charges \u00e9lev\u00e9es et fonctionner avec une pr\u00e9cision et une fiabilit\u00e9 absolues. Vous pouvez donc compter exclusivement sur des produits de haute qualit\u00e9 qui r\u00e9pondent aux normes de qualit\u00e9 [&hellip;]<\/p>\n","protected":false},"author":1,"featured_media":0,"parent":280951,"menu_order":2,"comment_status":"closed","ping_status":"closed","template":"","meta":{"_acf_changed":false,"inline_featured_image":false,"footnotes":""},"class_list":["post-280996","page","type-page","status-publish","hentry"],"acf":[],"yoast_head":"<!-- This site is optimized with the Yoast SEO plugin v26.6 - https:\/\/yoast.com\/wordpress\/plugins\/seo\/ -->\n<title>Elektromechanische Bauteile f\u00fcr die Luft- und Raumfahrt<\/title>\n<meta name=\"description\" content=\"Im Sortiment von ALDERS erhalten Sie elektromechanische Bauteile f\u00fcr die Luft- und Raumfahrt, die sich durch ihre Robustheit und Pr\u00e4zision auszeichnen.\" \/>\n<meta name=\"robots\" content=\"noindex, follow, max-snippet:-1, max-image-preview:large, max-video-preview:-1\" \/>\n<meta property=\"og:locale\" content=\"fr_FR\" \/>\n<meta property=\"og:type\" content=\"article\" \/>\n<meta property=\"og:title\" content=\"Elektromechanische Bauteile f\u00fcr die Luft- und Raumfahrt\" \/>\n<meta property=\"og:description\" content=\"Im Sortiment von ALDERS erhalten Sie elektromechanische Bauteile f\u00fcr die Luft- und Raumfahrt, die sich durch ihre Robustheit und Pr\u00e4zision auszeichnen.\" \/>\n<meta property=\"og:url\" content=\"https:\/\/alders.p3group.de\/fr\/branches\/aerospatiale\/\" \/>\n<meta property=\"og:site_name\" content=\"ALDERS electronic GmbH\" \/>\n<meta property=\"article:publisher\" content=\"https:\/\/www.facebook.com\/Alders.electronic\/\" \/>\n<meta property=\"article:modified_time\" content=\"2021-12-10T12:27:13+00:00\" \/>\n<meta property=\"og:image\" content=\"https:\/\/alders.p3group.de\/wp-content\/uploads\/2021\/02\/alders-electronic-gmbh_logo.png\" \/>\n\t<meta property=\"og:image:width\" content=\"270\" \/>\n\t<meta property=\"og:image:height\" content=\"66\" \/>\n\t<meta property=\"og:image:type\" content=\"image\/png\" \/>\n<meta name=\"twitter:card\" content=\"summary_large_image\" \/>\n<meta name=\"twitter:label1\" content=\"Dur\u00e9e de lecture estim\u00e9e\" \/>\n\t<meta name=\"twitter:data1\" content=\"2 minutes\" \/>\n<script type=\"application\/ld+json\" class=\"yoast-schema-graph\">{\"@context\":\"https:\/\/schema.org\",\"@graph\":[{\"@type\":\"WebPage\",\"@id\":\"https:\/\/alders.p3group.de\/fr\/branches\/aerospatiale\/\",\"url\":\"https:\/\/alders.p3group.de\/fr\/branches\/aerospatiale\/\",\"name\":\"Elektromechanische Bauteile f\u00fcr die Luft- und Raumfahrt\",\"isPartOf\":{\"@id\":\"https:\/\/alders.p3group.de\/fr\/#website\"},\"datePublished\":\"2021-02-18T11:49:22+00:00\",\"dateModified\":\"2021-12-10T12:27:13+00:00\",\"description\":\"Im Sortiment von ALDERS erhalten Sie elektromechanische Bauteile f\u00fcr die Luft- und Raumfahrt, die sich durch ihre Robustheit und Pr\u00e4zision auszeichnen.\",\"breadcrumb\":{\"@id\":\"https:\/\/alders.p3group.de\/fr\/branches\/aerospatiale\/#breadcrumb\"},\"inLanguage\":\"fr-FR\",\"potentialAction\":[{\"@type\":\"ReadAction\",\"target\":[\"https:\/\/alders.p3group.de\/fr\/branches\/aerospatiale\/\"]}]},{\"@type\":\"BreadcrumbList\",\"@id\":\"https:\/\/alders.p3group.de\/fr\/branches\/aerospatiale\/#breadcrumb\",\"itemListElement\":[{\"@type\":\"ListItem\",\"position\":1,\"name\":\"ALDERS\",\"item\":\"https:\/\/alders.p3group.de\/fr\/\"},{\"@type\":\"ListItem\",\"position\":2,\"name\":\"Branches\",\"item\":\"https:\/\/alders.p3group.de\/fr\/branches\/\"},{\"@type\":\"ListItem\",\"position\":3,\"name\":\"Aerospatiale\"}]},{\"@type\":\"WebSite\",\"@id\":\"https:\/\/alders.p3group.de\/fr\/#website\",\"url\":\"https:\/\/alders.p3group.de\/fr\/\",\"name\":\"ALDERS electronic GmbH\",\"description\":\"Der Spezialist f\u00fcr elektromechanische L\u00f6sungen\",\"publisher\":{\"@id\":\"https:\/\/alders.p3group.de\/fr\/#organization\"},\"potentialAction\":[{\"@type\":\"SearchAction\",\"target\":{\"@type\":\"EntryPoint\",\"urlTemplate\":\"https:\/\/alders.p3group.de\/fr\/?s={search_term_string}\"},\"query-input\":{\"@type\":\"PropertyValueSpecification\",\"valueRequired\":true,\"valueName\":\"search_term_string\"}}],\"inLanguage\":\"fr-FR\"},{\"@type\":\"Organization\",\"@id\":\"https:\/\/alders.p3group.de\/fr\/#organization\",\"name\":\"ALDERS electronic GmbH\",\"url\":\"https:\/\/alders.p3group.de\/fr\/\",\"logo\":{\"@type\":\"ImageObject\",\"inLanguage\":\"fr-FR\",\"@id\":\"https:\/\/alders.p3group.de\/fr\/#\/schema\/logo\/image\/\",\"url\":\"https:\/\/alders.p3group.de\/wp-content\/uploads\/2022\/07\/Alders-logo-Komplett.png\",\"contentUrl\":\"https:\/\/alders.p3group.de\/wp-content\/uploads\/2022\/07\/Alders-logo-Komplett.png\",\"width\":1043,\"height\":253,\"caption\":\"ALDERS electronic GmbH\"},\"image\":{\"@id\":\"https:\/\/alders.p3group.de\/fr\/#\/schema\/logo\/image\/\"},\"sameAs\":[\"https:\/\/www.facebook.com\/Alders.electronic\/\",\"https:\/\/de.linkedin.com\/company\/alders-electronic-gmbh\",\"https:\/\/www.youtube.com\/channel\/UC-hR66wsAmKOdY03IokrlzA\",\"https:\/\/www.instagram.com\/alders.electronic\/\"]}]}<\/script>\n<!-- \/ Yoast SEO plugin. -->","yoast_head_json":{"title":"Elektromechanische Bauteile f\u00fcr die Luft- und Raumfahrt","description":"Im Sortiment von ALDERS erhalten Sie elektromechanische Bauteile f\u00fcr die Luft- und Raumfahrt, die sich durch ihre Robustheit und Pr\u00e4zision auszeichnen.","robots":{"index":"noindex","follow":"follow","max-snippet":"max-snippet:-1","max-image-preview":"max-image-preview:large","max-video-preview":"max-video-preview:-1"},"og_locale":"fr_FR","og_type":"article","og_title":"Elektromechanische Bauteile f\u00fcr die Luft- und Raumfahrt","og_description":"Im Sortiment von ALDERS erhalten Sie elektromechanische Bauteile f\u00fcr die Luft- und Raumfahrt, die sich durch ihre Robustheit und Pr\u00e4zision auszeichnen.","og_url":"https:\/\/alders.p3group.de\/fr\/branches\/aerospatiale\/","og_site_name":"ALDERS electronic GmbH","article_publisher":"https:\/\/www.facebook.com\/Alders.electronic\/","article_modified_time":"2021-12-10T12:27:13+00:00","og_image":[{"width":270,"height":66,"url":"https:\/\/alders.p3group.de\/wp-content\/uploads\/2021\/02\/alders-electronic-gmbh_logo.png","type":"image\/png"}],"twitter_card":"summary_large_image","twitter_misc":{"Dur\u00e9e de lecture estim\u00e9e":"2 minutes"},"schema":{"@context":"https:\/\/schema.org","@graph":[{"@type":"WebPage","@id":"https:\/\/alders.p3group.de\/fr\/branches\/aerospatiale\/","url":"https:\/\/alders.p3group.de\/fr\/branches\/aerospatiale\/","name":"Elektromechanische Bauteile f\u00fcr die Luft- und Raumfahrt","isPartOf":{"@id":"https:\/\/alders.p3group.de\/fr\/#website"},"datePublished":"2021-02-18T11:49:22+00:00","dateModified":"2021-12-10T12:27:13+00:00","description":"Im Sortiment von ALDERS erhalten Sie elektromechanische Bauteile f\u00fcr die Luft- und Raumfahrt, die sich durch ihre Robustheit und Pr\u00e4zision auszeichnen.","breadcrumb":{"@id":"https:\/\/alders.p3group.de\/fr\/branches\/aerospatiale\/#breadcrumb"},"inLanguage":"fr-FR","potentialAction":[{"@type":"ReadAction","target":["https:\/\/alders.p3group.de\/fr\/branches\/aerospatiale\/"]}]},{"@type":"BreadcrumbList","@id":"https:\/\/alders.p3group.de\/fr\/branches\/aerospatiale\/#breadcrumb","itemListElement":[{"@type":"ListItem","position":1,"name":"ALDERS","item":"https:\/\/alders.p3group.de\/fr\/"},{"@type":"ListItem","position":2,"name":"Branches","item":"https:\/\/alders.p3group.de\/fr\/branches\/"},{"@type":"ListItem","position":3,"name":"Aerospatiale"}]},{"@type":"WebSite","@id":"https:\/\/alders.p3group.de\/fr\/#website","url":"https:\/\/alders.p3group.de\/fr\/","name":"ALDERS electronic GmbH","description":"Der Spezialist f\u00fcr elektromechanische L\u00f6sungen","publisher":{"@id":"https:\/\/alders.p3group.de\/fr\/#organization"},"potentialAction":[{"@type":"SearchAction","target":{"@type":"EntryPoint","urlTemplate":"https:\/\/alders.p3group.de\/fr\/?s={search_term_string}"},"query-input":{"@type":"PropertyValueSpecification","valueRequired":true,"valueName":"search_term_string"}}],"inLanguage":"fr-FR"},{"@type":"Organization","@id":"https:\/\/alders.p3group.de\/fr\/#organization","name":"ALDERS electronic GmbH","url":"https:\/\/alders.p3group.de\/fr\/","logo":{"@type":"ImageObject","inLanguage":"fr-FR","@id":"https:\/\/alders.p3group.de\/fr\/#\/schema\/logo\/image\/","url":"https:\/\/alders.p3group.de\/wp-content\/uploads\/2022\/07\/Alders-logo-Komplett.png","contentUrl":"https:\/\/alders.p3group.de\/wp-content\/uploads\/2022\/07\/Alders-logo-Komplett.png","width":1043,"height":253,"caption":"ALDERS electronic GmbH"},"image":{"@id":"https:\/\/alders.p3group.de\/fr\/#\/schema\/logo\/image\/"},"sameAs":["https:\/\/www.facebook.com\/Alders.electronic\/","https:\/\/de.linkedin.com\/company\/alders-electronic-gmbh","https:\/\/www.youtube.com\/channel\/UC-hR66wsAmKOdY03IokrlzA","https:\/\/www.instagram.com\/alders.electronic\/"]}]}},"_links":{"self":[{"href":"https:\/\/alders.p3group.de\/fr\/wp-json\/wp\/v2\/pages\/280996","targetHints":{"allow":["GET"]}}],"collection":[{"href":"https:\/\/alders.p3group.de\/fr\/wp-json\/wp\/v2\/pages"}],"about":[{"href":"https:\/\/alders.p3group.de\/fr\/wp-json\/wp\/v2\/types\/page"}],"author":[{"embeddable":true,"href":"https:\/\/alders.p3group.de\/fr\/wp-json\/wp\/v2\/users\/1"}],"replies":[{"embeddable":true,"href":"https:\/\/alders.p3group.de\/fr\/wp-json\/wp\/v2\/comments?post=280996"}],"version-history":[{"count":10,"href":"https:\/\/alders.p3group.de\/fr\/wp-json\/wp\/v2\/pages\/280996\/revisions"}],"predecessor-version":[{"id":284198,"href":"https:\/\/alders.p3group.de\/fr\/wp-json\/wp\/v2\/pages\/280996\/revisions\/284198"}],"up":[{"embeddable":true,"href":"https:\/\/alders.p3group.de\/fr\/wp-json\/wp\/v2\/pages\/280951"}],"wp:attachment":[{"href":"https:\/\/alders.p3group.de\/fr\/wp-json\/wp\/v2\/media?parent=280996"}],"curies":[{"name":"wp","href":"https:\/\/api.w.org\/{rel}","templated":true}]}}