{"id":281011,"date":"2021-02-18T12:51:02","date_gmt":"2021-02-18T11:51:02","guid":{"rendered":"https:\/\/dev2.alders.de\/branches\/bau-und-landmaschinentechnik\/"},"modified":"2021-12-10T13:28:39","modified_gmt":"2021-12-10T12:28:39","slug":"machines-agricoles","status":"publish","type":"page","link":"https:\/\/alders.p3group.de\/fr\/branches\/machines-agricoles\/","title":{"rendered":"Machines agricoles"},"content":{"rendered":"<div class=\"wpb-content-wrapper\"><p>[vc_row full_width=\u00a0\u00bbstretch_row\u00a0\u00bb el_class=\u00a0\u00bbsection-grauverlauf\u00a0\u00bb][vc_column][vc_column_text]<\/p>\n<h1 style=\"text-align: center;\">Composants pour la technique du b\u00e2timent et des machines agricoles chez ALDERS<\/h1>\n<h2 style=\"text-align: center;\">Interrupteurs \u00e0 bascule et de nombreux autres composants pour des applications exigeantes<\/h2>\n<p>[\/vc_column_text][vc_row_inner][vc_column_inner width=\u00a0\u00bb2\/3&Prime;][vc_column_text]La salet\u00e9, l\u2019humidit\u00e9, la poussi\u00e8re et les fortes vibrations sont des contraintes auxquelles les composants \u00e9lectrom\u00e9caniques dans la construction et la technologie des machines agricoles sont quotidiennement expos\u00e9s. ALDERS vous propose des interrupteurs \u00e0 bascule, des boutons-poussoirs et des poign\u00e9es de commande fiables qui r\u00e9pondent parfaitement \u00e0 ces exigences. La dur\u00e9e de vie et la capacit\u00e9 de charge sont particuli\u00e8rement importantes pour les composants utilis\u00e9s. Les grosses machines qui traversent des terrains difficiles et impraticables sont expos\u00e9es \u00e0 des chocs, des vibrations ou de fortes salissures. Les produits de notre gamme sont donc synonymes de qualit\u00e9 et de durabilit\u00e9s maximales.<\/p>\n<p>Vous pouvez compter sur les accessoires de notre partenaire. Nous vous proposons des composants \u00e9lectrom\u00e9caniques de notre fournisseur OTTO Controls. Pour l\u2019utilisation de machines agricoles lourdes et de v\u00e9hicules lourds dans la construction ou l\u2019industrie, l\u2019entreprise fabrique des interrupteurs et des joysticks pr\u00e9cis et durables. Il est d\u2019autant plus important d\u2019assurer un contr\u00f4le pr\u00e9cis et s\u00fbr, en particulier avec des appareils de cette taille. Les commandes de l\u2019entreprise se sont r\u00e9v\u00e9l\u00e9es particuli\u00e8rement r\u00e9sistantes aux influences ext\u00e9rieures telles que l\u2019eau ou la salet\u00e9. D\u00e9couvrez notre vaste gamme et laissez-vous conseiller par notre \u00e9quipe d\u2019experts.[\/vc_column_text][\/vc_column_inner][vc_column_inner width=\u00a0\u00bb1\/3&Prime;][vc_single_image image=\u00a0\u00bb281012&Prime; img_size=\u00a0\u00bbfull\u00a0\u00bb][\/vc_column_inner][\/vc_row_inner][\/vc_column][\/vc_row][vc_row][vc_column][vc_row_inner][vc_column_inner][vc_column_text]<\/p>\n<h2 style=\"text-align: center;\">Joysticks et interrupteurs \u00e0 bascule \u2013 cela et bien plus encore dans notre gamme pour la technique de construction et de machines agricoles<\/h2>\n<p>[\/vc_column_text][\/vc_column_inner][\/vc_row_inner][\/vc_column][\/vc_row][vc_row equal_height=\u00a0\u00bbyes\u00a0\u00bb el_class=\u00a0\u00bbbranchen-row\u00a0\u00bb][vc_column offset=\u00a0\u00bbvc_col-md-4&Prime;][vc_row_inner el_class=\u00a0\u00bbbranchen-kachel-row\u00a0\u00bb][vc_column_inner][vc_column_text]<\/p>\n<h2 style=\"text-align: center;\"><a class=\"stretched-link\" href=\"https:\/\/alders.p3group.de\/fr\/produits\/bouton-de-commutation\/\">Bouton de commutation<\/a><\/h2>\n<p>[\/vc_column_text][vc_single_image image=\u00a0\u00bb281048&Prime; img_size=\u00a0\u00bbfull\u00a0\u00bb alignment=\u00a0\u00bbcenter\u00a0\u00bb][\/vc_column_inner][\/vc_row_inner][\/vc_column][vc_column css=\u00a0\u00bb.vc_custom_1619709840414{margin-right: 15px !important;margin-bottom: 30px !important;margin-left: 15px !important;padding-top: 250px !important;background-image: url(https:\/\/alders.p3group.de\/wp-content\/uploads\/2023\/01\/SB-11A-00.pdf2021\/04\/landmaschinentechnik.jpg?id=2710) !important;background-position: center !important;background-repeat: no-repeat !important;background-size: cover !important;}\u00a0\u00bb offset=\u00a0\u00bbvc_col-md-8&Prime;][\/vc_column][\/vc_row][vc_row equal_height=\u00a0\u00bbyes\u00a0\u00bb el_class=\u00a0\u00bbbranchen-row\u00a0\u00bb][vc_column offset=\u00a0\u00bbvc_col-md-4&Prime;][vc_row_inner el_class=\u00a0\u00bbbranchen-kachel-row\u00a0\u00bb][vc_column_inner][vc_column_text]<\/p>\n<h2 style=\"text-align: center;\"><a href=\"https:\/\/alders.p3group.de\/en\/products\/multi-function-grips\/control-handles\/\" target=\"\" rel=\"noopener\">Poign\u00e9es de commande<\/a><\/h2>\n<p>[\/vc_column_text][vc_single_image image=\u00a0\u00bb281097&Prime; img_size=\u00a0\u00bbfull\u00a0\u00bb alignment=\u00a0\u00bbcenter\u00a0\u00bb][\/vc_column_inner][vc_column_inner][vc_column_text]<\/p>\n<h2 style=\"text-align: center;\"><a class=\"stretched-link\" href=\"https:\/\/alders.p3group.de\/fr\/produits\/bouton-de-commutation\/poussoir\/\">Boutons poussoirs<\/a><\/h2>\n<p>[\/vc_column_text][vc_single_image image=\u00a0\u00bb281544&Prime; img_size=\u00a0\u00bbfull\u00a0\u00bb alignment=\u00a0\u00bbcenter\u00a0\u00bb][\/vc_column_inner][\/vc_row_inner][\/vc_column][vc_column css=\u00a0\u00bb.vc_custom_1619617833622{margin-right: 15px !important;margin-bottom: 30px !important;margin-left: 15px !important;padding-top: 270px !important;background-image: url(https:\/\/alders.p3group.de\/wp-content\/uploads\/2023\/01\/SB-11A-00.pdf2021\/04\/alders-branche-bautechnik-kran.jpg?id=2712) !important;background-position: center !important;background-repeat: no-repeat !important;background-size: cover !important;}\u00a0\u00bb offset=\u00a0\u00bbvc_col-md-8&Prime;][\/vc_column][\/vc_row][vc_row][vc_column][vc_column_text]<\/p>\n<div id=\"\" class=\" bg-transparent text-blue col-xl-12 col-lg-12 col-md-12 col-sm-12 col-xs-12\">\n<h2 style=\"text-align: center;\">Des machines fiables pour des r\u00e9sultats parfaits<\/h2>\n<\/div>\n<div id=\"\" class=\" bg-transparent text-grey col-xl-12 col-lg-12 col-md-12 col-sm-12 col-xs-12\">\n<p>&nbsp;<\/p>\n<p>L\u2019agriculture apporte une contribution importante \u00e0 la disponibilit\u00e9 de la nourriture. Les exigences quotidiennes impos\u00e9es aux machines et aux \u00e9quipements sont donc \u00e9lev\u00e9es. Sans le soutien technique, un approvisionnement complet en nourriture serait impensable. C\u2019est pourquoi nous faisons confiance \u00e0 l\u2019expertise de notre partenaire commercial.<\/p>\n<p>ALDERS conna\u00eet les exigences impos\u00e9es aux composants \u00e9lectrom\u00e9caniques pour la construction et la technique des machines agricoles. Les produits de notre partenaire sont utilis\u00e9s avec succ\u00e8s sur les chantiers de construction, dans l\u2019agriculture et la sylviculture ou dans l\u2019industrie. Ce sont tous des domaines dans lesquels la durabilit\u00e9 et la fiabilit\u00e9 sont d\u2019une grande importance. Vous pouvez donc compter sur des composants OTTO capables de r\u00e9sister aux conditions les plus d\u00e9favorables, telles que les chocs, les vibrations, l\u2019humidit\u00e9 et autres contraintes climatiques. Si vous avez des questions sur une gamme de produits sp\u00e9cifique, n\u2019h\u00e9sitez pas \u00e0 nous contacter.<\/p>\n<\/div>\n<p>[\/vc_column_text][\/vc_column][\/vc_row]<\/p>\n<\/div>","protected":false},"excerpt":{"rendered":"<p>[vc_row full_width=\u00a0\u00bbstretch_row\u00a0\u00bb el_class=\u00a0\u00bbsection-grauverlauf\u00a0\u00bb][vc_column][vc_column_text] Composants pour la technique du b\u00e2timent et des machines agricoles chez ALDERS Interrupteurs \u00e0 bascule et de nombreux autres composants pour des applications exigeantes [\/vc_column_text][vc_row_inner][vc_column_inner width=\u00a0\u00bb2\/3&Prime;][vc_column_text]La salet\u00e9, l\u2019humidit\u00e9, la poussi\u00e8re et les fortes vibrations sont des contraintes auxquelles les composants \u00e9lectrom\u00e9caniques dans la construction et la technologie des machines agricoles sont quotidiennement [&hellip;]<\/p>\n","protected":false},"author":1,"featured_media":0,"parent":280951,"menu_order":66,"comment_status":"closed","ping_status":"closed","template":"","meta":{"_acf_changed":false,"inline_featured_image":false,"footnotes":""},"class_list":["post-281011","page","type-page","status-publish","hentry"],"acf":[],"yoast_head":"<!-- This site is optimized with the Yoast SEO plugin v26.6 - https:\/\/yoast.com\/wordpress\/plugins\/seo\/ -->\n<title>Elektromechanische Elemente f\u00fcr Bau- und Landmaschinen<\/title>\n<meta name=\"description\" content=\"ALDERS bietet Ihnen zuverl\u00e4ssige Bauteile f\u00fcr die Bau- und Landmaschinentechnik. Die Produkte unserer Partner widerstehen selbst widrigsten Bedingungen.\" \/>\n<meta name=\"robots\" content=\"noindex, follow, max-snippet:-1, max-image-preview:large, max-video-preview:-1\" \/>\n<meta property=\"og:locale\" content=\"fr_FR\" \/>\n<meta property=\"og:type\" content=\"article\" \/>\n<meta property=\"og:title\" content=\"Elektromechanische Elemente f\u00fcr Bau- und Landmaschinen\" \/>\n<meta property=\"og:description\" content=\"ALDERS bietet Ihnen zuverl\u00e4ssige Bauteile f\u00fcr die Bau- und Landmaschinentechnik. Die Produkte unserer Partner widerstehen selbst widrigsten Bedingungen.\" \/>\n<meta property=\"og:url\" content=\"https:\/\/alders.p3group.de\/fr\/branches\/machines-agricoles\/\" \/>\n<meta property=\"og:site_name\" content=\"ALDERS electronic GmbH\" \/>\n<meta property=\"article:publisher\" content=\"https:\/\/www.facebook.com\/Alders.electronic\/\" \/>\n<meta property=\"article:modified_time\" content=\"2021-12-10T12:28:39+00:00\" \/>\n<meta property=\"og:image\" content=\"https:\/\/alders.p3group.de\/wp-content\/uploads\/2021\/02\/alders-electronic-gmbh_logo.png\" \/>\n\t<meta property=\"og:image:width\" content=\"270\" \/>\n\t<meta property=\"og:image:height\" content=\"66\" \/>\n\t<meta property=\"og:image:type\" content=\"image\/png\" \/>\n<meta name=\"twitter:card\" content=\"summary_large_image\" \/>\n<meta name=\"twitter:label1\" content=\"Dur\u00e9e de lecture estim\u00e9e\" \/>\n\t<meta name=\"twitter:data1\" content=\"3 minutes\" \/>\n<script type=\"application\/ld+json\" class=\"yoast-schema-graph\">{\"@context\":\"https:\/\/schema.org\",\"@graph\":[{\"@type\":\"WebPage\",\"@id\":\"https:\/\/alders.p3group.de\/fr\/branches\/machines-agricoles\/\",\"url\":\"https:\/\/alders.p3group.de\/fr\/branches\/machines-agricoles\/\",\"name\":\"Elektromechanische Elemente f\u00fcr Bau- und Landmaschinen\",\"isPartOf\":{\"@id\":\"https:\/\/alders.p3group.de\/fr\/#website\"},\"datePublished\":\"2021-02-18T11:51:02+00:00\",\"dateModified\":\"2021-12-10T12:28:39+00:00\",\"description\":\"ALDERS bietet Ihnen zuverl\u00e4ssige Bauteile f\u00fcr die Bau- und Landmaschinentechnik. Die Produkte unserer Partner widerstehen selbst widrigsten Bedingungen.\",\"breadcrumb\":{\"@id\":\"https:\/\/alders.p3group.de\/fr\/branches\/machines-agricoles\/#breadcrumb\"},\"inLanguage\":\"fr-FR\",\"potentialAction\":[{\"@type\":\"ReadAction\",\"target\":[\"https:\/\/alders.p3group.de\/fr\/branches\/machines-agricoles\/\"]}]},{\"@type\":\"BreadcrumbList\",\"@id\":\"https:\/\/alders.p3group.de\/fr\/branches\/machines-agricoles\/#breadcrumb\",\"itemListElement\":[{\"@type\":\"ListItem\",\"position\":1,\"name\":\"ALDERS\",\"item\":\"https:\/\/alders.p3group.de\/fr\/\"},{\"@type\":\"ListItem\",\"position\":2,\"name\":\"Branches\",\"item\":\"https:\/\/alders.p3group.de\/fr\/branches\/\"},{\"@type\":\"ListItem\",\"position\":3,\"name\":\"Machines agricoles\"}]},{\"@type\":\"WebSite\",\"@id\":\"https:\/\/alders.p3group.de\/fr\/#website\",\"url\":\"https:\/\/alders.p3group.de\/fr\/\",\"name\":\"ALDERS electronic GmbH\",\"description\":\"Der Spezialist f\u00fcr elektromechanische L\u00f6sungen\",\"publisher\":{\"@id\":\"https:\/\/alders.p3group.de\/fr\/#organization\"},\"potentialAction\":[{\"@type\":\"SearchAction\",\"target\":{\"@type\":\"EntryPoint\",\"urlTemplate\":\"https:\/\/alders.p3group.de\/fr\/?s={search_term_string}\"},\"query-input\":{\"@type\":\"PropertyValueSpecification\",\"valueRequired\":true,\"valueName\":\"search_term_string\"}}],\"inLanguage\":\"fr-FR\"},{\"@type\":\"Organization\",\"@id\":\"https:\/\/alders.p3group.de\/fr\/#organization\",\"name\":\"ALDERS electronic GmbH\",\"url\":\"https:\/\/alders.p3group.de\/fr\/\",\"logo\":{\"@type\":\"ImageObject\",\"inLanguage\":\"fr-FR\",\"@id\":\"https:\/\/alders.p3group.de\/fr\/#\/schema\/logo\/image\/\",\"url\":\"https:\/\/alders.p3group.de\/wp-content\/uploads\/2022\/07\/Alders-logo-Komplett.png\",\"contentUrl\":\"https:\/\/alders.p3group.de\/wp-content\/uploads\/2022\/07\/Alders-logo-Komplett.png\",\"width\":1043,\"height\":253,\"caption\":\"ALDERS electronic GmbH\"},\"image\":{\"@id\":\"https:\/\/alders.p3group.de\/fr\/#\/schema\/logo\/image\/\"},\"sameAs\":[\"https:\/\/www.facebook.com\/Alders.electronic\/\",\"https:\/\/de.linkedin.com\/company\/alders-electronic-gmbh\",\"https:\/\/www.youtube.com\/channel\/UC-hR66wsAmKOdY03IokrlzA\",\"https:\/\/www.instagram.com\/alders.electronic\/\"]}]}<\/script>\n<!-- \/ Yoast SEO plugin. -->","yoast_head_json":{"title":"Elektromechanische Elemente f\u00fcr Bau- und Landmaschinen","description":"ALDERS bietet Ihnen zuverl\u00e4ssige Bauteile f\u00fcr die Bau- und Landmaschinentechnik. Die Produkte unserer Partner widerstehen selbst widrigsten Bedingungen.","robots":{"index":"noindex","follow":"follow","max-snippet":"max-snippet:-1","max-image-preview":"max-image-preview:large","max-video-preview":"max-video-preview:-1"},"og_locale":"fr_FR","og_type":"article","og_title":"Elektromechanische Elemente f\u00fcr Bau- und Landmaschinen","og_description":"ALDERS bietet Ihnen zuverl\u00e4ssige Bauteile f\u00fcr die Bau- und Landmaschinentechnik. Die Produkte unserer Partner widerstehen selbst widrigsten Bedingungen.","og_url":"https:\/\/alders.p3group.de\/fr\/branches\/machines-agricoles\/","og_site_name":"ALDERS electronic GmbH","article_publisher":"https:\/\/www.facebook.com\/Alders.electronic\/","article_modified_time":"2021-12-10T12:28:39+00:00","og_image":[{"width":270,"height":66,"url":"https:\/\/alders.p3group.de\/wp-content\/uploads\/2021\/02\/alders-electronic-gmbh_logo.png","type":"image\/png"}],"twitter_card":"summary_large_image","twitter_misc":{"Dur\u00e9e de lecture estim\u00e9e":"3 minutes"},"schema":{"@context":"https:\/\/schema.org","@graph":[{"@type":"WebPage","@id":"https:\/\/alders.p3group.de\/fr\/branches\/machines-agricoles\/","url":"https:\/\/alders.p3group.de\/fr\/branches\/machines-agricoles\/","name":"Elektromechanische Elemente f\u00fcr Bau- und Landmaschinen","isPartOf":{"@id":"https:\/\/alders.p3group.de\/fr\/#website"},"datePublished":"2021-02-18T11:51:02+00:00","dateModified":"2021-12-10T12:28:39+00:00","description":"ALDERS bietet Ihnen zuverl\u00e4ssige Bauteile f\u00fcr die Bau- und Landmaschinentechnik. Die Produkte unserer Partner widerstehen selbst widrigsten Bedingungen.","breadcrumb":{"@id":"https:\/\/alders.p3group.de\/fr\/branches\/machines-agricoles\/#breadcrumb"},"inLanguage":"fr-FR","potentialAction":[{"@type":"ReadAction","target":["https:\/\/alders.p3group.de\/fr\/branches\/machines-agricoles\/"]}]},{"@type":"BreadcrumbList","@id":"https:\/\/alders.p3group.de\/fr\/branches\/machines-agricoles\/#breadcrumb","itemListElement":[{"@type":"ListItem","position":1,"name":"ALDERS","item":"https:\/\/alders.p3group.de\/fr\/"},{"@type":"ListItem","position":2,"name":"Branches","item":"https:\/\/alders.p3group.de\/fr\/branches\/"},{"@type":"ListItem","position":3,"name":"Machines agricoles"}]},{"@type":"WebSite","@id":"https:\/\/alders.p3group.de\/fr\/#website","url":"https:\/\/alders.p3group.de\/fr\/","name":"ALDERS electronic GmbH","description":"Der Spezialist f\u00fcr elektromechanische L\u00f6sungen","publisher":{"@id":"https:\/\/alders.p3group.de\/fr\/#organization"},"potentialAction":[{"@type":"SearchAction","target":{"@type":"EntryPoint","urlTemplate":"https:\/\/alders.p3group.de\/fr\/?s={search_term_string}"},"query-input":{"@type":"PropertyValueSpecification","valueRequired":true,"valueName":"search_term_string"}}],"inLanguage":"fr-FR"},{"@type":"Organization","@id":"https:\/\/alders.p3group.de\/fr\/#organization","name":"ALDERS electronic GmbH","url":"https:\/\/alders.p3group.de\/fr\/","logo":{"@type":"ImageObject","inLanguage":"fr-FR","@id":"https:\/\/alders.p3group.de\/fr\/#\/schema\/logo\/image\/","url":"https:\/\/alders.p3group.de\/wp-content\/uploads\/2022\/07\/Alders-logo-Komplett.png","contentUrl":"https:\/\/alders.p3group.de\/wp-content\/uploads\/2022\/07\/Alders-logo-Komplett.png","width":1043,"height":253,"caption":"ALDERS electronic GmbH"},"image":{"@id":"https:\/\/alders.p3group.de\/fr\/#\/schema\/logo\/image\/"},"sameAs":["https:\/\/www.facebook.com\/Alders.electronic\/","https:\/\/de.linkedin.com\/company\/alders-electronic-gmbh","https:\/\/www.youtube.com\/channel\/UC-hR66wsAmKOdY03IokrlzA","https:\/\/www.instagram.com\/alders.electronic\/"]}]}},"_links":{"self":[{"href":"https:\/\/alders.p3group.de\/fr\/wp-json\/wp\/v2\/pages\/281011","targetHints":{"allow":["GET"]}}],"collection":[{"href":"https:\/\/alders.p3group.de\/fr\/wp-json\/wp\/v2\/pages"}],"about":[{"href":"https:\/\/alders.p3group.de\/fr\/wp-json\/wp\/v2\/types\/page"}],"author":[{"embeddable":true,"href":"https:\/\/alders.p3group.de\/fr\/wp-json\/wp\/v2\/users\/1"}],"replies":[{"embeddable":true,"href":"https:\/\/alders.p3group.de\/fr\/wp-json\/wp\/v2\/comments?post=281011"}],"version-history":[{"count":8,"href":"https:\/\/alders.p3group.de\/fr\/wp-json\/wp\/v2\/pages\/281011\/revisions"}],"predecessor-version":[{"id":284199,"href":"https:\/\/alders.p3group.de\/fr\/wp-json\/wp\/v2\/pages\/281011\/revisions\/284199"}],"up":[{"embeddable":true,"href":"https:\/\/alders.p3group.de\/fr\/wp-json\/wp\/v2\/pages\/280951"}],"wp:attachment":[{"href":"https:\/\/alders.p3group.de\/fr\/wp-json\/wp\/v2\/media?parent=281011"}],"curies":[{"name":"wp","href":"https:\/\/api.w.org\/{rel}","templated":true}]}}