{"id":281033,"date":"2021-02-18T12:52:30","date_gmt":"2021-02-18T11:52:30","guid":{"rendered":"https:\/\/dev2.alders.de\/branches\/motorsport-und-automotive\/"},"modified":"2021-12-08T14:11:25","modified_gmt":"2021-12-08T13:11:25","slug":"sport-motorise-et-automobile","status":"publish","type":"page","link":"https:\/\/alders.p3group.de\/fr\/branches\/sport-motorise-et-automobile\/","title":{"rendered":"Sport motorise et automobile"},"content":{"rendered":"<div class=\"wpb-content-wrapper\"><p>[vc_row full_width=\u00a0\u00bbstretch_row\u00a0\u00bb el_class=\u00a0\u00bbsection-grauverlauf\u00a0\u00bb][vc_column][vc_column_text]<\/p>\n<h1 style=\"text-align: center;\">Syst\u00e8mes et \u00e9quipements pour le sport automobile et la voiture de tourisme<\/h1>\n<h2 style=\"text-align: center;\">Interrupteurs rotatifs et \u00e0 bascule pour la course automobile<\/h2>\n<p>[\/vc_column_text][vc_row_inner][vc_column_inner width=\u00a0\u00bb2\/3&Prime;][vc_column_text]ALDERS est votre fournisseur de composants \u00e9lectrom\u00e9caniques de premi\u00e8re classe pour diverses industries. Pour le secteur du sport automobile et de l\u2019automobile de tourisme, nous vous fournissons des interrupteurs pour les volants de direction et d\u2019autres composants pour les unit\u00e9s de commande et l\u2019\u00e9lectronique des v\u00e9hicules. La qualit\u00e9 et la fiabilit\u00e9 sont nos priorit\u00e9s absolues.<\/p>\n<p>C\u2019est pourquoi nous utilisons les commandes OTTO. Notre partenaire de distribution fabrique des interrupteurs \u00e0 bascule, \u00e0 levier ou rotatifs durables et innovants qui sont synonymes de durabilit\u00e9 et r\u00e9sistent \u00e0 de nombreuses op\u00e9rations de commutation.<\/p>\n<p>Chez ALDERS, le service est une priorit\u00e9 absolue. C\u2019est pourquoi notre \u00e9quipe comp\u00e9tente et experte est toujours \u00e0 votre disposition. Nous connaissons parfaitement les exigences individuelles des diff\u00e9rents secteurs d\u2019activit\u00e9 et pouvons vous aider \u00e0 trouver une solution sur mesure pour votre projet.[\/vc_column_text][\/vc_column_inner][vc_column_inner width=\u00a0\u00bb1\/3&Prime;][vc_single_image image=\u00a0\u00bb281036&Prime; img_size=\u00a0\u00bbfull\u00a0\u00bb][\/vc_column_inner][\/vc_row_inner][\/vc_column][\/vc_row][vc_row][vc_column][vc_row_inner][vc_column_inner][vc_column_text]<\/p>\n<h2 style=\"text-align: center;\">Divers interrupteurs pour les unit\u00e9s de commande des voitures de course<\/h2>\n<p>[\/vc_column_text][\/vc_column_inner][\/vc_row_inner][\/vc_column][\/vc_row][vc_row equal_height=\u00a0\u00bbyes\u00a0\u00bb el_class=\u00a0\u00bbbranchen-row\u00a0\u00bb][vc_column offset=\u00a0\u00bbvc_col-md-4&Prime;][vc_row_inner el_class=\u00a0\u00bbbranchen-kachel-row\u00a0\u00bb][vc_column_inner][vc_column_text]<\/p>\n<h2 style=\"text-align: center;\"><a class=\"stretched-link\" href=\"https:\/\/alders.p3group.de\/fr\/produits\/bouton-de-commutation\/selecteur-rotatif\/\">S\u00e9lecteur rotatif<\/a><\/h2>\n<h2 style=\"text-align: center;\"><\/h2>\n<p>[\/vc_column_text][vc_single_image image=\u00a0\u00bb282358&Prime; img_size=\u00a0\u00bbfull\u00a0\u00bb alignment=\u00a0\u00bbcenter\u00a0\u00bb][\/vc_column_inner][\/vc_row_inner][\/vc_column][vc_column css=\u00a0\u00bb.vc_custom_1620040258316{margin-right: 15px !important;margin-bottom: 30px !important;margin-left: 15px !important;padding-top: 250px !important;background-image: url(https:\/\/alders.p3group.de\/wp-content\/uploads\/2023\/01\/SB-11A-00.pdf2021\/05\/alders-branchen-motorsport-automotive-nascar.jpg?id=2997) !important;background-position: center !important;background-repeat: no-repeat !important;background-size: cover !important;}\u00a0\u00bb offset=\u00a0\u00bbvc_col-md-8&Prime;][\/vc_column][\/vc_row][vc_row equal_height=\u00a0\u00bbyes\u00a0\u00bb el_class=\u00a0\u00bbbranchen-row\u00a0\u00bb][vc_column offset=\u00a0\u00bbvc_col-md-4&Prime;][vc_row_inner el_class=\u00a0\u00bbbranchen-kachel-row\u00a0\u00bb][vc_column_inner][vc_column_text]<\/p>\n<h2 style=\"text-align: center;\"><a class=\"stretched-link\" href=\"https:\/\/alders.p3group.de\/fr\/produits\/bouton-de-commutation\/connecteur-homologue\/\">Connecteur homologue<\/a><\/h2>\n<p>[\/vc_column_text][vc_single_image image=\u00a0\u00bb281223&Prime; img_size=\u00a0\u00bbfull\u00a0\u00bb alignment=\u00a0\u00bbcenter\u00a0\u00bb][\/vc_column_inner][vc_column_inner][vc_column_text]<\/p>\n<h2 style=\"text-align: center;\"><a class=\"stretched-link\" href=\"https:\/\/alders.p3group.de\/fr\/produits\/bouton-de-commutation\/interrupteur-a-bascule\/\">Interrupteur \u00e0 bascule<\/a><\/h2>\n<p>[\/vc_column_text][vc_single_image image=\u00a0\u00bb281575&Prime; img_size=\u00a0\u00bbfull\u00a0\u00bb alignment=\u00a0\u00bbcenter\u00a0\u00bb][\/vc_column_inner][\/vc_row_inner][\/vc_column][vc_column css=\u00a0\u00bb.vc_custom_1620040385590{margin-right: 15px !important;margin-bottom: 30px !important;margin-left: 15px !important;padding-top: 270px !important;background-image: url(https:\/\/alders.p3group.de\/wp-content\/uploads\/2023\/01\/SB-11A-00.pdf2021\/05\/alders-branchen-motorsport-automotive-motorrad.jpg?id=2999) !important;background-position: center !important;background-repeat: no-repeat !important;background-size: cover !important;}\u00a0\u00bb offset=\u00a0\u00bbvc_col-md-8&Prime;][\/vc_column][\/vc_row][vc_row][vc_column][vc_column_text]<\/p>\n<div id=\"\" class=\" bg-transparent text-blue col-xl-12 col-lg-12 col-md-12 col-sm-12 col-xs-12\">\n<h2 style=\"text-align: center;\">Contr\u00f4le pr\u00e9cis des v\u00e9hicules dans le sport automobile<\/h2>\n<\/div>\n<div id=\"\" class=\" bg-transparent text-grey col-xl-12 col-lg-12 col-md-12 col-sm-12 col-xs-12\">\n<p>&nbsp;<\/p>\n<p>L\u2019habitacle d\u2019un v\u00e9hicule de sport automobile diff\u00e8re consid\u00e9rablement de celui d\u2019une voiture ordinaire. Le tableau de bord et le volant contiennent de nombreux interrupteurs qui doivent \u00eatre rapidement accessibles et permettre une utilisation intuitive dans des conditions extr\u00eames. Qu\u2019il s\u2019agisse d\u2019interrupteurs \u00e0 bascule avec volets de protection ou de simples interrupteurs \u00e0 bascule et rotatifs, en sport automobile, il s\u2019agit de secondes. C\u2019est pourquoi la fiabilit\u00e9 des composants utilis\u00e9s est une priorit\u00e9 absolue. Notre partenaire OTTO Controls est synonyme de production de syst\u00e8mes de commutation pr\u00e9cis et robustes.<\/p>\n<p>N\u2019h\u00e9sitez pas \u00e0 nous demander des informations compl\u00e9mentaires si vous avez d\u2019autres questions concernant notre gamme de produits, nous sommes \u00e0 votre disposition. Contacter-nous.<\/p>\n<\/div>\n<p>[\/vc_column_text][\/vc_column][\/vc_row]<\/p>\n<\/div>","protected":false},"excerpt":{"rendered":"<p>[vc_row full_width=\u00a0\u00bbstretch_row\u00a0\u00bb el_class=\u00a0\u00bbsection-grauverlauf\u00a0\u00bb][vc_column][vc_column_text] Syst\u00e8mes et \u00e9quipements pour le sport automobile et la voiture de tourisme Interrupteurs rotatifs et \u00e0 bascule pour la course automobile [\/vc_column_text][vc_row_inner][vc_column_inner width=\u00a0\u00bb2\/3&Prime;][vc_column_text]ALDERS est votre fournisseur de composants \u00e9lectrom\u00e9caniques de premi\u00e8re classe pour diverses industries. Pour le secteur du sport automobile et de l\u2019automobile de tourisme, nous vous fournissons des interrupteurs pour [&hellip;]<\/p>\n","protected":false},"author":1,"featured_media":0,"parent":280951,"menu_order":113,"comment_status":"closed","ping_status":"closed","template":"","meta":{"_acf_changed":false,"inline_featured_image":false,"footnotes":""},"class_list":["post-281033","page","type-page","status-publish","hentry"],"acf":[],"yoast_head":"<!-- This site is optimized with the Yoast SEO plugin v26.6 - https:\/\/yoast.com\/wordpress\/plugins\/seo\/ -->\n<title>Elektromechanische Bauteile von ALDERS f\u00fcr den Motorsport<\/title>\n<meta name=\"description\" content=\"Hochwertige Kipp- und Wippschalter sowie pr\u00e4zise Potentiometer oder Encoder sorgen f\u00fcr eine pr\u00e4zise Funktion der Steuerger\u00e4te von Rennsportfahrzeugen.\" \/>\n<meta name=\"robots\" content=\"noindex, follow, max-snippet:-1, max-image-preview:large, max-video-preview:-1\" \/>\n<meta property=\"og:locale\" content=\"fr_FR\" \/>\n<meta property=\"og:type\" content=\"article\" \/>\n<meta property=\"og:title\" content=\"Elektromechanische Bauteile von ALDERS f\u00fcr den Motorsport\" \/>\n<meta property=\"og:description\" content=\"Hochwertige Kipp- und Wippschalter sowie pr\u00e4zise Potentiometer oder Encoder sorgen f\u00fcr eine pr\u00e4zise Funktion der Steuerger\u00e4te von Rennsportfahrzeugen.\" \/>\n<meta property=\"og:url\" content=\"https:\/\/alders.p3group.de\/fr\/branches\/sport-motorise-et-automobile\/\" \/>\n<meta property=\"og:site_name\" content=\"ALDERS electronic GmbH\" \/>\n<meta property=\"article:publisher\" content=\"https:\/\/www.facebook.com\/Alders.electronic\/\" \/>\n<meta property=\"article:modified_time\" content=\"2021-12-08T13:11:25+00:00\" \/>\n<meta property=\"og:image\" content=\"https:\/\/alders.p3group.de\/wp-content\/uploads\/2021\/02\/alders-electronic-gmbh_logo.png\" \/>\n\t<meta property=\"og:image:width\" content=\"270\" \/>\n\t<meta property=\"og:image:height\" content=\"66\" \/>\n\t<meta property=\"og:image:type\" content=\"image\/png\" \/>\n<meta name=\"twitter:card\" content=\"summary_large_image\" \/>\n<meta name=\"twitter:label1\" content=\"Dur\u00e9e de lecture estim\u00e9e\" \/>\n\t<meta name=\"twitter:data1\" content=\"2 minutes\" \/>\n<script type=\"application\/ld+json\" class=\"yoast-schema-graph\">{\"@context\":\"https:\/\/schema.org\",\"@graph\":[{\"@type\":\"WebPage\",\"@id\":\"https:\/\/alders.p3group.de\/fr\/branches\/sport-motorise-et-automobile\/\",\"url\":\"https:\/\/alders.p3group.de\/fr\/branches\/sport-motorise-et-automobile\/\",\"name\":\"Elektromechanische Bauteile von ALDERS f\u00fcr den Motorsport\",\"isPartOf\":{\"@id\":\"https:\/\/alders.p3group.de\/fr\/#website\"},\"datePublished\":\"2021-02-18T11:52:30+00:00\",\"dateModified\":\"2021-12-08T13:11:25+00:00\",\"description\":\"Hochwertige Kipp- und Wippschalter sowie pr\u00e4zise Potentiometer oder Encoder sorgen f\u00fcr eine pr\u00e4zise Funktion der Steuerger\u00e4te von Rennsportfahrzeugen.\",\"breadcrumb\":{\"@id\":\"https:\/\/alders.p3group.de\/fr\/branches\/sport-motorise-et-automobile\/#breadcrumb\"},\"inLanguage\":\"fr-FR\",\"potentialAction\":[{\"@type\":\"ReadAction\",\"target\":[\"https:\/\/alders.p3group.de\/fr\/branches\/sport-motorise-et-automobile\/\"]}]},{\"@type\":\"BreadcrumbList\",\"@id\":\"https:\/\/alders.p3group.de\/fr\/branches\/sport-motorise-et-automobile\/#breadcrumb\",\"itemListElement\":[{\"@type\":\"ListItem\",\"position\":1,\"name\":\"ALDERS\",\"item\":\"https:\/\/alders.p3group.de\/fr\/\"},{\"@type\":\"ListItem\",\"position\":2,\"name\":\"Branches\",\"item\":\"https:\/\/alders.p3group.de\/fr\/branches\/\"},{\"@type\":\"ListItem\",\"position\":3,\"name\":\"Sport motorise et automobile\"}]},{\"@type\":\"WebSite\",\"@id\":\"https:\/\/alders.p3group.de\/fr\/#website\",\"url\":\"https:\/\/alders.p3group.de\/fr\/\",\"name\":\"ALDERS electronic GmbH\",\"description\":\"Der Spezialist f\u00fcr elektromechanische L\u00f6sungen\",\"publisher\":{\"@id\":\"https:\/\/alders.p3group.de\/fr\/#organization\"},\"potentialAction\":[{\"@type\":\"SearchAction\",\"target\":{\"@type\":\"EntryPoint\",\"urlTemplate\":\"https:\/\/alders.p3group.de\/fr\/?s={search_term_string}\"},\"query-input\":{\"@type\":\"PropertyValueSpecification\",\"valueRequired\":true,\"valueName\":\"search_term_string\"}}],\"inLanguage\":\"fr-FR\"},{\"@type\":\"Organization\",\"@id\":\"https:\/\/alders.p3group.de\/fr\/#organization\",\"name\":\"ALDERS electronic GmbH\",\"url\":\"https:\/\/alders.p3group.de\/fr\/\",\"logo\":{\"@type\":\"ImageObject\",\"inLanguage\":\"fr-FR\",\"@id\":\"https:\/\/alders.p3group.de\/fr\/#\/schema\/logo\/image\/\",\"url\":\"https:\/\/alders.p3group.de\/wp-content\/uploads\/2022\/07\/Alders-logo-Komplett.png\",\"contentUrl\":\"https:\/\/alders.p3group.de\/wp-content\/uploads\/2022\/07\/Alders-logo-Komplett.png\",\"width\":1043,\"height\":253,\"caption\":\"ALDERS electronic GmbH\"},\"image\":{\"@id\":\"https:\/\/alders.p3group.de\/fr\/#\/schema\/logo\/image\/\"},\"sameAs\":[\"https:\/\/www.facebook.com\/Alders.electronic\/\",\"https:\/\/de.linkedin.com\/company\/alders-electronic-gmbh\",\"https:\/\/www.youtube.com\/channel\/UC-hR66wsAmKOdY03IokrlzA\",\"https:\/\/www.instagram.com\/alders.electronic\/\"]}]}<\/script>\n<!-- \/ Yoast SEO plugin. -->","yoast_head_json":{"title":"Elektromechanische Bauteile von ALDERS f\u00fcr den Motorsport","description":"Hochwertige Kipp- und Wippschalter sowie pr\u00e4zise Potentiometer oder Encoder sorgen f\u00fcr eine pr\u00e4zise Funktion der Steuerger\u00e4te von Rennsportfahrzeugen.","robots":{"index":"noindex","follow":"follow","max-snippet":"max-snippet:-1","max-image-preview":"max-image-preview:large","max-video-preview":"max-video-preview:-1"},"og_locale":"fr_FR","og_type":"article","og_title":"Elektromechanische Bauteile von ALDERS f\u00fcr den Motorsport","og_description":"Hochwertige Kipp- und Wippschalter sowie pr\u00e4zise Potentiometer oder Encoder sorgen f\u00fcr eine pr\u00e4zise Funktion der Steuerger\u00e4te von Rennsportfahrzeugen.","og_url":"https:\/\/alders.p3group.de\/fr\/branches\/sport-motorise-et-automobile\/","og_site_name":"ALDERS electronic GmbH","article_publisher":"https:\/\/www.facebook.com\/Alders.electronic\/","article_modified_time":"2021-12-08T13:11:25+00:00","og_image":[{"width":270,"height":66,"url":"https:\/\/alders.p3group.de\/wp-content\/uploads\/2021\/02\/alders-electronic-gmbh_logo.png","type":"image\/png"}],"twitter_card":"summary_large_image","twitter_misc":{"Dur\u00e9e de lecture estim\u00e9e":"2 minutes"},"schema":{"@context":"https:\/\/schema.org","@graph":[{"@type":"WebPage","@id":"https:\/\/alders.p3group.de\/fr\/branches\/sport-motorise-et-automobile\/","url":"https:\/\/alders.p3group.de\/fr\/branches\/sport-motorise-et-automobile\/","name":"Elektromechanische Bauteile von ALDERS f\u00fcr den Motorsport","isPartOf":{"@id":"https:\/\/alders.p3group.de\/fr\/#website"},"datePublished":"2021-02-18T11:52:30+00:00","dateModified":"2021-12-08T13:11:25+00:00","description":"Hochwertige Kipp- und Wippschalter sowie pr\u00e4zise Potentiometer oder Encoder sorgen f\u00fcr eine pr\u00e4zise Funktion der Steuerger\u00e4te von Rennsportfahrzeugen.","breadcrumb":{"@id":"https:\/\/alders.p3group.de\/fr\/branches\/sport-motorise-et-automobile\/#breadcrumb"},"inLanguage":"fr-FR","potentialAction":[{"@type":"ReadAction","target":["https:\/\/alders.p3group.de\/fr\/branches\/sport-motorise-et-automobile\/"]}]},{"@type":"BreadcrumbList","@id":"https:\/\/alders.p3group.de\/fr\/branches\/sport-motorise-et-automobile\/#breadcrumb","itemListElement":[{"@type":"ListItem","position":1,"name":"ALDERS","item":"https:\/\/alders.p3group.de\/fr\/"},{"@type":"ListItem","position":2,"name":"Branches","item":"https:\/\/alders.p3group.de\/fr\/branches\/"},{"@type":"ListItem","position":3,"name":"Sport motorise et automobile"}]},{"@type":"WebSite","@id":"https:\/\/alders.p3group.de\/fr\/#website","url":"https:\/\/alders.p3group.de\/fr\/","name":"ALDERS electronic GmbH","description":"Der Spezialist f\u00fcr elektromechanische L\u00f6sungen","publisher":{"@id":"https:\/\/alders.p3group.de\/fr\/#organization"},"potentialAction":[{"@type":"SearchAction","target":{"@type":"EntryPoint","urlTemplate":"https:\/\/alders.p3group.de\/fr\/?s={search_term_string}"},"query-input":{"@type":"PropertyValueSpecification","valueRequired":true,"valueName":"search_term_string"}}],"inLanguage":"fr-FR"},{"@type":"Organization","@id":"https:\/\/alders.p3group.de\/fr\/#organization","name":"ALDERS electronic GmbH","url":"https:\/\/alders.p3group.de\/fr\/","logo":{"@type":"ImageObject","inLanguage":"fr-FR","@id":"https:\/\/alders.p3group.de\/fr\/#\/schema\/logo\/image\/","url":"https:\/\/alders.p3group.de\/wp-content\/uploads\/2022\/07\/Alders-logo-Komplett.png","contentUrl":"https:\/\/alders.p3group.de\/wp-content\/uploads\/2022\/07\/Alders-logo-Komplett.png","width":1043,"height":253,"caption":"ALDERS electronic GmbH"},"image":{"@id":"https:\/\/alders.p3group.de\/fr\/#\/schema\/logo\/image\/"},"sameAs":["https:\/\/www.facebook.com\/Alders.electronic\/","https:\/\/de.linkedin.com\/company\/alders-electronic-gmbh","https:\/\/www.youtube.com\/channel\/UC-hR66wsAmKOdY03IokrlzA","https:\/\/www.instagram.com\/alders.electronic\/"]}]}},"_links":{"self":[{"href":"https:\/\/alders.p3group.de\/fr\/wp-json\/wp\/v2\/pages\/281033","targetHints":{"allow":["GET"]}}],"collection":[{"href":"https:\/\/alders.p3group.de\/fr\/wp-json\/wp\/v2\/pages"}],"about":[{"href":"https:\/\/alders.p3group.de\/fr\/wp-json\/wp\/v2\/types\/page"}],"author":[{"embeddable":true,"href":"https:\/\/alders.p3group.de\/fr\/wp-json\/wp\/v2\/users\/1"}],"replies":[{"embeddable":true,"href":"https:\/\/alders.p3group.de\/fr\/wp-json\/wp\/v2\/comments?post=281033"}],"version-history":[{"count":9,"href":"https:\/\/alders.p3group.de\/fr\/wp-json\/wp\/v2\/pages\/281033\/revisions"}],"predecessor-version":[{"id":284170,"href":"https:\/\/alders.p3group.de\/fr\/wp-json\/wp\/v2\/pages\/281033\/revisions\/284170"}],"up":[{"embeddable":true,"href":"https:\/\/alders.p3group.de\/fr\/wp-json\/wp\/v2\/pages\/280951"}],"wp:attachment":[{"href":"https:\/\/alders.p3group.de\/fr\/wp-json\/wp\/v2\/media?parent=281033"}],"curies":[{"name":"wp","href":"https:\/\/api.w.org\/{rel}","templated":true}]}}