{"id":281263,"date":"2021-05-21T14:51:06","date_gmt":"2021-05-21T12:51:06","guid":{"rendered":"https:\/\/dev2.alders.de\/product\/otto-controls-drucktaster-p9m\/"},"modified":"2024-03-18T11:15:59","modified_gmt":"2024-03-18T10:15:59","slug":"otto-controls-bouton-poussoir-serie-p9m","status":"publish","type":"product","link":"https:\/\/alders.p3group.de\/fr\/produit\/otto-controls-bouton-poussoir-serie-p9m\/","title":{"rendered":"OTTO Controls bouton poussoir s\u00e9rie P9M"},"content":{"rendered":"<ul>\n<li>Etanche selon IPS68S<\/li>\n<li>Bo\u00eetier et capuchon en mati\u00e8re synth\u00e9tique<\/li>\n<li>Filetage standard 15\/32<\/li>\n<li>2 variantes de capuchon en brillant ou mat<\/li>\n<li>Conforme RoHs \/ WEEE \/ Reach<\/li>\n<\/ul>\n","protected":false},"excerpt":{"rendered":"<p>Le P9M est un petit bouton poussoir \u00e9tanche, id\u00e9al pour des applications marche\/arr\u00eat simples. Si vous appuyez \u00e0 nouveau sur ce bouton, il retournera sa position initiale. Les capuchons arrondis et sur\u00e9lev\u00e9s sont soit brillants, soit mats.<\/p>\n<p>Le P9M est \u00e9quip\u00e9 par d\u00e9faut d\u2019un bo\u00eetier filet\u00e9 15\/32, destin\u00e9 \u00e0 un \u00e9crou hexagonal, et pr\u00e9sente une faible profondeur de montage. Il offre un excellent rendement m\u00eame dans des conditions difficiles dans des applications exigeantes. Le P9M est un commutateur de pr\u00e9cision de haute qualit\u00e9 pour la commande de panneaux, de poign\u00e9es, d\u2019ordinateurs, d\u2019instruments et d\u2019autres applications n\u00e9cessitant des boutons poussoir attrayants, robustes et durables.<\/p>\n<p>&nbsp;<\/p>\n<h3><\/h3>\n","protected":false},"featured_media":281267,"template":"","meta":{"_acf_changed":false,"inline_featured_image":false},"product_brand":[],"product_cat":[397,386],"product_tag":[],"class_list":{"0":"post-281263","1":"product","2":"type-product","3":"status-publish","4":"has-post-thumbnail","6":"product_cat-poussoir","7":"product_cat-pressostat-et-bouton-poussoir","8":"pa_hersteller-otto-controls-fr","9":"pa_ip-schutzklasse-classe-de-protection-ip-68","11":"first","12":"instock","13":"shipping-taxable","14":"product-type-simple"},"acf":[],"yoast_head":"<!-- This site is optimized with the Yoast SEO plugin v26.6 - https:\/\/yoast.com\/wordpress\/plugins\/seo\/ -->\n<title>OTTO Controls bouton poussoir s\u00e9rie P9M - ALDERS electronic GmbH<\/title>\n<meta name=\"robots\" content=\"noindex, follow, max-snippet:-1, max-image-preview:large, max-video-preview:-1\" \/>\n<meta property=\"og:locale\" content=\"fr_FR\" \/>\n<meta property=\"og:type\" content=\"article\" \/>\n<meta property=\"og:title\" content=\"OTTO Controls bouton poussoir s\u00e9rie P9M - ALDERS electronic GmbH\" \/>\n<meta property=\"og:description\" content=\"Le P9M est un petit bouton poussoir \u00e9tanche, id\u00e9al pour des applications marche\/arr\u00eat simples. Si vous appuyez \u00e0 nouveau sur ce bouton, il retournera sa position initiale. Les capuchons arrondis et sur\u00e9lev\u00e9s sont soit brillants, soit mats.  Le P9M est \u00e9quip\u00e9 par d\u00e9faut d\u2019un bo\u00eetier filet\u00e9 15\/32, destin\u00e9 \u00e0 un \u00e9crou hexagonal, et pr\u00e9sente une faible profondeur de montage. Il offre un excellent rendement m\u00eame dans des conditions difficiles dans des applications exigeantes. Le P9M est un commutateur de pr\u00e9cision de haute qualit\u00e9 pour la commande de panneaux, de poign\u00e9es, d\u2019ordinateurs, d\u2019instruments et d\u2019autres applications n\u00e9cessitant des boutons poussoir attrayants, robustes et durables.  &nbsp;\" \/>\n<meta property=\"og:url\" content=\"https:\/\/alders.p3group.de\/fr\/produit\/otto-controls-bouton-poussoir-serie-p9m\/\" \/>\n<meta property=\"og:site_name\" content=\"ALDERS electronic GmbH\" \/>\n<meta property=\"article:publisher\" content=\"https:\/\/www.facebook.com\/Alders.electronic\/\" \/>\n<meta property=\"article:modified_time\" content=\"2024-03-18T10:15:59+00:00\" \/>\n<meta property=\"og:image\" content=\"https:\/\/alders.p3group.de\/wp-content\/uploads\/2021\/05\/alders-drucktaster-otto-controls-p9.jpg\" \/>\n\t<meta property=\"og:image:width\" content=\"138\" \/>\n\t<meta property=\"og:image:height\" content=\"138\" \/>\n\t<meta property=\"og:image:type\" content=\"image\/jpeg\" \/>\n<meta name=\"twitter:card\" content=\"summary_large_image\" \/>\n<meta name=\"twitter:label1\" content=\"Dur\u00e9e de lecture estim\u00e9e\" \/>\n\t<meta name=\"twitter:data1\" content=\"1 minute\" \/>\n<script type=\"application\/ld+json\" class=\"yoast-schema-graph\">{\"@context\":\"https:\/\/schema.org\",\"@graph\":[{\"@type\":\"WebPage\",\"@id\":\"https:\/\/alders.p3group.de\/fr\/produit\/otto-controls-bouton-poussoir-serie-p9m\/\",\"url\":\"https:\/\/alders.p3group.de\/fr\/produit\/otto-controls-bouton-poussoir-serie-p9m\/\",\"name\":\"OTTO Controls bouton poussoir s\u00e9rie P9M - ALDERS electronic GmbH\",\"isPartOf\":{\"@id\":\"https:\/\/alders.p3group.de\/fr\/#website\"},\"primaryImageOfPage\":{\"@id\":\"https:\/\/alders.p3group.de\/fr\/produit\/otto-controls-bouton-poussoir-serie-p9m\/#primaryimage\"},\"image\":{\"@id\":\"https:\/\/alders.p3group.de\/fr\/produit\/otto-controls-bouton-poussoir-serie-p9m\/#primaryimage\"},\"thumbnailUrl\":\"https:\/\/alders.p3group.de\/wp-content\/uploads\/2021\/05\/alders-drucktaster-otto-controls-p9.jpg\",\"datePublished\":\"2021-05-21T12:51:06+00:00\",\"dateModified\":\"2024-03-18T10:15:59+00:00\",\"breadcrumb\":{\"@id\":\"https:\/\/alders.p3group.de\/fr\/produit\/otto-controls-bouton-poussoir-serie-p9m\/#breadcrumb\"},\"inLanguage\":\"fr-FR\",\"potentialAction\":[{\"@type\":\"ReadAction\",\"target\":[\"https:\/\/alders.p3group.de\/fr\/produit\/otto-controls-bouton-poussoir-serie-p9m\/\"]}]},{\"@type\":\"ImageObject\",\"inLanguage\":\"fr-FR\",\"@id\":\"https:\/\/alders.p3group.de\/fr\/produit\/otto-controls-bouton-poussoir-serie-p9m\/#primaryimage\",\"url\":\"https:\/\/alders.p3group.de\/wp-content\/uploads\/2021\/05\/alders-drucktaster-otto-controls-p9.jpg\",\"contentUrl\":\"https:\/\/alders.p3group.de\/wp-content\/uploads\/2021\/05\/alders-drucktaster-otto-controls-p9.jpg\",\"width\":138,\"height\":138,\"caption\":\"OTTO Controls Drucktaster P9L serie IP\"},{\"@type\":\"BreadcrumbList\",\"@id\":\"https:\/\/alders.p3group.de\/fr\/produit\/otto-controls-bouton-poussoir-serie-p9m\/#breadcrumb\",\"itemListElement\":[{\"@type\":\"ListItem\",\"position\":1,\"name\":\"ALDERS\",\"item\":\"https:\/\/alders.p3group.de\/fr\/\"},{\"@type\":\"ListItem\",\"position\":2,\"name\":\"Catalogue\",\"item\":\"https:\/\/alders.p3group.de\/fr\/catalogue\/\"},{\"@type\":\"ListItem\",\"position\":3,\"name\":\"OTTO Controls bouton poussoir s\u00e9rie P9M\"}]},{\"@type\":\"WebSite\",\"@id\":\"https:\/\/alders.p3group.de\/fr\/#website\",\"url\":\"https:\/\/alders.p3group.de\/fr\/\",\"name\":\"ALDERS electronic GmbH\",\"description\":\"Der Spezialist f\u00fcr elektromechanische L\u00f6sungen\",\"publisher\":{\"@id\":\"https:\/\/alders.p3group.de\/fr\/#organization\"},\"potentialAction\":[{\"@type\":\"SearchAction\",\"target\":{\"@type\":\"EntryPoint\",\"urlTemplate\":\"https:\/\/alders.p3group.de\/fr\/?s={search_term_string}\"},\"query-input\":{\"@type\":\"PropertyValueSpecification\",\"valueRequired\":true,\"valueName\":\"search_term_string\"}}],\"inLanguage\":\"fr-FR\"},{\"@type\":\"Organization\",\"@id\":\"https:\/\/alders.p3group.de\/fr\/#organization\",\"name\":\"ALDERS electronic GmbH\",\"url\":\"https:\/\/alders.p3group.de\/fr\/\",\"logo\":{\"@type\":\"ImageObject\",\"inLanguage\":\"fr-FR\",\"@id\":\"https:\/\/alders.p3group.de\/fr\/#\/schema\/logo\/image\/\",\"url\":\"https:\/\/alders.p3group.de\/wp-content\/uploads\/2022\/07\/Alders-logo-Komplett.png\",\"contentUrl\":\"https:\/\/alders.p3group.de\/wp-content\/uploads\/2022\/07\/Alders-logo-Komplett.png\",\"width\":1043,\"height\":253,\"caption\":\"ALDERS electronic GmbH\"},\"image\":{\"@id\":\"https:\/\/alders.p3group.de\/fr\/#\/schema\/logo\/image\/\"},\"sameAs\":[\"https:\/\/www.facebook.com\/Alders.electronic\/\",\"https:\/\/de.linkedin.com\/company\/alders-electronic-gmbh\",\"https:\/\/www.youtube.com\/channel\/UC-hR66wsAmKOdY03IokrlzA\",\"https:\/\/www.instagram.com\/alders.electronic\/\"]}]}<\/script>\n<!-- \/ Yoast SEO plugin. -->","yoast_head_json":{"title":"OTTO Controls bouton poussoir s\u00e9rie P9M - ALDERS electronic GmbH","robots":{"index":"noindex","follow":"follow","max-snippet":"max-snippet:-1","max-image-preview":"max-image-preview:large","max-video-preview":"max-video-preview:-1"},"og_locale":"fr_FR","og_type":"article","og_title":"OTTO Controls bouton poussoir s\u00e9rie P9M - ALDERS electronic GmbH","og_description":"Le P9M est un petit bouton poussoir \u00e9tanche, id\u00e9al pour des applications marche\/arr\u00eat simples. Si vous appuyez \u00e0 nouveau sur ce bouton, il retournera sa position initiale. Les capuchons arrondis et sur\u00e9lev\u00e9s sont soit brillants, soit mats.  Le P9M est \u00e9quip\u00e9 par d\u00e9faut d\u2019un bo\u00eetier filet\u00e9 15\/32, destin\u00e9 \u00e0 un \u00e9crou hexagonal, et pr\u00e9sente une faible profondeur de montage. Il offre un excellent rendement m\u00eame dans des conditions difficiles dans des applications exigeantes. Le P9M est un commutateur de pr\u00e9cision de haute qualit\u00e9 pour la commande de panneaux, de poign\u00e9es, d\u2019ordinateurs, d\u2019instruments et d\u2019autres applications n\u00e9cessitant des boutons poussoir attrayants, robustes et durables.  &nbsp;","og_url":"https:\/\/alders.p3group.de\/fr\/produit\/otto-controls-bouton-poussoir-serie-p9m\/","og_site_name":"ALDERS electronic GmbH","article_publisher":"https:\/\/www.facebook.com\/Alders.electronic\/","article_modified_time":"2024-03-18T10:15:59+00:00","og_image":[{"width":138,"height":138,"url":"https:\/\/alders.p3group.de\/wp-content\/uploads\/2021\/05\/alders-drucktaster-otto-controls-p9.jpg","type":"image\/jpeg"}],"twitter_card":"summary_large_image","twitter_misc":{"Dur\u00e9e de lecture estim\u00e9e":"1 minute"},"schema":{"@context":"https:\/\/schema.org","@graph":[{"@type":"WebPage","@id":"https:\/\/alders.p3group.de\/fr\/produit\/otto-controls-bouton-poussoir-serie-p9m\/","url":"https:\/\/alders.p3group.de\/fr\/produit\/otto-controls-bouton-poussoir-serie-p9m\/","name":"OTTO Controls bouton poussoir s\u00e9rie P9M - ALDERS electronic GmbH","isPartOf":{"@id":"https:\/\/alders.p3group.de\/fr\/#website"},"primaryImageOfPage":{"@id":"https:\/\/alders.p3group.de\/fr\/produit\/otto-controls-bouton-poussoir-serie-p9m\/#primaryimage"},"image":{"@id":"https:\/\/alders.p3group.de\/fr\/produit\/otto-controls-bouton-poussoir-serie-p9m\/#primaryimage"},"thumbnailUrl":"https:\/\/alders.p3group.de\/wp-content\/uploads\/2021\/05\/alders-drucktaster-otto-controls-p9.jpg","datePublished":"2021-05-21T12:51:06+00:00","dateModified":"2024-03-18T10:15:59+00:00","breadcrumb":{"@id":"https:\/\/alders.p3group.de\/fr\/produit\/otto-controls-bouton-poussoir-serie-p9m\/#breadcrumb"},"inLanguage":"fr-FR","potentialAction":[{"@type":"ReadAction","target":["https:\/\/alders.p3group.de\/fr\/produit\/otto-controls-bouton-poussoir-serie-p9m\/"]}]},{"@type":"ImageObject","inLanguage":"fr-FR","@id":"https:\/\/alders.p3group.de\/fr\/produit\/otto-controls-bouton-poussoir-serie-p9m\/#primaryimage","url":"https:\/\/alders.p3group.de\/wp-content\/uploads\/2021\/05\/alders-drucktaster-otto-controls-p9.jpg","contentUrl":"https:\/\/alders.p3group.de\/wp-content\/uploads\/2021\/05\/alders-drucktaster-otto-controls-p9.jpg","width":138,"height":138,"caption":"OTTO Controls Drucktaster P9L serie IP"},{"@type":"BreadcrumbList","@id":"https:\/\/alders.p3group.de\/fr\/produit\/otto-controls-bouton-poussoir-serie-p9m\/#breadcrumb","itemListElement":[{"@type":"ListItem","position":1,"name":"ALDERS","item":"https:\/\/alders.p3group.de\/fr\/"},{"@type":"ListItem","position":2,"name":"Catalogue","item":"https:\/\/alders.p3group.de\/fr\/catalogue\/"},{"@type":"ListItem","position":3,"name":"OTTO Controls bouton poussoir s\u00e9rie P9M"}]},{"@type":"WebSite","@id":"https:\/\/alders.p3group.de\/fr\/#website","url":"https:\/\/alders.p3group.de\/fr\/","name":"ALDERS electronic GmbH","description":"Der Spezialist f\u00fcr elektromechanische L\u00f6sungen","publisher":{"@id":"https:\/\/alders.p3group.de\/fr\/#organization"},"potentialAction":[{"@type":"SearchAction","target":{"@type":"EntryPoint","urlTemplate":"https:\/\/alders.p3group.de\/fr\/?s={search_term_string}"},"query-input":{"@type":"PropertyValueSpecification","valueRequired":true,"valueName":"search_term_string"}}],"inLanguage":"fr-FR"},{"@type":"Organization","@id":"https:\/\/alders.p3group.de\/fr\/#organization","name":"ALDERS electronic GmbH","url":"https:\/\/alders.p3group.de\/fr\/","logo":{"@type":"ImageObject","inLanguage":"fr-FR","@id":"https:\/\/alders.p3group.de\/fr\/#\/schema\/logo\/image\/","url":"https:\/\/alders.p3group.de\/wp-content\/uploads\/2022\/07\/Alders-logo-Komplett.png","contentUrl":"https:\/\/alders.p3group.de\/wp-content\/uploads\/2022\/07\/Alders-logo-Komplett.png","width":1043,"height":253,"caption":"ALDERS electronic GmbH"},"image":{"@id":"https:\/\/alders.p3group.de\/fr\/#\/schema\/logo\/image\/"},"sameAs":["https:\/\/www.facebook.com\/Alders.electronic\/","https:\/\/de.linkedin.com\/company\/alders-electronic-gmbh","https:\/\/www.youtube.com\/channel\/UC-hR66wsAmKOdY03IokrlzA","https:\/\/www.instagram.com\/alders.electronic\/"]}]}},"_links":{"self":[{"href":"https:\/\/alders.p3group.de\/fr\/wp-json\/wp\/v2\/product\/281263","targetHints":{"allow":["GET"]}}],"collection":[{"href":"https:\/\/alders.p3group.de\/fr\/wp-json\/wp\/v2\/product"}],"about":[{"href":"https:\/\/alders.p3group.de\/fr\/wp-json\/wp\/v2\/types\/product"}],"wp:featuredmedia":[{"embeddable":true,"href":"https:\/\/alders.p3group.de\/fr\/wp-json\/wp\/v2\/media\/281267"}],"wp:attachment":[{"href":"https:\/\/alders.p3group.de\/fr\/wp-json\/wp\/v2\/media?parent=281263"}],"wp:term":[{"taxonomy":"product_brand","embeddable":true,"href":"https:\/\/alders.p3group.de\/fr\/wp-json\/wp\/v2\/product_brand?post=281263"},{"taxonomy":"product_cat","embeddable":true,"href":"https:\/\/alders.p3group.de\/fr\/wp-json\/wp\/v2\/product_cat?post=281263"},{"taxonomy":"product_tag","embeddable":true,"href":"https:\/\/alders.p3group.de\/fr\/wp-json\/wp\/v2\/product_tag?post=281263"}],"curies":[{"name":"wp","href":"https:\/\/api.w.org\/{rel}","templated":true}]}}