{"id":283787,"date":"2021-06-08T14:51:45","date_gmt":"2021-06-08T12:51:45","guid":{"rendered":"https:\/\/alders.de\/product\/nkk-switches-kipphebelschalter-s-serie-dual-seal\/"},"modified":"2021-12-14T12:07:08","modified_gmt":"2021-12-14T11:07:08","slug":"nkk-switches-kipphebelschalter-s-serie-dual-seal","status":"publish","type":"product","link":"https:\/\/alders.p3group.de\/fr\/produit\/nkk-switches-kipphebelschalter-s-serie-dual-seal\/","title":{"rendered":"NKK Switches s\u00e9rie S Dual Seal"},"content":{"rendered":"<ul>\n<li>IP68 selon IEC 60529<\/li>\n<li>Premier produit IP68 du fabricant<\/li>\n<li>Double protection par joint int\u00e9gr\u00e9 sur la tige + joint torique \u00e0 l\u2019int\u00e9rieur du commutateur. L\u2019\u00e9tanch\u00e9it\u00e9 sur le bas du panneau se fait comme d\u2019habitude par joint torique.<\/li>\n<li>Le levier restant assure une sensation de s\u00e9curit\u00e9.<\/li>\n<li>Int\u00e9ressant pour tous les march\u00e9s n\u00e9cessitant IP68 (transport, \u00e9quipements de construction, mais aussi t\u00e9l\u00e9commandes radio, etc.)<\/li>\n<\/ul>\n","protected":false},"excerpt":{"rendered":"<p>IP68 selon IEC 60529 Premier produit IP68 du fabricant Double protection par joint int\u00e9gr\u00e9 sur la tige + joint torique \u00e0 l\u2019int\u00e9rieur du commutateur. L\u2019\u00e9tanch\u00e9it\u00e9 sur le bas du panneau se fait comme d\u2019habitude par joint torique. Le levier restant assure une sensation de s\u00e9curit\u00e9. Int\u00e9ressant pour tous les march\u00e9s n\u00e9cessitant IP68 (transport, \u00e9quipements de [&hellip;]<\/p>\n","protected":false},"featured_media":281595,"template":"","meta":{"_acf_changed":false,"inline_featured_image":false},"product_brand":[],"product_cat":[398],"product_tag":[],"class_list":{"0":"post-283787","1":"product","2":"type-product","3":"status-publish","4":"has-post-thumbnail","6":"product_cat-interrupteur-a-bascule","7":"pa_hersteller-nkk-switches-fr","8":"pa_ip-schutzklasse-classe-de-protection-ip-68","10":"first","11":"instock","12":"shipping-taxable","13":"product-type-simple"},"acf":[],"yoast_head":"<!-- This site is optimized with the Yoast SEO plugin v26.6 - https:\/\/yoast.com\/wordpress\/plugins\/seo\/ -->\n<title>NKK Switches s\u00e9rie S Dual Seal - ALDERS electronic GmbH<\/title>\n<meta name=\"robots\" content=\"noindex, follow, max-snippet:-1, max-image-preview:large, max-video-preview:-1\" \/>\n<meta property=\"og:locale\" content=\"fr_FR\" \/>\n<meta property=\"og:type\" content=\"article\" \/>\n<meta property=\"og:title\" content=\"NKK Switches s\u00e9rie S Dual Seal - ALDERS electronic GmbH\" \/>\n<meta property=\"og:description\" content=\"IP68 selon IEC 60529 Premier produit IP68 du fabricant Double protection par joint int\u00e9gr\u00e9 sur la tige + joint torique \u00e0 l\u2019int\u00e9rieur du commutateur. L\u2019\u00e9tanch\u00e9it\u00e9 sur le bas du panneau se fait comme d\u2019habitude par joint torique. Le levier restant assure une sensation de s\u00e9curit\u00e9. Int\u00e9ressant pour tous les march\u00e9s n\u00e9cessitant IP68 (transport, \u00e9quipements de [&hellip;]\" \/>\n<meta property=\"og:url\" content=\"https:\/\/alders.p3group.de\/fr\/produit\/nkk-switches-kipphebelschalter-s-serie-dual-seal\/\" \/>\n<meta property=\"og:site_name\" content=\"ALDERS electronic GmbH\" \/>\n<meta property=\"article:publisher\" content=\"https:\/\/www.facebook.com\/Alders.electronic\/\" \/>\n<meta property=\"article:modified_time\" content=\"2021-12-14T11:07:08+00:00\" \/>\n<meta property=\"og:image\" content=\"https:\/\/alders.p3group.de\/wp-content\/uploads\/2021\/04\/s-dual-seal-waterproof-toggle-nkk-k-200x200-1.jpg\" \/>\n\t<meta property=\"og:image:width\" content=\"200\" \/>\n\t<meta property=\"og:image:height\" content=\"200\" \/>\n\t<meta property=\"og:image:type\" content=\"image\/jpeg\" \/>\n<meta name=\"twitter:card\" content=\"summary_large_image\" \/>\n<meta name=\"twitter:label1\" content=\"Dur\u00e9e de lecture estim\u00e9e\" \/>\n\t<meta name=\"twitter:data1\" content=\"1 minute\" \/>\n<script type=\"application\/ld+json\" class=\"yoast-schema-graph\">{\"@context\":\"https:\/\/schema.org\",\"@graph\":[{\"@type\":\"WebPage\",\"@id\":\"https:\/\/alders.p3group.de\/fr\/produit\/nkk-switches-kipphebelschalter-s-serie-dual-seal\/\",\"url\":\"https:\/\/alders.p3group.de\/fr\/produit\/nkk-switches-kipphebelschalter-s-serie-dual-seal\/\",\"name\":\"NKK Switches s\u00e9rie S Dual Seal - ALDERS electronic GmbH\",\"isPartOf\":{\"@id\":\"https:\/\/alders.p3group.de\/fr\/#website\"},\"primaryImageOfPage\":{\"@id\":\"https:\/\/alders.p3group.de\/fr\/produit\/nkk-switches-kipphebelschalter-s-serie-dual-seal\/#primaryimage\"},\"image\":{\"@id\":\"https:\/\/alders.p3group.de\/fr\/produit\/nkk-switches-kipphebelschalter-s-serie-dual-seal\/#primaryimage\"},\"thumbnailUrl\":\"https:\/\/alders.p3group.de\/wp-content\/uploads\/2021\/04\/s-dual-seal-waterproof-toggle-nkk-k-200x200-1.jpg\",\"datePublished\":\"2021-06-08T12:51:45+00:00\",\"dateModified\":\"2021-12-14T11:07:08+00:00\",\"breadcrumb\":{\"@id\":\"https:\/\/alders.p3group.de\/fr\/produit\/nkk-switches-kipphebelschalter-s-serie-dual-seal\/#breadcrumb\"},\"inLanguage\":\"fr-FR\",\"potentialAction\":[{\"@type\":\"ReadAction\",\"target\":[\"https:\/\/alders.p3group.de\/fr\/produit\/nkk-switches-kipphebelschalter-s-serie-dual-seal\/\"]}]},{\"@type\":\"ImageObject\",\"inLanguage\":\"fr-FR\",\"@id\":\"https:\/\/alders.p3group.de\/fr\/produit\/nkk-switches-kipphebelschalter-s-serie-dual-seal\/#primaryimage\",\"url\":\"https:\/\/alders.p3group.de\/wp-content\/uploads\/2021\/04\/s-dual-seal-waterproof-toggle-nkk-k-200x200-1.jpg\",\"contentUrl\":\"https:\/\/alders.p3group.de\/wp-content\/uploads\/2021\/04\/s-dual-seal-waterproof-toggle-nkk-k-200x200-1.jpg\",\"width\":200,\"height\":200},{\"@type\":\"BreadcrumbList\",\"@id\":\"https:\/\/alders.p3group.de\/fr\/produit\/nkk-switches-kipphebelschalter-s-serie-dual-seal\/#breadcrumb\",\"itemListElement\":[{\"@type\":\"ListItem\",\"position\":1,\"name\":\"ALDERS\",\"item\":\"https:\/\/alders.p3group.de\/fr\/\"},{\"@type\":\"ListItem\",\"position\":2,\"name\":\"Catalogue\",\"item\":\"https:\/\/alders.p3group.de\/fr\/catalogue\/\"},{\"@type\":\"ListItem\",\"position\":3,\"name\":\"NKK Switches s\u00e9rie S Dual Seal\"}]},{\"@type\":\"WebSite\",\"@id\":\"https:\/\/alders.p3group.de\/fr\/#website\",\"url\":\"https:\/\/alders.p3group.de\/fr\/\",\"name\":\"ALDERS electronic GmbH\",\"description\":\"Der Spezialist f\u00fcr elektromechanische L\u00f6sungen\",\"publisher\":{\"@id\":\"https:\/\/alders.p3group.de\/fr\/#organization\"},\"potentialAction\":[{\"@type\":\"SearchAction\",\"target\":{\"@type\":\"EntryPoint\",\"urlTemplate\":\"https:\/\/alders.p3group.de\/fr\/?s={search_term_string}\"},\"query-input\":{\"@type\":\"PropertyValueSpecification\",\"valueRequired\":true,\"valueName\":\"search_term_string\"}}],\"inLanguage\":\"fr-FR\"},{\"@type\":\"Organization\",\"@id\":\"https:\/\/alders.p3group.de\/fr\/#organization\",\"name\":\"ALDERS electronic GmbH\",\"url\":\"https:\/\/alders.p3group.de\/fr\/\",\"logo\":{\"@type\":\"ImageObject\",\"inLanguage\":\"fr-FR\",\"@id\":\"https:\/\/alders.p3group.de\/fr\/#\/schema\/logo\/image\/\",\"url\":\"https:\/\/alders.p3group.de\/wp-content\/uploads\/2022\/07\/Alders-logo-Komplett.png\",\"contentUrl\":\"https:\/\/alders.p3group.de\/wp-content\/uploads\/2022\/07\/Alders-logo-Komplett.png\",\"width\":1043,\"height\":253,\"caption\":\"ALDERS electronic GmbH\"},\"image\":{\"@id\":\"https:\/\/alders.p3group.de\/fr\/#\/schema\/logo\/image\/\"},\"sameAs\":[\"https:\/\/www.facebook.com\/Alders.electronic\/\",\"https:\/\/de.linkedin.com\/company\/alders-electronic-gmbh\",\"https:\/\/www.youtube.com\/channel\/UC-hR66wsAmKOdY03IokrlzA\",\"https:\/\/www.instagram.com\/alders.electronic\/\"]}]}<\/script>\n<!-- \/ Yoast SEO plugin. -->","yoast_head_json":{"title":"NKK Switches s\u00e9rie S Dual Seal - ALDERS electronic GmbH","robots":{"index":"noindex","follow":"follow","max-snippet":"max-snippet:-1","max-image-preview":"max-image-preview:large","max-video-preview":"max-video-preview:-1"},"og_locale":"fr_FR","og_type":"article","og_title":"NKK Switches s\u00e9rie S Dual Seal - ALDERS electronic GmbH","og_description":"IP68 selon IEC 60529 Premier produit IP68 du fabricant Double protection par joint int\u00e9gr\u00e9 sur la tige + joint torique \u00e0 l\u2019int\u00e9rieur du commutateur. L\u2019\u00e9tanch\u00e9it\u00e9 sur le bas du panneau se fait comme d\u2019habitude par joint torique. Le levier restant assure une sensation de s\u00e9curit\u00e9. Int\u00e9ressant pour tous les march\u00e9s n\u00e9cessitant IP68 (transport, \u00e9quipements de [&hellip;]","og_url":"https:\/\/alders.p3group.de\/fr\/produit\/nkk-switches-kipphebelschalter-s-serie-dual-seal\/","og_site_name":"ALDERS electronic GmbH","article_publisher":"https:\/\/www.facebook.com\/Alders.electronic\/","article_modified_time":"2021-12-14T11:07:08+00:00","og_image":[{"width":200,"height":200,"url":"https:\/\/alders.p3group.de\/wp-content\/uploads\/2021\/04\/s-dual-seal-waterproof-toggle-nkk-k-200x200-1.jpg","type":"image\/jpeg"}],"twitter_card":"summary_large_image","twitter_misc":{"Dur\u00e9e de lecture estim\u00e9e":"1 minute"},"schema":{"@context":"https:\/\/schema.org","@graph":[{"@type":"WebPage","@id":"https:\/\/alders.p3group.de\/fr\/produit\/nkk-switches-kipphebelschalter-s-serie-dual-seal\/","url":"https:\/\/alders.p3group.de\/fr\/produit\/nkk-switches-kipphebelschalter-s-serie-dual-seal\/","name":"NKK Switches s\u00e9rie S Dual Seal - ALDERS electronic GmbH","isPartOf":{"@id":"https:\/\/alders.p3group.de\/fr\/#website"},"primaryImageOfPage":{"@id":"https:\/\/alders.p3group.de\/fr\/produit\/nkk-switches-kipphebelschalter-s-serie-dual-seal\/#primaryimage"},"image":{"@id":"https:\/\/alders.p3group.de\/fr\/produit\/nkk-switches-kipphebelschalter-s-serie-dual-seal\/#primaryimage"},"thumbnailUrl":"https:\/\/alders.p3group.de\/wp-content\/uploads\/2021\/04\/s-dual-seal-waterproof-toggle-nkk-k-200x200-1.jpg","datePublished":"2021-06-08T12:51:45+00:00","dateModified":"2021-12-14T11:07:08+00:00","breadcrumb":{"@id":"https:\/\/alders.p3group.de\/fr\/produit\/nkk-switches-kipphebelschalter-s-serie-dual-seal\/#breadcrumb"},"inLanguage":"fr-FR","potentialAction":[{"@type":"ReadAction","target":["https:\/\/alders.p3group.de\/fr\/produit\/nkk-switches-kipphebelschalter-s-serie-dual-seal\/"]}]},{"@type":"ImageObject","inLanguage":"fr-FR","@id":"https:\/\/alders.p3group.de\/fr\/produit\/nkk-switches-kipphebelschalter-s-serie-dual-seal\/#primaryimage","url":"https:\/\/alders.p3group.de\/wp-content\/uploads\/2021\/04\/s-dual-seal-waterproof-toggle-nkk-k-200x200-1.jpg","contentUrl":"https:\/\/alders.p3group.de\/wp-content\/uploads\/2021\/04\/s-dual-seal-waterproof-toggle-nkk-k-200x200-1.jpg","width":200,"height":200},{"@type":"BreadcrumbList","@id":"https:\/\/alders.p3group.de\/fr\/produit\/nkk-switches-kipphebelschalter-s-serie-dual-seal\/#breadcrumb","itemListElement":[{"@type":"ListItem","position":1,"name":"ALDERS","item":"https:\/\/alders.p3group.de\/fr\/"},{"@type":"ListItem","position":2,"name":"Catalogue","item":"https:\/\/alders.p3group.de\/fr\/catalogue\/"},{"@type":"ListItem","position":3,"name":"NKK Switches s\u00e9rie S Dual Seal"}]},{"@type":"WebSite","@id":"https:\/\/alders.p3group.de\/fr\/#website","url":"https:\/\/alders.p3group.de\/fr\/","name":"ALDERS electronic GmbH","description":"Der Spezialist f\u00fcr elektromechanische L\u00f6sungen","publisher":{"@id":"https:\/\/alders.p3group.de\/fr\/#organization"},"potentialAction":[{"@type":"SearchAction","target":{"@type":"EntryPoint","urlTemplate":"https:\/\/alders.p3group.de\/fr\/?s={search_term_string}"},"query-input":{"@type":"PropertyValueSpecification","valueRequired":true,"valueName":"search_term_string"}}],"inLanguage":"fr-FR"},{"@type":"Organization","@id":"https:\/\/alders.p3group.de\/fr\/#organization","name":"ALDERS electronic GmbH","url":"https:\/\/alders.p3group.de\/fr\/","logo":{"@type":"ImageObject","inLanguage":"fr-FR","@id":"https:\/\/alders.p3group.de\/fr\/#\/schema\/logo\/image\/","url":"https:\/\/alders.p3group.de\/wp-content\/uploads\/2022\/07\/Alders-logo-Komplett.png","contentUrl":"https:\/\/alders.p3group.de\/wp-content\/uploads\/2022\/07\/Alders-logo-Komplett.png","width":1043,"height":253,"caption":"ALDERS electronic GmbH"},"image":{"@id":"https:\/\/alders.p3group.de\/fr\/#\/schema\/logo\/image\/"},"sameAs":["https:\/\/www.facebook.com\/Alders.electronic\/","https:\/\/de.linkedin.com\/company\/alders-electronic-gmbh","https:\/\/www.youtube.com\/channel\/UC-hR66wsAmKOdY03IokrlzA","https:\/\/www.instagram.com\/alders.electronic\/"]}]}},"_links":{"self":[{"href":"https:\/\/alders.p3group.de\/fr\/wp-json\/wp\/v2\/product\/283787","targetHints":{"allow":["GET"]}}],"collection":[{"href":"https:\/\/alders.p3group.de\/fr\/wp-json\/wp\/v2\/product"}],"about":[{"href":"https:\/\/alders.p3group.de\/fr\/wp-json\/wp\/v2\/types\/product"}],"wp:featuredmedia":[{"embeddable":true,"href":"https:\/\/alders.p3group.de\/fr\/wp-json\/wp\/v2\/media\/281595"}],"wp:attachment":[{"href":"https:\/\/alders.p3group.de\/fr\/wp-json\/wp\/v2\/media?parent=283787"}],"wp:term":[{"taxonomy":"product_brand","embeddable":true,"href":"https:\/\/alders.p3group.de\/fr\/wp-json\/wp\/v2\/product_brand?post=283787"},{"taxonomy":"product_cat","embeddable":true,"href":"https:\/\/alders.p3group.de\/fr\/wp-json\/wp\/v2\/product_cat?post=283787"},{"taxonomy":"product_tag","embeddable":true,"href":"https:\/\/alders.p3group.de\/fr\/wp-json\/wp\/v2\/product_tag?post=283787"}],"curies":[{"name":"wp","href":"https:\/\/api.w.org\/{rel}","templated":true}]}}