{"id":283861,"date":"2021-06-07T11:29:11","date_gmt":"2021-06-07T09:29:11","guid":{"rendered":"https:\/\/alders.de\/product\/nkk-switches-drucktaster-gb-serie\/"},"modified":"2021-11-02T15:41:50","modified_gmt":"2021-11-02T14:41:50","slug":"nkk-switches-drucktaster-gb-serie","status":"publish","type":"product","link":"https:\/\/alders.p3group.de\/fr\/produit\/nkk-switches-drucktaster-gb-serie\/","title":{"rendered":"NKK Switches s\u00e9rie GB"},"content":{"rendered":"<ul>\n<li>Pour montage sur circuit imprim\u00e9<\/li>\n<li>Disponible avec contacts coud\u00e9s \u00e0 90 \u00b0<\/li>\n<li>variantes unipolaire ou bipolaire<\/li>\n<\/ul>\n","protected":false},"excerpt":{"rendered":"<p>Pour montage sur circuit imprim\u00e9 Disponible avec contacts coud\u00e9s \u00e0 90 \u00b0 variantes unipolaire ou bipolaire<\/p>\n","protected":false},"featured_media":281760,"template":"","meta":{"_acf_changed":false,"inline_featured_image":false},"product_brand":[],"product_cat":[397],"product_tag":[],"class_list":{"0":"post-283861","1":"product","2":"type-product","3":"status-publish","4":"has-post-thumbnail","6":"product_cat-poussoir","7":"pa_hersteller-nkk-switches-fr","9":"first","10":"instock","11":"shipping-taxable","12":"product-type-simple"},"acf":[],"yoast_head":"<!-- This site is optimized with the Yoast SEO plugin v26.6 - https:\/\/yoast.com\/wordpress\/plugins\/seo\/ -->\n<title>NKK Switches s\u00e9rie GB - ALDERS electronic GmbH<\/title>\n<meta name=\"robots\" content=\"noindex, follow, max-snippet:-1, max-image-preview:large, max-video-preview:-1\" \/>\n<meta property=\"og:locale\" content=\"fr_FR\" \/>\n<meta property=\"og:type\" content=\"article\" \/>\n<meta property=\"og:title\" content=\"NKK Switches s\u00e9rie GB - ALDERS electronic GmbH\" \/>\n<meta property=\"og:description\" content=\"Pour montage sur circuit imprim\u00e9 Disponible avec contacts coud\u00e9s \u00e0 90 \u00b0 variantes unipolaire ou bipolaire\" \/>\n<meta property=\"og:url\" content=\"https:\/\/alders.p3group.de\/fr\/produit\/nkk-switches-drucktaster-gb-serie\/\" \/>\n<meta property=\"og:site_name\" content=\"ALDERS electronic GmbH\" \/>\n<meta property=\"article:publisher\" content=\"https:\/\/www.facebook.com\/Alders.electronic\/\" \/>\n<meta property=\"article:modified_time\" content=\"2021-11-02T14:41:50+00:00\" \/>\n<meta property=\"og:image\" content=\"https:\/\/alders.p3group.de\/wp-content\/uploads\/2021\/05\/alders-drucktaster-nkk-switches-gb.jpg\" \/>\n\t<meta property=\"og:image:width\" content=\"110\" \/>\n\t<meta property=\"og:image:height\" content=\"74\" \/>\n\t<meta property=\"og:image:type\" content=\"image\/jpeg\" \/>\n<meta name=\"twitter:card\" content=\"summary_large_image\" \/>\n<meta name=\"twitter:label1\" content=\"Dur\u00e9e de lecture estim\u00e9e\" \/>\n\t<meta name=\"twitter:data1\" content=\"1 minute\" \/>\n<script type=\"application\/ld+json\" class=\"yoast-schema-graph\">{\"@context\":\"https:\/\/schema.org\",\"@graph\":[{\"@type\":\"WebPage\",\"@id\":\"https:\/\/alders.p3group.de\/fr\/produit\/nkk-switches-drucktaster-gb-serie\/\",\"url\":\"https:\/\/alders.p3group.de\/fr\/produit\/nkk-switches-drucktaster-gb-serie\/\",\"name\":\"NKK Switches s\u00e9rie GB - ALDERS electronic GmbH\",\"isPartOf\":{\"@id\":\"https:\/\/alders.p3group.de\/fr\/#website\"},\"primaryImageOfPage\":{\"@id\":\"https:\/\/alders.p3group.de\/fr\/produit\/nkk-switches-drucktaster-gb-serie\/#primaryimage\"},\"image\":{\"@id\":\"https:\/\/alders.p3group.de\/fr\/produit\/nkk-switches-drucktaster-gb-serie\/#primaryimage\"},\"thumbnailUrl\":\"https:\/\/alders.p3group.de\/wp-content\/uploads\/2021\/05\/alders-drucktaster-nkk-switches-gb.jpg\",\"datePublished\":\"2021-06-07T09:29:11+00:00\",\"dateModified\":\"2021-11-02T14:41:50+00:00\",\"breadcrumb\":{\"@id\":\"https:\/\/alders.p3group.de\/fr\/produit\/nkk-switches-drucktaster-gb-serie\/#breadcrumb\"},\"inLanguage\":\"fr-FR\",\"potentialAction\":[{\"@type\":\"ReadAction\",\"target\":[\"https:\/\/alders.p3group.de\/fr\/produit\/nkk-switches-drucktaster-gb-serie\/\"]}]},{\"@type\":\"ImageObject\",\"inLanguage\":\"fr-FR\",\"@id\":\"https:\/\/alders.p3group.de\/fr\/produit\/nkk-switches-drucktaster-gb-serie\/#primaryimage\",\"url\":\"https:\/\/alders.p3group.de\/wp-content\/uploads\/2021\/05\/alders-drucktaster-nkk-switches-gb.jpg\",\"contentUrl\":\"https:\/\/alders.p3group.de\/wp-content\/uploads\/2021\/05\/alders-drucktaster-nkk-switches-gb.jpg\",\"width\":110,\"height\":74},{\"@type\":\"BreadcrumbList\",\"@id\":\"https:\/\/alders.p3group.de\/fr\/produit\/nkk-switches-drucktaster-gb-serie\/#breadcrumb\",\"itemListElement\":[{\"@type\":\"ListItem\",\"position\":1,\"name\":\"ALDERS\",\"item\":\"https:\/\/alders.p3group.de\/fr\/\"},{\"@type\":\"ListItem\",\"position\":2,\"name\":\"Catalogue\",\"item\":\"https:\/\/alders.p3group.de\/fr\/catalogue\/\"},{\"@type\":\"ListItem\",\"position\":3,\"name\":\"NKK Switches s\u00e9rie GB\"}]},{\"@type\":\"WebSite\",\"@id\":\"https:\/\/alders.p3group.de\/fr\/#website\",\"url\":\"https:\/\/alders.p3group.de\/fr\/\",\"name\":\"ALDERS electronic GmbH\",\"description\":\"Der Spezialist f\u00fcr elektromechanische L\u00f6sungen\",\"publisher\":{\"@id\":\"https:\/\/alders.p3group.de\/fr\/#organization\"},\"potentialAction\":[{\"@type\":\"SearchAction\",\"target\":{\"@type\":\"EntryPoint\",\"urlTemplate\":\"https:\/\/alders.p3group.de\/fr\/?s={search_term_string}\"},\"query-input\":{\"@type\":\"PropertyValueSpecification\",\"valueRequired\":true,\"valueName\":\"search_term_string\"}}],\"inLanguage\":\"fr-FR\"},{\"@type\":\"Organization\",\"@id\":\"https:\/\/alders.p3group.de\/fr\/#organization\",\"name\":\"ALDERS electronic GmbH\",\"url\":\"https:\/\/alders.p3group.de\/fr\/\",\"logo\":{\"@type\":\"ImageObject\",\"inLanguage\":\"fr-FR\",\"@id\":\"https:\/\/alders.p3group.de\/fr\/#\/schema\/logo\/image\/\",\"url\":\"https:\/\/alders.p3group.de\/wp-content\/uploads\/2022\/07\/Alders-logo-Komplett.png\",\"contentUrl\":\"https:\/\/alders.p3group.de\/wp-content\/uploads\/2022\/07\/Alders-logo-Komplett.png\",\"width\":1043,\"height\":253,\"caption\":\"ALDERS electronic GmbH\"},\"image\":{\"@id\":\"https:\/\/alders.p3group.de\/fr\/#\/schema\/logo\/image\/\"},\"sameAs\":[\"https:\/\/www.facebook.com\/Alders.electronic\/\",\"https:\/\/de.linkedin.com\/company\/alders-electronic-gmbh\",\"https:\/\/www.youtube.com\/channel\/UC-hR66wsAmKOdY03IokrlzA\",\"https:\/\/www.instagram.com\/alders.electronic\/\"]}]}<\/script>\n<!-- \/ Yoast SEO plugin. -->","yoast_head_json":{"title":"NKK Switches s\u00e9rie GB - ALDERS electronic GmbH","robots":{"index":"noindex","follow":"follow","max-snippet":"max-snippet:-1","max-image-preview":"max-image-preview:large","max-video-preview":"max-video-preview:-1"},"og_locale":"fr_FR","og_type":"article","og_title":"NKK Switches s\u00e9rie GB - ALDERS electronic GmbH","og_description":"Pour montage sur circuit imprim\u00e9 Disponible avec contacts coud\u00e9s \u00e0 90 \u00b0 variantes unipolaire ou bipolaire","og_url":"https:\/\/alders.p3group.de\/fr\/produit\/nkk-switches-drucktaster-gb-serie\/","og_site_name":"ALDERS electronic GmbH","article_publisher":"https:\/\/www.facebook.com\/Alders.electronic\/","article_modified_time":"2021-11-02T14:41:50+00:00","og_image":[{"width":110,"height":74,"url":"https:\/\/alders.p3group.de\/wp-content\/uploads\/2021\/05\/alders-drucktaster-nkk-switches-gb.jpg","type":"image\/jpeg"}],"twitter_card":"summary_large_image","twitter_misc":{"Dur\u00e9e de lecture estim\u00e9e":"1 minute"},"schema":{"@context":"https:\/\/schema.org","@graph":[{"@type":"WebPage","@id":"https:\/\/alders.p3group.de\/fr\/produit\/nkk-switches-drucktaster-gb-serie\/","url":"https:\/\/alders.p3group.de\/fr\/produit\/nkk-switches-drucktaster-gb-serie\/","name":"NKK Switches s\u00e9rie GB - ALDERS electronic GmbH","isPartOf":{"@id":"https:\/\/alders.p3group.de\/fr\/#website"},"primaryImageOfPage":{"@id":"https:\/\/alders.p3group.de\/fr\/produit\/nkk-switches-drucktaster-gb-serie\/#primaryimage"},"image":{"@id":"https:\/\/alders.p3group.de\/fr\/produit\/nkk-switches-drucktaster-gb-serie\/#primaryimage"},"thumbnailUrl":"https:\/\/alders.p3group.de\/wp-content\/uploads\/2021\/05\/alders-drucktaster-nkk-switches-gb.jpg","datePublished":"2021-06-07T09:29:11+00:00","dateModified":"2021-11-02T14:41:50+00:00","breadcrumb":{"@id":"https:\/\/alders.p3group.de\/fr\/produit\/nkk-switches-drucktaster-gb-serie\/#breadcrumb"},"inLanguage":"fr-FR","potentialAction":[{"@type":"ReadAction","target":["https:\/\/alders.p3group.de\/fr\/produit\/nkk-switches-drucktaster-gb-serie\/"]}]},{"@type":"ImageObject","inLanguage":"fr-FR","@id":"https:\/\/alders.p3group.de\/fr\/produit\/nkk-switches-drucktaster-gb-serie\/#primaryimage","url":"https:\/\/alders.p3group.de\/wp-content\/uploads\/2021\/05\/alders-drucktaster-nkk-switches-gb.jpg","contentUrl":"https:\/\/alders.p3group.de\/wp-content\/uploads\/2021\/05\/alders-drucktaster-nkk-switches-gb.jpg","width":110,"height":74},{"@type":"BreadcrumbList","@id":"https:\/\/alders.p3group.de\/fr\/produit\/nkk-switches-drucktaster-gb-serie\/#breadcrumb","itemListElement":[{"@type":"ListItem","position":1,"name":"ALDERS","item":"https:\/\/alders.p3group.de\/fr\/"},{"@type":"ListItem","position":2,"name":"Catalogue","item":"https:\/\/alders.p3group.de\/fr\/catalogue\/"},{"@type":"ListItem","position":3,"name":"NKK Switches s\u00e9rie GB"}]},{"@type":"WebSite","@id":"https:\/\/alders.p3group.de\/fr\/#website","url":"https:\/\/alders.p3group.de\/fr\/","name":"ALDERS electronic GmbH","description":"Der Spezialist f\u00fcr elektromechanische L\u00f6sungen","publisher":{"@id":"https:\/\/alders.p3group.de\/fr\/#organization"},"potentialAction":[{"@type":"SearchAction","target":{"@type":"EntryPoint","urlTemplate":"https:\/\/alders.p3group.de\/fr\/?s={search_term_string}"},"query-input":{"@type":"PropertyValueSpecification","valueRequired":true,"valueName":"search_term_string"}}],"inLanguage":"fr-FR"},{"@type":"Organization","@id":"https:\/\/alders.p3group.de\/fr\/#organization","name":"ALDERS electronic GmbH","url":"https:\/\/alders.p3group.de\/fr\/","logo":{"@type":"ImageObject","inLanguage":"fr-FR","@id":"https:\/\/alders.p3group.de\/fr\/#\/schema\/logo\/image\/","url":"https:\/\/alders.p3group.de\/wp-content\/uploads\/2022\/07\/Alders-logo-Komplett.png","contentUrl":"https:\/\/alders.p3group.de\/wp-content\/uploads\/2022\/07\/Alders-logo-Komplett.png","width":1043,"height":253,"caption":"ALDERS electronic GmbH"},"image":{"@id":"https:\/\/alders.p3group.de\/fr\/#\/schema\/logo\/image\/"},"sameAs":["https:\/\/www.facebook.com\/Alders.electronic\/","https:\/\/de.linkedin.com\/company\/alders-electronic-gmbh","https:\/\/www.youtube.com\/channel\/UC-hR66wsAmKOdY03IokrlzA","https:\/\/www.instagram.com\/alders.electronic\/"]}]}},"_links":{"self":[{"href":"https:\/\/alders.p3group.de\/fr\/wp-json\/wp\/v2\/product\/283861","targetHints":{"allow":["GET"]}}],"collection":[{"href":"https:\/\/alders.p3group.de\/fr\/wp-json\/wp\/v2\/product"}],"about":[{"href":"https:\/\/alders.p3group.de\/fr\/wp-json\/wp\/v2\/types\/product"}],"wp:featuredmedia":[{"embeddable":true,"href":"https:\/\/alders.p3group.de\/fr\/wp-json\/wp\/v2\/media\/281760"}],"wp:attachment":[{"href":"https:\/\/alders.p3group.de\/fr\/wp-json\/wp\/v2\/media?parent=283861"}],"wp:term":[{"taxonomy":"product_brand","embeddable":true,"href":"https:\/\/alders.p3group.de\/fr\/wp-json\/wp\/v2\/product_brand?post=283861"},{"taxonomy":"product_cat","embeddable":true,"href":"https:\/\/alders.p3group.de\/fr\/wp-json\/wp\/v2\/product_cat?post=283861"},{"taxonomy":"product_tag","embeddable":true,"href":"https:\/\/alders.p3group.de\/fr\/wp-json\/wp\/v2\/product_tag?post=283861"}],"curies":[{"name":"wp","href":"https:\/\/api.w.org\/{rel}","templated":true}]}}