{"id":283916,"date":"2021-06-16T09:21:37","date_gmt":"2021-06-16T07:21:37","guid":{"rendered":"https:\/\/alders.de\/product\/nkk-switches-wippschalter-oled\/"},"modified":"2021-11-03T09:13:44","modified_gmt":"2021-11-03T08:13:44","slug":"nkk-switches-wippschalter-oled","status":"publish","type":"product","link":"https:\/\/alders.p3group.de\/fr\/produit\/nkk-switches-wippschalter-oled\/","title":{"rendered":"NKK Switches Interrupteur \u00e0 bascule OLED"},"content":{"rendered":"<ul>\n<li>3 fonctions de pouss\u00e9e passent par un menu et en appuyant sur le display on confirme la saisie<\/li>\n<li>graphiques auto-programmables<\/li>\n<li>\u00e9cran OLED noir \/ blanc<\/li>\n<li>dur\u00e9e d\u2019affichage de 52 000 heures<\/li>\n<li>IP64<\/li>\n<li>Les graphiques peuvent \u00eatre contr\u00f4l\u00e9s via l\u2019interface SPI<\/li>\n<\/ul>\n","protected":false},"excerpt":{"rendered":"<p>L&rsquo;interrupteur \u00e0 bascule OLED contient trois fonctions de pression pour naviguer dans un menu et pour confirmer l&rsquo;entr\u00e9e en appuyant sur l&rsquo;\u00e9cran.<\/p>\n","protected":false},"featured_media":281918,"template":"","meta":{"_acf_changed":false,"inline_featured_image":false},"product_brand":[],"product_cat":[396,386],"product_tag":[],"class_list":{"0":"post-283916","1":"product","2":"type-product","3":"status-publish","4":"has-post-thumbnail","6":"product_cat-interrupteurs-a-bascule","7":"product_cat-pressostat-et-bouton-poussoir","8":"pa_hersteller-nkk-switches-fr","9":"pa_ip-schutzklasse-classe-de-protection-ip-64","11":"first","12":"instock","13":"shipping-taxable","14":"product-type-simple"},"acf":[],"yoast_head":"<!-- This site is optimized with the Yoast SEO plugin v26.6 - https:\/\/yoast.com\/wordpress\/plugins\/seo\/ -->\n<title>NKK Switches Interrupteur \u00e0 bascule OLED - ALDERS electronic GmbH<\/title>\n<meta name=\"robots\" content=\"noindex, follow, max-snippet:-1, max-image-preview:large, max-video-preview:-1\" \/>\n<meta property=\"og:locale\" content=\"fr_FR\" \/>\n<meta property=\"og:type\" content=\"article\" \/>\n<meta property=\"og:title\" content=\"NKK Switches Interrupteur \u00e0 bascule OLED - ALDERS electronic GmbH\" \/>\n<meta property=\"og:description\" content=\"L&#039;interrupteur \u00e0 bascule OLED contient trois fonctions de pression pour naviguer dans un menu et pour confirmer l&#039;entr\u00e9e en appuyant sur l&#039;\u00e9cran.\" \/>\n<meta property=\"og:url\" content=\"https:\/\/alders.p3group.de\/fr\/produit\/nkk-switches-wippschalter-oled\/\" \/>\n<meta property=\"og:site_name\" content=\"ALDERS electronic GmbH\" \/>\n<meta property=\"article:publisher\" content=\"https:\/\/www.facebook.com\/Alders.electronic\/\" \/>\n<meta property=\"article:modified_time\" content=\"2021-11-03T08:13:44+00:00\" \/>\n<meta property=\"og:image\" content=\"https:\/\/alders.p3group.de\/wp-content\/uploads\/2021\/05\/alders-wippschalter-nkk-switches-oled-e1520264203659.jpg\" \/>\n\t<meta property=\"og:image:width\" content=\"225\" \/>\n\t<meta property=\"og:image:height\" content=\"150\" \/>\n\t<meta property=\"og:image:type\" content=\"image\/jpeg\" \/>\n<meta name=\"twitter:card\" content=\"summary_large_image\" \/>\n<meta name=\"twitter:label1\" content=\"Dur\u00e9e de lecture estim\u00e9e\" \/>\n\t<meta name=\"twitter:data1\" content=\"1 minute\" \/>\n<script type=\"application\/ld+json\" class=\"yoast-schema-graph\">{\"@context\":\"https:\/\/schema.org\",\"@graph\":[{\"@type\":\"WebPage\",\"@id\":\"https:\/\/alders.p3group.de\/fr\/produit\/nkk-switches-wippschalter-oled\/\",\"url\":\"https:\/\/alders.p3group.de\/fr\/produit\/nkk-switches-wippschalter-oled\/\",\"name\":\"NKK Switches Interrupteur \u00e0 bascule OLED - ALDERS electronic GmbH\",\"isPartOf\":{\"@id\":\"https:\/\/alders.p3group.de\/fr\/#website\"},\"primaryImageOfPage\":{\"@id\":\"https:\/\/alders.p3group.de\/fr\/produit\/nkk-switches-wippschalter-oled\/#primaryimage\"},\"image\":{\"@id\":\"https:\/\/alders.p3group.de\/fr\/produit\/nkk-switches-wippschalter-oled\/#primaryimage\"},\"thumbnailUrl\":\"https:\/\/alders.p3group.de\/wp-content\/uploads\/2021\/05\/alders-wippschalter-nkk-switches-oled-e1520264203659.jpg\",\"datePublished\":\"2021-06-16T07:21:37+00:00\",\"dateModified\":\"2021-11-03T08:13:44+00:00\",\"breadcrumb\":{\"@id\":\"https:\/\/alders.p3group.de\/fr\/produit\/nkk-switches-wippschalter-oled\/#breadcrumb\"},\"inLanguage\":\"fr-FR\",\"potentialAction\":[{\"@type\":\"ReadAction\",\"target\":[\"https:\/\/alders.p3group.de\/fr\/produit\/nkk-switches-wippschalter-oled\/\"]}]},{\"@type\":\"ImageObject\",\"inLanguage\":\"fr-FR\",\"@id\":\"https:\/\/alders.p3group.de\/fr\/produit\/nkk-switches-wippschalter-oled\/#primaryimage\",\"url\":\"https:\/\/alders.p3group.de\/wp-content\/uploads\/2021\/05\/alders-wippschalter-nkk-switches-oled-e1520264203659.jpg\",\"contentUrl\":\"https:\/\/alders.p3group.de\/wp-content\/uploads\/2021\/05\/alders-wippschalter-nkk-switches-oled-e1520264203659.jpg\",\"width\":225,\"height\":150},{\"@type\":\"BreadcrumbList\",\"@id\":\"https:\/\/alders.p3group.de\/fr\/produit\/nkk-switches-wippschalter-oled\/#breadcrumb\",\"itemListElement\":[{\"@type\":\"ListItem\",\"position\":1,\"name\":\"ALDERS\",\"item\":\"https:\/\/alders.p3group.de\/fr\/\"},{\"@type\":\"ListItem\",\"position\":2,\"name\":\"Catalogue\",\"item\":\"https:\/\/alders.p3group.de\/fr\/catalogue\/\"},{\"@type\":\"ListItem\",\"position\":3,\"name\":\"NKK Switches Interrupteur \u00e0 bascule OLED\"}]},{\"@type\":\"WebSite\",\"@id\":\"https:\/\/alders.p3group.de\/fr\/#website\",\"url\":\"https:\/\/alders.p3group.de\/fr\/\",\"name\":\"ALDERS electronic GmbH\",\"description\":\"Der Spezialist f\u00fcr elektromechanische L\u00f6sungen\",\"publisher\":{\"@id\":\"https:\/\/alders.p3group.de\/fr\/#organization\"},\"potentialAction\":[{\"@type\":\"SearchAction\",\"target\":{\"@type\":\"EntryPoint\",\"urlTemplate\":\"https:\/\/alders.p3group.de\/fr\/?s={search_term_string}\"},\"query-input\":{\"@type\":\"PropertyValueSpecification\",\"valueRequired\":true,\"valueName\":\"search_term_string\"}}],\"inLanguage\":\"fr-FR\"},{\"@type\":\"Organization\",\"@id\":\"https:\/\/alders.p3group.de\/fr\/#organization\",\"name\":\"ALDERS electronic GmbH\",\"url\":\"https:\/\/alders.p3group.de\/fr\/\",\"logo\":{\"@type\":\"ImageObject\",\"inLanguage\":\"fr-FR\",\"@id\":\"https:\/\/alders.p3group.de\/fr\/#\/schema\/logo\/image\/\",\"url\":\"https:\/\/alders.p3group.de\/wp-content\/uploads\/2022\/07\/Alders-logo-Komplett.png\",\"contentUrl\":\"https:\/\/alders.p3group.de\/wp-content\/uploads\/2022\/07\/Alders-logo-Komplett.png\",\"width\":1043,\"height\":253,\"caption\":\"ALDERS electronic GmbH\"},\"image\":{\"@id\":\"https:\/\/alders.p3group.de\/fr\/#\/schema\/logo\/image\/\"},\"sameAs\":[\"https:\/\/www.facebook.com\/Alders.electronic\/\",\"https:\/\/de.linkedin.com\/company\/alders-electronic-gmbh\",\"https:\/\/www.youtube.com\/channel\/UC-hR66wsAmKOdY03IokrlzA\",\"https:\/\/www.instagram.com\/alders.electronic\/\"]}]}<\/script>\n<!-- \/ Yoast SEO plugin. -->","yoast_head_json":{"title":"NKK Switches Interrupteur \u00e0 bascule OLED - ALDERS electronic GmbH","robots":{"index":"noindex","follow":"follow","max-snippet":"max-snippet:-1","max-image-preview":"max-image-preview:large","max-video-preview":"max-video-preview:-1"},"og_locale":"fr_FR","og_type":"article","og_title":"NKK Switches Interrupteur \u00e0 bascule OLED - ALDERS electronic GmbH","og_description":"L'interrupteur \u00e0 bascule OLED contient trois fonctions de pression pour naviguer dans un menu et pour confirmer l'entr\u00e9e en appuyant sur l'\u00e9cran.","og_url":"https:\/\/alders.p3group.de\/fr\/produit\/nkk-switches-wippschalter-oled\/","og_site_name":"ALDERS electronic GmbH","article_publisher":"https:\/\/www.facebook.com\/Alders.electronic\/","article_modified_time":"2021-11-03T08:13:44+00:00","og_image":[{"width":225,"height":150,"url":"https:\/\/alders.p3group.de\/wp-content\/uploads\/2021\/05\/alders-wippschalter-nkk-switches-oled-e1520264203659.jpg","type":"image\/jpeg"}],"twitter_card":"summary_large_image","twitter_misc":{"Dur\u00e9e de lecture estim\u00e9e":"1 minute"},"schema":{"@context":"https:\/\/schema.org","@graph":[{"@type":"WebPage","@id":"https:\/\/alders.p3group.de\/fr\/produit\/nkk-switches-wippschalter-oled\/","url":"https:\/\/alders.p3group.de\/fr\/produit\/nkk-switches-wippschalter-oled\/","name":"NKK Switches Interrupteur \u00e0 bascule OLED - ALDERS electronic GmbH","isPartOf":{"@id":"https:\/\/alders.p3group.de\/fr\/#website"},"primaryImageOfPage":{"@id":"https:\/\/alders.p3group.de\/fr\/produit\/nkk-switches-wippschalter-oled\/#primaryimage"},"image":{"@id":"https:\/\/alders.p3group.de\/fr\/produit\/nkk-switches-wippschalter-oled\/#primaryimage"},"thumbnailUrl":"https:\/\/alders.p3group.de\/wp-content\/uploads\/2021\/05\/alders-wippschalter-nkk-switches-oled-e1520264203659.jpg","datePublished":"2021-06-16T07:21:37+00:00","dateModified":"2021-11-03T08:13:44+00:00","breadcrumb":{"@id":"https:\/\/alders.p3group.de\/fr\/produit\/nkk-switches-wippschalter-oled\/#breadcrumb"},"inLanguage":"fr-FR","potentialAction":[{"@type":"ReadAction","target":["https:\/\/alders.p3group.de\/fr\/produit\/nkk-switches-wippschalter-oled\/"]}]},{"@type":"ImageObject","inLanguage":"fr-FR","@id":"https:\/\/alders.p3group.de\/fr\/produit\/nkk-switches-wippschalter-oled\/#primaryimage","url":"https:\/\/alders.p3group.de\/wp-content\/uploads\/2021\/05\/alders-wippschalter-nkk-switches-oled-e1520264203659.jpg","contentUrl":"https:\/\/alders.p3group.de\/wp-content\/uploads\/2021\/05\/alders-wippschalter-nkk-switches-oled-e1520264203659.jpg","width":225,"height":150},{"@type":"BreadcrumbList","@id":"https:\/\/alders.p3group.de\/fr\/produit\/nkk-switches-wippschalter-oled\/#breadcrumb","itemListElement":[{"@type":"ListItem","position":1,"name":"ALDERS","item":"https:\/\/alders.p3group.de\/fr\/"},{"@type":"ListItem","position":2,"name":"Catalogue","item":"https:\/\/alders.p3group.de\/fr\/catalogue\/"},{"@type":"ListItem","position":3,"name":"NKK Switches Interrupteur \u00e0 bascule OLED"}]},{"@type":"WebSite","@id":"https:\/\/alders.p3group.de\/fr\/#website","url":"https:\/\/alders.p3group.de\/fr\/","name":"ALDERS electronic GmbH","description":"Der Spezialist f\u00fcr elektromechanische L\u00f6sungen","publisher":{"@id":"https:\/\/alders.p3group.de\/fr\/#organization"},"potentialAction":[{"@type":"SearchAction","target":{"@type":"EntryPoint","urlTemplate":"https:\/\/alders.p3group.de\/fr\/?s={search_term_string}"},"query-input":{"@type":"PropertyValueSpecification","valueRequired":true,"valueName":"search_term_string"}}],"inLanguage":"fr-FR"},{"@type":"Organization","@id":"https:\/\/alders.p3group.de\/fr\/#organization","name":"ALDERS electronic GmbH","url":"https:\/\/alders.p3group.de\/fr\/","logo":{"@type":"ImageObject","inLanguage":"fr-FR","@id":"https:\/\/alders.p3group.de\/fr\/#\/schema\/logo\/image\/","url":"https:\/\/alders.p3group.de\/wp-content\/uploads\/2022\/07\/Alders-logo-Komplett.png","contentUrl":"https:\/\/alders.p3group.de\/wp-content\/uploads\/2022\/07\/Alders-logo-Komplett.png","width":1043,"height":253,"caption":"ALDERS electronic GmbH"},"image":{"@id":"https:\/\/alders.p3group.de\/fr\/#\/schema\/logo\/image\/"},"sameAs":["https:\/\/www.facebook.com\/Alders.electronic\/","https:\/\/de.linkedin.com\/company\/alders-electronic-gmbh","https:\/\/www.youtube.com\/channel\/UC-hR66wsAmKOdY03IokrlzA","https:\/\/www.instagram.com\/alders.electronic\/"]}]}},"_links":{"self":[{"href":"https:\/\/alders.p3group.de\/fr\/wp-json\/wp\/v2\/product\/283916","targetHints":{"allow":["GET"]}}],"collection":[{"href":"https:\/\/alders.p3group.de\/fr\/wp-json\/wp\/v2\/product"}],"about":[{"href":"https:\/\/alders.p3group.de\/fr\/wp-json\/wp\/v2\/types\/product"}],"wp:featuredmedia":[{"embeddable":true,"href":"https:\/\/alders.p3group.de\/fr\/wp-json\/wp\/v2\/media\/281918"}],"wp:attachment":[{"href":"https:\/\/alders.p3group.de\/fr\/wp-json\/wp\/v2\/media?parent=283916"}],"wp:term":[{"taxonomy":"product_brand","embeddable":true,"href":"https:\/\/alders.p3group.de\/fr\/wp-json\/wp\/v2\/product_brand?post=283916"},{"taxonomy":"product_cat","embeddable":true,"href":"https:\/\/alders.p3group.de\/fr\/wp-json\/wp\/v2\/product_cat?post=283916"},{"taxonomy":"product_tag","embeddable":true,"href":"https:\/\/alders.p3group.de\/fr\/wp-json\/wp\/v2\/product_tag?post=283916"}],"curies":[{"name":"wp","href":"https:\/\/api.w.org\/{rel}","templated":true}]}}