{"id":283948,"date":"2021-06-15T12:14:15","date_gmt":"2021-06-15T10:14:15","guid":{"rendered":"https:\/\/alders.de\/product\/nkk-switches-not-halt-taster-ff01-series-e-stop\/"},"modified":"2021-11-03T11:35:00","modified_gmt":"2021-11-03T10:35:00","slug":"nkk-switches-not-halt-taster-ff01-series-e-stop","status":"publish","type":"product","link":"https:\/\/alders.p3group.de\/fr\/produit\/nkk-switches-not-halt-taster-ff01-series-e-stop\/","title":{"rendered":"NKK Switches FF01 s\u00e9ries Bouton d\u2019arr\u00eat d\u2019urgence E-Stop"},"content":{"rendered":"<ul>\n<li>Avec 13.6 mm de profondeur de montage, il est le plus court de sa cat\u00e9gorie<\/li>\n<li>Deux m\u00e9thodes de r\u00e9initialisation\u00a0: tirer ou tourner<\/li>\n<li>Le m\u00e9canisme d\u2019\u00e9tanch\u00e9it\u00e9 du plateau frontal satisfait aux exigences de la Norme IEC 60529 IP65<\/li>\n<li>25 mm et 30 mm de diam\u00e8tr<\/li>\n<\/ul>\n","protected":false},"excerpt":{"rendered":"<p id=\"tw-target-text\" class=\"tw-data-text tw-text-large XcVN5d tw-ta\" dir=\"ltr\" data-placeholder=\"\u00dcbersetzung\"><span class=\"Y2IQFc\" lang=\"fr\">Avec une profondeur d&rsquo;installation de 13,6 mm, le FF01 est l&rsquo;interrupteur d&rsquo;arr\u00eat d&rsquo;urgence le plus court de sa cat\u00e9gorie.<\/span><\/p>\n","protected":false},"featured_media":282322,"template":"","meta":{"_acf_changed":false,"inline_featured_image":false},"product_brand":[],"product_cat":[393,386],"product_tag":[],"class_list":{"0":"post-283948","1":"product","2":"type-product","3":"status-publish","4":"has-post-thumbnail","6":"product_cat-bouton-darret-durgence","7":"product_cat-pressostat-et-bouton-poussoir","8":"pa_hersteller-nkk-switches-fr","10":"first","11":"instock","12":"shipping-taxable","13":"product-type-simple"},"acf":[],"yoast_head":"<!-- This site is optimized with the Yoast SEO plugin v26.6 - https:\/\/yoast.com\/wordpress\/plugins\/seo\/ -->\n<title>NKK Switches FF01 s\u00e9ries Bouton d\u2019arr\u00eat d\u2019urgence E-Stop - ALDERS electronic GmbH<\/title>\n<meta name=\"robots\" content=\"noindex, follow, max-snippet:-1, max-image-preview:large, max-video-preview:-1\" \/>\n<meta property=\"og:locale\" content=\"fr_FR\" \/>\n<meta property=\"og:type\" content=\"article\" \/>\n<meta property=\"og:title\" content=\"NKK Switches FF01 s\u00e9ries Bouton d\u2019arr\u00eat d\u2019urgence E-Stop - ALDERS electronic GmbH\" \/>\n<meta property=\"og:description\" content=\"Avec une profondeur d&#039;installation de 13,6 mm, le FF01 est l&#039;interrupteur d&#039;arr\u00eat d&#039;urgence le plus court de sa cat\u00e9gorie.\" \/>\n<meta property=\"og:url\" content=\"https:\/\/alders.p3group.de\/fr\/produit\/nkk-switches-not-halt-taster-ff01-series-e-stop\/\" \/>\n<meta property=\"og:site_name\" content=\"ALDERS electronic GmbH\" \/>\n<meta property=\"article:publisher\" content=\"https:\/\/www.facebook.com\/Alders.electronic\/\" \/>\n<meta property=\"article:modified_time\" content=\"2021-11-03T10:35:00+00:00\" \/>\n<meta property=\"og:image\" content=\"https:\/\/alders.p3group.de\/wp-content\/uploads\/2021\/06\/alders-NKK-Not-Halt-Taster.jpg\" \/>\n\t<meta property=\"og:image:width\" content=\"153\" \/>\n\t<meta property=\"og:image:height\" content=\"179\" \/>\n\t<meta property=\"og:image:type\" content=\"image\/jpeg\" \/>\n<meta name=\"twitter:card\" content=\"summary_large_image\" \/>\n<meta name=\"twitter:label1\" content=\"Dur\u00e9e de lecture estim\u00e9e\" \/>\n\t<meta name=\"twitter:data1\" content=\"1 minute\" \/>\n<script type=\"application\/ld+json\" class=\"yoast-schema-graph\">{\"@context\":\"https:\/\/schema.org\",\"@graph\":[{\"@type\":\"WebPage\",\"@id\":\"https:\/\/alders.p3group.de\/fr\/produit\/nkk-switches-not-halt-taster-ff01-series-e-stop\/\",\"url\":\"https:\/\/alders.p3group.de\/fr\/produit\/nkk-switches-not-halt-taster-ff01-series-e-stop\/\",\"name\":\"NKK Switches FF01 s\u00e9ries Bouton d\u2019arr\u00eat d\u2019urgence E-Stop - ALDERS electronic GmbH\",\"isPartOf\":{\"@id\":\"https:\/\/alders.p3group.de\/fr\/#website\"},\"primaryImageOfPage\":{\"@id\":\"https:\/\/alders.p3group.de\/fr\/produit\/nkk-switches-not-halt-taster-ff01-series-e-stop\/#primaryimage\"},\"image\":{\"@id\":\"https:\/\/alders.p3group.de\/fr\/produit\/nkk-switches-not-halt-taster-ff01-series-e-stop\/#primaryimage\"},\"thumbnailUrl\":\"https:\/\/alders.p3group.de\/wp-content\/uploads\/2021\/06\/alders-NKK-Not-Halt-Taster.jpg\",\"datePublished\":\"2021-06-15T10:14:15+00:00\",\"dateModified\":\"2021-11-03T10:35:00+00:00\",\"breadcrumb\":{\"@id\":\"https:\/\/alders.p3group.de\/fr\/produit\/nkk-switches-not-halt-taster-ff01-series-e-stop\/#breadcrumb\"},\"inLanguage\":\"fr-FR\",\"potentialAction\":[{\"@type\":\"ReadAction\",\"target\":[\"https:\/\/alders.p3group.de\/fr\/produit\/nkk-switches-not-halt-taster-ff01-series-e-stop\/\"]}]},{\"@type\":\"ImageObject\",\"inLanguage\":\"fr-FR\",\"@id\":\"https:\/\/alders.p3group.de\/fr\/produit\/nkk-switches-not-halt-taster-ff01-series-e-stop\/#primaryimage\",\"url\":\"https:\/\/alders.p3group.de\/wp-content\/uploads\/2021\/06\/alders-NKK-Not-Halt-Taster.jpg\",\"contentUrl\":\"https:\/\/alders.p3group.de\/wp-content\/uploads\/2021\/06\/alders-NKK-Not-Halt-Taster.jpg\",\"width\":153,\"height\":179},{\"@type\":\"BreadcrumbList\",\"@id\":\"https:\/\/alders.p3group.de\/fr\/produit\/nkk-switches-not-halt-taster-ff01-series-e-stop\/#breadcrumb\",\"itemListElement\":[{\"@type\":\"ListItem\",\"position\":1,\"name\":\"ALDERS\",\"item\":\"https:\/\/alders.p3group.de\/fr\/\"},{\"@type\":\"ListItem\",\"position\":2,\"name\":\"Catalogue\",\"item\":\"https:\/\/alders.p3group.de\/fr\/catalogue\/\"},{\"@type\":\"ListItem\",\"position\":3,\"name\":\"NKK Switches FF01 s\u00e9ries Bouton d\u2019arr\u00eat d\u2019urgence E-Stop\"}]},{\"@type\":\"WebSite\",\"@id\":\"https:\/\/alders.p3group.de\/fr\/#website\",\"url\":\"https:\/\/alders.p3group.de\/fr\/\",\"name\":\"ALDERS electronic GmbH\",\"description\":\"Der Spezialist f\u00fcr elektromechanische L\u00f6sungen\",\"publisher\":{\"@id\":\"https:\/\/alders.p3group.de\/fr\/#organization\"},\"potentialAction\":[{\"@type\":\"SearchAction\",\"target\":{\"@type\":\"EntryPoint\",\"urlTemplate\":\"https:\/\/alders.p3group.de\/fr\/?s={search_term_string}\"},\"query-input\":{\"@type\":\"PropertyValueSpecification\",\"valueRequired\":true,\"valueName\":\"search_term_string\"}}],\"inLanguage\":\"fr-FR\"},{\"@type\":\"Organization\",\"@id\":\"https:\/\/alders.p3group.de\/fr\/#organization\",\"name\":\"ALDERS electronic GmbH\",\"url\":\"https:\/\/alders.p3group.de\/fr\/\",\"logo\":{\"@type\":\"ImageObject\",\"inLanguage\":\"fr-FR\",\"@id\":\"https:\/\/alders.p3group.de\/fr\/#\/schema\/logo\/image\/\",\"url\":\"https:\/\/alders.p3group.de\/wp-content\/uploads\/2022\/07\/Alders-logo-Komplett.png\",\"contentUrl\":\"https:\/\/alders.p3group.de\/wp-content\/uploads\/2022\/07\/Alders-logo-Komplett.png\",\"width\":1043,\"height\":253,\"caption\":\"ALDERS electronic GmbH\"},\"image\":{\"@id\":\"https:\/\/alders.p3group.de\/fr\/#\/schema\/logo\/image\/\"},\"sameAs\":[\"https:\/\/www.facebook.com\/Alders.electronic\/\",\"https:\/\/de.linkedin.com\/company\/alders-electronic-gmbh\",\"https:\/\/www.youtube.com\/channel\/UC-hR66wsAmKOdY03IokrlzA\",\"https:\/\/www.instagram.com\/alders.electronic\/\"]}]}<\/script>\n<!-- \/ Yoast SEO plugin. -->","yoast_head_json":{"title":"NKK Switches FF01 s\u00e9ries Bouton d\u2019arr\u00eat d\u2019urgence E-Stop - ALDERS electronic GmbH","robots":{"index":"noindex","follow":"follow","max-snippet":"max-snippet:-1","max-image-preview":"max-image-preview:large","max-video-preview":"max-video-preview:-1"},"og_locale":"fr_FR","og_type":"article","og_title":"NKK Switches FF01 s\u00e9ries Bouton d\u2019arr\u00eat d\u2019urgence E-Stop - ALDERS electronic GmbH","og_description":"Avec une profondeur d'installation de 13,6 mm, le FF01 est l'interrupteur d'arr\u00eat d'urgence le plus court de sa cat\u00e9gorie.","og_url":"https:\/\/alders.p3group.de\/fr\/produit\/nkk-switches-not-halt-taster-ff01-series-e-stop\/","og_site_name":"ALDERS electronic GmbH","article_publisher":"https:\/\/www.facebook.com\/Alders.electronic\/","article_modified_time":"2021-11-03T10:35:00+00:00","og_image":[{"width":153,"height":179,"url":"https:\/\/alders.p3group.de\/wp-content\/uploads\/2021\/06\/alders-NKK-Not-Halt-Taster.jpg","type":"image\/jpeg"}],"twitter_card":"summary_large_image","twitter_misc":{"Dur\u00e9e de lecture estim\u00e9e":"1 minute"},"schema":{"@context":"https:\/\/schema.org","@graph":[{"@type":"WebPage","@id":"https:\/\/alders.p3group.de\/fr\/produit\/nkk-switches-not-halt-taster-ff01-series-e-stop\/","url":"https:\/\/alders.p3group.de\/fr\/produit\/nkk-switches-not-halt-taster-ff01-series-e-stop\/","name":"NKK Switches FF01 s\u00e9ries Bouton d\u2019arr\u00eat d\u2019urgence E-Stop - ALDERS electronic GmbH","isPartOf":{"@id":"https:\/\/alders.p3group.de\/fr\/#website"},"primaryImageOfPage":{"@id":"https:\/\/alders.p3group.de\/fr\/produit\/nkk-switches-not-halt-taster-ff01-series-e-stop\/#primaryimage"},"image":{"@id":"https:\/\/alders.p3group.de\/fr\/produit\/nkk-switches-not-halt-taster-ff01-series-e-stop\/#primaryimage"},"thumbnailUrl":"https:\/\/alders.p3group.de\/wp-content\/uploads\/2021\/06\/alders-NKK-Not-Halt-Taster.jpg","datePublished":"2021-06-15T10:14:15+00:00","dateModified":"2021-11-03T10:35:00+00:00","breadcrumb":{"@id":"https:\/\/alders.p3group.de\/fr\/produit\/nkk-switches-not-halt-taster-ff01-series-e-stop\/#breadcrumb"},"inLanguage":"fr-FR","potentialAction":[{"@type":"ReadAction","target":["https:\/\/alders.p3group.de\/fr\/produit\/nkk-switches-not-halt-taster-ff01-series-e-stop\/"]}]},{"@type":"ImageObject","inLanguage":"fr-FR","@id":"https:\/\/alders.p3group.de\/fr\/produit\/nkk-switches-not-halt-taster-ff01-series-e-stop\/#primaryimage","url":"https:\/\/alders.p3group.de\/wp-content\/uploads\/2021\/06\/alders-NKK-Not-Halt-Taster.jpg","contentUrl":"https:\/\/alders.p3group.de\/wp-content\/uploads\/2021\/06\/alders-NKK-Not-Halt-Taster.jpg","width":153,"height":179},{"@type":"BreadcrumbList","@id":"https:\/\/alders.p3group.de\/fr\/produit\/nkk-switches-not-halt-taster-ff01-series-e-stop\/#breadcrumb","itemListElement":[{"@type":"ListItem","position":1,"name":"ALDERS","item":"https:\/\/alders.p3group.de\/fr\/"},{"@type":"ListItem","position":2,"name":"Catalogue","item":"https:\/\/alders.p3group.de\/fr\/catalogue\/"},{"@type":"ListItem","position":3,"name":"NKK Switches FF01 s\u00e9ries Bouton d\u2019arr\u00eat d\u2019urgence E-Stop"}]},{"@type":"WebSite","@id":"https:\/\/alders.p3group.de\/fr\/#website","url":"https:\/\/alders.p3group.de\/fr\/","name":"ALDERS electronic GmbH","description":"Der Spezialist f\u00fcr elektromechanische L\u00f6sungen","publisher":{"@id":"https:\/\/alders.p3group.de\/fr\/#organization"},"potentialAction":[{"@type":"SearchAction","target":{"@type":"EntryPoint","urlTemplate":"https:\/\/alders.p3group.de\/fr\/?s={search_term_string}"},"query-input":{"@type":"PropertyValueSpecification","valueRequired":true,"valueName":"search_term_string"}}],"inLanguage":"fr-FR"},{"@type":"Organization","@id":"https:\/\/alders.p3group.de\/fr\/#organization","name":"ALDERS electronic GmbH","url":"https:\/\/alders.p3group.de\/fr\/","logo":{"@type":"ImageObject","inLanguage":"fr-FR","@id":"https:\/\/alders.p3group.de\/fr\/#\/schema\/logo\/image\/","url":"https:\/\/alders.p3group.de\/wp-content\/uploads\/2022\/07\/Alders-logo-Komplett.png","contentUrl":"https:\/\/alders.p3group.de\/wp-content\/uploads\/2022\/07\/Alders-logo-Komplett.png","width":1043,"height":253,"caption":"ALDERS electronic GmbH"},"image":{"@id":"https:\/\/alders.p3group.de\/fr\/#\/schema\/logo\/image\/"},"sameAs":["https:\/\/www.facebook.com\/Alders.electronic\/","https:\/\/de.linkedin.com\/company\/alders-electronic-gmbh","https:\/\/www.youtube.com\/channel\/UC-hR66wsAmKOdY03IokrlzA","https:\/\/www.instagram.com\/alders.electronic\/"]}]}},"_links":{"self":[{"href":"https:\/\/alders.p3group.de\/fr\/wp-json\/wp\/v2\/product\/283948","targetHints":{"allow":["GET"]}}],"collection":[{"href":"https:\/\/alders.p3group.de\/fr\/wp-json\/wp\/v2\/product"}],"about":[{"href":"https:\/\/alders.p3group.de\/fr\/wp-json\/wp\/v2\/types\/product"}],"wp:featuredmedia":[{"embeddable":true,"href":"https:\/\/alders.p3group.de\/fr\/wp-json\/wp\/v2\/media\/282322"}],"wp:attachment":[{"href":"https:\/\/alders.p3group.de\/fr\/wp-json\/wp\/v2\/media?parent=283948"}],"wp:term":[{"taxonomy":"product_brand","embeddable":true,"href":"https:\/\/alders.p3group.de\/fr\/wp-json\/wp\/v2\/product_brand?post=283948"},{"taxonomy":"product_cat","embeddable":true,"href":"https:\/\/alders.p3group.de\/fr\/wp-json\/wp\/v2\/product_cat?post=283948"},{"taxonomy":"product_tag","embeddable":true,"href":"https:\/\/alders.p3group.de\/fr\/wp-json\/wp\/v2\/product_tag?post=283948"}],"curies":[{"name":"wp","href":"https:\/\/api.w.org\/{rel}","templated":true}]}}