{"id":283982,"date":"2021-06-17T12:05:15","date_gmt":"2021-06-17T10:05:15","guid":{"rendered":"https:\/\/alders.de\/product\/nkk-switches-mikroschalter-frameless-oled-pushbutton\/"},"modified":"2023-08-18T14:56:29","modified_gmt":"2023-08-18T12:56:29","slug":"nkk-switches-mikroschalter-frameless-oled-pushbutton","status":"publish","type":"product","link":"https:\/\/alders.p3group.de\/fr\/produit\/nkk-switches-mikroschalter-frameless-oled-pushbutton\/","title":{"rendered":"NKK Switches Bouton poussoir OLED"},"content":{"rendered":"<div id=\"framelessoledpushbutton\">\n<div>\n<p>R\u00e9f\u00e9rence fabricant: ISC15ANP4<\/p>\n<\/div>\n<div>\n<div>\n<div>\n<div id=\"boutonpoussoiroled\">\n<div>\n<p><a href=\"https:\/\/www.nkkswitches.de\/products\/SmartSwitch\/\">Cliquez ici<\/a> pour acc\u00e9der au site du fabricant qui contient de nombreuses informations pour les d\u00e9veloppeurs et les concepteurs.<\/p>\n<\/div>\n<\/div>\n<\/div>\n<\/div>\n<\/div>\n<\/div>\n","protected":false},"excerpt":{"rendered":"<p>R\u00e9f\u00e9rence fabricant: ISC15ANP4 Cliquez ici pour acc\u00e9der au site du fabricant qui contient de nombreuses informations pour les d\u00e9veloppeurs et les concepteurs.<\/p>\n","protected":false},"featured_media":281073,"template":"","meta":{"_acf_changed":false,"inline_featured_image":false},"product_brand":[],"product_cat":[391,386],"product_tag":[],"class_list":{"0":"post-283982","1":"product","2":"type-product","3":"status-publish","4":"has-post-thumbnail","6":"product_cat-boutons-daffichage","7":"product_cat-pressostat-et-bouton-poussoir","8":"pa_hersteller-nkk-switches-fr","10":"first","11":"instock","12":"shipping-taxable","13":"product-type-simple"},"acf":[],"yoast_head":"<!-- This site is optimized with the Yoast SEO plugin v26.6 - https:\/\/yoast.com\/wordpress\/plugins\/seo\/ -->\n<title>NKK Switches Bouton poussoir OLED - ALDERS electronic GmbH<\/title>\n<meta name=\"robots\" content=\"noindex, follow, max-snippet:-1, max-image-preview:large, max-video-preview:-1\" \/>\n<meta property=\"og:locale\" content=\"fr_FR\" \/>\n<meta property=\"og:type\" content=\"article\" \/>\n<meta property=\"og:title\" content=\"NKK Switches Bouton poussoir OLED - ALDERS electronic GmbH\" \/>\n<meta property=\"og:description\" content=\"R\u00e9f\u00e9rence fabricant: ISC15ANP4 Cliquez ici pour acc\u00e9der au site du fabricant qui contient de nombreuses informations pour les d\u00e9veloppeurs et les concepteurs.\" \/>\n<meta property=\"og:url\" content=\"https:\/\/alders.p3group.de\/fr\/produit\/nkk-switches-mikroschalter-frameless-oled-pushbutton\/\" \/>\n<meta property=\"og:site_name\" content=\"ALDERS electronic GmbH\" \/>\n<meta property=\"article:publisher\" content=\"https:\/\/www.facebook.com\/Alders.electronic\/\" \/>\n<meta property=\"article:modified_time\" content=\"2023-08-18T12:56:29+00:00\" \/>\n<meta property=\"og:image\" content=\"https:\/\/alders.p3group.de\/wp-content\/uploads\/2021\/03\/alders_tasterschalter_displaytaster200x150px.jpg\" \/>\n\t<meta property=\"og:image:width\" content=\"200\" \/>\n\t<meta property=\"og:image:height\" content=\"150\" \/>\n\t<meta property=\"og:image:type\" content=\"image\/jpeg\" \/>\n<meta name=\"twitter:card\" content=\"summary_large_image\" \/>\n<meta name=\"twitter:label1\" content=\"Dur\u00e9e de lecture estim\u00e9e\" \/>\n\t<meta name=\"twitter:data1\" content=\"1 minute\" \/>\n<script type=\"application\/ld+json\" class=\"yoast-schema-graph\">{\"@context\":\"https:\/\/schema.org\",\"@graph\":[{\"@type\":\"WebPage\",\"@id\":\"https:\/\/alders.p3group.de\/fr\/produit\/nkk-switches-mikroschalter-frameless-oled-pushbutton\/\",\"url\":\"https:\/\/alders.p3group.de\/fr\/produit\/nkk-switches-mikroschalter-frameless-oled-pushbutton\/\",\"name\":\"NKK Switches Bouton poussoir OLED - ALDERS electronic GmbH\",\"isPartOf\":{\"@id\":\"https:\/\/alders.p3group.de\/fr\/#website\"},\"primaryImageOfPage\":{\"@id\":\"https:\/\/alders.p3group.de\/fr\/produit\/nkk-switches-mikroschalter-frameless-oled-pushbutton\/#primaryimage\"},\"image\":{\"@id\":\"https:\/\/alders.p3group.de\/fr\/produit\/nkk-switches-mikroschalter-frameless-oled-pushbutton\/#primaryimage\"},\"thumbnailUrl\":\"https:\/\/alders.p3group.de\/wp-content\/uploads\/2021\/03\/alders_tasterschalter_displaytaster200x150px.jpg\",\"datePublished\":\"2021-06-17T10:05:15+00:00\",\"dateModified\":\"2023-08-18T12:56:29+00:00\",\"breadcrumb\":{\"@id\":\"https:\/\/alders.p3group.de\/fr\/produit\/nkk-switches-mikroschalter-frameless-oled-pushbutton\/#breadcrumb\"},\"inLanguage\":\"fr-FR\",\"potentialAction\":[{\"@type\":\"ReadAction\",\"target\":[\"https:\/\/alders.p3group.de\/fr\/produit\/nkk-switches-mikroschalter-frameless-oled-pushbutton\/\"]}]},{\"@type\":\"ImageObject\",\"inLanguage\":\"fr-FR\",\"@id\":\"https:\/\/alders.p3group.de\/fr\/produit\/nkk-switches-mikroschalter-frameless-oled-pushbutton\/#primaryimage\",\"url\":\"https:\/\/alders.p3group.de\/wp-content\/uploads\/2021\/03\/alders_tasterschalter_displaytaster200x150px.jpg\",\"contentUrl\":\"https:\/\/alders.p3group.de\/wp-content\/uploads\/2021\/03\/alders_tasterschalter_displaytaster200x150px.jpg\",\"width\":200,\"height\":150},{\"@type\":\"BreadcrumbList\",\"@id\":\"https:\/\/alders.p3group.de\/fr\/produit\/nkk-switches-mikroschalter-frameless-oled-pushbutton\/#breadcrumb\",\"itemListElement\":[{\"@type\":\"ListItem\",\"position\":1,\"name\":\"ALDERS\",\"item\":\"https:\/\/alders.p3group.de\/fr\/\"},{\"@type\":\"ListItem\",\"position\":2,\"name\":\"Catalogue\",\"item\":\"https:\/\/alders.p3group.de\/fr\/catalogue\/\"},{\"@type\":\"ListItem\",\"position\":3,\"name\":\"NKK Switches Bouton poussoir OLED\"}]},{\"@type\":\"WebSite\",\"@id\":\"https:\/\/alders.p3group.de\/fr\/#website\",\"url\":\"https:\/\/alders.p3group.de\/fr\/\",\"name\":\"ALDERS electronic GmbH\",\"description\":\"Der Spezialist f\u00fcr elektromechanische L\u00f6sungen\",\"publisher\":{\"@id\":\"https:\/\/alders.p3group.de\/fr\/#organization\"},\"potentialAction\":[{\"@type\":\"SearchAction\",\"target\":{\"@type\":\"EntryPoint\",\"urlTemplate\":\"https:\/\/alders.p3group.de\/fr\/?s={search_term_string}\"},\"query-input\":{\"@type\":\"PropertyValueSpecification\",\"valueRequired\":true,\"valueName\":\"search_term_string\"}}],\"inLanguage\":\"fr-FR\"},{\"@type\":\"Organization\",\"@id\":\"https:\/\/alders.p3group.de\/fr\/#organization\",\"name\":\"ALDERS electronic GmbH\",\"url\":\"https:\/\/alders.p3group.de\/fr\/\",\"logo\":{\"@type\":\"ImageObject\",\"inLanguage\":\"fr-FR\",\"@id\":\"https:\/\/alders.p3group.de\/fr\/#\/schema\/logo\/image\/\",\"url\":\"https:\/\/alders.p3group.de\/wp-content\/uploads\/2022\/07\/Alders-logo-Komplett.png\",\"contentUrl\":\"https:\/\/alders.p3group.de\/wp-content\/uploads\/2022\/07\/Alders-logo-Komplett.png\",\"width\":1043,\"height\":253,\"caption\":\"ALDERS electronic GmbH\"},\"image\":{\"@id\":\"https:\/\/alders.p3group.de\/fr\/#\/schema\/logo\/image\/\"},\"sameAs\":[\"https:\/\/www.facebook.com\/Alders.electronic\/\",\"https:\/\/de.linkedin.com\/company\/alders-electronic-gmbh\",\"https:\/\/www.youtube.com\/channel\/UC-hR66wsAmKOdY03IokrlzA\",\"https:\/\/www.instagram.com\/alders.electronic\/\"]}]}<\/script>\n<!-- \/ Yoast SEO plugin. -->","yoast_head_json":{"title":"NKK Switches Bouton poussoir OLED - ALDERS electronic GmbH","robots":{"index":"noindex","follow":"follow","max-snippet":"max-snippet:-1","max-image-preview":"max-image-preview:large","max-video-preview":"max-video-preview:-1"},"og_locale":"fr_FR","og_type":"article","og_title":"NKK Switches Bouton poussoir OLED - ALDERS electronic GmbH","og_description":"R\u00e9f\u00e9rence fabricant: ISC15ANP4 Cliquez ici pour acc\u00e9der au site du fabricant qui contient de nombreuses informations pour les d\u00e9veloppeurs et les concepteurs.","og_url":"https:\/\/alders.p3group.de\/fr\/produit\/nkk-switches-mikroschalter-frameless-oled-pushbutton\/","og_site_name":"ALDERS electronic GmbH","article_publisher":"https:\/\/www.facebook.com\/Alders.electronic\/","article_modified_time":"2023-08-18T12:56:29+00:00","og_image":[{"width":200,"height":150,"url":"https:\/\/alders.p3group.de\/wp-content\/uploads\/2021\/03\/alders_tasterschalter_displaytaster200x150px.jpg","type":"image\/jpeg"}],"twitter_card":"summary_large_image","twitter_misc":{"Dur\u00e9e de lecture estim\u00e9e":"1 minute"},"schema":{"@context":"https:\/\/schema.org","@graph":[{"@type":"WebPage","@id":"https:\/\/alders.p3group.de\/fr\/produit\/nkk-switches-mikroschalter-frameless-oled-pushbutton\/","url":"https:\/\/alders.p3group.de\/fr\/produit\/nkk-switches-mikroschalter-frameless-oled-pushbutton\/","name":"NKK Switches Bouton poussoir OLED - ALDERS electronic GmbH","isPartOf":{"@id":"https:\/\/alders.p3group.de\/fr\/#website"},"primaryImageOfPage":{"@id":"https:\/\/alders.p3group.de\/fr\/produit\/nkk-switches-mikroschalter-frameless-oled-pushbutton\/#primaryimage"},"image":{"@id":"https:\/\/alders.p3group.de\/fr\/produit\/nkk-switches-mikroschalter-frameless-oled-pushbutton\/#primaryimage"},"thumbnailUrl":"https:\/\/alders.p3group.de\/wp-content\/uploads\/2021\/03\/alders_tasterschalter_displaytaster200x150px.jpg","datePublished":"2021-06-17T10:05:15+00:00","dateModified":"2023-08-18T12:56:29+00:00","breadcrumb":{"@id":"https:\/\/alders.p3group.de\/fr\/produit\/nkk-switches-mikroschalter-frameless-oled-pushbutton\/#breadcrumb"},"inLanguage":"fr-FR","potentialAction":[{"@type":"ReadAction","target":["https:\/\/alders.p3group.de\/fr\/produit\/nkk-switches-mikroschalter-frameless-oled-pushbutton\/"]}]},{"@type":"ImageObject","inLanguage":"fr-FR","@id":"https:\/\/alders.p3group.de\/fr\/produit\/nkk-switches-mikroschalter-frameless-oled-pushbutton\/#primaryimage","url":"https:\/\/alders.p3group.de\/wp-content\/uploads\/2021\/03\/alders_tasterschalter_displaytaster200x150px.jpg","contentUrl":"https:\/\/alders.p3group.de\/wp-content\/uploads\/2021\/03\/alders_tasterschalter_displaytaster200x150px.jpg","width":200,"height":150},{"@type":"BreadcrumbList","@id":"https:\/\/alders.p3group.de\/fr\/produit\/nkk-switches-mikroschalter-frameless-oled-pushbutton\/#breadcrumb","itemListElement":[{"@type":"ListItem","position":1,"name":"ALDERS","item":"https:\/\/alders.p3group.de\/fr\/"},{"@type":"ListItem","position":2,"name":"Catalogue","item":"https:\/\/alders.p3group.de\/fr\/catalogue\/"},{"@type":"ListItem","position":3,"name":"NKK Switches Bouton poussoir OLED"}]},{"@type":"WebSite","@id":"https:\/\/alders.p3group.de\/fr\/#website","url":"https:\/\/alders.p3group.de\/fr\/","name":"ALDERS electronic GmbH","description":"Der Spezialist f\u00fcr elektromechanische L\u00f6sungen","publisher":{"@id":"https:\/\/alders.p3group.de\/fr\/#organization"},"potentialAction":[{"@type":"SearchAction","target":{"@type":"EntryPoint","urlTemplate":"https:\/\/alders.p3group.de\/fr\/?s={search_term_string}"},"query-input":{"@type":"PropertyValueSpecification","valueRequired":true,"valueName":"search_term_string"}}],"inLanguage":"fr-FR"},{"@type":"Organization","@id":"https:\/\/alders.p3group.de\/fr\/#organization","name":"ALDERS electronic GmbH","url":"https:\/\/alders.p3group.de\/fr\/","logo":{"@type":"ImageObject","inLanguage":"fr-FR","@id":"https:\/\/alders.p3group.de\/fr\/#\/schema\/logo\/image\/","url":"https:\/\/alders.p3group.de\/wp-content\/uploads\/2022\/07\/Alders-logo-Komplett.png","contentUrl":"https:\/\/alders.p3group.de\/wp-content\/uploads\/2022\/07\/Alders-logo-Komplett.png","width":1043,"height":253,"caption":"ALDERS electronic GmbH"},"image":{"@id":"https:\/\/alders.p3group.de\/fr\/#\/schema\/logo\/image\/"},"sameAs":["https:\/\/www.facebook.com\/Alders.electronic\/","https:\/\/de.linkedin.com\/company\/alders-electronic-gmbh","https:\/\/www.youtube.com\/channel\/UC-hR66wsAmKOdY03IokrlzA","https:\/\/www.instagram.com\/alders.electronic\/"]}]}},"_links":{"self":[{"href":"https:\/\/alders.p3group.de\/fr\/wp-json\/wp\/v2\/product\/283982","targetHints":{"allow":["GET"]}}],"collection":[{"href":"https:\/\/alders.p3group.de\/fr\/wp-json\/wp\/v2\/product"}],"about":[{"href":"https:\/\/alders.p3group.de\/fr\/wp-json\/wp\/v2\/types\/product"}],"wp:featuredmedia":[{"embeddable":true,"href":"https:\/\/alders.p3group.de\/fr\/wp-json\/wp\/v2\/media\/281073"}],"wp:attachment":[{"href":"https:\/\/alders.p3group.de\/fr\/wp-json\/wp\/v2\/media?parent=283982"}],"wp:term":[{"taxonomy":"product_brand","embeddable":true,"href":"https:\/\/alders.p3group.de\/fr\/wp-json\/wp\/v2\/product_brand?post=283982"},{"taxonomy":"product_cat","embeddable":true,"href":"https:\/\/alders.p3group.de\/fr\/wp-json\/wp\/v2\/product_cat?post=283982"},{"taxonomy":"product_tag","embeddable":true,"href":"https:\/\/alders.p3group.de\/fr\/wp-json\/wp\/v2\/product_tag?post=283982"}],"curies":[{"name":"wp","href":"https:\/\/api.w.org\/{rel}","templated":true}]}}