{"id":284014,"date":"2021-06-21T11:11:35","date_gmt":"2021-06-21T09:11:35","guid":{"rendered":"https:\/\/alders.de\/product\/otto-controls-dichtkappen-c403319-1\/"},"modified":"2021-11-05T09:37:22","modified_gmt":"2021-11-05T08:37:22","slug":"otto-controls-dichtkappen-c403319-1","status":"publish","type":"product","link":"https:\/\/alders.p3group.de\/fr\/produit\/otto-controls-dichtkappen-c403319-1\/","title":{"rendered":"OTTO Controls Capuchons d\u2019\u00e9tanch\u00e9it\u00e9 C403319-1"},"content":{"rendered":"<ul>\n<li>Capuchon de protection \/ capuchon en caoutchouc<\/li>\n<li>transparent<\/li>\n<li>pour la s\u00e9rie<a href=\"https:\/\/alders.p3group.de\/fr\/produit\/otto-controls-wippschalter-k1-serie\/\"> OTTO K1<\/a> avec barre<\/li>\n<\/ul>\n","protected":false},"excerpt":{"rendered":"<p>Capuchon de protection \/ capuchon en caoutchouc transparent pour la s\u00e9rie OTTO K1 avec barre<\/p>\n","protected":false},"featured_media":282463,"template":"","meta":{"_acf_changed":false,"inline_featured_image":false},"product_brand":[],"product_cat":[399,386],"product_tag":[],"class_list":{"0":"post-284014","1":"product","2":"type-product","3":"status-publish","4":"has-post-thumbnail","6":"product_cat-capuchons-detancheite","7":"product_cat-pressostat-et-bouton-poussoir","8":"pa_hersteller-otto-controls-fr","10":"first","11":"instock","12":"shipping-taxable","13":"product-type-simple"},"acf":[],"yoast_head":"<!-- This site is optimized with the Yoast SEO plugin v26.6 - https:\/\/yoast.com\/wordpress\/plugins\/seo\/ -->\n<title>OTTO Controls Capuchons d\u2019\u00e9tanch\u00e9it\u00e9 C403319-1 - ALDERS electronic GmbH<\/title>\n<meta name=\"robots\" content=\"noindex, follow, max-snippet:-1, max-image-preview:large, max-video-preview:-1\" \/>\n<meta property=\"og:locale\" content=\"fr_FR\" \/>\n<meta property=\"og:type\" content=\"article\" \/>\n<meta property=\"og:title\" content=\"OTTO Controls Capuchons d\u2019\u00e9tanch\u00e9it\u00e9 C403319-1 - ALDERS electronic GmbH\" \/>\n<meta property=\"og:description\" content=\"Capuchon de protection \/ capuchon en caoutchouc transparent pour la s\u00e9rie OTTO K1 avec barre\" \/>\n<meta property=\"og:url\" content=\"https:\/\/alders.p3group.de\/fr\/produit\/otto-controls-dichtkappen-c403319-1\/\" \/>\n<meta property=\"og:site_name\" content=\"ALDERS electronic GmbH\" \/>\n<meta property=\"article:publisher\" content=\"https:\/\/www.facebook.com\/Alders.electronic\/\" \/>\n<meta property=\"article:modified_time\" content=\"2021-11-05T08:37:22+00:00\" \/>\n<meta property=\"og:image\" content=\"https:\/\/alders.p3group.de\/wp-content\/uploads\/2021\/06\/alders-zubehoer-dichtkappen-otto-controls-c403319-1-e1520265065661.jpg\" \/>\n\t<meta property=\"og:image:width\" content=\"230\" \/>\n\t<meta property=\"og:image:height\" content=\"149\" \/>\n\t<meta property=\"og:image:type\" content=\"image\/jpeg\" \/>\n<meta name=\"twitter:card\" content=\"summary_large_image\" \/>\n<meta name=\"twitter:label1\" content=\"Dur\u00e9e de lecture estim\u00e9e\" \/>\n\t<meta name=\"twitter:data1\" content=\"1 minute\" \/>\n<script type=\"application\/ld+json\" class=\"yoast-schema-graph\">{\"@context\":\"https:\/\/schema.org\",\"@graph\":[{\"@type\":\"WebPage\",\"@id\":\"https:\/\/alders.p3group.de\/fr\/produit\/otto-controls-dichtkappen-c403319-1\/\",\"url\":\"https:\/\/alders.p3group.de\/fr\/produit\/otto-controls-dichtkappen-c403319-1\/\",\"name\":\"OTTO Controls Capuchons d\u2019\u00e9tanch\u00e9it\u00e9 C403319-1 - ALDERS electronic GmbH\",\"isPartOf\":{\"@id\":\"https:\/\/alders.p3group.de\/fr\/#website\"},\"primaryImageOfPage\":{\"@id\":\"https:\/\/alders.p3group.de\/fr\/produit\/otto-controls-dichtkappen-c403319-1\/#primaryimage\"},\"image\":{\"@id\":\"https:\/\/alders.p3group.de\/fr\/produit\/otto-controls-dichtkappen-c403319-1\/#primaryimage\"},\"thumbnailUrl\":\"https:\/\/alders.p3group.de\/wp-content\/uploads\/2021\/06\/alders-zubehoer-dichtkappen-otto-controls-c403319-1-e1520265065661.jpg\",\"datePublished\":\"2021-06-21T09:11:35+00:00\",\"dateModified\":\"2021-11-05T08:37:22+00:00\",\"breadcrumb\":{\"@id\":\"https:\/\/alders.p3group.de\/fr\/produit\/otto-controls-dichtkappen-c403319-1\/#breadcrumb\"},\"inLanguage\":\"fr-FR\",\"potentialAction\":[{\"@type\":\"ReadAction\",\"target\":[\"https:\/\/alders.p3group.de\/fr\/produit\/otto-controls-dichtkappen-c403319-1\/\"]}]},{\"@type\":\"ImageObject\",\"inLanguage\":\"fr-FR\",\"@id\":\"https:\/\/alders.p3group.de\/fr\/produit\/otto-controls-dichtkappen-c403319-1\/#primaryimage\",\"url\":\"https:\/\/alders.p3group.de\/wp-content\/uploads\/2021\/06\/alders-zubehoer-dichtkappen-otto-controls-c403319-1-e1520265065661.jpg\",\"contentUrl\":\"https:\/\/alders.p3group.de\/wp-content\/uploads\/2021\/06\/alders-zubehoer-dichtkappen-otto-controls-c403319-1-e1520265065661.jpg\",\"width\":230,\"height\":149},{\"@type\":\"BreadcrumbList\",\"@id\":\"https:\/\/alders.p3group.de\/fr\/produit\/otto-controls-dichtkappen-c403319-1\/#breadcrumb\",\"itemListElement\":[{\"@type\":\"ListItem\",\"position\":1,\"name\":\"ALDERS\",\"item\":\"https:\/\/alders.p3group.de\/fr\/\"},{\"@type\":\"ListItem\",\"position\":2,\"name\":\"Catalogue\",\"item\":\"https:\/\/alders.p3group.de\/fr\/catalogue\/\"},{\"@type\":\"ListItem\",\"position\":3,\"name\":\"OTTO Controls Capuchons d\u2019\u00e9tanch\u00e9it\u00e9 C403319-1\"}]},{\"@type\":\"WebSite\",\"@id\":\"https:\/\/alders.p3group.de\/fr\/#website\",\"url\":\"https:\/\/alders.p3group.de\/fr\/\",\"name\":\"ALDERS electronic GmbH\",\"description\":\"Der Spezialist f\u00fcr elektromechanische L\u00f6sungen\",\"publisher\":{\"@id\":\"https:\/\/alders.p3group.de\/fr\/#organization\"},\"potentialAction\":[{\"@type\":\"SearchAction\",\"target\":{\"@type\":\"EntryPoint\",\"urlTemplate\":\"https:\/\/alders.p3group.de\/fr\/?s={search_term_string}\"},\"query-input\":{\"@type\":\"PropertyValueSpecification\",\"valueRequired\":true,\"valueName\":\"search_term_string\"}}],\"inLanguage\":\"fr-FR\"},{\"@type\":\"Organization\",\"@id\":\"https:\/\/alders.p3group.de\/fr\/#organization\",\"name\":\"ALDERS electronic GmbH\",\"url\":\"https:\/\/alders.p3group.de\/fr\/\",\"logo\":{\"@type\":\"ImageObject\",\"inLanguage\":\"fr-FR\",\"@id\":\"https:\/\/alders.p3group.de\/fr\/#\/schema\/logo\/image\/\",\"url\":\"https:\/\/alders.p3group.de\/wp-content\/uploads\/2022\/07\/Alders-logo-Komplett.png\",\"contentUrl\":\"https:\/\/alders.p3group.de\/wp-content\/uploads\/2022\/07\/Alders-logo-Komplett.png\",\"width\":1043,\"height\":253,\"caption\":\"ALDERS electronic GmbH\"},\"image\":{\"@id\":\"https:\/\/alders.p3group.de\/fr\/#\/schema\/logo\/image\/\"},\"sameAs\":[\"https:\/\/www.facebook.com\/Alders.electronic\/\",\"https:\/\/de.linkedin.com\/company\/alders-electronic-gmbh\",\"https:\/\/www.youtube.com\/channel\/UC-hR66wsAmKOdY03IokrlzA\",\"https:\/\/www.instagram.com\/alders.electronic\/\"]}]}<\/script>\n<!-- \/ Yoast SEO plugin. -->","yoast_head_json":{"title":"OTTO Controls Capuchons d\u2019\u00e9tanch\u00e9it\u00e9 C403319-1 - ALDERS electronic GmbH","robots":{"index":"noindex","follow":"follow","max-snippet":"max-snippet:-1","max-image-preview":"max-image-preview:large","max-video-preview":"max-video-preview:-1"},"og_locale":"fr_FR","og_type":"article","og_title":"OTTO Controls Capuchons d\u2019\u00e9tanch\u00e9it\u00e9 C403319-1 - ALDERS electronic GmbH","og_description":"Capuchon de protection \/ capuchon en caoutchouc transparent pour la s\u00e9rie OTTO K1 avec barre","og_url":"https:\/\/alders.p3group.de\/fr\/produit\/otto-controls-dichtkappen-c403319-1\/","og_site_name":"ALDERS electronic GmbH","article_publisher":"https:\/\/www.facebook.com\/Alders.electronic\/","article_modified_time":"2021-11-05T08:37:22+00:00","og_image":[{"width":230,"height":149,"url":"https:\/\/alders.p3group.de\/wp-content\/uploads\/2021\/06\/alders-zubehoer-dichtkappen-otto-controls-c403319-1-e1520265065661.jpg","type":"image\/jpeg"}],"twitter_card":"summary_large_image","twitter_misc":{"Dur\u00e9e de lecture estim\u00e9e":"1 minute"},"schema":{"@context":"https:\/\/schema.org","@graph":[{"@type":"WebPage","@id":"https:\/\/alders.p3group.de\/fr\/produit\/otto-controls-dichtkappen-c403319-1\/","url":"https:\/\/alders.p3group.de\/fr\/produit\/otto-controls-dichtkappen-c403319-1\/","name":"OTTO Controls Capuchons d\u2019\u00e9tanch\u00e9it\u00e9 C403319-1 - ALDERS electronic GmbH","isPartOf":{"@id":"https:\/\/alders.p3group.de\/fr\/#website"},"primaryImageOfPage":{"@id":"https:\/\/alders.p3group.de\/fr\/produit\/otto-controls-dichtkappen-c403319-1\/#primaryimage"},"image":{"@id":"https:\/\/alders.p3group.de\/fr\/produit\/otto-controls-dichtkappen-c403319-1\/#primaryimage"},"thumbnailUrl":"https:\/\/alders.p3group.de\/wp-content\/uploads\/2021\/06\/alders-zubehoer-dichtkappen-otto-controls-c403319-1-e1520265065661.jpg","datePublished":"2021-06-21T09:11:35+00:00","dateModified":"2021-11-05T08:37:22+00:00","breadcrumb":{"@id":"https:\/\/alders.p3group.de\/fr\/produit\/otto-controls-dichtkappen-c403319-1\/#breadcrumb"},"inLanguage":"fr-FR","potentialAction":[{"@type":"ReadAction","target":["https:\/\/alders.p3group.de\/fr\/produit\/otto-controls-dichtkappen-c403319-1\/"]}]},{"@type":"ImageObject","inLanguage":"fr-FR","@id":"https:\/\/alders.p3group.de\/fr\/produit\/otto-controls-dichtkappen-c403319-1\/#primaryimage","url":"https:\/\/alders.p3group.de\/wp-content\/uploads\/2021\/06\/alders-zubehoer-dichtkappen-otto-controls-c403319-1-e1520265065661.jpg","contentUrl":"https:\/\/alders.p3group.de\/wp-content\/uploads\/2021\/06\/alders-zubehoer-dichtkappen-otto-controls-c403319-1-e1520265065661.jpg","width":230,"height":149},{"@type":"BreadcrumbList","@id":"https:\/\/alders.p3group.de\/fr\/produit\/otto-controls-dichtkappen-c403319-1\/#breadcrumb","itemListElement":[{"@type":"ListItem","position":1,"name":"ALDERS","item":"https:\/\/alders.p3group.de\/fr\/"},{"@type":"ListItem","position":2,"name":"Catalogue","item":"https:\/\/alders.p3group.de\/fr\/catalogue\/"},{"@type":"ListItem","position":3,"name":"OTTO Controls Capuchons d\u2019\u00e9tanch\u00e9it\u00e9 C403319-1"}]},{"@type":"WebSite","@id":"https:\/\/alders.p3group.de\/fr\/#website","url":"https:\/\/alders.p3group.de\/fr\/","name":"ALDERS electronic GmbH","description":"Der Spezialist f\u00fcr elektromechanische L\u00f6sungen","publisher":{"@id":"https:\/\/alders.p3group.de\/fr\/#organization"},"potentialAction":[{"@type":"SearchAction","target":{"@type":"EntryPoint","urlTemplate":"https:\/\/alders.p3group.de\/fr\/?s={search_term_string}"},"query-input":{"@type":"PropertyValueSpecification","valueRequired":true,"valueName":"search_term_string"}}],"inLanguage":"fr-FR"},{"@type":"Organization","@id":"https:\/\/alders.p3group.de\/fr\/#organization","name":"ALDERS electronic GmbH","url":"https:\/\/alders.p3group.de\/fr\/","logo":{"@type":"ImageObject","inLanguage":"fr-FR","@id":"https:\/\/alders.p3group.de\/fr\/#\/schema\/logo\/image\/","url":"https:\/\/alders.p3group.de\/wp-content\/uploads\/2022\/07\/Alders-logo-Komplett.png","contentUrl":"https:\/\/alders.p3group.de\/wp-content\/uploads\/2022\/07\/Alders-logo-Komplett.png","width":1043,"height":253,"caption":"ALDERS electronic GmbH"},"image":{"@id":"https:\/\/alders.p3group.de\/fr\/#\/schema\/logo\/image\/"},"sameAs":["https:\/\/www.facebook.com\/Alders.electronic\/","https:\/\/de.linkedin.com\/company\/alders-electronic-gmbh","https:\/\/www.youtube.com\/channel\/UC-hR66wsAmKOdY03IokrlzA","https:\/\/www.instagram.com\/alders.electronic\/"]}]}},"_links":{"self":[{"href":"https:\/\/alders.p3group.de\/fr\/wp-json\/wp\/v2\/product\/284014","targetHints":{"allow":["GET"]}}],"collection":[{"href":"https:\/\/alders.p3group.de\/fr\/wp-json\/wp\/v2\/product"}],"about":[{"href":"https:\/\/alders.p3group.de\/fr\/wp-json\/wp\/v2\/types\/product"}],"wp:featuredmedia":[{"embeddable":true,"href":"https:\/\/alders.p3group.de\/fr\/wp-json\/wp\/v2\/media\/282463"}],"wp:attachment":[{"href":"https:\/\/alders.p3group.de\/fr\/wp-json\/wp\/v2\/media?parent=284014"}],"wp:term":[{"taxonomy":"product_brand","embeddable":true,"href":"https:\/\/alders.p3group.de\/fr\/wp-json\/wp\/v2\/product_brand?post=284014"},{"taxonomy":"product_cat","embeddable":true,"href":"https:\/\/alders.p3group.de\/fr\/wp-json\/wp\/v2\/product_cat?post=284014"},{"taxonomy":"product_tag","embeddable":true,"href":"https:\/\/alders.p3group.de\/fr\/wp-json\/wp\/v2\/product_tag?post=284014"}],"curies":[{"name":"wp","href":"https:\/\/api.w.org\/{rel}","templated":true}]}}