{"id":284072,"date":"2021-06-14T15:19:28","date_gmt":"2021-06-14T13:19:28","guid":{"rendered":"https:\/\/alders.de\/product\/apm-hexseal-metrische-schrauben\/"},"modified":"2021-11-05T11:18:45","modified_gmt":"2021-11-05T10:18:45","slug":"apm-hexseal-metrische-schrauben","status":"publish","type":"product","link":"https:\/\/alders.p3group.de\/fr\/produit\/apm-hexseal-metrische-schrauben\/","title":{"rendered":"APM Hexseal Vis m\u00e9triques"},"content":{"rendered":"<ul>\n<li>Classe de protection IP69K<\/li>\n<li>UL standard 50, certification de type 1-13<\/li>\n<li>Toutes les t\u00eates de vis courantes et sp\u00e9ciales<\/li>\n<li>Toutes les tailles et longueurs de filetage m\u00e9triques<\/li>\n<li>Divers mat\u00e9riaux d\u2019\u00e9tanch\u00e9it\u00e9 tels que silicone, EPDM, Viton, NBR et beaucoup d\u2019autres<\/li>\n<li>Diff\u00e9rentes tailles de cl\u00e9<\/li>\n<li>Plage de temp\u00e9rature de -106 \u00b0 C \u00e0 260 \u00b0 C<\/li>\n<li>Plage de pression jusqu\u2019\u00e0 20 000 psig<\/li>\n<li>Patch pour verrouillage \u00e0 vis<\/li>\n<\/ul>\n","protected":false},"excerpt":{"rendered":"<p>Vis m\u00e9triques en acier inoxydable et acier passiv\u00e9<\/p>\n<p>____________________________________________________________<\/p>\n<p><a href=\"https:\/\/alders.p3group.de\/wp-content\/uploads\/2021\/06\/Datenblatt-Seelskrew-1.png\"><img loading=\"lazy\" decoding=\"async\" class=\"alignnone size-medium wp-image-280797\" src=\"https:\/\/alders.p3group.de\/wp-content\/uploads\/2021\/06\/Datenblatt-Seelskrew-1-246x300.png\" alt=\"\" width=\"246\" height=\"300\" srcset=\"https:\/\/alders.p3group.de\/wp-content\/uploads\/2021\/06\/Datenblatt-Seelskrew-1-246x300.png 246w, https:\/\/alders.p3group.de\/wp-content\/uploads\/2021\/06\/Datenblatt-Seelskrew-1-600x732.png 600w, https:\/\/alders.p3group.de\/wp-content\/uploads\/2021\/06\/Datenblatt-Seelskrew-1.png 751w\" sizes=\"auto, (max-width: 246px) 100vw, 246px\" \/><\/a><\/p>\n<p>____________________________________________________________<\/p>\n<p><a href=\"https:\/\/alders.p3group.de\/wp-content\/uploads\/2021\/06\/Datenblatt-Seelbolts-1.png\"><img loading=\"lazy\" decoding=\"async\" class=\"alignnone size-medium wp-image-280799\" src=\"https:\/\/alders.p3group.de\/wp-content\/uploads\/2021\/06\/Datenblatt-Seelbolts-1-279x300.png\" alt=\"\" width=\"279\" height=\"300\" srcset=\"https:\/\/alders.p3group.de\/wp-content\/uploads\/2021\/06\/Datenblatt-Seelbolts-1-279x300.png 279w, https:\/\/alders.p3group.de\/wp-content\/uploads\/2021\/06\/Datenblatt-Seelbolts-1-600x646.png 600w, https:\/\/alders.p3group.de\/wp-content\/uploads\/2021\/06\/Datenblatt-Seelbolts-1-768x827.png 768w, https:\/\/alders.p3group.de\/wp-content\/uploads\/2021\/06\/Datenblatt-Seelbolts-1.png 847w\" sizes=\"auto, (max-width: 279px) 100vw, 279px\" \/><\/a><\/p>\n<p>____________________________________________________________<\/p>\n<p><a href=\"https:\/\/alders.p3group.de\/wp-content\/uploads\/2021\/06\/How-To-Order-Srew-Bolt-2.png\"><img loading=\"lazy\" decoding=\"async\" class=\"alignnone size-medium wp-image-280793\" src=\"https:\/\/alders.p3group.de\/wp-content\/uploads\/2021\/06\/How-To-Order-Srew-Bolt-2-300x203.png\" alt=\"\" width=\"300\" height=\"203\" srcset=\"https:\/\/alders.p3group.de\/wp-content\/uploads\/2021\/06\/How-To-Order-Srew-Bolt-2-300x203.png 300w, https:\/\/alders.p3group.de\/wp-content\/uploads\/2021\/06\/How-To-Order-Srew-Bolt-2-600x405.png 600w, https:\/\/alders.p3group.de\/wp-content\/uploads\/2021\/06\/How-To-Order-Srew-Bolt-2-768x519.png 768w, https:\/\/alders.p3group.de\/wp-content\/uploads\/2021\/06\/How-To-Order-Srew-Bolt-2.png 842w\" sizes=\"auto, (max-width: 300px) 100vw, 300px\" \/><\/a><\/p>\n","protected":false},"featured_media":282063,"template":"","meta":{"_acf_changed":false,"inline_featured_image":false},"product_brand":[],"product_cat":[460],"product_tag":[434,453,456,455,454],"class_list":{"0":"post-284072","1":"product","2":"type-product","3":"status-publish","4":"has-post-thumbnail","6":"product_cat-vis-metrique-auto-etanches","7":"product_tag-e-mobilite","8":"product_tag-luft-und-raumfahrt-fr","9":"product_tag-sports-mecaniques","10":"product_tag-technologie-maritime","11":"product_tag-technologie-militaire-fr","12":"pa_hersteller-apm-hexseal-fr","14":"first","15":"instock","16":"shipping-taxable","17":"product-type-simple"},"acf":[],"yoast_head":"<!-- This site is optimized with the Yoast SEO plugin v26.6 - https:\/\/yoast.com\/wordpress\/plugins\/seo\/ -->\n<title>APM Hexseal Vis m\u00e9triques - ALDERS electronic GmbH<\/title>\n<meta name=\"robots\" content=\"noindex, follow, max-snippet:-1, max-image-preview:large, max-video-preview:-1\" \/>\n<meta property=\"og:locale\" content=\"fr_FR\" \/>\n<meta property=\"og:type\" content=\"article\" \/>\n<meta property=\"og:title\" content=\"APM Hexseal Vis m\u00e9triques - ALDERS electronic GmbH\" \/>\n<meta property=\"og:description\" content=\"Vis m\u00e9triques en acier inoxydable et acier passiv\u00e9  ____________________________________________________________    ____________________________________________________________    ____________________________________________________________\" \/>\n<meta property=\"og:url\" content=\"https:\/\/alders.p3group.de\/fr\/produit\/apm-hexseal-metrische-schrauben\/\" \/>\n<meta property=\"og:site_name\" content=\"ALDERS electronic GmbH\" \/>\n<meta property=\"article:publisher\" content=\"https:\/\/www.facebook.com\/Alders.electronic\/\" \/>\n<meta property=\"article:modified_time\" content=\"2021-11-05T10:18:45+00:00\" \/>\n<meta property=\"og:image\" content=\"https:\/\/alders.p3group.de\/wp-content\/uploads\/2021\/06\/alders-selbstdichtende-schrauben-apm-hexseal-metrische-schrauben.jpg\" \/>\n\t<meta property=\"og:image:width\" content=\"150\" \/>\n\t<meta property=\"og:image:height\" content=\"150\" \/>\n\t<meta property=\"og:image:type\" content=\"image\/jpeg\" \/>\n<meta name=\"twitter:card\" content=\"summary_large_image\" \/>\n<meta name=\"twitter:label1\" content=\"Dur\u00e9e de lecture estim\u00e9e\" \/>\n\t<meta name=\"twitter:data1\" content=\"1 minute\" \/>\n<script type=\"application\/ld+json\" class=\"yoast-schema-graph\">{\"@context\":\"https:\/\/schema.org\",\"@graph\":[{\"@type\":\"WebPage\",\"@id\":\"https:\/\/alders.p3group.de\/fr\/produit\/apm-hexseal-metrische-schrauben\/\",\"url\":\"https:\/\/alders.p3group.de\/fr\/produit\/apm-hexseal-metrische-schrauben\/\",\"name\":\"APM Hexseal Vis m\u00e9triques - ALDERS electronic GmbH\",\"isPartOf\":{\"@id\":\"https:\/\/alders.p3group.de\/fr\/#website\"},\"primaryImageOfPage\":{\"@id\":\"https:\/\/alders.p3group.de\/fr\/produit\/apm-hexseal-metrische-schrauben\/#primaryimage\"},\"image\":{\"@id\":\"https:\/\/alders.p3group.de\/fr\/produit\/apm-hexseal-metrische-schrauben\/#primaryimage\"},\"thumbnailUrl\":\"https:\/\/alders.p3group.de\/wp-content\/uploads\/2021\/06\/alders-selbstdichtende-schrauben-apm-hexseal-metrische-schrauben.jpg\",\"datePublished\":\"2021-06-14T13:19:28+00:00\",\"dateModified\":\"2021-11-05T10:18:45+00:00\",\"breadcrumb\":{\"@id\":\"https:\/\/alders.p3group.de\/fr\/produit\/apm-hexseal-metrische-schrauben\/#breadcrumb\"},\"inLanguage\":\"fr-FR\",\"potentialAction\":[{\"@type\":\"ReadAction\",\"target\":[\"https:\/\/alders.p3group.de\/fr\/produit\/apm-hexseal-metrische-schrauben\/\"]}]},{\"@type\":\"ImageObject\",\"inLanguage\":\"fr-FR\",\"@id\":\"https:\/\/alders.p3group.de\/fr\/produit\/apm-hexseal-metrische-schrauben\/#primaryimage\",\"url\":\"https:\/\/alders.p3group.de\/wp-content\/uploads\/2021\/06\/alders-selbstdichtende-schrauben-apm-hexseal-metrische-schrauben.jpg\",\"contentUrl\":\"https:\/\/alders.p3group.de\/wp-content\/uploads\/2021\/06\/alders-selbstdichtende-schrauben-apm-hexseal-metrische-schrauben.jpg\",\"width\":150,\"height\":150},{\"@type\":\"BreadcrumbList\",\"@id\":\"https:\/\/alders.p3group.de\/fr\/produit\/apm-hexseal-metrische-schrauben\/#breadcrumb\",\"itemListElement\":[{\"@type\":\"ListItem\",\"position\":1,\"name\":\"ALDERS\",\"item\":\"https:\/\/alders.p3group.de\/fr\/\"},{\"@type\":\"ListItem\",\"position\":2,\"name\":\"Catalogue\",\"item\":\"https:\/\/alders.p3group.de\/fr\/catalogue\/\"},{\"@type\":\"ListItem\",\"position\":3,\"name\":\"APM Hexseal Vis m\u00e9triques\"}]},{\"@type\":\"WebSite\",\"@id\":\"https:\/\/alders.p3group.de\/fr\/#website\",\"url\":\"https:\/\/alders.p3group.de\/fr\/\",\"name\":\"ALDERS electronic GmbH\",\"description\":\"Der Spezialist f\u00fcr elektromechanische L\u00f6sungen\",\"publisher\":{\"@id\":\"https:\/\/alders.p3group.de\/fr\/#organization\"},\"potentialAction\":[{\"@type\":\"SearchAction\",\"target\":{\"@type\":\"EntryPoint\",\"urlTemplate\":\"https:\/\/alders.p3group.de\/fr\/?s={search_term_string}\"},\"query-input\":{\"@type\":\"PropertyValueSpecification\",\"valueRequired\":true,\"valueName\":\"search_term_string\"}}],\"inLanguage\":\"fr-FR\"},{\"@type\":\"Organization\",\"@id\":\"https:\/\/alders.p3group.de\/fr\/#organization\",\"name\":\"ALDERS electronic GmbH\",\"url\":\"https:\/\/alders.p3group.de\/fr\/\",\"logo\":{\"@type\":\"ImageObject\",\"inLanguage\":\"fr-FR\",\"@id\":\"https:\/\/alders.p3group.de\/fr\/#\/schema\/logo\/image\/\",\"url\":\"https:\/\/alders.p3group.de\/wp-content\/uploads\/2022\/07\/Alders-logo-Komplett.png\",\"contentUrl\":\"https:\/\/alders.p3group.de\/wp-content\/uploads\/2022\/07\/Alders-logo-Komplett.png\",\"width\":1043,\"height\":253,\"caption\":\"ALDERS electronic GmbH\"},\"image\":{\"@id\":\"https:\/\/alders.p3group.de\/fr\/#\/schema\/logo\/image\/\"},\"sameAs\":[\"https:\/\/www.facebook.com\/Alders.electronic\/\",\"https:\/\/de.linkedin.com\/company\/alders-electronic-gmbh\",\"https:\/\/www.youtube.com\/channel\/UC-hR66wsAmKOdY03IokrlzA\",\"https:\/\/www.instagram.com\/alders.electronic\/\"]}]}<\/script>\n<!-- \/ Yoast SEO plugin. -->","yoast_head_json":{"title":"APM Hexseal Vis m\u00e9triques - ALDERS electronic GmbH","robots":{"index":"noindex","follow":"follow","max-snippet":"max-snippet:-1","max-image-preview":"max-image-preview:large","max-video-preview":"max-video-preview:-1"},"og_locale":"fr_FR","og_type":"article","og_title":"APM Hexseal Vis m\u00e9triques - ALDERS electronic GmbH","og_description":"Vis m\u00e9triques en acier inoxydable et acier passiv\u00e9  ____________________________________________________________    ____________________________________________________________    ____________________________________________________________","og_url":"https:\/\/alders.p3group.de\/fr\/produit\/apm-hexseal-metrische-schrauben\/","og_site_name":"ALDERS electronic GmbH","article_publisher":"https:\/\/www.facebook.com\/Alders.electronic\/","article_modified_time":"2021-11-05T10:18:45+00:00","og_image":[{"width":150,"height":150,"url":"https:\/\/alders.p3group.de\/wp-content\/uploads\/2021\/06\/alders-selbstdichtende-schrauben-apm-hexseal-metrische-schrauben.jpg","type":"image\/jpeg"}],"twitter_card":"summary_large_image","twitter_misc":{"Dur\u00e9e de lecture estim\u00e9e":"1 minute"},"schema":{"@context":"https:\/\/schema.org","@graph":[{"@type":"WebPage","@id":"https:\/\/alders.p3group.de\/fr\/produit\/apm-hexseal-metrische-schrauben\/","url":"https:\/\/alders.p3group.de\/fr\/produit\/apm-hexseal-metrische-schrauben\/","name":"APM Hexseal Vis m\u00e9triques - ALDERS electronic GmbH","isPartOf":{"@id":"https:\/\/alders.p3group.de\/fr\/#website"},"primaryImageOfPage":{"@id":"https:\/\/alders.p3group.de\/fr\/produit\/apm-hexseal-metrische-schrauben\/#primaryimage"},"image":{"@id":"https:\/\/alders.p3group.de\/fr\/produit\/apm-hexseal-metrische-schrauben\/#primaryimage"},"thumbnailUrl":"https:\/\/alders.p3group.de\/wp-content\/uploads\/2021\/06\/alders-selbstdichtende-schrauben-apm-hexseal-metrische-schrauben.jpg","datePublished":"2021-06-14T13:19:28+00:00","dateModified":"2021-11-05T10:18:45+00:00","breadcrumb":{"@id":"https:\/\/alders.p3group.de\/fr\/produit\/apm-hexseal-metrische-schrauben\/#breadcrumb"},"inLanguage":"fr-FR","potentialAction":[{"@type":"ReadAction","target":["https:\/\/alders.p3group.de\/fr\/produit\/apm-hexseal-metrische-schrauben\/"]}]},{"@type":"ImageObject","inLanguage":"fr-FR","@id":"https:\/\/alders.p3group.de\/fr\/produit\/apm-hexseal-metrische-schrauben\/#primaryimage","url":"https:\/\/alders.p3group.de\/wp-content\/uploads\/2021\/06\/alders-selbstdichtende-schrauben-apm-hexseal-metrische-schrauben.jpg","contentUrl":"https:\/\/alders.p3group.de\/wp-content\/uploads\/2021\/06\/alders-selbstdichtende-schrauben-apm-hexseal-metrische-schrauben.jpg","width":150,"height":150},{"@type":"BreadcrumbList","@id":"https:\/\/alders.p3group.de\/fr\/produit\/apm-hexseal-metrische-schrauben\/#breadcrumb","itemListElement":[{"@type":"ListItem","position":1,"name":"ALDERS","item":"https:\/\/alders.p3group.de\/fr\/"},{"@type":"ListItem","position":2,"name":"Catalogue","item":"https:\/\/alders.p3group.de\/fr\/catalogue\/"},{"@type":"ListItem","position":3,"name":"APM Hexseal Vis m\u00e9triques"}]},{"@type":"WebSite","@id":"https:\/\/alders.p3group.de\/fr\/#website","url":"https:\/\/alders.p3group.de\/fr\/","name":"ALDERS electronic GmbH","description":"Der Spezialist f\u00fcr elektromechanische L\u00f6sungen","publisher":{"@id":"https:\/\/alders.p3group.de\/fr\/#organization"},"potentialAction":[{"@type":"SearchAction","target":{"@type":"EntryPoint","urlTemplate":"https:\/\/alders.p3group.de\/fr\/?s={search_term_string}"},"query-input":{"@type":"PropertyValueSpecification","valueRequired":true,"valueName":"search_term_string"}}],"inLanguage":"fr-FR"},{"@type":"Organization","@id":"https:\/\/alders.p3group.de\/fr\/#organization","name":"ALDERS electronic GmbH","url":"https:\/\/alders.p3group.de\/fr\/","logo":{"@type":"ImageObject","inLanguage":"fr-FR","@id":"https:\/\/alders.p3group.de\/fr\/#\/schema\/logo\/image\/","url":"https:\/\/alders.p3group.de\/wp-content\/uploads\/2022\/07\/Alders-logo-Komplett.png","contentUrl":"https:\/\/alders.p3group.de\/wp-content\/uploads\/2022\/07\/Alders-logo-Komplett.png","width":1043,"height":253,"caption":"ALDERS electronic GmbH"},"image":{"@id":"https:\/\/alders.p3group.de\/fr\/#\/schema\/logo\/image\/"},"sameAs":["https:\/\/www.facebook.com\/Alders.electronic\/","https:\/\/de.linkedin.com\/company\/alders-electronic-gmbh","https:\/\/www.youtube.com\/channel\/UC-hR66wsAmKOdY03IokrlzA","https:\/\/www.instagram.com\/alders.electronic\/"]}]}},"_links":{"self":[{"href":"https:\/\/alders.p3group.de\/fr\/wp-json\/wp\/v2\/product\/284072","targetHints":{"allow":["GET"]}}],"collection":[{"href":"https:\/\/alders.p3group.de\/fr\/wp-json\/wp\/v2\/product"}],"about":[{"href":"https:\/\/alders.p3group.de\/fr\/wp-json\/wp\/v2\/types\/product"}],"wp:featuredmedia":[{"embeddable":true,"href":"https:\/\/alders.p3group.de\/fr\/wp-json\/wp\/v2\/media\/282063"}],"wp:attachment":[{"href":"https:\/\/alders.p3group.de\/fr\/wp-json\/wp\/v2\/media?parent=284072"}],"wp:term":[{"taxonomy":"product_brand","embeddable":true,"href":"https:\/\/alders.p3group.de\/fr\/wp-json\/wp\/v2\/product_brand?post=284072"},{"taxonomy":"product_cat","embeddable":true,"href":"https:\/\/alders.p3group.de\/fr\/wp-json\/wp\/v2\/product_cat?post=284072"},{"taxonomy":"product_tag","embeddable":true,"href":"https:\/\/alders.p3group.de\/fr\/wp-json\/wp\/v2\/product_tag?post=284072"}],"curies":[{"name":"wp","href":"https:\/\/api.w.org\/{rel}","templated":true}]}}