{"id":284077,"date":"2021-06-22T11:36:27","date_gmt":"2021-06-22T09:36:27","guid":{"rendered":"https:\/\/alders.de\/product\/otto-controls-wp-operator-control-module\/"},"modified":"2022-03-02T16:40:11","modified_gmt":"2022-03-02T15:40:11","slug":"otto-controls-wp-operator-control-module","status":"publish","type":"product","link":"https:\/\/alders.p3group.de\/fr\/produit\/otto-controls-wp-operator-control-module\/","title":{"rendered":"OTTO Controls WP module de commande de l&rsquo;op\u00e9rateur"},"content":{"rendered":"","protected":false},"excerpt":{"rendered":"<div>\n<div>\n<div>\n<div id=\"wpoperatorcontrolmodule\">\n<div>\n<p>Avec le \u201eOperator Control Module\u201c, OTTO offre la possibilit\u00e9 de d\u00e9velopper et de fabriquer des unit\u00e9s de commande ergonomiques selon les sp\u00e9cifications du client et de les \u00e9quiper de joysticks, d\u2019\u00e9l\u00e9ments \u00e0 effet reverb, de boutons ou de claviers lumineux. Les march\u00e9s de ces modules sont ceux des machines agricoles et de construction et d\u2019autres applications pour v\u00e9hicules tout-terrain. OTTO Controls est en mesure de cr\u00e9er des mod\u00e8les 3D en plastique afin que l\u2019ergonomie puisse \u00eatre test\u00e9e \u00e0 un stade pr\u00e9coce du d\u00e9veloppement.<\/p>\n<\/div>\n<\/div>\n<\/div>\n<\/div>\n<\/div>\n","protected":false},"featured_media":282511,"template":"","meta":{"_acf_changed":false,"inline_featured_image":false},"product_brand":[],"product_cat":[464,379],"product_tag":[],"class_list":{"0":"post-284077","1":"product","2":"type-product","3":"status-publish","4":"has-post-thumbnail","6":"product_cat-poignee-de-commande","7":"product_cat-poignees-de-commande-et-leviers-lateraux","8":"pa_hersteller-otto-controls-fr","10":"first","11":"instock","12":"shipping-taxable","13":"product-type-simple"},"acf":[],"yoast_head":"<!-- This site is optimized with the Yoast SEO plugin v26.6 - https:\/\/yoast.com\/wordpress\/plugins\/seo\/ -->\n<title>OTTO Controls WP module de commande de l&#039;op\u00e9rateur - ALDERS electronic GmbH<\/title>\n<meta name=\"robots\" content=\"noindex, follow, max-snippet:-1, max-image-preview:large, max-video-preview:-1\" \/>\n<meta property=\"og:locale\" content=\"fr_FR\" \/>\n<meta property=\"og:type\" content=\"article\" \/>\n<meta property=\"og:title\" content=\"OTTO Controls WP module de commande de l&#039;op\u00e9rateur - ALDERS electronic GmbH\" \/>\n<meta property=\"og:description\" content=\"Avec le \u201eOperator Control Module\u201c, OTTO offre la possibilit\u00e9 de d\u00e9velopper et de fabriquer des unit\u00e9s de commande ergonomiques selon les sp\u00e9cifications du client et de les \u00e9quiper de joysticks, d\u2019\u00e9l\u00e9ments \u00e0 effet reverb, de boutons ou de claviers lumineux. Les march\u00e9s de ces modules sont ceux des machines agricoles et de construction et d\u2019autres applications pour v\u00e9hicules tout-terrain. OTTO Controls est en mesure de cr\u00e9er des mod\u00e8les 3D en plastique afin que l\u2019ergonomie puisse \u00eatre test\u00e9e \u00e0 un stade pr\u00e9coce du d\u00e9veloppement.\" \/>\n<meta property=\"og:url\" content=\"https:\/\/alders.p3group.de\/fr\/produit\/otto-controls-wp-operator-control-module\/\" \/>\n<meta property=\"og:site_name\" content=\"ALDERS electronic GmbH\" \/>\n<meta property=\"article:publisher\" content=\"https:\/\/www.facebook.com\/Alders.electronic\/\" \/>\n<meta property=\"article:modified_time\" content=\"2022-03-02T15:40:11+00:00\" \/>\n<meta property=\"og:image\" content=\"https:\/\/alders.p3group.de\/wp-content\/uploads\/2021\/06\/alders-steuergriffe-sidesticks-otto-controls-wp-operator-control-module.jpg\" \/>\n\t<meta property=\"og:image:width\" content=\"173\" \/>\n\t<meta property=\"og:image:height\" content=\"150\" \/>\n\t<meta property=\"og:image:type\" content=\"image\/jpeg\" \/>\n<meta name=\"twitter:card\" content=\"summary_large_image\" \/>\n<script type=\"application\/ld+json\" class=\"yoast-schema-graph\">{\"@context\":\"https:\/\/schema.org\",\"@graph\":[{\"@type\":\"WebPage\",\"@id\":\"https:\/\/alders.p3group.de\/fr\/produit\/otto-controls-wp-operator-control-module\/\",\"url\":\"https:\/\/alders.p3group.de\/fr\/produit\/otto-controls-wp-operator-control-module\/\",\"name\":\"OTTO Controls WP module de commande de l'op\u00e9rateur - ALDERS electronic GmbH\",\"isPartOf\":{\"@id\":\"https:\/\/alders.p3group.de\/fr\/#website\"},\"primaryImageOfPage\":{\"@id\":\"https:\/\/alders.p3group.de\/fr\/produit\/otto-controls-wp-operator-control-module\/#primaryimage\"},\"image\":{\"@id\":\"https:\/\/alders.p3group.de\/fr\/produit\/otto-controls-wp-operator-control-module\/#primaryimage\"},\"thumbnailUrl\":\"https:\/\/alders.p3group.de\/wp-content\/uploads\/2021\/06\/alders-steuergriffe-sidesticks-otto-controls-wp-operator-control-module.jpg\",\"datePublished\":\"2021-06-22T09:36:27+00:00\",\"dateModified\":\"2022-03-02T15:40:11+00:00\",\"breadcrumb\":{\"@id\":\"https:\/\/alders.p3group.de\/fr\/produit\/otto-controls-wp-operator-control-module\/#breadcrumb\"},\"inLanguage\":\"fr-FR\",\"potentialAction\":[{\"@type\":\"ReadAction\",\"target\":[\"https:\/\/alders.p3group.de\/fr\/produit\/otto-controls-wp-operator-control-module\/\"]}]},{\"@type\":\"ImageObject\",\"inLanguage\":\"fr-FR\",\"@id\":\"https:\/\/alders.p3group.de\/fr\/produit\/otto-controls-wp-operator-control-module\/#primaryimage\",\"url\":\"https:\/\/alders.p3group.de\/wp-content\/uploads\/2021\/06\/alders-steuergriffe-sidesticks-otto-controls-wp-operator-control-module.jpg\",\"contentUrl\":\"https:\/\/alders.p3group.de\/wp-content\/uploads\/2021\/06\/alders-steuergriffe-sidesticks-otto-controls-wp-operator-control-module.jpg\",\"width\":173,\"height\":150},{\"@type\":\"BreadcrumbList\",\"@id\":\"https:\/\/alders.p3group.de\/fr\/produit\/otto-controls-wp-operator-control-module\/#breadcrumb\",\"itemListElement\":[{\"@type\":\"ListItem\",\"position\":1,\"name\":\"ALDERS\",\"item\":\"https:\/\/alders.p3group.de\/fr\/\"},{\"@type\":\"ListItem\",\"position\":2,\"name\":\"Catalogue\",\"item\":\"https:\/\/alders.p3group.de\/fr\/catalogue\/\"},{\"@type\":\"ListItem\",\"position\":3,\"name\":\"OTTO Controls WP module de commande de l&rsquo;op\u00e9rateur\"}]},{\"@type\":\"WebSite\",\"@id\":\"https:\/\/alders.p3group.de\/fr\/#website\",\"url\":\"https:\/\/alders.p3group.de\/fr\/\",\"name\":\"ALDERS electronic GmbH\",\"description\":\"Der Spezialist f\u00fcr elektromechanische L\u00f6sungen\",\"publisher\":{\"@id\":\"https:\/\/alders.p3group.de\/fr\/#organization\"},\"potentialAction\":[{\"@type\":\"SearchAction\",\"target\":{\"@type\":\"EntryPoint\",\"urlTemplate\":\"https:\/\/alders.p3group.de\/fr\/?s={search_term_string}\"},\"query-input\":{\"@type\":\"PropertyValueSpecification\",\"valueRequired\":true,\"valueName\":\"search_term_string\"}}],\"inLanguage\":\"fr-FR\"},{\"@type\":\"Organization\",\"@id\":\"https:\/\/alders.p3group.de\/fr\/#organization\",\"name\":\"ALDERS electronic GmbH\",\"url\":\"https:\/\/alders.p3group.de\/fr\/\",\"logo\":{\"@type\":\"ImageObject\",\"inLanguage\":\"fr-FR\",\"@id\":\"https:\/\/alders.p3group.de\/fr\/#\/schema\/logo\/image\/\",\"url\":\"https:\/\/alders.p3group.de\/wp-content\/uploads\/2022\/07\/Alders-logo-Komplett.png\",\"contentUrl\":\"https:\/\/alders.p3group.de\/wp-content\/uploads\/2022\/07\/Alders-logo-Komplett.png\",\"width\":1043,\"height\":253,\"caption\":\"ALDERS electronic GmbH\"},\"image\":{\"@id\":\"https:\/\/alders.p3group.de\/fr\/#\/schema\/logo\/image\/\"},\"sameAs\":[\"https:\/\/www.facebook.com\/Alders.electronic\/\",\"https:\/\/de.linkedin.com\/company\/alders-electronic-gmbh\",\"https:\/\/www.youtube.com\/channel\/UC-hR66wsAmKOdY03IokrlzA\",\"https:\/\/www.instagram.com\/alders.electronic\/\"]}]}<\/script>\n<!-- \/ Yoast SEO plugin. -->","yoast_head_json":{"title":"OTTO Controls WP module de commande de l'op\u00e9rateur - ALDERS electronic GmbH","robots":{"index":"noindex","follow":"follow","max-snippet":"max-snippet:-1","max-image-preview":"max-image-preview:large","max-video-preview":"max-video-preview:-1"},"og_locale":"fr_FR","og_type":"article","og_title":"OTTO Controls WP module de commande de l'op\u00e9rateur - ALDERS electronic GmbH","og_description":"Avec le \u201eOperator Control Module\u201c, OTTO offre la possibilit\u00e9 de d\u00e9velopper et de fabriquer des unit\u00e9s de commande ergonomiques selon les sp\u00e9cifications du client et de les \u00e9quiper de joysticks, d\u2019\u00e9l\u00e9ments \u00e0 effet reverb, de boutons ou de claviers lumineux. Les march\u00e9s de ces modules sont ceux des machines agricoles et de construction et d\u2019autres applications pour v\u00e9hicules tout-terrain. OTTO Controls est en mesure de cr\u00e9er des mod\u00e8les 3D en plastique afin que l\u2019ergonomie puisse \u00eatre test\u00e9e \u00e0 un stade pr\u00e9coce du d\u00e9veloppement.","og_url":"https:\/\/alders.p3group.de\/fr\/produit\/otto-controls-wp-operator-control-module\/","og_site_name":"ALDERS electronic GmbH","article_publisher":"https:\/\/www.facebook.com\/Alders.electronic\/","article_modified_time":"2022-03-02T15:40:11+00:00","og_image":[{"width":173,"height":150,"url":"https:\/\/alders.p3group.de\/wp-content\/uploads\/2021\/06\/alders-steuergriffe-sidesticks-otto-controls-wp-operator-control-module.jpg","type":"image\/jpeg"}],"twitter_card":"summary_large_image","schema":{"@context":"https:\/\/schema.org","@graph":[{"@type":"WebPage","@id":"https:\/\/alders.p3group.de\/fr\/produit\/otto-controls-wp-operator-control-module\/","url":"https:\/\/alders.p3group.de\/fr\/produit\/otto-controls-wp-operator-control-module\/","name":"OTTO Controls WP module de commande de l'op\u00e9rateur - ALDERS electronic GmbH","isPartOf":{"@id":"https:\/\/alders.p3group.de\/fr\/#website"},"primaryImageOfPage":{"@id":"https:\/\/alders.p3group.de\/fr\/produit\/otto-controls-wp-operator-control-module\/#primaryimage"},"image":{"@id":"https:\/\/alders.p3group.de\/fr\/produit\/otto-controls-wp-operator-control-module\/#primaryimage"},"thumbnailUrl":"https:\/\/alders.p3group.de\/wp-content\/uploads\/2021\/06\/alders-steuergriffe-sidesticks-otto-controls-wp-operator-control-module.jpg","datePublished":"2021-06-22T09:36:27+00:00","dateModified":"2022-03-02T15:40:11+00:00","breadcrumb":{"@id":"https:\/\/alders.p3group.de\/fr\/produit\/otto-controls-wp-operator-control-module\/#breadcrumb"},"inLanguage":"fr-FR","potentialAction":[{"@type":"ReadAction","target":["https:\/\/alders.p3group.de\/fr\/produit\/otto-controls-wp-operator-control-module\/"]}]},{"@type":"ImageObject","inLanguage":"fr-FR","@id":"https:\/\/alders.p3group.de\/fr\/produit\/otto-controls-wp-operator-control-module\/#primaryimage","url":"https:\/\/alders.p3group.de\/wp-content\/uploads\/2021\/06\/alders-steuergriffe-sidesticks-otto-controls-wp-operator-control-module.jpg","contentUrl":"https:\/\/alders.p3group.de\/wp-content\/uploads\/2021\/06\/alders-steuergriffe-sidesticks-otto-controls-wp-operator-control-module.jpg","width":173,"height":150},{"@type":"BreadcrumbList","@id":"https:\/\/alders.p3group.de\/fr\/produit\/otto-controls-wp-operator-control-module\/#breadcrumb","itemListElement":[{"@type":"ListItem","position":1,"name":"ALDERS","item":"https:\/\/alders.p3group.de\/fr\/"},{"@type":"ListItem","position":2,"name":"Catalogue","item":"https:\/\/alders.p3group.de\/fr\/catalogue\/"},{"@type":"ListItem","position":3,"name":"OTTO Controls WP module de commande de l&rsquo;op\u00e9rateur"}]},{"@type":"WebSite","@id":"https:\/\/alders.p3group.de\/fr\/#website","url":"https:\/\/alders.p3group.de\/fr\/","name":"ALDERS electronic GmbH","description":"Der Spezialist f\u00fcr elektromechanische L\u00f6sungen","publisher":{"@id":"https:\/\/alders.p3group.de\/fr\/#organization"},"potentialAction":[{"@type":"SearchAction","target":{"@type":"EntryPoint","urlTemplate":"https:\/\/alders.p3group.de\/fr\/?s={search_term_string}"},"query-input":{"@type":"PropertyValueSpecification","valueRequired":true,"valueName":"search_term_string"}}],"inLanguage":"fr-FR"},{"@type":"Organization","@id":"https:\/\/alders.p3group.de\/fr\/#organization","name":"ALDERS electronic GmbH","url":"https:\/\/alders.p3group.de\/fr\/","logo":{"@type":"ImageObject","inLanguage":"fr-FR","@id":"https:\/\/alders.p3group.de\/fr\/#\/schema\/logo\/image\/","url":"https:\/\/alders.p3group.de\/wp-content\/uploads\/2022\/07\/Alders-logo-Komplett.png","contentUrl":"https:\/\/alders.p3group.de\/wp-content\/uploads\/2022\/07\/Alders-logo-Komplett.png","width":1043,"height":253,"caption":"ALDERS electronic GmbH"},"image":{"@id":"https:\/\/alders.p3group.de\/fr\/#\/schema\/logo\/image\/"},"sameAs":["https:\/\/www.facebook.com\/Alders.electronic\/","https:\/\/de.linkedin.com\/company\/alders-electronic-gmbh","https:\/\/www.youtube.com\/channel\/UC-hR66wsAmKOdY03IokrlzA","https:\/\/www.instagram.com\/alders.electronic\/"]}]}},"_links":{"self":[{"href":"https:\/\/alders.p3group.de\/fr\/wp-json\/wp\/v2\/product\/284077","targetHints":{"allow":["GET"]}}],"collection":[{"href":"https:\/\/alders.p3group.de\/fr\/wp-json\/wp\/v2\/product"}],"about":[{"href":"https:\/\/alders.p3group.de\/fr\/wp-json\/wp\/v2\/types\/product"}],"wp:featuredmedia":[{"embeddable":true,"href":"https:\/\/alders.p3group.de\/fr\/wp-json\/wp\/v2\/media\/282511"}],"wp:attachment":[{"href":"https:\/\/alders.p3group.de\/fr\/wp-json\/wp\/v2\/media?parent=284077"}],"wp:term":[{"taxonomy":"product_brand","embeddable":true,"href":"https:\/\/alders.p3group.de\/fr\/wp-json\/wp\/v2\/product_brand?post=284077"},{"taxonomy":"product_cat","embeddable":true,"href":"https:\/\/alders.p3group.de\/fr\/wp-json\/wp\/v2\/product_cat?post=284077"},{"taxonomy":"product_tag","embeddable":true,"href":"https:\/\/alders.p3group.de\/fr\/wp-json\/wp\/v2\/product_tag?post=284077"}],"curies":[{"name":"wp","href":"https:\/\/api.w.org\/{rel}","templated":true}]}}