{"id":284083,"date":"2021-06-22T11:13:10","date_gmt":"2021-06-22T09:13:10","guid":{"rendered":"https:\/\/alders.de\/product\/otto-controls-steuergriff-g3-contour-grip\/"},"modified":"2024-04-11T16:02:17","modified_gmt":"2024-04-11T14:02:17","slug":"otto-controls-steuergriff-g3-contour-grip","status":"publish","type":"product","link":"https:\/\/alders.p3group.de\/fr\/produit\/otto-controls-steuergriff-g3-contour-grip\/","title":{"rendered":"OTTO Controls G3 emprise de contour"},"content":{"rendered":"","protected":false},"excerpt":{"rendered":"<p>Le design ergonomique de la poign\u00e9e de commande a \u00e9t\u00e9 cr\u00e9\u00e9 avec le savoir-faire d\u2019experts, y compris des op\u00e9rateurs de machines qui ont test\u00e9 la prise dans un environnement virtuel et r\u00e9aliste. Apr\u00e8s plusieurs modifications, la forme de la poign\u00e9e a \u00e9t\u00e9 affin\u00e9e pour devenir une version conviviale pour l\u2019utilisateur final apr\u00e8s plusieurs modifications. Sa conception soulage les bras et les poignets, ce qui permet une utilisation plus longue avec un minimum de fatigue.<\/p>\n<p>Avec cette poign\u00e9e ergonomique, vous avez la possibilit\u00e9 de s\u00e9lectionner les \u00e9l\u00e9ments de commande \u00e0 int\u00e9grer \u00e0 l\u2019avant, \u00e0 l\u2019arri\u00e8re et sur les c\u00f4t\u00e9s.<\/p>\n","protected":false},"featured_media":282507,"template":"","meta":{"_acf_changed":false,"inline_featured_image":false},"product_brand":[],"product_cat":[464,379],"product_tag":[466,433],"class_list":{"0":"post-284083","1":"product","2":"type-product","3":"status-publish","4":"has-post-thumbnail","6":"product_cat-poignee-de-commande","7":"product_cat-poignees-de-commande-et-leviers-lateraux","8":"product_tag-machines-agricoles","9":"product_tag-machines-de-construction","10":"pa_hersteller-otto-controls-fr","12":"first","13":"instock","14":"shipping-taxable","15":"product-type-simple"},"acf":[],"yoast_head":"<!-- This site is optimized with the Yoast SEO plugin v26.6 - https:\/\/yoast.com\/wordpress\/plugins\/seo\/ -->\n<title>OTTO Controls G3 emprise de contour - ALDERS electronic GmbH<\/title>\n<meta name=\"robots\" content=\"noindex, follow, max-snippet:-1, max-image-preview:large, max-video-preview:-1\" \/>\n<meta property=\"og:locale\" content=\"fr_FR\" \/>\n<meta property=\"og:type\" content=\"article\" \/>\n<meta property=\"og:title\" content=\"OTTO Controls G3 emprise de contour - ALDERS electronic GmbH\" \/>\n<meta property=\"og:description\" content=\"Le design ergonomique de la poign\u00e9e de commande a \u00e9t\u00e9 cr\u00e9\u00e9 avec le savoir-faire d\u2019experts, y compris des op\u00e9rateurs de machines qui ont test\u00e9 la prise dans un environnement virtuel et r\u00e9aliste. Apr\u00e8s plusieurs modifications, la forme de la poign\u00e9e a \u00e9t\u00e9 affin\u00e9e pour devenir une version conviviale pour l\u2019utilisateur final apr\u00e8s plusieurs modifications. Sa conception soulage les bras et les poignets, ce qui permet une utilisation plus longue avec un minimum de fatigue.  Avec cette poign\u00e9e ergonomique, vous avez la possibilit\u00e9 de s\u00e9lectionner les \u00e9l\u00e9ments de commande \u00e0 int\u00e9grer \u00e0 l\u2019avant, \u00e0 l\u2019arri\u00e8re et sur les c\u00f4t\u00e9s.\" \/>\n<meta property=\"og:url\" content=\"https:\/\/alders.p3group.de\/fr\/produit\/otto-controls-steuergriff-g3-contour-grip\/\" \/>\n<meta property=\"og:site_name\" content=\"ALDERS electronic GmbH\" \/>\n<meta property=\"article:publisher\" content=\"https:\/\/www.facebook.com\/Alders.electronic\/\" \/>\n<meta property=\"article:modified_time\" content=\"2024-04-11T14:02:17+00:00\" \/>\n<meta property=\"og:image\" content=\"https:\/\/alders.p3group.de\/wp-content\/uploads\/2021\/06\/alders-steuergriffe-sidesticks-otto-controls-g3-contour-grip.png\" \/>\n\t<meta property=\"og:image:width\" content=\"124\" \/>\n\t<meta property=\"og:image:height\" content=\"150\" \/>\n\t<meta property=\"og:image:type\" content=\"image\/png\" \/>\n<meta name=\"twitter:card\" content=\"summary_large_image\" \/>\n<script type=\"application\/ld+json\" class=\"yoast-schema-graph\">{\"@context\":\"https:\/\/schema.org\",\"@graph\":[{\"@type\":\"WebPage\",\"@id\":\"https:\/\/alders.p3group.de\/fr\/produit\/otto-controls-steuergriff-g3-contour-grip\/\",\"url\":\"https:\/\/alders.p3group.de\/fr\/produit\/otto-controls-steuergriff-g3-contour-grip\/\",\"name\":\"OTTO Controls G3 emprise de contour - ALDERS electronic GmbH\",\"isPartOf\":{\"@id\":\"https:\/\/alders.p3group.de\/fr\/#website\"},\"primaryImageOfPage\":{\"@id\":\"https:\/\/alders.p3group.de\/fr\/produit\/otto-controls-steuergriff-g3-contour-grip\/#primaryimage\"},\"image\":{\"@id\":\"https:\/\/alders.p3group.de\/fr\/produit\/otto-controls-steuergriff-g3-contour-grip\/#primaryimage\"},\"thumbnailUrl\":\"https:\/\/alders.p3group.de\/wp-content\/uploads\/2021\/06\/alders-steuergriffe-sidesticks-otto-controls-g3-contour-grip.png\",\"datePublished\":\"2021-06-22T09:13:10+00:00\",\"dateModified\":\"2024-04-11T14:02:17+00:00\",\"breadcrumb\":{\"@id\":\"https:\/\/alders.p3group.de\/fr\/produit\/otto-controls-steuergriff-g3-contour-grip\/#breadcrumb\"},\"inLanguage\":\"fr-FR\",\"potentialAction\":[{\"@type\":\"ReadAction\",\"target\":[\"https:\/\/alders.p3group.de\/fr\/produit\/otto-controls-steuergriff-g3-contour-grip\/\"]}]},{\"@type\":\"ImageObject\",\"inLanguage\":\"fr-FR\",\"@id\":\"https:\/\/alders.p3group.de\/fr\/produit\/otto-controls-steuergriff-g3-contour-grip\/#primaryimage\",\"url\":\"https:\/\/alders.p3group.de\/wp-content\/uploads\/2021\/06\/alders-steuergriffe-sidesticks-otto-controls-g3-contour-grip.png\",\"contentUrl\":\"https:\/\/alders.p3group.de\/wp-content\/uploads\/2021\/06\/alders-steuergriffe-sidesticks-otto-controls-g3-contour-grip.png\",\"width\":124,\"height\":150},{\"@type\":\"BreadcrumbList\",\"@id\":\"https:\/\/alders.p3group.de\/fr\/produit\/otto-controls-steuergriff-g3-contour-grip\/#breadcrumb\",\"itemListElement\":[{\"@type\":\"ListItem\",\"position\":1,\"name\":\"ALDERS\",\"item\":\"https:\/\/alders.p3group.de\/fr\/\"},{\"@type\":\"ListItem\",\"position\":2,\"name\":\"Catalogue\",\"item\":\"https:\/\/alders.p3group.de\/fr\/catalogue\/\"},{\"@type\":\"ListItem\",\"position\":3,\"name\":\"OTTO Controls G3 emprise de contour\"}]},{\"@type\":\"WebSite\",\"@id\":\"https:\/\/alders.p3group.de\/fr\/#website\",\"url\":\"https:\/\/alders.p3group.de\/fr\/\",\"name\":\"ALDERS electronic GmbH\",\"description\":\"Der Spezialist f\u00fcr elektromechanische L\u00f6sungen\",\"publisher\":{\"@id\":\"https:\/\/alders.p3group.de\/fr\/#organization\"},\"potentialAction\":[{\"@type\":\"SearchAction\",\"target\":{\"@type\":\"EntryPoint\",\"urlTemplate\":\"https:\/\/alders.p3group.de\/fr\/?s={search_term_string}\"},\"query-input\":{\"@type\":\"PropertyValueSpecification\",\"valueRequired\":true,\"valueName\":\"search_term_string\"}}],\"inLanguage\":\"fr-FR\"},{\"@type\":\"Organization\",\"@id\":\"https:\/\/alders.p3group.de\/fr\/#organization\",\"name\":\"ALDERS electronic GmbH\",\"url\":\"https:\/\/alders.p3group.de\/fr\/\",\"logo\":{\"@type\":\"ImageObject\",\"inLanguage\":\"fr-FR\",\"@id\":\"https:\/\/alders.p3group.de\/fr\/#\/schema\/logo\/image\/\",\"url\":\"https:\/\/alders.p3group.de\/wp-content\/uploads\/2022\/07\/Alders-logo-Komplett.png\",\"contentUrl\":\"https:\/\/alders.p3group.de\/wp-content\/uploads\/2022\/07\/Alders-logo-Komplett.png\",\"width\":1043,\"height\":253,\"caption\":\"ALDERS electronic GmbH\"},\"image\":{\"@id\":\"https:\/\/alders.p3group.de\/fr\/#\/schema\/logo\/image\/\"},\"sameAs\":[\"https:\/\/www.facebook.com\/Alders.electronic\/\",\"https:\/\/de.linkedin.com\/company\/alders-electronic-gmbh\",\"https:\/\/www.youtube.com\/channel\/UC-hR66wsAmKOdY03IokrlzA\",\"https:\/\/www.instagram.com\/alders.electronic\/\"]}]}<\/script>\n<!-- \/ Yoast SEO plugin. -->","yoast_head_json":{"title":"OTTO Controls G3 emprise de contour - ALDERS electronic GmbH","robots":{"index":"noindex","follow":"follow","max-snippet":"max-snippet:-1","max-image-preview":"max-image-preview:large","max-video-preview":"max-video-preview:-1"},"og_locale":"fr_FR","og_type":"article","og_title":"OTTO Controls G3 emprise de contour - ALDERS electronic GmbH","og_description":"Le design ergonomique de la poign\u00e9e de commande a \u00e9t\u00e9 cr\u00e9\u00e9 avec le savoir-faire d\u2019experts, y compris des op\u00e9rateurs de machines qui ont test\u00e9 la prise dans un environnement virtuel et r\u00e9aliste. Apr\u00e8s plusieurs modifications, la forme de la poign\u00e9e a \u00e9t\u00e9 affin\u00e9e pour devenir une version conviviale pour l\u2019utilisateur final apr\u00e8s plusieurs modifications. Sa conception soulage les bras et les poignets, ce qui permet une utilisation plus longue avec un minimum de fatigue.  Avec cette poign\u00e9e ergonomique, vous avez la possibilit\u00e9 de s\u00e9lectionner les \u00e9l\u00e9ments de commande \u00e0 int\u00e9grer \u00e0 l\u2019avant, \u00e0 l\u2019arri\u00e8re et sur les c\u00f4t\u00e9s.","og_url":"https:\/\/alders.p3group.de\/fr\/produit\/otto-controls-steuergriff-g3-contour-grip\/","og_site_name":"ALDERS electronic GmbH","article_publisher":"https:\/\/www.facebook.com\/Alders.electronic\/","article_modified_time":"2024-04-11T14:02:17+00:00","og_image":[{"width":124,"height":150,"url":"https:\/\/alders.p3group.de\/wp-content\/uploads\/2021\/06\/alders-steuergriffe-sidesticks-otto-controls-g3-contour-grip.png","type":"image\/png"}],"twitter_card":"summary_large_image","schema":{"@context":"https:\/\/schema.org","@graph":[{"@type":"WebPage","@id":"https:\/\/alders.p3group.de\/fr\/produit\/otto-controls-steuergriff-g3-contour-grip\/","url":"https:\/\/alders.p3group.de\/fr\/produit\/otto-controls-steuergriff-g3-contour-grip\/","name":"OTTO Controls G3 emprise de contour - ALDERS electronic GmbH","isPartOf":{"@id":"https:\/\/alders.p3group.de\/fr\/#website"},"primaryImageOfPage":{"@id":"https:\/\/alders.p3group.de\/fr\/produit\/otto-controls-steuergriff-g3-contour-grip\/#primaryimage"},"image":{"@id":"https:\/\/alders.p3group.de\/fr\/produit\/otto-controls-steuergriff-g3-contour-grip\/#primaryimage"},"thumbnailUrl":"https:\/\/alders.p3group.de\/wp-content\/uploads\/2021\/06\/alders-steuergriffe-sidesticks-otto-controls-g3-contour-grip.png","datePublished":"2021-06-22T09:13:10+00:00","dateModified":"2024-04-11T14:02:17+00:00","breadcrumb":{"@id":"https:\/\/alders.p3group.de\/fr\/produit\/otto-controls-steuergriff-g3-contour-grip\/#breadcrumb"},"inLanguage":"fr-FR","potentialAction":[{"@type":"ReadAction","target":["https:\/\/alders.p3group.de\/fr\/produit\/otto-controls-steuergriff-g3-contour-grip\/"]}]},{"@type":"ImageObject","inLanguage":"fr-FR","@id":"https:\/\/alders.p3group.de\/fr\/produit\/otto-controls-steuergriff-g3-contour-grip\/#primaryimage","url":"https:\/\/alders.p3group.de\/wp-content\/uploads\/2021\/06\/alders-steuergriffe-sidesticks-otto-controls-g3-contour-grip.png","contentUrl":"https:\/\/alders.p3group.de\/wp-content\/uploads\/2021\/06\/alders-steuergriffe-sidesticks-otto-controls-g3-contour-grip.png","width":124,"height":150},{"@type":"BreadcrumbList","@id":"https:\/\/alders.p3group.de\/fr\/produit\/otto-controls-steuergriff-g3-contour-grip\/#breadcrumb","itemListElement":[{"@type":"ListItem","position":1,"name":"ALDERS","item":"https:\/\/alders.p3group.de\/fr\/"},{"@type":"ListItem","position":2,"name":"Catalogue","item":"https:\/\/alders.p3group.de\/fr\/catalogue\/"},{"@type":"ListItem","position":3,"name":"OTTO Controls G3 emprise de contour"}]},{"@type":"WebSite","@id":"https:\/\/alders.p3group.de\/fr\/#website","url":"https:\/\/alders.p3group.de\/fr\/","name":"ALDERS electronic GmbH","description":"Der Spezialist f\u00fcr elektromechanische L\u00f6sungen","publisher":{"@id":"https:\/\/alders.p3group.de\/fr\/#organization"},"potentialAction":[{"@type":"SearchAction","target":{"@type":"EntryPoint","urlTemplate":"https:\/\/alders.p3group.de\/fr\/?s={search_term_string}"},"query-input":{"@type":"PropertyValueSpecification","valueRequired":true,"valueName":"search_term_string"}}],"inLanguage":"fr-FR"},{"@type":"Organization","@id":"https:\/\/alders.p3group.de\/fr\/#organization","name":"ALDERS electronic GmbH","url":"https:\/\/alders.p3group.de\/fr\/","logo":{"@type":"ImageObject","inLanguage":"fr-FR","@id":"https:\/\/alders.p3group.de\/fr\/#\/schema\/logo\/image\/","url":"https:\/\/alders.p3group.de\/wp-content\/uploads\/2022\/07\/Alders-logo-Komplett.png","contentUrl":"https:\/\/alders.p3group.de\/wp-content\/uploads\/2022\/07\/Alders-logo-Komplett.png","width":1043,"height":253,"caption":"ALDERS electronic GmbH"},"image":{"@id":"https:\/\/alders.p3group.de\/fr\/#\/schema\/logo\/image\/"},"sameAs":["https:\/\/www.facebook.com\/Alders.electronic\/","https:\/\/de.linkedin.com\/company\/alders-electronic-gmbh","https:\/\/www.youtube.com\/channel\/UC-hR66wsAmKOdY03IokrlzA","https:\/\/www.instagram.com\/alders.electronic\/"]}]}},"_links":{"self":[{"href":"https:\/\/alders.p3group.de\/fr\/wp-json\/wp\/v2\/product\/284083","targetHints":{"allow":["GET"]}}],"collection":[{"href":"https:\/\/alders.p3group.de\/fr\/wp-json\/wp\/v2\/product"}],"about":[{"href":"https:\/\/alders.p3group.de\/fr\/wp-json\/wp\/v2\/types\/product"}],"wp:featuredmedia":[{"embeddable":true,"href":"https:\/\/alders.p3group.de\/fr\/wp-json\/wp\/v2\/media\/282507"}],"wp:attachment":[{"href":"https:\/\/alders.p3group.de\/fr\/wp-json\/wp\/v2\/media?parent=284083"}],"wp:term":[{"taxonomy":"product_brand","embeddable":true,"href":"https:\/\/alders.p3group.de\/fr\/wp-json\/wp\/v2\/product_brand?post=284083"},{"taxonomy":"product_cat","embeddable":true,"href":"https:\/\/alders.p3group.de\/fr\/wp-json\/wp\/v2\/product_cat?post=284083"},{"taxonomy":"product_tag","embeddable":true,"href":"https:\/\/alders.p3group.de\/fr\/wp-json\/wp\/v2\/product_tag?post=284083"}],"curies":[{"name":"wp","href":"https:\/\/api.w.org\/{rel}","templated":true}]}}