{"id":284086,"date":"2021-06-22T10:59:46","date_gmt":"2021-06-22T08:59:46","guid":{"rendered":"https:\/\/alders.de\/product\/otto-controls-steuergriff-g3-serie\/"},"modified":"2024-04-12T10:09:25","modified_gmt":"2024-04-12T08:09:25","slug":"otto-controls-steuergriff-g3-serie","status":"publish","type":"product","link":"https:\/\/alders.p3group.de\/fr\/produit\/otto-controls-steuergriff-g3-serie\/","title":{"rendered":"OTTO Controls poign\u00e9es s\u00e9ries G3"},"content":{"rendered":"<ul>\n<li>par exemple: utilis\u00e9 dans les machines de construction<\/li>\n<li>montage flexible possible \u00e0 partir d\u2019une commande en s\u00e9rie<\/li>\n<li>tr\u00e8s robuste<\/li>\n<li>Versions possibles pour la main gauche et la main droite, ainsi que des poign\u00e9es neutres.<\/li>\n<\/ul>\n<p>peut \u00eatre utilis\u00e9 avec les sous-constructions de joysticks JH et JHM (plus d\u2019informations \u00e0 ce sujet sous la rubrique \u201eJoysticks OTTO\u201c)<\/p>\n","protected":false},"excerpt":{"rendered":"<p>par exemple: utilis\u00e9 dans les machines de construction montage flexible possible \u00e0 partir d\u2019une commande en s\u00e9rie tr\u00e8s robuste Versions possibles pour la main gauche et la main droite, ainsi que des poign\u00e9es neutres. peut \u00eatre utilis\u00e9 avec les sous-constructions de joysticks JH et JHM (plus d\u2019informations \u00e0 ce sujet sous la rubrique \u201eJoysticks OTTO\u201c)<\/p>\n","protected":false},"featured_media":282508,"template":"","meta":{"_acf_changed":false,"inline_featured_image":false},"product_brand":[],"product_cat":[464,379],"product_tag":[433],"class_list":{"0":"post-284086","1":"product","2":"type-product","3":"status-publish","4":"has-post-thumbnail","6":"product_cat-poignee-de-commande","7":"product_cat-poignees-de-commande-et-leviers-lateraux","8":"product_tag-machines-de-construction","9":"pa_hersteller-otto-controls-fr","11":"first","12":"instock","13":"shipping-taxable","14":"product-type-simple"},"acf":[],"yoast_head":"<!-- This site is optimized with the Yoast SEO plugin v26.6 - https:\/\/yoast.com\/wordpress\/plugins\/seo\/ -->\n<title>OTTO Controls poign\u00e9es s\u00e9ries G3 - ALDERS electronic GmbH<\/title>\n<meta name=\"robots\" content=\"noindex, follow, max-snippet:-1, max-image-preview:large, max-video-preview:-1\" \/>\n<meta property=\"og:locale\" content=\"fr_FR\" \/>\n<meta property=\"og:type\" content=\"article\" \/>\n<meta property=\"og:title\" content=\"OTTO Controls poign\u00e9es s\u00e9ries G3 - ALDERS electronic GmbH\" \/>\n<meta property=\"og:description\" content=\"par exemple: utilis\u00e9 dans les machines de construction montage flexible possible \u00e0 partir d\u2019une commande en s\u00e9rie tr\u00e8s robuste Versions possibles pour la main gauche et la main droite, ainsi que des poign\u00e9es neutres. peut \u00eatre utilis\u00e9 avec les sous-constructions de joysticks JH et JHM (plus d\u2019informations \u00e0 ce sujet sous la rubrique \u201eJoysticks OTTO\u201c)\" \/>\n<meta property=\"og:url\" content=\"https:\/\/alders.p3group.de\/fr\/produit\/otto-controls-steuergriff-g3-serie\/\" \/>\n<meta property=\"og:site_name\" content=\"ALDERS electronic GmbH\" \/>\n<meta property=\"article:publisher\" content=\"https:\/\/www.facebook.com\/Alders.electronic\/\" \/>\n<meta property=\"article:modified_time\" content=\"2024-04-12T08:09:25+00:00\" \/>\n<meta property=\"og:image\" content=\"https:\/\/alders.p3group.de\/wp-content\/uploads\/2021\/06\/alders-steuergriffe-sidesticks-otto-controls-g3-griffe.png\" \/>\n\t<meta property=\"og:image:width\" content=\"100\" \/>\n\t<meta property=\"og:image:height\" content=\"150\" \/>\n\t<meta property=\"og:image:type\" content=\"image\/png\" \/>\n<meta name=\"twitter:card\" content=\"summary_large_image\" \/>\n<meta name=\"twitter:label1\" content=\"Dur\u00e9e de lecture estim\u00e9e\" \/>\n\t<meta name=\"twitter:data1\" content=\"1 minute\" \/>\n<script type=\"application\/ld+json\" class=\"yoast-schema-graph\">{\"@context\":\"https:\/\/schema.org\",\"@graph\":[{\"@type\":\"WebPage\",\"@id\":\"https:\/\/alders.p3group.de\/fr\/produit\/otto-controls-steuergriff-g3-serie\/\",\"url\":\"https:\/\/alders.p3group.de\/fr\/produit\/otto-controls-steuergriff-g3-serie\/\",\"name\":\"OTTO Controls poign\u00e9es s\u00e9ries G3 - ALDERS electronic GmbH\",\"isPartOf\":{\"@id\":\"https:\/\/alders.p3group.de\/fr\/#website\"},\"primaryImageOfPage\":{\"@id\":\"https:\/\/alders.p3group.de\/fr\/produit\/otto-controls-steuergriff-g3-serie\/#primaryimage\"},\"image\":{\"@id\":\"https:\/\/alders.p3group.de\/fr\/produit\/otto-controls-steuergriff-g3-serie\/#primaryimage\"},\"thumbnailUrl\":\"https:\/\/alders.p3group.de\/wp-content\/uploads\/2021\/06\/alders-steuergriffe-sidesticks-otto-controls-g3-griffe.png\",\"datePublished\":\"2021-06-22T08:59:46+00:00\",\"dateModified\":\"2024-04-12T08:09:25+00:00\",\"breadcrumb\":{\"@id\":\"https:\/\/alders.p3group.de\/fr\/produit\/otto-controls-steuergriff-g3-serie\/#breadcrumb\"},\"inLanguage\":\"fr-FR\",\"potentialAction\":[{\"@type\":\"ReadAction\",\"target\":[\"https:\/\/alders.p3group.de\/fr\/produit\/otto-controls-steuergriff-g3-serie\/\"]}]},{\"@type\":\"ImageObject\",\"inLanguage\":\"fr-FR\",\"@id\":\"https:\/\/alders.p3group.de\/fr\/produit\/otto-controls-steuergriff-g3-serie\/#primaryimage\",\"url\":\"https:\/\/alders.p3group.de\/wp-content\/uploads\/2021\/06\/alders-steuergriffe-sidesticks-otto-controls-g3-griffe.png\",\"contentUrl\":\"https:\/\/alders.p3group.de\/wp-content\/uploads\/2021\/06\/alders-steuergriffe-sidesticks-otto-controls-g3-griffe.png\",\"width\":100,\"height\":150},{\"@type\":\"BreadcrumbList\",\"@id\":\"https:\/\/alders.p3group.de\/fr\/produit\/otto-controls-steuergriff-g3-serie\/#breadcrumb\",\"itemListElement\":[{\"@type\":\"ListItem\",\"position\":1,\"name\":\"ALDERS\",\"item\":\"https:\/\/alders.p3group.de\/fr\/\"},{\"@type\":\"ListItem\",\"position\":2,\"name\":\"Catalogue\",\"item\":\"https:\/\/alders.p3group.de\/fr\/catalogue\/\"},{\"@type\":\"ListItem\",\"position\":3,\"name\":\"OTTO Controls poign\u00e9es s\u00e9ries G3\"}]},{\"@type\":\"WebSite\",\"@id\":\"https:\/\/alders.p3group.de\/fr\/#website\",\"url\":\"https:\/\/alders.p3group.de\/fr\/\",\"name\":\"ALDERS electronic GmbH\",\"description\":\"Der Spezialist f\u00fcr elektromechanische L\u00f6sungen\",\"publisher\":{\"@id\":\"https:\/\/alders.p3group.de\/fr\/#organization\"},\"potentialAction\":[{\"@type\":\"SearchAction\",\"target\":{\"@type\":\"EntryPoint\",\"urlTemplate\":\"https:\/\/alders.p3group.de\/fr\/?s={search_term_string}\"},\"query-input\":{\"@type\":\"PropertyValueSpecification\",\"valueRequired\":true,\"valueName\":\"search_term_string\"}}],\"inLanguage\":\"fr-FR\"},{\"@type\":\"Organization\",\"@id\":\"https:\/\/alders.p3group.de\/fr\/#organization\",\"name\":\"ALDERS electronic GmbH\",\"url\":\"https:\/\/alders.p3group.de\/fr\/\",\"logo\":{\"@type\":\"ImageObject\",\"inLanguage\":\"fr-FR\",\"@id\":\"https:\/\/alders.p3group.de\/fr\/#\/schema\/logo\/image\/\",\"url\":\"https:\/\/alders.p3group.de\/wp-content\/uploads\/2022\/07\/Alders-logo-Komplett.png\",\"contentUrl\":\"https:\/\/alders.p3group.de\/wp-content\/uploads\/2022\/07\/Alders-logo-Komplett.png\",\"width\":1043,\"height\":253,\"caption\":\"ALDERS electronic GmbH\"},\"image\":{\"@id\":\"https:\/\/alders.p3group.de\/fr\/#\/schema\/logo\/image\/\"},\"sameAs\":[\"https:\/\/www.facebook.com\/Alders.electronic\/\",\"https:\/\/de.linkedin.com\/company\/alders-electronic-gmbh\",\"https:\/\/www.youtube.com\/channel\/UC-hR66wsAmKOdY03IokrlzA\",\"https:\/\/www.instagram.com\/alders.electronic\/\"]}]}<\/script>\n<!-- \/ Yoast SEO plugin. -->","yoast_head_json":{"title":"OTTO Controls poign\u00e9es s\u00e9ries G3 - ALDERS electronic GmbH","robots":{"index":"noindex","follow":"follow","max-snippet":"max-snippet:-1","max-image-preview":"max-image-preview:large","max-video-preview":"max-video-preview:-1"},"og_locale":"fr_FR","og_type":"article","og_title":"OTTO Controls poign\u00e9es s\u00e9ries G3 - ALDERS electronic GmbH","og_description":"par exemple: utilis\u00e9 dans les machines de construction montage flexible possible \u00e0 partir d\u2019une commande en s\u00e9rie tr\u00e8s robuste Versions possibles pour la main gauche et la main droite, ainsi que des poign\u00e9es neutres. peut \u00eatre utilis\u00e9 avec les sous-constructions de joysticks JH et JHM (plus d\u2019informations \u00e0 ce sujet sous la rubrique \u201eJoysticks OTTO\u201c)","og_url":"https:\/\/alders.p3group.de\/fr\/produit\/otto-controls-steuergriff-g3-serie\/","og_site_name":"ALDERS electronic GmbH","article_publisher":"https:\/\/www.facebook.com\/Alders.electronic\/","article_modified_time":"2024-04-12T08:09:25+00:00","og_image":[{"width":100,"height":150,"url":"https:\/\/alders.p3group.de\/wp-content\/uploads\/2021\/06\/alders-steuergriffe-sidesticks-otto-controls-g3-griffe.png","type":"image\/png"}],"twitter_card":"summary_large_image","twitter_misc":{"Dur\u00e9e de lecture estim\u00e9e":"1 minute"},"schema":{"@context":"https:\/\/schema.org","@graph":[{"@type":"WebPage","@id":"https:\/\/alders.p3group.de\/fr\/produit\/otto-controls-steuergriff-g3-serie\/","url":"https:\/\/alders.p3group.de\/fr\/produit\/otto-controls-steuergriff-g3-serie\/","name":"OTTO Controls poign\u00e9es s\u00e9ries G3 - ALDERS electronic GmbH","isPartOf":{"@id":"https:\/\/alders.p3group.de\/fr\/#website"},"primaryImageOfPage":{"@id":"https:\/\/alders.p3group.de\/fr\/produit\/otto-controls-steuergriff-g3-serie\/#primaryimage"},"image":{"@id":"https:\/\/alders.p3group.de\/fr\/produit\/otto-controls-steuergriff-g3-serie\/#primaryimage"},"thumbnailUrl":"https:\/\/alders.p3group.de\/wp-content\/uploads\/2021\/06\/alders-steuergriffe-sidesticks-otto-controls-g3-griffe.png","datePublished":"2021-06-22T08:59:46+00:00","dateModified":"2024-04-12T08:09:25+00:00","breadcrumb":{"@id":"https:\/\/alders.p3group.de\/fr\/produit\/otto-controls-steuergriff-g3-serie\/#breadcrumb"},"inLanguage":"fr-FR","potentialAction":[{"@type":"ReadAction","target":["https:\/\/alders.p3group.de\/fr\/produit\/otto-controls-steuergriff-g3-serie\/"]}]},{"@type":"ImageObject","inLanguage":"fr-FR","@id":"https:\/\/alders.p3group.de\/fr\/produit\/otto-controls-steuergriff-g3-serie\/#primaryimage","url":"https:\/\/alders.p3group.de\/wp-content\/uploads\/2021\/06\/alders-steuergriffe-sidesticks-otto-controls-g3-griffe.png","contentUrl":"https:\/\/alders.p3group.de\/wp-content\/uploads\/2021\/06\/alders-steuergriffe-sidesticks-otto-controls-g3-griffe.png","width":100,"height":150},{"@type":"BreadcrumbList","@id":"https:\/\/alders.p3group.de\/fr\/produit\/otto-controls-steuergriff-g3-serie\/#breadcrumb","itemListElement":[{"@type":"ListItem","position":1,"name":"ALDERS","item":"https:\/\/alders.p3group.de\/fr\/"},{"@type":"ListItem","position":2,"name":"Catalogue","item":"https:\/\/alders.p3group.de\/fr\/catalogue\/"},{"@type":"ListItem","position":3,"name":"OTTO Controls poign\u00e9es s\u00e9ries G3"}]},{"@type":"WebSite","@id":"https:\/\/alders.p3group.de\/fr\/#website","url":"https:\/\/alders.p3group.de\/fr\/","name":"ALDERS electronic GmbH","description":"Der Spezialist f\u00fcr elektromechanische L\u00f6sungen","publisher":{"@id":"https:\/\/alders.p3group.de\/fr\/#organization"},"potentialAction":[{"@type":"SearchAction","target":{"@type":"EntryPoint","urlTemplate":"https:\/\/alders.p3group.de\/fr\/?s={search_term_string}"},"query-input":{"@type":"PropertyValueSpecification","valueRequired":true,"valueName":"search_term_string"}}],"inLanguage":"fr-FR"},{"@type":"Organization","@id":"https:\/\/alders.p3group.de\/fr\/#organization","name":"ALDERS electronic GmbH","url":"https:\/\/alders.p3group.de\/fr\/","logo":{"@type":"ImageObject","inLanguage":"fr-FR","@id":"https:\/\/alders.p3group.de\/fr\/#\/schema\/logo\/image\/","url":"https:\/\/alders.p3group.de\/wp-content\/uploads\/2022\/07\/Alders-logo-Komplett.png","contentUrl":"https:\/\/alders.p3group.de\/wp-content\/uploads\/2022\/07\/Alders-logo-Komplett.png","width":1043,"height":253,"caption":"ALDERS electronic GmbH"},"image":{"@id":"https:\/\/alders.p3group.de\/fr\/#\/schema\/logo\/image\/"},"sameAs":["https:\/\/www.facebook.com\/Alders.electronic\/","https:\/\/de.linkedin.com\/company\/alders-electronic-gmbh","https:\/\/www.youtube.com\/channel\/UC-hR66wsAmKOdY03IokrlzA","https:\/\/www.instagram.com\/alders.electronic\/"]}]}},"_links":{"self":[{"href":"https:\/\/alders.p3group.de\/fr\/wp-json\/wp\/v2\/product\/284086","targetHints":{"allow":["GET"]}}],"collection":[{"href":"https:\/\/alders.p3group.de\/fr\/wp-json\/wp\/v2\/product"}],"about":[{"href":"https:\/\/alders.p3group.de\/fr\/wp-json\/wp\/v2\/types\/product"}],"wp:featuredmedia":[{"embeddable":true,"href":"https:\/\/alders.p3group.de\/fr\/wp-json\/wp\/v2\/media\/282508"}],"wp:attachment":[{"href":"https:\/\/alders.p3group.de\/fr\/wp-json\/wp\/v2\/media?parent=284086"}],"wp:term":[{"taxonomy":"product_brand","embeddable":true,"href":"https:\/\/alders.p3group.de\/fr\/wp-json\/wp\/v2\/product_brand?post=284086"},{"taxonomy":"product_cat","embeddable":true,"href":"https:\/\/alders.p3group.de\/fr\/wp-json\/wp\/v2\/product_cat?post=284086"},{"taxonomy":"product_tag","embeddable":true,"href":"https:\/\/alders.p3group.de\/fr\/wp-json\/wp\/v2\/product_tag?post=284086"}],"curies":[{"name":"wp","href":"https:\/\/api.w.org\/{rel}","templated":true}]}}