{"id":284087,"date":"2021-06-22T10:56:34","date_gmt":"2021-06-22T08:56:34","guid":{"rendered":"https:\/\/alders.de\/product\/alders-electrnic-gmbh-multifunktionsgriff-kundenspezifischer-steuergriff-ag2006\/"},"modified":"2021-11-05T11:54:27","modified_gmt":"2021-11-05T10:54:27","slug":"alders-electrnic-gmbh-multifunktionsgriff-kundenspezifischer-steuergriff-ag2006","status":"publish","type":"product","link":"https:\/\/alders.p3group.de\/fr\/produit\/alders-electrnic-gmbh-multifunktionsgriff-kundenspezifischer-steuergriff-ag2006\/","title":{"rendered":"ALDERS poign\u00e9e multifonctions AG2006"},"content":{"rendered":"","protected":false},"excerpt":{"rendered":"<p>Avec la poign\u00e9e de commande AG2006, nous sommes en mesure d\u2019adapter individuellement une poign\u00e9e de commande sp\u00e9cifique au client. Diff\u00e9rents coloris et motifs, des rev\u00eatements sp\u00e9ciaux ainsi que diff\u00e9rents adaptateurs de montage sont possibles. Des petites s\u00e9ries sont \u00e9galement r\u00e9alisables.<\/p>\n<p>L\u2019AG2006 est disponible pour droitier et gaucher. Il existe \u00e9galement une version sans repose-pouce.<\/p>\n","protected":false},"featured_media":282505,"template":"","meta":{"_acf_changed":false,"inline_featured_image":false},"product_brand":[],"product_cat":[464,379,467],"product_tag":[],"class_list":{"0":"post-284087","1":"product","2":"type-product","3":"status-publish","4":"has-post-thumbnail","6":"product_cat-poignee-de-commande","7":"product_cat-poignees-de-commande-et-leviers-lateraux","8":"product_cat-solutions-speciales-cablage","9":"pa_hersteller-alders-electronic-gmbh-fr","11":"first","12":"instock","13":"shipping-taxable","14":"product-type-simple"},"acf":[],"yoast_head":"<!-- This site is optimized with the Yoast SEO plugin v26.6 - https:\/\/yoast.com\/wordpress\/plugins\/seo\/ -->\n<title>ALDERS poign\u00e9e multifonctions AG2006 - ALDERS electronic GmbH<\/title>\n<meta name=\"robots\" content=\"noindex, follow, max-snippet:-1, max-image-preview:large, max-video-preview:-1\" \/>\n<meta property=\"og:locale\" content=\"fr_FR\" \/>\n<meta property=\"og:type\" content=\"article\" \/>\n<meta property=\"og:title\" content=\"ALDERS poign\u00e9e multifonctions AG2006 - ALDERS electronic GmbH\" \/>\n<meta property=\"og:description\" content=\"Avec la poign\u00e9e de commande AG2006, nous sommes en mesure d\u2019adapter individuellement une poign\u00e9e de commande sp\u00e9cifique au client. Diff\u00e9rents coloris et motifs, des rev\u00eatements sp\u00e9ciaux ainsi que diff\u00e9rents adaptateurs de montage sont possibles. Des petites s\u00e9ries sont \u00e9galement r\u00e9alisables.  L\u2019AG2006 est disponible pour droitier et gaucher. Il existe \u00e9galement une version sans repose-pouce.\" \/>\n<meta property=\"og:url\" content=\"https:\/\/alders.p3group.de\/fr\/produit\/alders-electrnic-gmbh-multifunktionsgriff-kundenspezifischer-steuergriff-ag2006\/\" \/>\n<meta property=\"og:site_name\" content=\"ALDERS electronic GmbH\" \/>\n<meta property=\"article:publisher\" content=\"https:\/\/www.facebook.com\/Alders.electronic\/\" \/>\n<meta property=\"article:modified_time\" content=\"2021-11-05T10:54:27+00:00\" \/>\n<meta property=\"og:image\" content=\"https:\/\/alders.p3group.de\/wp-content\/uploads\/2021\/06\/alders-steuergriffe-sidesticks-alders-multifunktionsgriff.png\" \/>\n\t<meta property=\"og:image:width\" content=\"83\" \/>\n\t<meta property=\"og:image:height\" content=\"150\" \/>\n\t<meta property=\"og:image:type\" content=\"image\/png\" \/>\n<meta name=\"twitter:card\" content=\"summary_large_image\" \/>\n<script type=\"application\/ld+json\" class=\"yoast-schema-graph\">{\"@context\":\"https:\/\/schema.org\",\"@graph\":[{\"@type\":\"WebPage\",\"@id\":\"https:\/\/alders.p3group.de\/fr\/produit\/alders-electrnic-gmbh-multifunktionsgriff-kundenspezifischer-steuergriff-ag2006\/\",\"url\":\"https:\/\/alders.p3group.de\/fr\/produit\/alders-electrnic-gmbh-multifunktionsgriff-kundenspezifischer-steuergriff-ag2006\/\",\"name\":\"ALDERS poign\u00e9e multifonctions AG2006 - ALDERS electronic GmbH\",\"isPartOf\":{\"@id\":\"https:\/\/alders.p3group.de\/fr\/#website\"},\"primaryImageOfPage\":{\"@id\":\"https:\/\/alders.p3group.de\/fr\/produit\/alders-electrnic-gmbh-multifunktionsgriff-kundenspezifischer-steuergriff-ag2006\/#primaryimage\"},\"image\":{\"@id\":\"https:\/\/alders.p3group.de\/fr\/produit\/alders-electrnic-gmbh-multifunktionsgriff-kundenspezifischer-steuergriff-ag2006\/#primaryimage\"},\"thumbnailUrl\":\"https:\/\/alders.p3group.de\/wp-content\/uploads\/2021\/06\/alders-steuergriffe-sidesticks-alders-multifunktionsgriff.png\",\"datePublished\":\"2021-06-22T08:56:34+00:00\",\"dateModified\":\"2021-11-05T10:54:27+00:00\",\"breadcrumb\":{\"@id\":\"https:\/\/alders.p3group.de\/fr\/produit\/alders-electrnic-gmbh-multifunktionsgriff-kundenspezifischer-steuergriff-ag2006\/#breadcrumb\"},\"inLanguage\":\"fr-FR\",\"potentialAction\":[{\"@type\":\"ReadAction\",\"target\":[\"https:\/\/alders.p3group.de\/fr\/produit\/alders-electrnic-gmbh-multifunktionsgriff-kundenspezifischer-steuergriff-ag2006\/\"]}]},{\"@type\":\"ImageObject\",\"inLanguage\":\"fr-FR\",\"@id\":\"https:\/\/alders.p3group.de\/fr\/produit\/alders-electrnic-gmbh-multifunktionsgriff-kundenspezifischer-steuergriff-ag2006\/#primaryimage\",\"url\":\"https:\/\/alders.p3group.de\/wp-content\/uploads\/2021\/06\/alders-steuergriffe-sidesticks-alders-multifunktionsgriff.png\",\"contentUrl\":\"https:\/\/alders.p3group.de\/wp-content\/uploads\/2021\/06\/alders-steuergriffe-sidesticks-alders-multifunktionsgriff.png\",\"width\":83,\"height\":150},{\"@type\":\"BreadcrumbList\",\"@id\":\"https:\/\/alders.p3group.de\/fr\/produit\/alders-electrnic-gmbh-multifunktionsgriff-kundenspezifischer-steuergriff-ag2006\/#breadcrumb\",\"itemListElement\":[{\"@type\":\"ListItem\",\"position\":1,\"name\":\"ALDERS\",\"item\":\"https:\/\/alders.p3group.de\/fr\/\"},{\"@type\":\"ListItem\",\"position\":2,\"name\":\"Catalogue\",\"item\":\"https:\/\/alders.p3group.de\/fr\/catalogue\/\"},{\"@type\":\"ListItem\",\"position\":3,\"name\":\"ALDERS poign\u00e9e multifonctions AG2006\"}]},{\"@type\":\"WebSite\",\"@id\":\"https:\/\/alders.p3group.de\/fr\/#website\",\"url\":\"https:\/\/alders.p3group.de\/fr\/\",\"name\":\"ALDERS electronic GmbH\",\"description\":\"Der Spezialist f\u00fcr elektromechanische L\u00f6sungen\",\"publisher\":{\"@id\":\"https:\/\/alders.p3group.de\/fr\/#organization\"},\"potentialAction\":[{\"@type\":\"SearchAction\",\"target\":{\"@type\":\"EntryPoint\",\"urlTemplate\":\"https:\/\/alders.p3group.de\/fr\/?s={search_term_string}\"},\"query-input\":{\"@type\":\"PropertyValueSpecification\",\"valueRequired\":true,\"valueName\":\"search_term_string\"}}],\"inLanguage\":\"fr-FR\"},{\"@type\":\"Organization\",\"@id\":\"https:\/\/alders.p3group.de\/fr\/#organization\",\"name\":\"ALDERS electronic GmbH\",\"url\":\"https:\/\/alders.p3group.de\/fr\/\",\"logo\":{\"@type\":\"ImageObject\",\"inLanguage\":\"fr-FR\",\"@id\":\"https:\/\/alders.p3group.de\/fr\/#\/schema\/logo\/image\/\",\"url\":\"https:\/\/alders.p3group.de\/wp-content\/uploads\/2022\/07\/Alders-logo-Komplett.png\",\"contentUrl\":\"https:\/\/alders.p3group.de\/wp-content\/uploads\/2022\/07\/Alders-logo-Komplett.png\",\"width\":1043,\"height\":253,\"caption\":\"ALDERS electronic GmbH\"},\"image\":{\"@id\":\"https:\/\/alders.p3group.de\/fr\/#\/schema\/logo\/image\/\"},\"sameAs\":[\"https:\/\/www.facebook.com\/Alders.electronic\/\",\"https:\/\/de.linkedin.com\/company\/alders-electronic-gmbh\",\"https:\/\/www.youtube.com\/channel\/UC-hR66wsAmKOdY03IokrlzA\",\"https:\/\/www.instagram.com\/alders.electronic\/\"]}]}<\/script>\n<!-- \/ Yoast SEO plugin. -->","yoast_head_json":{"title":"ALDERS poign\u00e9e multifonctions AG2006 - ALDERS electronic GmbH","robots":{"index":"noindex","follow":"follow","max-snippet":"max-snippet:-1","max-image-preview":"max-image-preview:large","max-video-preview":"max-video-preview:-1"},"og_locale":"fr_FR","og_type":"article","og_title":"ALDERS poign\u00e9e multifonctions AG2006 - ALDERS electronic GmbH","og_description":"Avec la poign\u00e9e de commande AG2006, nous sommes en mesure d\u2019adapter individuellement une poign\u00e9e de commande sp\u00e9cifique au client. Diff\u00e9rents coloris et motifs, des rev\u00eatements sp\u00e9ciaux ainsi que diff\u00e9rents adaptateurs de montage sont possibles. Des petites s\u00e9ries sont \u00e9galement r\u00e9alisables.  L\u2019AG2006 est disponible pour droitier et gaucher. Il existe \u00e9galement une version sans repose-pouce.","og_url":"https:\/\/alders.p3group.de\/fr\/produit\/alders-electrnic-gmbh-multifunktionsgriff-kundenspezifischer-steuergriff-ag2006\/","og_site_name":"ALDERS electronic GmbH","article_publisher":"https:\/\/www.facebook.com\/Alders.electronic\/","article_modified_time":"2021-11-05T10:54:27+00:00","og_image":[{"width":83,"height":150,"url":"https:\/\/alders.p3group.de\/wp-content\/uploads\/2021\/06\/alders-steuergriffe-sidesticks-alders-multifunktionsgriff.png","type":"image\/png"}],"twitter_card":"summary_large_image","schema":{"@context":"https:\/\/schema.org","@graph":[{"@type":"WebPage","@id":"https:\/\/alders.p3group.de\/fr\/produit\/alders-electrnic-gmbh-multifunktionsgriff-kundenspezifischer-steuergriff-ag2006\/","url":"https:\/\/alders.p3group.de\/fr\/produit\/alders-electrnic-gmbh-multifunktionsgriff-kundenspezifischer-steuergriff-ag2006\/","name":"ALDERS poign\u00e9e multifonctions AG2006 - ALDERS electronic GmbH","isPartOf":{"@id":"https:\/\/alders.p3group.de\/fr\/#website"},"primaryImageOfPage":{"@id":"https:\/\/alders.p3group.de\/fr\/produit\/alders-electrnic-gmbh-multifunktionsgriff-kundenspezifischer-steuergriff-ag2006\/#primaryimage"},"image":{"@id":"https:\/\/alders.p3group.de\/fr\/produit\/alders-electrnic-gmbh-multifunktionsgriff-kundenspezifischer-steuergriff-ag2006\/#primaryimage"},"thumbnailUrl":"https:\/\/alders.p3group.de\/wp-content\/uploads\/2021\/06\/alders-steuergriffe-sidesticks-alders-multifunktionsgriff.png","datePublished":"2021-06-22T08:56:34+00:00","dateModified":"2021-11-05T10:54:27+00:00","breadcrumb":{"@id":"https:\/\/alders.p3group.de\/fr\/produit\/alders-electrnic-gmbh-multifunktionsgriff-kundenspezifischer-steuergriff-ag2006\/#breadcrumb"},"inLanguage":"fr-FR","potentialAction":[{"@type":"ReadAction","target":["https:\/\/alders.p3group.de\/fr\/produit\/alders-electrnic-gmbh-multifunktionsgriff-kundenspezifischer-steuergriff-ag2006\/"]}]},{"@type":"ImageObject","inLanguage":"fr-FR","@id":"https:\/\/alders.p3group.de\/fr\/produit\/alders-electrnic-gmbh-multifunktionsgriff-kundenspezifischer-steuergriff-ag2006\/#primaryimage","url":"https:\/\/alders.p3group.de\/wp-content\/uploads\/2021\/06\/alders-steuergriffe-sidesticks-alders-multifunktionsgriff.png","contentUrl":"https:\/\/alders.p3group.de\/wp-content\/uploads\/2021\/06\/alders-steuergriffe-sidesticks-alders-multifunktionsgriff.png","width":83,"height":150},{"@type":"BreadcrumbList","@id":"https:\/\/alders.p3group.de\/fr\/produit\/alders-electrnic-gmbh-multifunktionsgriff-kundenspezifischer-steuergriff-ag2006\/#breadcrumb","itemListElement":[{"@type":"ListItem","position":1,"name":"ALDERS","item":"https:\/\/alders.p3group.de\/fr\/"},{"@type":"ListItem","position":2,"name":"Catalogue","item":"https:\/\/alders.p3group.de\/fr\/catalogue\/"},{"@type":"ListItem","position":3,"name":"ALDERS poign\u00e9e multifonctions AG2006"}]},{"@type":"WebSite","@id":"https:\/\/alders.p3group.de\/fr\/#website","url":"https:\/\/alders.p3group.de\/fr\/","name":"ALDERS electronic GmbH","description":"Der Spezialist f\u00fcr elektromechanische L\u00f6sungen","publisher":{"@id":"https:\/\/alders.p3group.de\/fr\/#organization"},"potentialAction":[{"@type":"SearchAction","target":{"@type":"EntryPoint","urlTemplate":"https:\/\/alders.p3group.de\/fr\/?s={search_term_string}"},"query-input":{"@type":"PropertyValueSpecification","valueRequired":true,"valueName":"search_term_string"}}],"inLanguage":"fr-FR"},{"@type":"Organization","@id":"https:\/\/alders.p3group.de\/fr\/#organization","name":"ALDERS electronic GmbH","url":"https:\/\/alders.p3group.de\/fr\/","logo":{"@type":"ImageObject","inLanguage":"fr-FR","@id":"https:\/\/alders.p3group.de\/fr\/#\/schema\/logo\/image\/","url":"https:\/\/alders.p3group.de\/wp-content\/uploads\/2022\/07\/Alders-logo-Komplett.png","contentUrl":"https:\/\/alders.p3group.de\/wp-content\/uploads\/2022\/07\/Alders-logo-Komplett.png","width":1043,"height":253,"caption":"ALDERS electronic GmbH"},"image":{"@id":"https:\/\/alders.p3group.de\/fr\/#\/schema\/logo\/image\/"},"sameAs":["https:\/\/www.facebook.com\/Alders.electronic\/","https:\/\/de.linkedin.com\/company\/alders-electronic-gmbh","https:\/\/www.youtube.com\/channel\/UC-hR66wsAmKOdY03IokrlzA","https:\/\/www.instagram.com\/alders.electronic\/"]}]}},"_links":{"self":[{"href":"https:\/\/alders.p3group.de\/fr\/wp-json\/wp\/v2\/product\/284087","targetHints":{"allow":["GET"]}}],"collection":[{"href":"https:\/\/alders.p3group.de\/fr\/wp-json\/wp\/v2\/product"}],"about":[{"href":"https:\/\/alders.p3group.de\/fr\/wp-json\/wp\/v2\/types\/product"}],"wp:featuredmedia":[{"embeddable":true,"href":"https:\/\/alders.p3group.de\/fr\/wp-json\/wp\/v2\/media\/282505"}],"wp:attachment":[{"href":"https:\/\/alders.p3group.de\/fr\/wp-json\/wp\/v2\/media?parent=284087"}],"wp:term":[{"taxonomy":"product_brand","embeddable":true,"href":"https:\/\/alders.p3group.de\/fr\/wp-json\/wp\/v2\/product_brand?post=284087"},{"taxonomy":"product_cat","embeddable":true,"href":"https:\/\/alders.p3group.de\/fr\/wp-json\/wp\/v2\/product_cat?post=284087"},{"taxonomy":"product_tag","embeddable":true,"href":"https:\/\/alders.p3group.de\/fr\/wp-json\/wp\/v2\/product_tag?post=284087"}],"curies":[{"name":"wp","href":"https:\/\/api.w.org\/{rel}","templated":true}]}}