{"id":284101,"date":"2021-11-09T09:10:26","date_gmt":"2021-11-09T08:10:26","guid":{"rendered":"https:\/\/alders.de\/?post_type=product&#038;p=284101"},"modified":"2022-03-09T10:22:08","modified_gmt":"2022-03-09T09:22:08","slug":"l-3-compteurs-horaires-indicateurs","status":"publish","type":"product","link":"https:\/\/alders.p3group.de\/fr\/produit\/l-3-compteurs-horaires-indicateurs\/","title":{"rendered":"L-3 Compteurs Horaires \/ Indicateurs"},"content":{"rendered":"<p>\u2022 Electromagnetic latching display<br \/>\n\u2022 Electrical or manual reset<br \/>\n\u2022 Pulse operated<br \/>\n\u2022 High visibility<br \/>\n\u2022 Low power<br \/>\n\u2022 Environmentally sealed<br \/>\n\u2022 Rugged packaging<br \/>\n\u2022 Custom design<br \/>\n\u2022 Commercial &amp; MIL-PRF-83287<\/p>\n","protected":false},"excerpt":{"rendered":"<p>Les compteurs Electrodynamics ont \u00e9t\u00e9 \u00e9labor\u00e9s sur la base du profil d\u2018exigences \u00e9lev\u00e9es des applications militaires et a\u00e9rospatiales. Ils offrent un large \u00e9ventail de tensions de fonctionnement et sont install\u00e9s dans des bo\u00eetiers miniatures herm\u00e9tiquement dense. Cette conception robuste r\u00e9siste m\u00eame aux chocs, aux vibrations et aux temp\u00e9ratures \u00e9lev\u00e9es. Pour plus d\u2019information, nous sommes \u00e0 votre disposition.<\/p>\n","protected":false},"featured_media":284105,"template":"","meta":{"_acf_changed":false,"inline_featured_image":false},"product_brand":[],"product_cat":[383],"product_tag":[],"class_list":{"0":"post-284101","1":"product","2":"type-product","3":"status-publish","4":"has-post-thumbnail","6":"product_cat-compteurs-horaires","7":"pa_hersteller-l3harris","9":"first","10":"instock","11":"shipping-taxable","12":"product-type-simple"},"acf":[],"yoast_head":"<!-- This site is optimized with the Yoast SEO plugin v26.6 - https:\/\/yoast.com\/wordpress\/plugins\/seo\/ -->\n<title>L-3 Compteurs Horaires \/ Indicateurs - ALDERS electronic GmbH<\/title>\n<meta name=\"robots\" content=\"noindex, follow, max-snippet:-1, max-image-preview:large, max-video-preview:-1\" \/>\n<meta property=\"og:locale\" content=\"fr_FR\" \/>\n<meta property=\"og:type\" content=\"article\" \/>\n<meta property=\"og:title\" content=\"L-3 Compteurs Horaires \/ Indicateurs - ALDERS electronic GmbH\" \/>\n<meta property=\"og:description\" content=\"Les compteurs Electrodynamics ont \u00e9t\u00e9 \u00e9labor\u00e9s sur la base du profil d\u2018exigences \u00e9lev\u00e9es des applications militaires et a\u00e9rospatiales. Ils offrent un large \u00e9ventail de tensions de fonctionnement et sont install\u00e9s dans des bo\u00eetiers miniatures herm\u00e9tiquement dense. Cette conception robuste r\u00e9siste m\u00eame aux chocs, aux vibrations et aux temp\u00e9ratures \u00e9lev\u00e9es. Pour plus d\u2019information, nous sommes \u00e0 votre disposition.\" \/>\n<meta property=\"og:url\" content=\"https:\/\/alders.p3group.de\/fr\/produit\/l-3-compteurs-horaires-indicateurs\/\" \/>\n<meta property=\"og:site_name\" content=\"ALDERS electronic GmbH\" \/>\n<meta property=\"article:publisher\" content=\"https:\/\/www.facebook.com\/Alders.electronic\/\" \/>\n<meta property=\"article:modified_time\" content=\"2022-03-09T09:22:08+00:00\" \/>\n<meta property=\"og:image\" content=\"https:\/\/alders.p3group.de\/wp-content\/uploads\/2021\/11\/alders-zaehler-indikatoren-leds-betriebsstundenzaehler-indikatoren.png\" \/>\n\t<meta property=\"og:image:width\" content=\"150\" \/>\n\t<meta property=\"og:image:height\" content=\"150\" \/>\n\t<meta property=\"og:image:type\" content=\"image\/png\" \/>\n<meta name=\"twitter:card\" content=\"summary_large_image\" \/>\n<meta name=\"twitter:label1\" content=\"Dur\u00e9e de lecture estim\u00e9e\" \/>\n\t<meta name=\"twitter:data1\" content=\"1 minute\" \/>\n<script type=\"application\/ld+json\" class=\"yoast-schema-graph\">{\"@context\":\"https:\/\/schema.org\",\"@graph\":[{\"@type\":\"WebPage\",\"@id\":\"https:\/\/alders.p3group.de\/fr\/produit\/l-3-compteurs-horaires-indicateurs\/\",\"url\":\"https:\/\/alders.p3group.de\/fr\/produit\/l-3-compteurs-horaires-indicateurs\/\",\"name\":\"L-3 Compteurs Horaires \/ Indicateurs - ALDERS electronic GmbH\",\"isPartOf\":{\"@id\":\"https:\/\/alders.p3group.de\/fr\/#website\"},\"primaryImageOfPage\":{\"@id\":\"https:\/\/alders.p3group.de\/fr\/produit\/l-3-compteurs-horaires-indicateurs\/#primaryimage\"},\"image\":{\"@id\":\"https:\/\/alders.p3group.de\/fr\/produit\/l-3-compteurs-horaires-indicateurs\/#primaryimage\"},\"thumbnailUrl\":\"https:\/\/alders.p3group.de\/wp-content\/uploads\/2021\/11\/alders-zaehler-indikatoren-leds-betriebsstundenzaehler-indikatoren.png\",\"datePublished\":\"2021-11-09T08:10:26+00:00\",\"dateModified\":\"2022-03-09T09:22:08+00:00\",\"breadcrumb\":{\"@id\":\"https:\/\/alders.p3group.de\/fr\/produit\/l-3-compteurs-horaires-indicateurs\/#breadcrumb\"},\"inLanguage\":\"fr-FR\",\"potentialAction\":[{\"@type\":\"ReadAction\",\"target\":[\"https:\/\/alders.p3group.de\/fr\/produit\/l-3-compteurs-horaires-indicateurs\/\"]}]},{\"@type\":\"ImageObject\",\"inLanguage\":\"fr-FR\",\"@id\":\"https:\/\/alders.p3group.de\/fr\/produit\/l-3-compteurs-horaires-indicateurs\/#primaryimage\",\"url\":\"https:\/\/alders.p3group.de\/wp-content\/uploads\/2021\/11\/alders-zaehler-indikatoren-leds-betriebsstundenzaehler-indikatoren.png\",\"contentUrl\":\"https:\/\/alders.p3group.de\/wp-content\/uploads\/2021\/11\/alders-zaehler-indikatoren-leds-betriebsstundenzaehler-indikatoren.png\",\"width\":150,\"height\":150},{\"@type\":\"BreadcrumbList\",\"@id\":\"https:\/\/alders.p3group.de\/fr\/produit\/l-3-compteurs-horaires-indicateurs\/#breadcrumb\",\"itemListElement\":[{\"@type\":\"ListItem\",\"position\":1,\"name\":\"ALDERS\",\"item\":\"https:\/\/alders.p3group.de\/fr\/\"},{\"@type\":\"ListItem\",\"position\":2,\"name\":\"Catalogue\",\"item\":\"https:\/\/alders.p3group.de\/fr\/catalogue\/\"},{\"@type\":\"ListItem\",\"position\":3,\"name\":\"L-3 Compteurs Horaires \/ Indicateurs\"}]},{\"@type\":\"WebSite\",\"@id\":\"https:\/\/alders.p3group.de\/fr\/#website\",\"url\":\"https:\/\/alders.p3group.de\/fr\/\",\"name\":\"ALDERS electronic GmbH\",\"description\":\"Der Spezialist f\u00fcr elektromechanische L\u00f6sungen\",\"publisher\":{\"@id\":\"https:\/\/alders.p3group.de\/fr\/#organization\"},\"potentialAction\":[{\"@type\":\"SearchAction\",\"target\":{\"@type\":\"EntryPoint\",\"urlTemplate\":\"https:\/\/alders.p3group.de\/fr\/?s={search_term_string}\"},\"query-input\":{\"@type\":\"PropertyValueSpecification\",\"valueRequired\":true,\"valueName\":\"search_term_string\"}}],\"inLanguage\":\"fr-FR\"},{\"@type\":\"Organization\",\"@id\":\"https:\/\/alders.p3group.de\/fr\/#organization\",\"name\":\"ALDERS electronic GmbH\",\"url\":\"https:\/\/alders.p3group.de\/fr\/\",\"logo\":{\"@type\":\"ImageObject\",\"inLanguage\":\"fr-FR\",\"@id\":\"https:\/\/alders.p3group.de\/fr\/#\/schema\/logo\/image\/\",\"url\":\"https:\/\/alders.p3group.de\/wp-content\/uploads\/2022\/07\/Alders-logo-Komplett.png\",\"contentUrl\":\"https:\/\/alders.p3group.de\/wp-content\/uploads\/2022\/07\/Alders-logo-Komplett.png\",\"width\":1043,\"height\":253,\"caption\":\"ALDERS electronic GmbH\"},\"image\":{\"@id\":\"https:\/\/alders.p3group.de\/fr\/#\/schema\/logo\/image\/\"},\"sameAs\":[\"https:\/\/www.facebook.com\/Alders.electronic\/\",\"https:\/\/de.linkedin.com\/company\/alders-electronic-gmbh\",\"https:\/\/www.youtube.com\/channel\/UC-hR66wsAmKOdY03IokrlzA\",\"https:\/\/www.instagram.com\/alders.electronic\/\"]}]}<\/script>\n<!-- \/ Yoast SEO plugin. -->","yoast_head_json":{"title":"L-3 Compteurs Horaires \/ Indicateurs - ALDERS electronic GmbH","robots":{"index":"noindex","follow":"follow","max-snippet":"max-snippet:-1","max-image-preview":"max-image-preview:large","max-video-preview":"max-video-preview:-1"},"og_locale":"fr_FR","og_type":"article","og_title":"L-3 Compteurs Horaires \/ Indicateurs - ALDERS electronic GmbH","og_description":"Les compteurs Electrodynamics ont \u00e9t\u00e9 \u00e9labor\u00e9s sur la base du profil d\u2018exigences \u00e9lev\u00e9es des applications militaires et a\u00e9rospatiales. Ils offrent un large \u00e9ventail de tensions de fonctionnement et sont install\u00e9s dans des bo\u00eetiers miniatures herm\u00e9tiquement dense. Cette conception robuste r\u00e9siste m\u00eame aux chocs, aux vibrations et aux temp\u00e9ratures \u00e9lev\u00e9es. Pour plus d\u2019information, nous sommes \u00e0 votre disposition.","og_url":"https:\/\/alders.p3group.de\/fr\/produit\/l-3-compteurs-horaires-indicateurs\/","og_site_name":"ALDERS electronic GmbH","article_publisher":"https:\/\/www.facebook.com\/Alders.electronic\/","article_modified_time":"2022-03-09T09:22:08+00:00","og_image":[{"width":150,"height":150,"url":"https:\/\/alders.p3group.de\/wp-content\/uploads\/2021\/11\/alders-zaehler-indikatoren-leds-betriebsstundenzaehler-indikatoren.png","type":"image\/png"}],"twitter_card":"summary_large_image","twitter_misc":{"Dur\u00e9e de lecture estim\u00e9e":"1 minute"},"schema":{"@context":"https:\/\/schema.org","@graph":[{"@type":"WebPage","@id":"https:\/\/alders.p3group.de\/fr\/produit\/l-3-compteurs-horaires-indicateurs\/","url":"https:\/\/alders.p3group.de\/fr\/produit\/l-3-compteurs-horaires-indicateurs\/","name":"L-3 Compteurs Horaires \/ Indicateurs - ALDERS electronic GmbH","isPartOf":{"@id":"https:\/\/alders.p3group.de\/fr\/#website"},"primaryImageOfPage":{"@id":"https:\/\/alders.p3group.de\/fr\/produit\/l-3-compteurs-horaires-indicateurs\/#primaryimage"},"image":{"@id":"https:\/\/alders.p3group.de\/fr\/produit\/l-3-compteurs-horaires-indicateurs\/#primaryimage"},"thumbnailUrl":"https:\/\/alders.p3group.de\/wp-content\/uploads\/2021\/11\/alders-zaehler-indikatoren-leds-betriebsstundenzaehler-indikatoren.png","datePublished":"2021-11-09T08:10:26+00:00","dateModified":"2022-03-09T09:22:08+00:00","breadcrumb":{"@id":"https:\/\/alders.p3group.de\/fr\/produit\/l-3-compteurs-horaires-indicateurs\/#breadcrumb"},"inLanguage":"fr-FR","potentialAction":[{"@type":"ReadAction","target":["https:\/\/alders.p3group.de\/fr\/produit\/l-3-compteurs-horaires-indicateurs\/"]}]},{"@type":"ImageObject","inLanguage":"fr-FR","@id":"https:\/\/alders.p3group.de\/fr\/produit\/l-3-compteurs-horaires-indicateurs\/#primaryimage","url":"https:\/\/alders.p3group.de\/wp-content\/uploads\/2021\/11\/alders-zaehler-indikatoren-leds-betriebsstundenzaehler-indikatoren.png","contentUrl":"https:\/\/alders.p3group.de\/wp-content\/uploads\/2021\/11\/alders-zaehler-indikatoren-leds-betriebsstundenzaehler-indikatoren.png","width":150,"height":150},{"@type":"BreadcrumbList","@id":"https:\/\/alders.p3group.de\/fr\/produit\/l-3-compteurs-horaires-indicateurs\/#breadcrumb","itemListElement":[{"@type":"ListItem","position":1,"name":"ALDERS","item":"https:\/\/alders.p3group.de\/fr\/"},{"@type":"ListItem","position":2,"name":"Catalogue","item":"https:\/\/alders.p3group.de\/fr\/catalogue\/"},{"@type":"ListItem","position":3,"name":"L-3 Compteurs Horaires \/ Indicateurs"}]},{"@type":"WebSite","@id":"https:\/\/alders.p3group.de\/fr\/#website","url":"https:\/\/alders.p3group.de\/fr\/","name":"ALDERS electronic GmbH","description":"Der Spezialist f\u00fcr elektromechanische L\u00f6sungen","publisher":{"@id":"https:\/\/alders.p3group.de\/fr\/#organization"},"potentialAction":[{"@type":"SearchAction","target":{"@type":"EntryPoint","urlTemplate":"https:\/\/alders.p3group.de\/fr\/?s={search_term_string}"},"query-input":{"@type":"PropertyValueSpecification","valueRequired":true,"valueName":"search_term_string"}}],"inLanguage":"fr-FR"},{"@type":"Organization","@id":"https:\/\/alders.p3group.de\/fr\/#organization","name":"ALDERS electronic GmbH","url":"https:\/\/alders.p3group.de\/fr\/","logo":{"@type":"ImageObject","inLanguage":"fr-FR","@id":"https:\/\/alders.p3group.de\/fr\/#\/schema\/logo\/image\/","url":"https:\/\/alders.p3group.de\/wp-content\/uploads\/2022\/07\/Alders-logo-Komplett.png","contentUrl":"https:\/\/alders.p3group.de\/wp-content\/uploads\/2022\/07\/Alders-logo-Komplett.png","width":1043,"height":253,"caption":"ALDERS electronic GmbH"},"image":{"@id":"https:\/\/alders.p3group.de\/fr\/#\/schema\/logo\/image\/"},"sameAs":["https:\/\/www.facebook.com\/Alders.electronic\/","https:\/\/de.linkedin.com\/company\/alders-electronic-gmbh","https:\/\/www.youtube.com\/channel\/UC-hR66wsAmKOdY03IokrlzA","https:\/\/www.instagram.com\/alders.electronic\/"]}]}},"_links":{"self":[{"href":"https:\/\/alders.p3group.de\/fr\/wp-json\/wp\/v2\/product\/284101","targetHints":{"allow":["GET"]}}],"collection":[{"href":"https:\/\/alders.p3group.de\/fr\/wp-json\/wp\/v2\/product"}],"about":[{"href":"https:\/\/alders.p3group.de\/fr\/wp-json\/wp\/v2\/types\/product"}],"wp:featuredmedia":[{"embeddable":true,"href":"https:\/\/alders.p3group.de\/fr\/wp-json\/wp\/v2\/media\/284105"}],"wp:attachment":[{"href":"https:\/\/alders.p3group.de\/fr\/wp-json\/wp\/v2\/media?parent=284101"}],"wp:term":[{"taxonomy":"product_brand","embeddable":true,"href":"https:\/\/alders.p3group.de\/fr\/wp-json\/wp\/v2\/product_brand?post=284101"},{"taxonomy":"product_cat","embeddable":true,"href":"https:\/\/alders.p3group.de\/fr\/wp-json\/wp\/v2\/product_cat?post=284101"},{"taxonomy":"product_tag","embeddable":true,"href":"https:\/\/alders.p3group.de\/fr\/wp-json\/wp\/v2\/product_tag?post=284101"}],"curies":[{"name":"wp","href":"https:\/\/api.w.org\/{rel}","templated":true}]}}