{"id":287803,"date":"2022-12-21T16:10:26","date_gmt":"2022-12-21T15:10:26","guid":{"rendered":"https:\/\/alders.de\/product\/fes-sensor-technology-hydrogen-sensor-h2-cni-12c-e-ultd\/"},"modified":"2023-08-25T14:21:36","modified_gmt":"2023-08-25T12:21:36","slug":"fes-sensor-technology-hydrogen-sensor-h2-cni-12c-e-ultd","status":"publish","type":"product","link":"https:\/\/alders.p3group.de\/fr\/produit\/fes-sensor-technology-hydrogen-sensor-h2-cni-12c-e-ultd\/","title":{"rendered":"FES Sensor Technology Capteur de gaz  H2-CNI I2C-E-ULTD"},"content":{"rendered":"<ul>\n<li class=\"m-size-11 size-16\">Sensibilit\u00e9 et s\u00e9lectivit\u00e9 \u00e9lev\u00e9es \u00e0 l\u2019hydrog\u00e8ne jusqu\u2019\u00e0 la limite inf\u00e9rieure d\u2019explosion (LIE)<\/li>\n<li>Plage de temp\u00e9rature de -40 \u00b0C \u00e0\u00a0 +120 \u00b0C<\/li>\n<li class=\"m-size-11 size-16\">Insensible aux toxines typiques des catalyseurs, telles que les siloxanes volatils et le monoxyde de carbone<\/li>\n<li class=\"size-16 m-size-11\">Pas de d\u00e9rive du point z\u00e9ro<\/li>\n<li>Temps de r\u00e9ponse rapide<\/li>\n<li class=\"m-size-11 size-16\">Utilisable en hygrom\u00e9trie de 0 % \u00e0 100 % Hr et sous condition de vapeur d\u2019eau<\/li>\n<\/ul>\n","protected":false},"excerpt":{"rendered":"<p>Sensibilit\u00e9 et s\u00e9lectivit\u00e9 \u00e9lev\u00e9es \u00e0 l\u2019hydrog\u00e8ne jusqu\u2019\u00e0 la limite inf\u00e9rieure d\u2019explosion (LIE) Plage de temp\u00e9rature de -40 \u00b0C \u00e0\u00a0 +120 \u00b0C Insensible aux toxines typiques des catalyseurs, telles que les siloxanes volatils et le monoxyde de carbone Pas de d\u00e9rive du point z\u00e9ro Temps de r\u00e9ponse rapide Utilisable en hygrom\u00e9trie de 0 % \u00e0 100 [&hellip;]<\/p>\n","protected":false},"featured_media":291002,"template":"","meta":{"_acf_changed":false,"inline_featured_image":false},"product_brand":[],"product_cat":[540,569],"product_tag":[],"class_list":{"0":"post-287803","1":"product","2":"type-product","3":"status-publish","4":"has-post-thumbnail","6":"product_cat-capteur-de-gaz","7":"product_cat-capteurs-de-gaz-fr","9":"first","10":"instock","11":"shipping-taxable","12":"product-type-simple"},"acf":[],"yoast_head":"<!-- This site is optimized with the Yoast SEO plugin v26.6 - https:\/\/yoast.com\/wordpress\/plugins\/seo\/ -->\n<title>FES Sensor Technology Capteur de gaz H2-CNI I2C-E-ULTD - ALDERS electronic GmbH<\/title>\n<meta name=\"robots\" content=\"noindex, follow, max-snippet:-1, max-image-preview:large, max-video-preview:-1\" \/>\n<meta property=\"og:locale\" content=\"fr_FR\" \/>\n<meta property=\"og:type\" content=\"article\" \/>\n<meta property=\"og:title\" content=\"FES Sensor Technology Capteur de gaz H2-CNI I2C-E-ULTD - ALDERS electronic GmbH\" \/>\n<meta property=\"og:description\" content=\"Sensibilit\u00e9 et s\u00e9lectivit\u00e9 \u00e9lev\u00e9es \u00e0 l\u2019hydrog\u00e8ne jusqu\u2019\u00e0 la limite inf\u00e9rieure d\u2019explosion (LIE) Plage de temp\u00e9rature de -40 \u00b0C \u00e0\u00a0 +120 \u00b0C Insensible aux toxines typiques des catalyseurs, telles que les siloxanes volatils et le monoxyde de carbone Pas de d\u00e9rive du point z\u00e9ro Temps de r\u00e9ponse rapide Utilisable en hygrom\u00e9trie de 0 % \u00e0 100 [&hellip;]\" \/>\n<meta property=\"og:url\" content=\"https:\/\/alders.p3group.de\/fr\/produit\/fes-sensor-technology-hydrogen-sensor-h2-cni-12c-e-ultd\/\" \/>\n<meta property=\"og:site_name\" content=\"ALDERS electronic GmbH\" \/>\n<meta property=\"article:publisher\" content=\"https:\/\/www.facebook.com\/Alders.electronic\/\" \/>\n<meta property=\"article:modified_time\" content=\"2023-08-25T12:21:36+00:00\" \/>\n<meta property=\"og:image\" content=\"https:\/\/alders.p3group.de\/wp-content\/uploads\/2022\/12\/H2-CNI.png\" \/>\n\t<meta property=\"og:image:width\" content=\"1920\" \/>\n\t<meta property=\"og:image:height\" content=\"1440\" \/>\n\t<meta property=\"og:image:type\" content=\"image\/png\" \/>\n<meta name=\"twitter:card\" content=\"summary_large_image\" \/>\n<script type=\"application\/ld+json\" class=\"yoast-schema-graph\">{\"@context\":\"https:\/\/schema.org\",\"@graph\":[{\"@type\":\"WebPage\",\"@id\":\"https:\/\/alders.p3group.de\/fr\/produit\/fes-sensor-technology-hydrogen-sensor-h2-cni-12c-e-ultd\/\",\"url\":\"https:\/\/alders.p3group.de\/fr\/produit\/fes-sensor-technology-hydrogen-sensor-h2-cni-12c-e-ultd\/\",\"name\":\"FES Sensor Technology Capteur de gaz H2-CNI I2C-E-ULTD - ALDERS electronic GmbH\",\"isPartOf\":{\"@id\":\"https:\/\/alders.p3group.de\/fr\/#website\"},\"primaryImageOfPage\":{\"@id\":\"https:\/\/alders.p3group.de\/fr\/produit\/fes-sensor-technology-hydrogen-sensor-h2-cni-12c-e-ultd\/#primaryimage\"},\"image\":{\"@id\":\"https:\/\/alders.p3group.de\/fr\/produit\/fes-sensor-technology-hydrogen-sensor-h2-cni-12c-e-ultd\/#primaryimage\"},\"thumbnailUrl\":\"https:\/\/alders.p3group.de\/wp-content\/uploads\/2022\/12\/H2-CNI-I2C-E-ULTD__306-groesser.png\",\"datePublished\":\"2022-12-21T15:10:26+00:00\",\"dateModified\":\"2023-08-25T12:21:36+00:00\",\"breadcrumb\":{\"@id\":\"https:\/\/alders.p3group.de\/fr\/produit\/fes-sensor-technology-hydrogen-sensor-h2-cni-12c-e-ultd\/#breadcrumb\"},\"inLanguage\":\"fr-FR\",\"potentialAction\":[{\"@type\":\"ReadAction\",\"target\":[\"https:\/\/alders.p3group.de\/fr\/produit\/fes-sensor-technology-hydrogen-sensor-h2-cni-12c-e-ultd\/\"]}]},{\"@type\":\"ImageObject\",\"inLanguage\":\"fr-FR\",\"@id\":\"https:\/\/alders.p3group.de\/fr\/produit\/fes-sensor-technology-hydrogen-sensor-h2-cni-12c-e-ultd\/#primaryimage\",\"url\":\"https:\/\/alders.p3group.de\/wp-content\/uploads\/2022\/12\/H2-CNI-I2C-E-ULTD__306-groesser.png\",\"contentUrl\":\"https:\/\/alders.p3group.de\/wp-content\/uploads\/2022\/12\/H2-CNI-I2C-E-ULTD__306-groesser.png\",\"width\":2501,\"height\":2289,\"caption\":\"FES H2_CNI_I2C-FWB_A ALDERS\"},{\"@type\":\"BreadcrumbList\",\"@id\":\"https:\/\/alders.p3group.de\/fr\/produit\/fes-sensor-technology-hydrogen-sensor-h2-cni-12c-e-ultd\/#breadcrumb\",\"itemListElement\":[{\"@type\":\"ListItem\",\"position\":1,\"name\":\"ALDERS\",\"item\":\"https:\/\/alders.p3group.de\/fr\/\"},{\"@type\":\"ListItem\",\"position\":2,\"name\":\"Catalogue\",\"item\":\"https:\/\/alders.p3group.de\/fr\/catalogue\/\"},{\"@type\":\"ListItem\",\"position\":3,\"name\":\"FES Sensor Technology Capteur de gaz H2-CNI I2C-E-ULTD\"}]},{\"@type\":\"WebSite\",\"@id\":\"https:\/\/alders.p3group.de\/fr\/#website\",\"url\":\"https:\/\/alders.p3group.de\/fr\/\",\"name\":\"ALDERS electronic GmbH\",\"description\":\"Der Spezialist f\u00fcr elektromechanische L\u00f6sungen\",\"publisher\":{\"@id\":\"https:\/\/alders.p3group.de\/fr\/#organization\"},\"potentialAction\":[{\"@type\":\"SearchAction\",\"target\":{\"@type\":\"EntryPoint\",\"urlTemplate\":\"https:\/\/alders.p3group.de\/fr\/?s={search_term_string}\"},\"query-input\":{\"@type\":\"PropertyValueSpecification\",\"valueRequired\":true,\"valueName\":\"search_term_string\"}}],\"inLanguage\":\"fr-FR\"},{\"@type\":\"Organization\",\"@id\":\"https:\/\/alders.p3group.de\/fr\/#organization\",\"name\":\"ALDERS electronic GmbH\",\"url\":\"https:\/\/alders.p3group.de\/fr\/\",\"logo\":{\"@type\":\"ImageObject\",\"inLanguage\":\"fr-FR\",\"@id\":\"https:\/\/alders.p3group.de\/fr\/#\/schema\/logo\/image\/\",\"url\":\"https:\/\/alders.p3group.de\/wp-content\/uploads\/2022\/07\/Alders-logo-Komplett.png\",\"contentUrl\":\"https:\/\/alders.p3group.de\/wp-content\/uploads\/2022\/07\/Alders-logo-Komplett.png\",\"width\":1043,\"height\":253,\"caption\":\"ALDERS electronic GmbH\"},\"image\":{\"@id\":\"https:\/\/alders.p3group.de\/fr\/#\/schema\/logo\/image\/\"},\"sameAs\":[\"https:\/\/www.facebook.com\/Alders.electronic\/\",\"https:\/\/de.linkedin.com\/company\/alders-electronic-gmbh\",\"https:\/\/www.youtube.com\/channel\/UC-hR66wsAmKOdY03IokrlzA\",\"https:\/\/www.instagram.com\/alders.electronic\/\"]}]}<\/script>\n<!-- \/ Yoast SEO plugin. -->","yoast_head_json":{"title":"FES Sensor Technology Capteur de gaz H2-CNI I2C-E-ULTD - ALDERS electronic GmbH","robots":{"index":"noindex","follow":"follow","max-snippet":"max-snippet:-1","max-image-preview":"max-image-preview:large","max-video-preview":"max-video-preview:-1"},"og_locale":"fr_FR","og_type":"article","og_title":"FES Sensor Technology Capteur de gaz H2-CNI I2C-E-ULTD - ALDERS electronic GmbH","og_description":"Sensibilit\u00e9 et s\u00e9lectivit\u00e9 \u00e9lev\u00e9es \u00e0 l\u2019hydrog\u00e8ne jusqu\u2019\u00e0 la limite inf\u00e9rieure d\u2019explosion (LIE) Plage de temp\u00e9rature de -40 \u00b0C \u00e0\u00a0 +120 \u00b0C Insensible aux toxines typiques des catalyseurs, telles que les siloxanes volatils et le monoxyde de carbone Pas de d\u00e9rive du point z\u00e9ro Temps de r\u00e9ponse rapide Utilisable en hygrom\u00e9trie de 0 % \u00e0 100 [&hellip;]","og_url":"https:\/\/alders.p3group.de\/fr\/produit\/fes-sensor-technology-hydrogen-sensor-h2-cni-12c-e-ultd\/","og_site_name":"ALDERS electronic GmbH","article_publisher":"https:\/\/www.facebook.com\/Alders.electronic\/","article_modified_time":"2023-08-25T12:21:36+00:00","og_image":[{"width":1920,"height":1440,"url":"https:\/\/alders.p3group.de\/wp-content\/uploads\/2022\/12\/H2-CNI.png","type":"image\/png"}],"twitter_card":"summary_large_image","schema":{"@context":"https:\/\/schema.org","@graph":[{"@type":"WebPage","@id":"https:\/\/alders.p3group.de\/fr\/produit\/fes-sensor-technology-hydrogen-sensor-h2-cni-12c-e-ultd\/","url":"https:\/\/alders.p3group.de\/fr\/produit\/fes-sensor-technology-hydrogen-sensor-h2-cni-12c-e-ultd\/","name":"FES Sensor Technology Capteur de gaz H2-CNI I2C-E-ULTD - ALDERS electronic GmbH","isPartOf":{"@id":"https:\/\/alders.p3group.de\/fr\/#website"},"primaryImageOfPage":{"@id":"https:\/\/alders.p3group.de\/fr\/produit\/fes-sensor-technology-hydrogen-sensor-h2-cni-12c-e-ultd\/#primaryimage"},"image":{"@id":"https:\/\/alders.p3group.de\/fr\/produit\/fes-sensor-technology-hydrogen-sensor-h2-cni-12c-e-ultd\/#primaryimage"},"thumbnailUrl":"https:\/\/alders.p3group.de\/wp-content\/uploads\/2022\/12\/H2-CNI-I2C-E-ULTD__306-groesser.png","datePublished":"2022-12-21T15:10:26+00:00","dateModified":"2023-08-25T12:21:36+00:00","breadcrumb":{"@id":"https:\/\/alders.p3group.de\/fr\/produit\/fes-sensor-technology-hydrogen-sensor-h2-cni-12c-e-ultd\/#breadcrumb"},"inLanguage":"fr-FR","potentialAction":[{"@type":"ReadAction","target":["https:\/\/alders.p3group.de\/fr\/produit\/fes-sensor-technology-hydrogen-sensor-h2-cni-12c-e-ultd\/"]}]},{"@type":"ImageObject","inLanguage":"fr-FR","@id":"https:\/\/alders.p3group.de\/fr\/produit\/fes-sensor-technology-hydrogen-sensor-h2-cni-12c-e-ultd\/#primaryimage","url":"https:\/\/alders.p3group.de\/wp-content\/uploads\/2022\/12\/H2-CNI-I2C-E-ULTD__306-groesser.png","contentUrl":"https:\/\/alders.p3group.de\/wp-content\/uploads\/2022\/12\/H2-CNI-I2C-E-ULTD__306-groesser.png","width":2501,"height":2289,"caption":"FES H2_CNI_I2C-FWB_A ALDERS"},{"@type":"BreadcrumbList","@id":"https:\/\/alders.p3group.de\/fr\/produit\/fes-sensor-technology-hydrogen-sensor-h2-cni-12c-e-ultd\/#breadcrumb","itemListElement":[{"@type":"ListItem","position":1,"name":"ALDERS","item":"https:\/\/alders.p3group.de\/fr\/"},{"@type":"ListItem","position":2,"name":"Catalogue","item":"https:\/\/alders.p3group.de\/fr\/catalogue\/"},{"@type":"ListItem","position":3,"name":"FES Sensor Technology Capteur de gaz H2-CNI I2C-E-ULTD"}]},{"@type":"WebSite","@id":"https:\/\/alders.p3group.de\/fr\/#website","url":"https:\/\/alders.p3group.de\/fr\/","name":"ALDERS electronic GmbH","description":"Der Spezialist f\u00fcr elektromechanische L\u00f6sungen","publisher":{"@id":"https:\/\/alders.p3group.de\/fr\/#organization"},"potentialAction":[{"@type":"SearchAction","target":{"@type":"EntryPoint","urlTemplate":"https:\/\/alders.p3group.de\/fr\/?s={search_term_string}"},"query-input":{"@type":"PropertyValueSpecification","valueRequired":true,"valueName":"search_term_string"}}],"inLanguage":"fr-FR"},{"@type":"Organization","@id":"https:\/\/alders.p3group.de\/fr\/#organization","name":"ALDERS electronic GmbH","url":"https:\/\/alders.p3group.de\/fr\/","logo":{"@type":"ImageObject","inLanguage":"fr-FR","@id":"https:\/\/alders.p3group.de\/fr\/#\/schema\/logo\/image\/","url":"https:\/\/alders.p3group.de\/wp-content\/uploads\/2022\/07\/Alders-logo-Komplett.png","contentUrl":"https:\/\/alders.p3group.de\/wp-content\/uploads\/2022\/07\/Alders-logo-Komplett.png","width":1043,"height":253,"caption":"ALDERS electronic GmbH"},"image":{"@id":"https:\/\/alders.p3group.de\/fr\/#\/schema\/logo\/image\/"},"sameAs":["https:\/\/www.facebook.com\/Alders.electronic\/","https:\/\/de.linkedin.com\/company\/alders-electronic-gmbh","https:\/\/www.youtube.com\/channel\/UC-hR66wsAmKOdY03IokrlzA","https:\/\/www.instagram.com\/alders.electronic\/"]}]}},"_links":{"self":[{"href":"https:\/\/alders.p3group.de\/fr\/wp-json\/wp\/v2\/product\/287803","targetHints":{"allow":["GET"]}}],"collection":[{"href":"https:\/\/alders.p3group.de\/fr\/wp-json\/wp\/v2\/product"}],"about":[{"href":"https:\/\/alders.p3group.de\/fr\/wp-json\/wp\/v2\/types\/product"}],"wp:featuredmedia":[{"embeddable":true,"href":"https:\/\/alders.p3group.de\/fr\/wp-json\/wp\/v2\/media\/291002"}],"wp:attachment":[{"href":"https:\/\/alders.p3group.de\/fr\/wp-json\/wp\/v2\/media?parent=287803"}],"wp:term":[{"taxonomy":"product_brand","embeddable":true,"href":"https:\/\/alders.p3group.de\/fr\/wp-json\/wp\/v2\/product_brand?post=287803"},{"taxonomy":"product_cat","embeddable":true,"href":"https:\/\/alders.p3group.de\/fr\/wp-json\/wp\/v2\/product_cat?post=287803"},{"taxonomy":"product_tag","embeddable":true,"href":"https:\/\/alders.p3group.de\/fr\/wp-json\/wp\/v2\/product_tag?post=287803"}],"curies":[{"name":"wp","href":"https:\/\/api.w.org\/{rel}","templated":true}]}}