{"id":289479,"date":"2022-05-25T10:21:18","date_gmt":"2022-05-25T08:21:18","guid":{"rendered":"https:\/\/alders.de\/product\/otto-controls-endschalter-p6\/"},"modified":"2024-03-18T09:34:28","modified_gmt":"2024-03-18T08:34:28","slug":"otto-controls-endschalter-p6","status":"publish","type":"product","link":"https:\/\/alders.p3group.de\/fr\/produit\/otto-controls-endschalter-p6\/","title":{"rendered":"OTTO Controls bouton poussoir s\u00e9rie P6"},"content":{"rendered":"<ul>\n<li>Con\u00e7u pour des plages de temp\u00e9ratures extr\u00eames<\/li>\n<li>\u00c9tanch\u00e9it\u00e9 IP68S et IK69K<\/li>\n<li>bi ou t\u00e9trapolaire<\/li>\n<li>Bo\u00eetier monobloc en acier inoxydable<\/li>\n<li>Choix de poussoirs \u00e0 bille ou \u00e0 rouleau<\/li>\n<li>Trois options de m\u00e9thode de connexion<\/li>\n<\/ul>\n<p><strong>Nouveau:<\/strong> d\u00e9sormais \u00e9galement disponible en version unipolaire et en option avec poussoir \u00e0 galet<br \/>\n(similaire \u00e0 Honeywell 1ch28-12 et 21CH38-18). D\u00e9lai de livraison court.<\/p>\n","protected":false},"excerpt":{"rendered":"<p>Les fins de course correspondent aux r\u00e9f\u00e9rences militaires suivantes:<\/p>\n<p>M8805\/100-007 P6-24043<br \/>\nM8805\/100-008 P6-24044<br \/>\nM8805\/100-009 P6-14035<br \/>\nM8805\/100-010 P6-14036<br \/>\nM8805\/100-015 P6-24007<br \/>\nM8805\/100-016 P6-24008<br \/>\nM8805\/100-017 P6-14005<br \/>\nM8805\/100-018 P6-14006<\/p>\n<p>MS21321-1 P6-24000<br \/>\nMS21321-2 P6-24001<\/p>\n<p>MS24331-1 P6-24002<\/p>\n<p>MS27240-1 P6-24003<br \/>\nMS27240-2 P6-24004<br \/>\nMS27240-3 P6-14000<br \/>\nMS27240-4 P6-14001<br \/>\nMS27240-5 P6-24005<br \/>\nMS27240-6 P6-24006<br \/>\nMS27240-7 P6-14002<br \/>\nMS27240-8 P6-14003<\/p>\n<p>&nbsp;<\/p>\n<p>&nbsp;<\/p>\n","protected":false},"featured_media":285172,"template":"","meta":{"_acf_changed":false,"inline_featured_image":false},"product_brand":[],"product_cat":[573,386],"product_tag":[],"class_list":{"0":"post-289479","1":"product","2":"type-product","3":"status-publish","4":"has-post-thumbnail","6":"product_cat-endschalter-fr","7":"product_cat-pressostat-et-bouton-poussoir","8":"pa_hersteller-otto-controls-fr","10":"first","11":"instock","12":"shipping-taxable","13":"product-type-simple"},"acf":[],"yoast_head":"<!-- This site is optimized with the Yoast SEO plugin v26.6 - https:\/\/yoast.com\/wordpress\/plugins\/seo\/ -->\n<title>OTTO Controls bouton poussoir s\u00e9rie P6 - ALDERS electronic GmbH<\/title>\n<meta name=\"robots\" content=\"noindex, follow, max-snippet:-1, max-image-preview:large, max-video-preview:-1\" \/>\n<meta property=\"og:locale\" content=\"fr_FR\" \/>\n<meta property=\"og:type\" content=\"article\" \/>\n<meta property=\"og:title\" content=\"OTTO Controls bouton poussoir s\u00e9rie P6 - ALDERS electronic GmbH\" \/>\n<meta property=\"og:description\" content=\"Les fins de course correspondent aux r\u00e9f\u00e9rences militaires suivantes:  M8805\/100-007 P6-24043 M8805\/100-008 P6-24044 M8805\/100-009 P6-14035 M8805\/100-010 P6-14036 M8805\/100-015 P6-24007 M8805\/100-016 P6-24008 M8805\/100-017 P6-14005 M8805\/100-018 P6-14006  MS21321-1 P6-24000 MS21321-2 P6-24001  MS24331-1 P6-24002  MS27240-1 P6-24003 MS27240-2 P6-24004 MS27240-3 P6-14000 MS27240-4 P6-14001 MS27240-5 P6-24005 MS27240-6 P6-24006 MS27240-7 P6-14002 MS27240-8 P6-14003  &nbsp;  &nbsp;\" \/>\n<meta property=\"og:url\" content=\"https:\/\/alders.p3group.de\/fr\/produit\/otto-controls-endschalter-p6\/\" \/>\n<meta property=\"og:site_name\" content=\"ALDERS electronic GmbH\" \/>\n<meta property=\"article:publisher\" content=\"https:\/\/www.facebook.com\/Alders.electronic\/\" \/>\n<meta property=\"article:modified_time\" content=\"2024-03-18T08:34:28+00:00\" \/>\n<meta property=\"og:image\" content=\"https:\/\/alders.p3group.de\/wp-content\/uploads\/2022\/05\/alders_p6_group.png\" \/>\n\t<meta property=\"og:image:width\" content=\"750\" \/>\n\t<meta property=\"og:image:height\" content=\"718\" \/>\n\t<meta property=\"og:image:type\" content=\"image\/png\" \/>\n<meta name=\"twitter:card\" content=\"summary_large_image\" \/>\n<script type=\"application\/ld+json\" class=\"yoast-schema-graph\">{\"@context\":\"https:\/\/schema.org\",\"@graph\":[{\"@type\":\"WebPage\",\"@id\":\"https:\/\/alders.p3group.de\/fr\/produit\/otto-controls-endschalter-p6\/\",\"url\":\"https:\/\/alders.p3group.de\/fr\/produit\/otto-controls-endschalter-p6\/\",\"name\":\"OTTO Controls bouton poussoir s\u00e9rie P6 - ALDERS electronic GmbH\",\"isPartOf\":{\"@id\":\"https:\/\/alders.p3group.de\/fr\/#website\"},\"primaryImageOfPage\":{\"@id\":\"https:\/\/alders.p3group.de\/fr\/produit\/otto-controls-endschalter-p6\/#primaryimage\"},\"image\":{\"@id\":\"https:\/\/alders.p3group.de\/fr\/produit\/otto-controls-endschalter-p6\/#primaryimage\"},\"thumbnailUrl\":\"https:\/\/alders.p3group.de\/wp-content\/uploads\/2022\/05\/alders_p6_group.png\",\"datePublished\":\"2022-05-25T08:21:18+00:00\",\"dateModified\":\"2024-03-18T08:34:28+00:00\",\"breadcrumb\":{\"@id\":\"https:\/\/alders.p3group.de\/fr\/produit\/otto-controls-endschalter-p6\/#breadcrumb\"},\"inLanguage\":\"fr-FR\",\"potentialAction\":[{\"@type\":\"ReadAction\",\"target\":[\"https:\/\/alders.p3group.de\/fr\/produit\/otto-controls-endschalter-p6\/\"]}]},{\"@type\":\"ImageObject\",\"inLanguage\":\"fr-FR\",\"@id\":\"https:\/\/alders.p3group.de\/fr\/produit\/otto-controls-endschalter-p6\/#primaryimage\",\"url\":\"https:\/\/alders.p3group.de\/wp-content\/uploads\/2022\/05\/alders_p6_group.png\",\"contentUrl\":\"https:\/\/alders.p3group.de\/wp-content\/uploads\/2022\/05\/alders_p6_group.png\",\"width\":750,\"height\":718,\"caption\":\"Endschalter P6\"},{\"@type\":\"BreadcrumbList\",\"@id\":\"https:\/\/alders.p3group.de\/fr\/produit\/otto-controls-endschalter-p6\/#breadcrumb\",\"itemListElement\":[{\"@type\":\"ListItem\",\"position\":1,\"name\":\"ALDERS\",\"item\":\"https:\/\/alders.p3group.de\/fr\/\"},{\"@type\":\"ListItem\",\"position\":2,\"name\":\"Catalogue\",\"item\":\"https:\/\/alders.p3group.de\/fr\/catalogue\/\"},{\"@type\":\"ListItem\",\"position\":3,\"name\":\"OTTO Controls bouton poussoir s\u00e9rie P6\"}]},{\"@type\":\"WebSite\",\"@id\":\"https:\/\/alders.p3group.de\/fr\/#website\",\"url\":\"https:\/\/alders.p3group.de\/fr\/\",\"name\":\"ALDERS electronic GmbH\",\"description\":\"Der Spezialist f\u00fcr elektromechanische L\u00f6sungen\",\"publisher\":{\"@id\":\"https:\/\/alders.p3group.de\/fr\/#organization\"},\"potentialAction\":[{\"@type\":\"SearchAction\",\"target\":{\"@type\":\"EntryPoint\",\"urlTemplate\":\"https:\/\/alders.p3group.de\/fr\/?s={search_term_string}\"},\"query-input\":{\"@type\":\"PropertyValueSpecification\",\"valueRequired\":true,\"valueName\":\"search_term_string\"}}],\"inLanguage\":\"fr-FR\"},{\"@type\":\"Organization\",\"@id\":\"https:\/\/alders.p3group.de\/fr\/#organization\",\"name\":\"ALDERS electronic GmbH\",\"url\":\"https:\/\/alders.p3group.de\/fr\/\",\"logo\":{\"@type\":\"ImageObject\",\"inLanguage\":\"fr-FR\",\"@id\":\"https:\/\/alders.p3group.de\/fr\/#\/schema\/logo\/image\/\",\"url\":\"https:\/\/alders.p3group.de\/wp-content\/uploads\/2022\/07\/Alders-logo-Komplett.png\",\"contentUrl\":\"https:\/\/alders.p3group.de\/wp-content\/uploads\/2022\/07\/Alders-logo-Komplett.png\",\"width\":1043,\"height\":253,\"caption\":\"ALDERS electronic GmbH\"},\"image\":{\"@id\":\"https:\/\/alders.p3group.de\/fr\/#\/schema\/logo\/image\/\"},\"sameAs\":[\"https:\/\/www.facebook.com\/Alders.electronic\/\",\"https:\/\/de.linkedin.com\/company\/alders-electronic-gmbh\",\"https:\/\/www.youtube.com\/channel\/UC-hR66wsAmKOdY03IokrlzA\",\"https:\/\/www.instagram.com\/alders.electronic\/\"]}]}<\/script>\n<!-- \/ Yoast SEO plugin. -->","yoast_head_json":{"title":"OTTO Controls bouton poussoir s\u00e9rie P6 - ALDERS electronic GmbH","robots":{"index":"noindex","follow":"follow","max-snippet":"max-snippet:-1","max-image-preview":"max-image-preview:large","max-video-preview":"max-video-preview:-1"},"og_locale":"fr_FR","og_type":"article","og_title":"OTTO Controls bouton poussoir s\u00e9rie P6 - ALDERS electronic GmbH","og_description":"Les fins de course correspondent aux r\u00e9f\u00e9rences militaires suivantes:  M8805\/100-007 P6-24043 M8805\/100-008 P6-24044 M8805\/100-009 P6-14035 M8805\/100-010 P6-14036 M8805\/100-015 P6-24007 M8805\/100-016 P6-24008 M8805\/100-017 P6-14005 M8805\/100-018 P6-14006  MS21321-1 P6-24000 MS21321-2 P6-24001  MS24331-1 P6-24002  MS27240-1 P6-24003 MS27240-2 P6-24004 MS27240-3 P6-14000 MS27240-4 P6-14001 MS27240-5 P6-24005 MS27240-6 P6-24006 MS27240-7 P6-14002 MS27240-8 P6-14003  &nbsp;  &nbsp;","og_url":"https:\/\/alders.p3group.de\/fr\/produit\/otto-controls-endschalter-p6\/","og_site_name":"ALDERS electronic GmbH","article_publisher":"https:\/\/www.facebook.com\/Alders.electronic\/","article_modified_time":"2024-03-18T08:34:28+00:00","og_image":[{"width":750,"height":718,"url":"https:\/\/alders.p3group.de\/wp-content\/uploads\/2022\/05\/alders_p6_group.png","type":"image\/png"}],"twitter_card":"summary_large_image","schema":{"@context":"https:\/\/schema.org","@graph":[{"@type":"WebPage","@id":"https:\/\/alders.p3group.de\/fr\/produit\/otto-controls-endschalter-p6\/","url":"https:\/\/alders.p3group.de\/fr\/produit\/otto-controls-endschalter-p6\/","name":"OTTO Controls bouton poussoir s\u00e9rie P6 - ALDERS electronic GmbH","isPartOf":{"@id":"https:\/\/alders.p3group.de\/fr\/#website"},"primaryImageOfPage":{"@id":"https:\/\/alders.p3group.de\/fr\/produit\/otto-controls-endschalter-p6\/#primaryimage"},"image":{"@id":"https:\/\/alders.p3group.de\/fr\/produit\/otto-controls-endschalter-p6\/#primaryimage"},"thumbnailUrl":"https:\/\/alders.p3group.de\/wp-content\/uploads\/2022\/05\/alders_p6_group.png","datePublished":"2022-05-25T08:21:18+00:00","dateModified":"2024-03-18T08:34:28+00:00","breadcrumb":{"@id":"https:\/\/alders.p3group.de\/fr\/produit\/otto-controls-endschalter-p6\/#breadcrumb"},"inLanguage":"fr-FR","potentialAction":[{"@type":"ReadAction","target":["https:\/\/alders.p3group.de\/fr\/produit\/otto-controls-endschalter-p6\/"]}]},{"@type":"ImageObject","inLanguage":"fr-FR","@id":"https:\/\/alders.p3group.de\/fr\/produit\/otto-controls-endschalter-p6\/#primaryimage","url":"https:\/\/alders.p3group.de\/wp-content\/uploads\/2022\/05\/alders_p6_group.png","contentUrl":"https:\/\/alders.p3group.de\/wp-content\/uploads\/2022\/05\/alders_p6_group.png","width":750,"height":718,"caption":"Endschalter P6"},{"@type":"BreadcrumbList","@id":"https:\/\/alders.p3group.de\/fr\/produit\/otto-controls-endschalter-p6\/#breadcrumb","itemListElement":[{"@type":"ListItem","position":1,"name":"ALDERS","item":"https:\/\/alders.p3group.de\/fr\/"},{"@type":"ListItem","position":2,"name":"Catalogue","item":"https:\/\/alders.p3group.de\/fr\/catalogue\/"},{"@type":"ListItem","position":3,"name":"OTTO Controls bouton poussoir s\u00e9rie P6"}]},{"@type":"WebSite","@id":"https:\/\/alders.p3group.de\/fr\/#website","url":"https:\/\/alders.p3group.de\/fr\/","name":"ALDERS electronic GmbH","description":"Der Spezialist f\u00fcr elektromechanische L\u00f6sungen","publisher":{"@id":"https:\/\/alders.p3group.de\/fr\/#organization"},"potentialAction":[{"@type":"SearchAction","target":{"@type":"EntryPoint","urlTemplate":"https:\/\/alders.p3group.de\/fr\/?s={search_term_string}"},"query-input":{"@type":"PropertyValueSpecification","valueRequired":true,"valueName":"search_term_string"}}],"inLanguage":"fr-FR"},{"@type":"Organization","@id":"https:\/\/alders.p3group.de\/fr\/#organization","name":"ALDERS electronic GmbH","url":"https:\/\/alders.p3group.de\/fr\/","logo":{"@type":"ImageObject","inLanguage":"fr-FR","@id":"https:\/\/alders.p3group.de\/fr\/#\/schema\/logo\/image\/","url":"https:\/\/alders.p3group.de\/wp-content\/uploads\/2022\/07\/Alders-logo-Komplett.png","contentUrl":"https:\/\/alders.p3group.de\/wp-content\/uploads\/2022\/07\/Alders-logo-Komplett.png","width":1043,"height":253,"caption":"ALDERS electronic GmbH"},"image":{"@id":"https:\/\/alders.p3group.de\/fr\/#\/schema\/logo\/image\/"},"sameAs":["https:\/\/www.facebook.com\/Alders.electronic\/","https:\/\/de.linkedin.com\/company\/alders-electronic-gmbh","https:\/\/www.youtube.com\/channel\/UC-hR66wsAmKOdY03IokrlzA","https:\/\/www.instagram.com\/alders.electronic\/"]}]}},"_links":{"self":[{"href":"https:\/\/alders.p3group.de\/fr\/wp-json\/wp\/v2\/product\/289479","targetHints":{"allow":["GET"]}}],"collection":[{"href":"https:\/\/alders.p3group.de\/fr\/wp-json\/wp\/v2\/product"}],"about":[{"href":"https:\/\/alders.p3group.de\/fr\/wp-json\/wp\/v2\/types\/product"}],"wp:featuredmedia":[{"embeddable":true,"href":"https:\/\/alders.p3group.de\/fr\/wp-json\/wp\/v2\/media\/285172"}],"wp:attachment":[{"href":"https:\/\/alders.p3group.de\/fr\/wp-json\/wp\/v2\/media?parent=289479"}],"wp:term":[{"taxonomy":"product_brand","embeddable":true,"href":"https:\/\/alders.p3group.de\/fr\/wp-json\/wp\/v2\/product_brand?post=289479"},{"taxonomy":"product_cat","embeddable":true,"href":"https:\/\/alders.p3group.de\/fr\/wp-json\/wp\/v2\/product_cat?post=289479"},{"taxonomy":"product_tag","embeddable":true,"href":"https:\/\/alders.p3group.de\/fr\/wp-json\/wp\/v2\/product_tag?post=289479"}],"curies":[{"name":"wp","href":"https:\/\/api.w.org\/{rel}","templated":true}]}}