{"id":289649,"date":"2023-12-05T15:06:23","date_gmt":"2023-12-05T14:06:23","guid":{"rendered":"https:\/\/alders.de\/product\/otto-controls-strain-gauge-transducer-j2-s3-serie\/"},"modified":"2024-03-19T10:25:08","modified_gmt":"2024-03-19T09:25:08","slug":"otto-controls-strain-gauge-transducer-j2-s3-serie","status":"publish","type":"product","link":"https:\/\/alders.p3group.de\/fr\/produit\/otto-controls-strain-gauge-transducer-j2-s3-serie\/","title":{"rendered":"OTTO Controls Strain Gauge Transducteur s\u00e9rie J2-S3"},"content":{"rendered":"<ul>\n<li>Force d&rsquo;actionnement : 3,0 lb<\/li>\n<li>Plage de temp\u00e9rature : -55 degr\u00e9s \u00e0 +85 degr\u00e9s Celsius<\/li>\n<li>Etanch\u00e9it\u00e9 \u00e0 la poussi\u00e8re selon MIL-PRF-8805<\/li>\n<li>Vari\u00e9t\u00e9 d&rsquo;options de styles et de couleurs de boutons disponibles<\/li>\n<li>Diff\u00e9rentes polarit\u00e9s de sortie disponibles<\/li>\n<\/ul>\n","protected":false},"excerpt":{"rendered":"<p>Le transducteur OTTO convertit une force d&rsquo;entr\u00e9e allant jusqu&rsquo;\u00e0 3 lb. en une sortie de tension lin\u00e9aire sur un axe X et Y. L&rsquo;utilisation de jauges de contrainte \u00e0 semi-conducteurs dans une configuration en pont de Wheatstone permet de d\u00e9tecter de tr\u00e8s petits changements de force et de g\u00e9n\u00e9rer une tension de sortie. Les tensions de sortie sont ratiom\u00e9triques (proportionnelles) \u00e0 la tension d&rsquo;entr\u00e9e. Les transducteurs sont disponibles avec une course d&rsquo;actionnement courte et longue et en option \u00e9galement avec des boutons-poussoirs. Des bo\u00eetiers, boutons et fils personnalis\u00e9s sont \u00e9galement disponibles sur demande.<\/p>\n","protected":false},"featured_media":288649,"template":"","meta":{"_acf_changed":false,"inline_featured_image":false},"product_brand":[],"product_cat":[386,593],"product_tag":[],"class_list":{"0":"post-289649","1":"product","2":"type-product","3":"status-publish","4":"has-post-thumbnail","6":"product_cat-pressostat-et-bouton-poussoir","7":"product_cat-transducer-fr","8":"pa_hersteller-otto-controls-fr","10":"first","11":"instock","12":"shipping-taxable","13":"product-type-simple"},"acf":[],"yoast_head":"<!-- This site is optimized with the Yoast SEO plugin v26.6 - https:\/\/yoast.com\/wordpress\/plugins\/seo\/ -->\n<title>OTTO Controls Strain Gauge Transducteur s\u00e9rie J2-S3 - ALDERS electronic GmbH<\/title>\n<meta name=\"robots\" content=\"noindex, follow, max-snippet:-1, max-image-preview:large, max-video-preview:-1\" \/>\n<meta property=\"og:locale\" content=\"fr_FR\" \/>\n<meta property=\"og:type\" content=\"article\" \/>\n<meta property=\"og:title\" content=\"OTTO Controls Strain Gauge Transducteur s\u00e9rie J2-S3 - ALDERS electronic GmbH\" \/>\n<meta property=\"og:description\" content=\"Le transducteur OTTO convertit une force d&#039;entr\u00e9e allant jusqu&#039;\u00e0 3 lb. en une sortie de tension lin\u00e9aire sur un axe X et Y. L&#039;utilisation de jauges de contrainte \u00e0 semi-conducteurs dans une configuration en pont de Wheatstone permet de d\u00e9tecter de tr\u00e8s petits changements de force et de g\u00e9n\u00e9rer une tension de sortie. Les tensions de sortie sont ratiom\u00e9triques (proportionnelles) \u00e0 la tension d&#039;entr\u00e9e. Les transducteurs sont disponibles avec une course d&#039;actionnement courte et longue et en option \u00e9galement avec des boutons-poussoirs. Des bo\u00eetiers, boutons et fils personnalis\u00e9s sont \u00e9galement disponibles sur demande.\" \/>\n<meta property=\"og:url\" content=\"https:\/\/alders.p3group.de\/fr\/produit\/otto-controls-strain-gauge-transducer-j2-s3-serie\/\" \/>\n<meta property=\"og:site_name\" content=\"ALDERS electronic GmbH\" \/>\n<meta property=\"article:publisher\" content=\"https:\/\/www.facebook.com\/Alders.electronic\/\" \/>\n<meta property=\"article:modified_time\" content=\"2024-03-19T09:25:08+00:00\" \/>\n<meta property=\"og:image\" content=\"https:\/\/alders.p3group.de\/wp-content\/uploads\/2023\/12\/j2-s3-conical-hat-picture-a-web.png\" \/>\n\t<meta property=\"og:image:width\" content=\"1000\" \/>\n\t<meta property=\"og:image:height\" content=\"1072\" \/>\n\t<meta property=\"og:image:type\" content=\"image\/png\" \/>\n<meta name=\"twitter:card\" content=\"summary_large_image\" \/>\n<script type=\"application\/ld+json\" class=\"yoast-schema-graph\">{\"@context\":\"https:\/\/schema.org\",\"@graph\":[{\"@type\":\"WebPage\",\"@id\":\"https:\/\/alders.p3group.de\/fr\/produit\/otto-controls-strain-gauge-transducer-j2-s3-serie\/\",\"url\":\"https:\/\/alders.p3group.de\/fr\/produit\/otto-controls-strain-gauge-transducer-j2-s3-serie\/\",\"name\":\"OTTO Controls Strain Gauge Transducteur s\u00e9rie J2-S3 - ALDERS electronic GmbH\",\"isPartOf\":{\"@id\":\"https:\/\/alders.p3group.de\/fr\/#website\"},\"primaryImageOfPage\":{\"@id\":\"https:\/\/alders.p3group.de\/fr\/produit\/otto-controls-strain-gauge-transducer-j2-s3-serie\/#primaryimage\"},\"image\":{\"@id\":\"https:\/\/alders.p3group.de\/fr\/produit\/otto-controls-strain-gauge-transducer-j2-s3-serie\/#primaryimage\"},\"thumbnailUrl\":\"https:\/\/alders.p3group.de\/wp-content\/uploads\/2023\/12\/j2-s3-conical-hat-picture-a-web.png\",\"datePublished\":\"2023-12-05T14:06:23+00:00\",\"dateModified\":\"2024-03-19T09:25:08+00:00\",\"breadcrumb\":{\"@id\":\"https:\/\/alders.p3group.de\/fr\/produit\/otto-controls-strain-gauge-transducer-j2-s3-serie\/#breadcrumb\"},\"inLanguage\":\"fr-FR\",\"potentialAction\":[{\"@type\":\"ReadAction\",\"target\":[\"https:\/\/alders.p3group.de\/fr\/produit\/otto-controls-strain-gauge-transducer-j2-s3-serie\/\"]}]},{\"@type\":\"ImageObject\",\"inLanguage\":\"fr-FR\",\"@id\":\"https:\/\/alders.p3group.de\/fr\/produit\/otto-controls-strain-gauge-transducer-j2-s3-serie\/#primaryimage\",\"url\":\"https:\/\/alders.p3group.de\/wp-content\/uploads\/2023\/12\/j2-s3-conical-hat-picture-a-web.png\",\"contentUrl\":\"https:\/\/alders.p3group.de\/wp-content\/uploads\/2023\/12\/j2-s3-conical-hat-picture-a-web.png\",\"width\":1000,\"height\":1072},{\"@type\":\"BreadcrumbList\",\"@id\":\"https:\/\/alders.p3group.de\/fr\/produit\/otto-controls-strain-gauge-transducer-j2-s3-serie\/#breadcrumb\",\"itemListElement\":[{\"@type\":\"ListItem\",\"position\":1,\"name\":\"ALDERS\",\"item\":\"https:\/\/alders.p3group.de\/fr\/\"},{\"@type\":\"ListItem\",\"position\":2,\"name\":\"Catalogue\",\"item\":\"https:\/\/alders.p3group.de\/fr\/catalogue\/\"},{\"@type\":\"ListItem\",\"position\":3,\"name\":\"OTTO Controls Strain Gauge Transducteur s\u00e9rie J2-S3\"}]},{\"@type\":\"WebSite\",\"@id\":\"https:\/\/alders.p3group.de\/fr\/#website\",\"url\":\"https:\/\/alders.p3group.de\/fr\/\",\"name\":\"ALDERS electronic GmbH\",\"description\":\"Der Spezialist f\u00fcr elektromechanische L\u00f6sungen\",\"publisher\":{\"@id\":\"https:\/\/alders.p3group.de\/fr\/#organization\"},\"potentialAction\":[{\"@type\":\"SearchAction\",\"target\":{\"@type\":\"EntryPoint\",\"urlTemplate\":\"https:\/\/alders.p3group.de\/fr\/?s={search_term_string}\"},\"query-input\":{\"@type\":\"PropertyValueSpecification\",\"valueRequired\":true,\"valueName\":\"search_term_string\"}}],\"inLanguage\":\"fr-FR\"},{\"@type\":\"Organization\",\"@id\":\"https:\/\/alders.p3group.de\/fr\/#organization\",\"name\":\"ALDERS electronic GmbH\",\"url\":\"https:\/\/alders.p3group.de\/fr\/\",\"logo\":{\"@type\":\"ImageObject\",\"inLanguage\":\"fr-FR\",\"@id\":\"https:\/\/alders.p3group.de\/fr\/#\/schema\/logo\/image\/\",\"url\":\"https:\/\/alders.p3group.de\/wp-content\/uploads\/2022\/07\/Alders-logo-Komplett.png\",\"contentUrl\":\"https:\/\/alders.p3group.de\/wp-content\/uploads\/2022\/07\/Alders-logo-Komplett.png\",\"width\":1043,\"height\":253,\"caption\":\"ALDERS electronic GmbH\"},\"image\":{\"@id\":\"https:\/\/alders.p3group.de\/fr\/#\/schema\/logo\/image\/\"},\"sameAs\":[\"https:\/\/www.facebook.com\/Alders.electronic\/\",\"https:\/\/de.linkedin.com\/company\/alders-electronic-gmbh\",\"https:\/\/www.youtube.com\/channel\/UC-hR66wsAmKOdY03IokrlzA\",\"https:\/\/www.instagram.com\/alders.electronic\/\"]}]}<\/script>\n<!-- \/ Yoast SEO plugin. -->","yoast_head_json":{"title":"OTTO Controls Strain Gauge Transducteur s\u00e9rie J2-S3 - ALDERS electronic GmbH","robots":{"index":"noindex","follow":"follow","max-snippet":"max-snippet:-1","max-image-preview":"max-image-preview:large","max-video-preview":"max-video-preview:-1"},"og_locale":"fr_FR","og_type":"article","og_title":"OTTO Controls Strain Gauge Transducteur s\u00e9rie J2-S3 - ALDERS electronic GmbH","og_description":"Le transducteur OTTO convertit une force d'entr\u00e9e allant jusqu'\u00e0 3 lb. en une sortie de tension lin\u00e9aire sur un axe X et Y. L'utilisation de jauges de contrainte \u00e0 semi-conducteurs dans une configuration en pont de Wheatstone permet de d\u00e9tecter de tr\u00e8s petits changements de force et de g\u00e9n\u00e9rer une tension de sortie. Les tensions de sortie sont ratiom\u00e9triques (proportionnelles) \u00e0 la tension d'entr\u00e9e. Les transducteurs sont disponibles avec une course d'actionnement courte et longue et en option \u00e9galement avec des boutons-poussoirs. Des bo\u00eetiers, boutons et fils personnalis\u00e9s sont \u00e9galement disponibles sur demande.","og_url":"https:\/\/alders.p3group.de\/fr\/produit\/otto-controls-strain-gauge-transducer-j2-s3-serie\/","og_site_name":"ALDERS electronic GmbH","article_publisher":"https:\/\/www.facebook.com\/Alders.electronic\/","article_modified_time":"2024-03-19T09:25:08+00:00","og_image":[{"width":1000,"height":1072,"url":"https:\/\/alders.p3group.de\/wp-content\/uploads\/2023\/12\/j2-s3-conical-hat-picture-a-web.png","type":"image\/png"}],"twitter_card":"summary_large_image","schema":{"@context":"https:\/\/schema.org","@graph":[{"@type":"WebPage","@id":"https:\/\/alders.p3group.de\/fr\/produit\/otto-controls-strain-gauge-transducer-j2-s3-serie\/","url":"https:\/\/alders.p3group.de\/fr\/produit\/otto-controls-strain-gauge-transducer-j2-s3-serie\/","name":"OTTO Controls Strain Gauge Transducteur s\u00e9rie J2-S3 - ALDERS electronic GmbH","isPartOf":{"@id":"https:\/\/alders.p3group.de\/fr\/#website"},"primaryImageOfPage":{"@id":"https:\/\/alders.p3group.de\/fr\/produit\/otto-controls-strain-gauge-transducer-j2-s3-serie\/#primaryimage"},"image":{"@id":"https:\/\/alders.p3group.de\/fr\/produit\/otto-controls-strain-gauge-transducer-j2-s3-serie\/#primaryimage"},"thumbnailUrl":"https:\/\/alders.p3group.de\/wp-content\/uploads\/2023\/12\/j2-s3-conical-hat-picture-a-web.png","datePublished":"2023-12-05T14:06:23+00:00","dateModified":"2024-03-19T09:25:08+00:00","breadcrumb":{"@id":"https:\/\/alders.p3group.de\/fr\/produit\/otto-controls-strain-gauge-transducer-j2-s3-serie\/#breadcrumb"},"inLanguage":"fr-FR","potentialAction":[{"@type":"ReadAction","target":["https:\/\/alders.p3group.de\/fr\/produit\/otto-controls-strain-gauge-transducer-j2-s3-serie\/"]}]},{"@type":"ImageObject","inLanguage":"fr-FR","@id":"https:\/\/alders.p3group.de\/fr\/produit\/otto-controls-strain-gauge-transducer-j2-s3-serie\/#primaryimage","url":"https:\/\/alders.p3group.de\/wp-content\/uploads\/2023\/12\/j2-s3-conical-hat-picture-a-web.png","contentUrl":"https:\/\/alders.p3group.de\/wp-content\/uploads\/2023\/12\/j2-s3-conical-hat-picture-a-web.png","width":1000,"height":1072},{"@type":"BreadcrumbList","@id":"https:\/\/alders.p3group.de\/fr\/produit\/otto-controls-strain-gauge-transducer-j2-s3-serie\/#breadcrumb","itemListElement":[{"@type":"ListItem","position":1,"name":"ALDERS","item":"https:\/\/alders.p3group.de\/fr\/"},{"@type":"ListItem","position":2,"name":"Catalogue","item":"https:\/\/alders.p3group.de\/fr\/catalogue\/"},{"@type":"ListItem","position":3,"name":"OTTO Controls Strain Gauge Transducteur s\u00e9rie J2-S3"}]},{"@type":"WebSite","@id":"https:\/\/alders.p3group.de\/fr\/#website","url":"https:\/\/alders.p3group.de\/fr\/","name":"ALDERS electronic GmbH","description":"Der Spezialist f\u00fcr elektromechanische L\u00f6sungen","publisher":{"@id":"https:\/\/alders.p3group.de\/fr\/#organization"},"potentialAction":[{"@type":"SearchAction","target":{"@type":"EntryPoint","urlTemplate":"https:\/\/alders.p3group.de\/fr\/?s={search_term_string}"},"query-input":{"@type":"PropertyValueSpecification","valueRequired":true,"valueName":"search_term_string"}}],"inLanguage":"fr-FR"},{"@type":"Organization","@id":"https:\/\/alders.p3group.de\/fr\/#organization","name":"ALDERS electronic GmbH","url":"https:\/\/alders.p3group.de\/fr\/","logo":{"@type":"ImageObject","inLanguage":"fr-FR","@id":"https:\/\/alders.p3group.de\/fr\/#\/schema\/logo\/image\/","url":"https:\/\/alders.p3group.de\/wp-content\/uploads\/2022\/07\/Alders-logo-Komplett.png","contentUrl":"https:\/\/alders.p3group.de\/wp-content\/uploads\/2022\/07\/Alders-logo-Komplett.png","width":1043,"height":253,"caption":"ALDERS electronic GmbH"},"image":{"@id":"https:\/\/alders.p3group.de\/fr\/#\/schema\/logo\/image\/"},"sameAs":["https:\/\/www.facebook.com\/Alders.electronic\/","https:\/\/de.linkedin.com\/company\/alders-electronic-gmbh","https:\/\/www.youtube.com\/channel\/UC-hR66wsAmKOdY03IokrlzA","https:\/\/www.instagram.com\/alders.electronic\/"]}]}},"_links":{"self":[{"href":"https:\/\/alders.p3group.de\/fr\/wp-json\/wp\/v2\/product\/289649","targetHints":{"allow":["GET"]}}],"collection":[{"href":"https:\/\/alders.p3group.de\/fr\/wp-json\/wp\/v2\/product"}],"about":[{"href":"https:\/\/alders.p3group.de\/fr\/wp-json\/wp\/v2\/types\/product"}],"wp:featuredmedia":[{"embeddable":true,"href":"https:\/\/alders.p3group.de\/fr\/wp-json\/wp\/v2\/media\/288649"}],"wp:attachment":[{"href":"https:\/\/alders.p3group.de\/fr\/wp-json\/wp\/v2\/media?parent=289649"}],"wp:term":[{"taxonomy":"product_brand","embeddable":true,"href":"https:\/\/alders.p3group.de\/fr\/wp-json\/wp\/v2\/product_brand?post=289649"},{"taxonomy":"product_cat","embeddable":true,"href":"https:\/\/alders.p3group.de\/fr\/wp-json\/wp\/v2\/product_cat?post=289649"},{"taxonomy":"product_tag","embeddable":true,"href":"https:\/\/alders.p3group.de\/fr\/wp-json\/wp\/v2\/product_tag?post=289649"}],"curies":[{"name":"wp","href":"https:\/\/api.w.org\/{rel}","templated":true}]}}