{"id":289652,"date":"2023-12-06T08:34:50","date_gmt":"2023-12-06T07:34:50","guid":{"rendered":"https:\/\/alders.de\/product\/otto-controls-full-bridge-transducer-j2-s4-serie\/"},"modified":"2024-03-19T10:27:37","modified_gmt":"2024-03-19T09:27:37","slug":"otto-controls-full-bridge-transducer-j2-s4-serie","status":"publish","type":"product","link":"https:\/\/alders.p3group.de\/fr\/produit\/otto-controls-full-bridge-transducer-j2-s4-serie\/","title":{"rendered":"OTTO Controls Full Bridge Transducteur s\u00e9rie J2-S4"},"content":{"rendered":"<ul>\n<li>\u00c9tanch\u00e9it\u00e9 IP68S<\/li>\n<li>Commutation en pont complet<\/li>\n<li>Plusieurs types de boutons disponibles<\/li>\n<li>Dur\u00e9e de vie de 1 million de cycles<\/li>\n<\/ul>\n","protected":false},"excerpt":{"rendered":"<p>Les transducteurs \u00e0 jauge de contrainte de la s\u00e9rie J2 fournissent un signal de sortie analogique proportionnel \u00e0 la force appliqu\u00e9e au bouton. Le transducteur J2-S4 offre une course d&rsquo;actionnement courte, un circuit en pont complet, une forme de bouton concave et une dur\u00e9e de vie de 1 million de cycles. La technologie du transducteur compense les influences externes, telles que la temp\u00e9rature, afin de maintenir sa pr\u00e9cision m\u00eame dans les environnements les plus exigeants. De plus, le bo\u00eetier \u00e0 douille filet\u00e9e du J2-S4 permet un montage s\u00e9curis\u00e9 du commutateur pour une vari\u00e9t\u00e9 de panneaux de commande.<\/p>\n","protected":false},"featured_media":288656,"template":"","meta":{"_acf_changed":false,"inline_featured_image":false},"product_brand":[],"product_cat":[386,593],"product_tag":[],"class_list":{"0":"post-289652","1":"product","2":"type-product","3":"status-publish","4":"has-post-thumbnail","6":"product_cat-pressostat-et-bouton-poussoir","7":"product_cat-transducer-fr","8":"pa_hersteller-otto-controls-fr","10":"first","11":"instock","12":"shipping-taxable","13":"product-type-simple"},"acf":[],"yoast_head":"<!-- This site is optimized with the Yoast SEO plugin v26.6 - https:\/\/yoast.com\/wordpress\/plugins\/seo\/ -->\n<title>OTTO Controls Full Bridge Transducteur s\u00e9rie J2-S4 - ALDERS electronic GmbH<\/title>\n<meta name=\"robots\" content=\"noindex, follow, max-snippet:-1, max-image-preview:large, max-video-preview:-1\" \/>\n<meta property=\"og:locale\" content=\"fr_FR\" \/>\n<meta property=\"og:type\" content=\"article\" \/>\n<meta property=\"og:title\" content=\"OTTO Controls Full Bridge Transducteur s\u00e9rie J2-S4 - ALDERS electronic GmbH\" \/>\n<meta property=\"og:description\" content=\"Les transducteurs \u00e0 jauge de contrainte de la s\u00e9rie J2 fournissent un signal de sortie analogique proportionnel \u00e0 la force appliqu\u00e9e au bouton. Le transducteur J2-S4 offre une course d&#039;actionnement courte, un circuit en pont complet, une forme de bouton concave et une dur\u00e9e de vie de 1 million de cycles. La technologie du transducteur compense les influences externes, telles que la temp\u00e9rature, afin de maintenir sa pr\u00e9cision m\u00eame dans les environnements les plus exigeants. De plus, le bo\u00eetier \u00e0 douille filet\u00e9e du J2-S4 permet un montage s\u00e9curis\u00e9 du commutateur pour une vari\u00e9t\u00e9 de panneaux de commande.\" \/>\n<meta property=\"og:url\" content=\"https:\/\/alders.p3group.de\/fr\/produit\/otto-controls-full-bridge-transducer-j2-s4-serie\/\" \/>\n<meta property=\"og:site_name\" content=\"ALDERS electronic GmbH\" \/>\n<meta property=\"article:publisher\" content=\"https:\/\/www.facebook.com\/Alders.electronic\/\" \/>\n<meta property=\"article:modified_time\" content=\"2024-03-19T09:27:37+00:00\" \/>\n<meta property=\"og:image\" content=\"https:\/\/alders.p3group.de\/wp-content\/uploads\/2023\/12\/J2-S4-1.png\" \/>\n\t<meta property=\"og:image:width\" content=\"1000\" \/>\n\t<meta property=\"og:image:height\" content=\"1074\" \/>\n\t<meta property=\"og:image:type\" content=\"image\/png\" \/>\n<meta name=\"twitter:card\" content=\"summary_large_image\" \/>\n<script type=\"application\/ld+json\" class=\"yoast-schema-graph\">{\"@context\":\"https:\/\/schema.org\",\"@graph\":[{\"@type\":\"WebPage\",\"@id\":\"https:\/\/alders.p3group.de\/fr\/produit\/otto-controls-full-bridge-transducer-j2-s4-serie\/\",\"url\":\"https:\/\/alders.p3group.de\/fr\/produit\/otto-controls-full-bridge-transducer-j2-s4-serie\/\",\"name\":\"OTTO Controls Full Bridge Transducteur s\u00e9rie J2-S4 - ALDERS electronic GmbH\",\"isPartOf\":{\"@id\":\"https:\/\/alders.p3group.de\/fr\/#website\"},\"primaryImageOfPage\":{\"@id\":\"https:\/\/alders.p3group.de\/fr\/produit\/otto-controls-full-bridge-transducer-j2-s4-serie\/#primaryimage\"},\"image\":{\"@id\":\"https:\/\/alders.p3group.de\/fr\/produit\/otto-controls-full-bridge-transducer-j2-s4-serie\/#primaryimage\"},\"thumbnailUrl\":\"https:\/\/alders.p3group.de\/wp-content\/uploads\/2023\/12\/J2-S4-1.png\",\"datePublished\":\"2023-12-06T07:34:50+00:00\",\"dateModified\":\"2024-03-19T09:27:37+00:00\",\"breadcrumb\":{\"@id\":\"https:\/\/alders.p3group.de\/fr\/produit\/otto-controls-full-bridge-transducer-j2-s4-serie\/#breadcrumb\"},\"inLanguage\":\"fr-FR\",\"potentialAction\":[{\"@type\":\"ReadAction\",\"target\":[\"https:\/\/alders.p3group.de\/fr\/produit\/otto-controls-full-bridge-transducer-j2-s4-serie\/\"]}]},{\"@type\":\"ImageObject\",\"inLanguage\":\"fr-FR\",\"@id\":\"https:\/\/alders.p3group.de\/fr\/produit\/otto-controls-full-bridge-transducer-j2-s4-serie\/#primaryimage\",\"url\":\"https:\/\/alders.p3group.de\/wp-content\/uploads\/2023\/12\/J2-S4-1.png\",\"contentUrl\":\"https:\/\/alders.p3group.de\/wp-content\/uploads\/2023\/12\/J2-S4-1.png\",\"width\":1000,\"height\":1074},{\"@type\":\"BreadcrumbList\",\"@id\":\"https:\/\/alders.p3group.de\/fr\/produit\/otto-controls-full-bridge-transducer-j2-s4-serie\/#breadcrumb\",\"itemListElement\":[{\"@type\":\"ListItem\",\"position\":1,\"name\":\"ALDERS\",\"item\":\"https:\/\/alders.p3group.de\/fr\/\"},{\"@type\":\"ListItem\",\"position\":2,\"name\":\"Catalogue\",\"item\":\"https:\/\/alders.p3group.de\/fr\/catalogue\/\"},{\"@type\":\"ListItem\",\"position\":3,\"name\":\"OTTO Controls Full Bridge Transducteur s\u00e9rie J2-S4\"}]},{\"@type\":\"WebSite\",\"@id\":\"https:\/\/alders.p3group.de\/fr\/#website\",\"url\":\"https:\/\/alders.p3group.de\/fr\/\",\"name\":\"ALDERS electronic GmbH\",\"description\":\"Der Spezialist f\u00fcr elektromechanische L\u00f6sungen\",\"publisher\":{\"@id\":\"https:\/\/alders.p3group.de\/fr\/#organization\"},\"potentialAction\":[{\"@type\":\"SearchAction\",\"target\":{\"@type\":\"EntryPoint\",\"urlTemplate\":\"https:\/\/alders.p3group.de\/fr\/?s={search_term_string}\"},\"query-input\":{\"@type\":\"PropertyValueSpecification\",\"valueRequired\":true,\"valueName\":\"search_term_string\"}}],\"inLanguage\":\"fr-FR\"},{\"@type\":\"Organization\",\"@id\":\"https:\/\/alders.p3group.de\/fr\/#organization\",\"name\":\"ALDERS electronic GmbH\",\"url\":\"https:\/\/alders.p3group.de\/fr\/\",\"logo\":{\"@type\":\"ImageObject\",\"inLanguage\":\"fr-FR\",\"@id\":\"https:\/\/alders.p3group.de\/fr\/#\/schema\/logo\/image\/\",\"url\":\"https:\/\/alders.p3group.de\/wp-content\/uploads\/2022\/07\/Alders-logo-Komplett.png\",\"contentUrl\":\"https:\/\/alders.p3group.de\/wp-content\/uploads\/2022\/07\/Alders-logo-Komplett.png\",\"width\":1043,\"height\":253,\"caption\":\"ALDERS electronic GmbH\"},\"image\":{\"@id\":\"https:\/\/alders.p3group.de\/fr\/#\/schema\/logo\/image\/\"},\"sameAs\":[\"https:\/\/www.facebook.com\/Alders.electronic\/\",\"https:\/\/de.linkedin.com\/company\/alders-electronic-gmbh\",\"https:\/\/www.youtube.com\/channel\/UC-hR66wsAmKOdY03IokrlzA\",\"https:\/\/www.instagram.com\/alders.electronic\/\"]}]}<\/script>\n<!-- \/ Yoast SEO plugin. -->","yoast_head_json":{"title":"OTTO Controls Full Bridge Transducteur s\u00e9rie J2-S4 - ALDERS electronic GmbH","robots":{"index":"noindex","follow":"follow","max-snippet":"max-snippet:-1","max-image-preview":"max-image-preview:large","max-video-preview":"max-video-preview:-1"},"og_locale":"fr_FR","og_type":"article","og_title":"OTTO Controls Full Bridge Transducteur s\u00e9rie J2-S4 - ALDERS electronic GmbH","og_description":"Les transducteurs \u00e0 jauge de contrainte de la s\u00e9rie J2 fournissent un signal de sortie analogique proportionnel \u00e0 la force appliqu\u00e9e au bouton. Le transducteur J2-S4 offre une course d'actionnement courte, un circuit en pont complet, une forme de bouton concave et une dur\u00e9e de vie de 1 million de cycles. La technologie du transducteur compense les influences externes, telles que la temp\u00e9rature, afin de maintenir sa pr\u00e9cision m\u00eame dans les environnements les plus exigeants. De plus, le bo\u00eetier \u00e0 douille filet\u00e9e du J2-S4 permet un montage s\u00e9curis\u00e9 du commutateur pour une vari\u00e9t\u00e9 de panneaux de commande.","og_url":"https:\/\/alders.p3group.de\/fr\/produit\/otto-controls-full-bridge-transducer-j2-s4-serie\/","og_site_name":"ALDERS electronic GmbH","article_publisher":"https:\/\/www.facebook.com\/Alders.electronic\/","article_modified_time":"2024-03-19T09:27:37+00:00","og_image":[{"width":1000,"height":1074,"url":"https:\/\/alders.p3group.de\/wp-content\/uploads\/2023\/12\/J2-S4-1.png","type":"image\/png"}],"twitter_card":"summary_large_image","schema":{"@context":"https:\/\/schema.org","@graph":[{"@type":"WebPage","@id":"https:\/\/alders.p3group.de\/fr\/produit\/otto-controls-full-bridge-transducer-j2-s4-serie\/","url":"https:\/\/alders.p3group.de\/fr\/produit\/otto-controls-full-bridge-transducer-j2-s4-serie\/","name":"OTTO Controls Full Bridge Transducteur s\u00e9rie J2-S4 - ALDERS electronic GmbH","isPartOf":{"@id":"https:\/\/alders.p3group.de\/fr\/#website"},"primaryImageOfPage":{"@id":"https:\/\/alders.p3group.de\/fr\/produit\/otto-controls-full-bridge-transducer-j2-s4-serie\/#primaryimage"},"image":{"@id":"https:\/\/alders.p3group.de\/fr\/produit\/otto-controls-full-bridge-transducer-j2-s4-serie\/#primaryimage"},"thumbnailUrl":"https:\/\/alders.p3group.de\/wp-content\/uploads\/2023\/12\/J2-S4-1.png","datePublished":"2023-12-06T07:34:50+00:00","dateModified":"2024-03-19T09:27:37+00:00","breadcrumb":{"@id":"https:\/\/alders.p3group.de\/fr\/produit\/otto-controls-full-bridge-transducer-j2-s4-serie\/#breadcrumb"},"inLanguage":"fr-FR","potentialAction":[{"@type":"ReadAction","target":["https:\/\/alders.p3group.de\/fr\/produit\/otto-controls-full-bridge-transducer-j2-s4-serie\/"]}]},{"@type":"ImageObject","inLanguage":"fr-FR","@id":"https:\/\/alders.p3group.de\/fr\/produit\/otto-controls-full-bridge-transducer-j2-s4-serie\/#primaryimage","url":"https:\/\/alders.p3group.de\/wp-content\/uploads\/2023\/12\/J2-S4-1.png","contentUrl":"https:\/\/alders.p3group.de\/wp-content\/uploads\/2023\/12\/J2-S4-1.png","width":1000,"height":1074},{"@type":"BreadcrumbList","@id":"https:\/\/alders.p3group.de\/fr\/produit\/otto-controls-full-bridge-transducer-j2-s4-serie\/#breadcrumb","itemListElement":[{"@type":"ListItem","position":1,"name":"ALDERS","item":"https:\/\/alders.p3group.de\/fr\/"},{"@type":"ListItem","position":2,"name":"Catalogue","item":"https:\/\/alders.p3group.de\/fr\/catalogue\/"},{"@type":"ListItem","position":3,"name":"OTTO Controls Full Bridge Transducteur s\u00e9rie J2-S4"}]},{"@type":"WebSite","@id":"https:\/\/alders.p3group.de\/fr\/#website","url":"https:\/\/alders.p3group.de\/fr\/","name":"ALDERS electronic GmbH","description":"Der Spezialist f\u00fcr elektromechanische L\u00f6sungen","publisher":{"@id":"https:\/\/alders.p3group.de\/fr\/#organization"},"potentialAction":[{"@type":"SearchAction","target":{"@type":"EntryPoint","urlTemplate":"https:\/\/alders.p3group.de\/fr\/?s={search_term_string}"},"query-input":{"@type":"PropertyValueSpecification","valueRequired":true,"valueName":"search_term_string"}}],"inLanguage":"fr-FR"},{"@type":"Organization","@id":"https:\/\/alders.p3group.de\/fr\/#organization","name":"ALDERS electronic GmbH","url":"https:\/\/alders.p3group.de\/fr\/","logo":{"@type":"ImageObject","inLanguage":"fr-FR","@id":"https:\/\/alders.p3group.de\/fr\/#\/schema\/logo\/image\/","url":"https:\/\/alders.p3group.de\/wp-content\/uploads\/2022\/07\/Alders-logo-Komplett.png","contentUrl":"https:\/\/alders.p3group.de\/wp-content\/uploads\/2022\/07\/Alders-logo-Komplett.png","width":1043,"height":253,"caption":"ALDERS electronic GmbH"},"image":{"@id":"https:\/\/alders.p3group.de\/fr\/#\/schema\/logo\/image\/"},"sameAs":["https:\/\/www.facebook.com\/Alders.electronic\/","https:\/\/de.linkedin.com\/company\/alders-electronic-gmbh","https:\/\/www.youtube.com\/channel\/UC-hR66wsAmKOdY03IokrlzA","https:\/\/www.instagram.com\/alders.electronic\/"]}]}},"_links":{"self":[{"href":"https:\/\/alders.p3group.de\/fr\/wp-json\/wp\/v2\/product\/289652","targetHints":{"allow":["GET"]}}],"collection":[{"href":"https:\/\/alders.p3group.de\/fr\/wp-json\/wp\/v2\/product"}],"about":[{"href":"https:\/\/alders.p3group.de\/fr\/wp-json\/wp\/v2\/types\/product"}],"wp:featuredmedia":[{"embeddable":true,"href":"https:\/\/alders.p3group.de\/fr\/wp-json\/wp\/v2\/media\/288656"}],"wp:attachment":[{"href":"https:\/\/alders.p3group.de\/fr\/wp-json\/wp\/v2\/media?parent=289652"}],"wp:term":[{"taxonomy":"product_brand","embeddable":true,"href":"https:\/\/alders.p3group.de\/fr\/wp-json\/wp\/v2\/product_brand?post=289652"},{"taxonomy":"product_cat","embeddable":true,"href":"https:\/\/alders.p3group.de\/fr\/wp-json\/wp\/v2\/product_cat?post=289652"},{"taxonomy":"product_tag","embeddable":true,"href":"https:\/\/alders.p3group.de\/fr\/wp-json\/wp\/v2\/product_tag?post=289652"}],"curies":[{"name":"wp","href":"https:\/\/api.w.org\/{rel}","templated":true}]}}