{"id":289662,"date":"2023-12-01T15:22:26","date_gmt":"2023-12-01T14:22:26","guid":{"rendered":"https:\/\/alders.de\/product\/otto-controls-transducer-j4-serie\/"},"modified":"2024-03-19T10:35:02","modified_gmt":"2024-03-19T09:35:02","slug":"otto-controls-transducer-j4-serie","status":"publish","type":"product","link":"https:\/\/alders.p3group.de\/fr\/produit\/otto-controls-transducer-j4-serie\/","title":{"rendered":"OTTO Controls Transducteur s\u00e9rie J4"},"content":{"rendered":"<ul>\n<li>Entr\u00e9e 5 V CC<\/li>\n<li>Technologie \u00e0 effet Hall<\/li>\n<li>Fonction mini-joystick<\/li>\n<\/ul>\n","protected":false},"excerpt":{"rendered":"<p>Le transducteur \u00e0 effet Hall J4 convertit une force d&rsquo;entr\u00e9e en une tension de sortie lin\u00e9aire. Sa conception robuste est id\u00e9ale pour les applications les plus exigeantes. La courte course du transducteur J4 offre l&rsquo;avantage qu&rsquo;un minimum de mouvement est n\u00e9cessaire pour modifier la tension de sortie analogique. Il est particuli\u00e8rement bien adapt\u00e9 aux applications o\u00f9 un contr\u00f4le pr\u00e9cis des entr\u00e9es est requis. De plus, sa faible profondeur lui permet d&rsquo;\u00eatre mont\u00e9 dans une poign\u00e9e ou un panneau OTTO.<\/p>\n","protected":false},"featured_media":288599,"template":"","meta":{"_acf_changed":false,"inline_featured_image":false},"product_brand":[],"product_cat":[386,593],"product_tag":[],"class_list":{"0":"post-289662","1":"product","2":"type-product","3":"status-publish","4":"has-post-thumbnail","6":"product_cat-pressostat-et-bouton-poussoir","7":"product_cat-transducer-fr","8":"pa_hersteller-otto-controls-fr","10":"first","11":"instock","12":"shipping-taxable","13":"product-type-simple"},"acf":[],"yoast_head":"<!-- This site is optimized with the Yoast SEO plugin v26.6 - https:\/\/yoast.com\/wordpress\/plugins\/seo\/ -->\n<title>OTTO Controls Transducteur s\u00e9rie J4 - ALDERS electronic GmbH<\/title>\n<meta name=\"robots\" content=\"noindex, follow, max-snippet:-1, max-image-preview:large, max-video-preview:-1\" \/>\n<meta property=\"og:locale\" content=\"fr_FR\" \/>\n<meta property=\"og:type\" content=\"article\" \/>\n<meta property=\"og:title\" content=\"OTTO Controls Transducteur s\u00e9rie J4 - ALDERS electronic GmbH\" \/>\n<meta property=\"og:description\" content=\"Le transducteur \u00e0 effet Hall J4 convertit une force d&#039;entr\u00e9e en une tension de sortie lin\u00e9aire. Sa conception robuste est id\u00e9ale pour les applications les plus exigeantes. La courte course du transducteur J4 offre l&#039;avantage qu&#039;un minimum de mouvement est n\u00e9cessaire pour modifier la tension de sortie analogique. Il est particuli\u00e8rement bien adapt\u00e9 aux applications o\u00f9 un contr\u00f4le pr\u00e9cis des entr\u00e9es est requis. De plus, sa faible profondeur lui permet d&#039;\u00eatre mont\u00e9 dans une poign\u00e9e ou un panneau OTTO.\" \/>\n<meta property=\"og:url\" content=\"https:\/\/alders.p3group.de\/fr\/produit\/otto-controls-transducer-j4-serie\/\" \/>\n<meta property=\"og:site_name\" content=\"ALDERS electronic GmbH\" \/>\n<meta property=\"article:publisher\" content=\"https:\/\/www.facebook.com\/Alders.electronic\/\" \/>\n<meta property=\"article:modified_time\" content=\"2024-03-19T09:35:02+00:00\" \/>\n<meta property=\"og:image\" content=\"https:\/\/alders.p3group.de\/wp-content\/uploads\/2023\/12\/j4-transducer-for-web.png\" \/>\n\t<meta property=\"og:image:width\" content=\"1000\" \/>\n\t<meta property=\"og:image:height\" content=\"1072\" \/>\n\t<meta property=\"og:image:type\" content=\"image\/png\" \/>\n<meta name=\"twitter:card\" content=\"summary_large_image\" \/>\n<script type=\"application\/ld+json\" class=\"yoast-schema-graph\">{\"@context\":\"https:\/\/schema.org\",\"@graph\":[{\"@type\":\"WebPage\",\"@id\":\"https:\/\/alders.p3group.de\/fr\/produit\/otto-controls-transducer-j4-serie\/\",\"url\":\"https:\/\/alders.p3group.de\/fr\/produit\/otto-controls-transducer-j4-serie\/\",\"name\":\"OTTO Controls Transducteur s\u00e9rie J4 - ALDERS electronic GmbH\",\"isPartOf\":{\"@id\":\"https:\/\/alders.p3group.de\/fr\/#website\"},\"primaryImageOfPage\":{\"@id\":\"https:\/\/alders.p3group.de\/fr\/produit\/otto-controls-transducer-j4-serie\/#primaryimage\"},\"image\":{\"@id\":\"https:\/\/alders.p3group.de\/fr\/produit\/otto-controls-transducer-j4-serie\/#primaryimage\"},\"thumbnailUrl\":\"https:\/\/alders.p3group.de\/wp-content\/uploads\/2023\/12\/j4-transducer-for-web.png\",\"datePublished\":\"2023-12-01T14:22:26+00:00\",\"dateModified\":\"2024-03-19T09:35:02+00:00\",\"breadcrumb\":{\"@id\":\"https:\/\/alders.p3group.de\/fr\/produit\/otto-controls-transducer-j4-serie\/#breadcrumb\"},\"inLanguage\":\"fr-FR\",\"potentialAction\":[{\"@type\":\"ReadAction\",\"target\":[\"https:\/\/alders.p3group.de\/fr\/produit\/otto-controls-transducer-j4-serie\/\"]}]},{\"@type\":\"ImageObject\",\"inLanguage\":\"fr-FR\",\"@id\":\"https:\/\/alders.p3group.de\/fr\/produit\/otto-controls-transducer-j4-serie\/#primaryimage\",\"url\":\"https:\/\/alders.p3group.de\/wp-content\/uploads\/2023\/12\/j4-transducer-for-web.png\",\"contentUrl\":\"https:\/\/alders.p3group.de\/wp-content\/uploads\/2023\/12\/j4-transducer-for-web.png\",\"width\":1000,\"height\":1072},{\"@type\":\"BreadcrumbList\",\"@id\":\"https:\/\/alders.p3group.de\/fr\/produit\/otto-controls-transducer-j4-serie\/#breadcrumb\",\"itemListElement\":[{\"@type\":\"ListItem\",\"position\":1,\"name\":\"ALDERS\",\"item\":\"https:\/\/alders.p3group.de\/fr\/\"},{\"@type\":\"ListItem\",\"position\":2,\"name\":\"Catalogue\",\"item\":\"https:\/\/alders.p3group.de\/fr\/catalogue\/\"},{\"@type\":\"ListItem\",\"position\":3,\"name\":\"OTTO Controls Transducteur s\u00e9rie J4\"}]},{\"@type\":\"WebSite\",\"@id\":\"https:\/\/alders.p3group.de\/fr\/#website\",\"url\":\"https:\/\/alders.p3group.de\/fr\/\",\"name\":\"ALDERS electronic GmbH\",\"description\":\"Der Spezialist f\u00fcr elektromechanische L\u00f6sungen\",\"publisher\":{\"@id\":\"https:\/\/alders.p3group.de\/fr\/#organization\"},\"potentialAction\":[{\"@type\":\"SearchAction\",\"target\":{\"@type\":\"EntryPoint\",\"urlTemplate\":\"https:\/\/alders.p3group.de\/fr\/?s={search_term_string}\"},\"query-input\":{\"@type\":\"PropertyValueSpecification\",\"valueRequired\":true,\"valueName\":\"search_term_string\"}}],\"inLanguage\":\"fr-FR\"},{\"@type\":\"Organization\",\"@id\":\"https:\/\/alders.p3group.de\/fr\/#organization\",\"name\":\"ALDERS electronic GmbH\",\"url\":\"https:\/\/alders.p3group.de\/fr\/\",\"logo\":{\"@type\":\"ImageObject\",\"inLanguage\":\"fr-FR\",\"@id\":\"https:\/\/alders.p3group.de\/fr\/#\/schema\/logo\/image\/\",\"url\":\"https:\/\/alders.p3group.de\/wp-content\/uploads\/2022\/07\/Alders-logo-Komplett.png\",\"contentUrl\":\"https:\/\/alders.p3group.de\/wp-content\/uploads\/2022\/07\/Alders-logo-Komplett.png\",\"width\":1043,\"height\":253,\"caption\":\"ALDERS electronic GmbH\"},\"image\":{\"@id\":\"https:\/\/alders.p3group.de\/fr\/#\/schema\/logo\/image\/\"},\"sameAs\":[\"https:\/\/www.facebook.com\/Alders.electronic\/\",\"https:\/\/de.linkedin.com\/company\/alders-electronic-gmbh\",\"https:\/\/www.youtube.com\/channel\/UC-hR66wsAmKOdY03IokrlzA\",\"https:\/\/www.instagram.com\/alders.electronic\/\"]}]}<\/script>\n<!-- \/ Yoast SEO plugin. -->","yoast_head_json":{"title":"OTTO Controls Transducteur s\u00e9rie J4 - ALDERS electronic GmbH","robots":{"index":"noindex","follow":"follow","max-snippet":"max-snippet:-1","max-image-preview":"max-image-preview:large","max-video-preview":"max-video-preview:-1"},"og_locale":"fr_FR","og_type":"article","og_title":"OTTO Controls Transducteur s\u00e9rie J4 - ALDERS electronic GmbH","og_description":"Le transducteur \u00e0 effet Hall J4 convertit une force d'entr\u00e9e en une tension de sortie lin\u00e9aire. Sa conception robuste est id\u00e9ale pour les applications les plus exigeantes. La courte course du transducteur J4 offre l'avantage qu'un minimum de mouvement est n\u00e9cessaire pour modifier la tension de sortie analogique. Il est particuli\u00e8rement bien adapt\u00e9 aux applications o\u00f9 un contr\u00f4le pr\u00e9cis des entr\u00e9es est requis. De plus, sa faible profondeur lui permet d'\u00eatre mont\u00e9 dans une poign\u00e9e ou un panneau OTTO.","og_url":"https:\/\/alders.p3group.de\/fr\/produit\/otto-controls-transducer-j4-serie\/","og_site_name":"ALDERS electronic GmbH","article_publisher":"https:\/\/www.facebook.com\/Alders.electronic\/","article_modified_time":"2024-03-19T09:35:02+00:00","og_image":[{"width":1000,"height":1072,"url":"https:\/\/alders.p3group.de\/wp-content\/uploads\/2023\/12\/j4-transducer-for-web.png","type":"image\/png"}],"twitter_card":"summary_large_image","schema":{"@context":"https:\/\/schema.org","@graph":[{"@type":"WebPage","@id":"https:\/\/alders.p3group.de\/fr\/produit\/otto-controls-transducer-j4-serie\/","url":"https:\/\/alders.p3group.de\/fr\/produit\/otto-controls-transducer-j4-serie\/","name":"OTTO Controls Transducteur s\u00e9rie J4 - ALDERS electronic GmbH","isPartOf":{"@id":"https:\/\/alders.p3group.de\/fr\/#website"},"primaryImageOfPage":{"@id":"https:\/\/alders.p3group.de\/fr\/produit\/otto-controls-transducer-j4-serie\/#primaryimage"},"image":{"@id":"https:\/\/alders.p3group.de\/fr\/produit\/otto-controls-transducer-j4-serie\/#primaryimage"},"thumbnailUrl":"https:\/\/alders.p3group.de\/wp-content\/uploads\/2023\/12\/j4-transducer-for-web.png","datePublished":"2023-12-01T14:22:26+00:00","dateModified":"2024-03-19T09:35:02+00:00","breadcrumb":{"@id":"https:\/\/alders.p3group.de\/fr\/produit\/otto-controls-transducer-j4-serie\/#breadcrumb"},"inLanguage":"fr-FR","potentialAction":[{"@type":"ReadAction","target":["https:\/\/alders.p3group.de\/fr\/produit\/otto-controls-transducer-j4-serie\/"]}]},{"@type":"ImageObject","inLanguage":"fr-FR","@id":"https:\/\/alders.p3group.de\/fr\/produit\/otto-controls-transducer-j4-serie\/#primaryimage","url":"https:\/\/alders.p3group.de\/wp-content\/uploads\/2023\/12\/j4-transducer-for-web.png","contentUrl":"https:\/\/alders.p3group.de\/wp-content\/uploads\/2023\/12\/j4-transducer-for-web.png","width":1000,"height":1072},{"@type":"BreadcrumbList","@id":"https:\/\/alders.p3group.de\/fr\/produit\/otto-controls-transducer-j4-serie\/#breadcrumb","itemListElement":[{"@type":"ListItem","position":1,"name":"ALDERS","item":"https:\/\/alders.p3group.de\/fr\/"},{"@type":"ListItem","position":2,"name":"Catalogue","item":"https:\/\/alders.p3group.de\/fr\/catalogue\/"},{"@type":"ListItem","position":3,"name":"OTTO Controls Transducteur s\u00e9rie J4"}]},{"@type":"WebSite","@id":"https:\/\/alders.p3group.de\/fr\/#website","url":"https:\/\/alders.p3group.de\/fr\/","name":"ALDERS electronic GmbH","description":"Der Spezialist f\u00fcr elektromechanische L\u00f6sungen","publisher":{"@id":"https:\/\/alders.p3group.de\/fr\/#organization"},"potentialAction":[{"@type":"SearchAction","target":{"@type":"EntryPoint","urlTemplate":"https:\/\/alders.p3group.de\/fr\/?s={search_term_string}"},"query-input":{"@type":"PropertyValueSpecification","valueRequired":true,"valueName":"search_term_string"}}],"inLanguage":"fr-FR"},{"@type":"Organization","@id":"https:\/\/alders.p3group.de\/fr\/#organization","name":"ALDERS electronic GmbH","url":"https:\/\/alders.p3group.de\/fr\/","logo":{"@type":"ImageObject","inLanguage":"fr-FR","@id":"https:\/\/alders.p3group.de\/fr\/#\/schema\/logo\/image\/","url":"https:\/\/alders.p3group.de\/wp-content\/uploads\/2022\/07\/Alders-logo-Komplett.png","contentUrl":"https:\/\/alders.p3group.de\/wp-content\/uploads\/2022\/07\/Alders-logo-Komplett.png","width":1043,"height":253,"caption":"ALDERS electronic GmbH"},"image":{"@id":"https:\/\/alders.p3group.de\/fr\/#\/schema\/logo\/image\/"},"sameAs":["https:\/\/www.facebook.com\/Alders.electronic\/","https:\/\/de.linkedin.com\/company\/alders-electronic-gmbh","https:\/\/www.youtube.com\/channel\/UC-hR66wsAmKOdY03IokrlzA","https:\/\/www.instagram.com\/alders.electronic\/"]}]}},"_links":{"self":[{"href":"https:\/\/alders.p3group.de\/fr\/wp-json\/wp\/v2\/product\/289662","targetHints":{"allow":["GET"]}}],"collection":[{"href":"https:\/\/alders.p3group.de\/fr\/wp-json\/wp\/v2\/product"}],"about":[{"href":"https:\/\/alders.p3group.de\/fr\/wp-json\/wp\/v2\/types\/product"}],"wp:featuredmedia":[{"embeddable":true,"href":"https:\/\/alders.p3group.de\/fr\/wp-json\/wp\/v2\/media\/288599"}],"wp:attachment":[{"href":"https:\/\/alders.p3group.de\/fr\/wp-json\/wp\/v2\/media?parent=289662"}],"wp:term":[{"taxonomy":"product_brand","embeddable":true,"href":"https:\/\/alders.p3group.de\/fr\/wp-json\/wp\/v2\/product_brand?post=289662"},{"taxonomy":"product_cat","embeddable":true,"href":"https:\/\/alders.p3group.de\/fr\/wp-json\/wp\/v2\/product_cat?post=289662"},{"taxonomy":"product_tag","embeddable":true,"href":"https:\/\/alders.p3group.de\/fr\/wp-json\/wp\/v2\/product_tag?post=289662"}],"curies":[{"name":"wp","href":"https:\/\/api.w.org\/{rel}","templated":true}]}}