{"id":289811,"date":"2021-09-17T15:11:15","date_gmt":"2021-09-17T13:11:15","guid":{"rendered":"https:\/\/alders.de\/product\/otto-controls-mehrwegetaster-t1-t\/"},"modified":"2024-04-16T11:05:53","modified_gmt":"2024-04-16T09:05:53","slug":"otto-controls-mehrwegetaster-t1-t","status":"publish","type":"product","link":"https:\/\/alders.p3group.de\/fr\/produit\/otto-controls-mehrwegetaster-t1-t\/","title":{"rendered":"OTTO Controls s\u00e9ries T1-T"},"content":{"rendered":"<ul>\n<li>Momentary and maintained contact<\/li>\n<li>Single-pole, latching and centered<\/li>\n<li>Housing with 11\/16\u2033 thread<\/li>\n<li>2-way toggle function<\/li>\n<li>4 switching functions\/circuit options<\/li>\n<\/ul>\n","protected":false},"excerpt":{"rendered":"<p>Le T1-T Mini Trim est un interrupteur \u00e0 contact \u00e0 verrouillage, unipolaire, unidirectionnel, centr\u00e9, \u00e0 action momentan\u00e9e\/maintenue. Le T1-T est dot\u00e9 d&rsquo;un bo\u00eetier filet\u00e9 de 11\/16&Prime;, ce qui le rend id\u00e9al pour le montage sur panneau ou sur poign\u00e9e de commande. L&rsquo;interrupteur offre une action \u00e0 bascule momentan\u00e9e\/maintenue \u00e0 2 voies avec une action de clic positive. Quatre options d&rsquo;action\/circuit de commutation vous offrent le choix dont vous avez besoin pour votre application dans l&rsquo;a\u00e9rospatiale, le tout-terrain et toutes les autres applications exigeantes.<\/p>\n","protected":false},"featured_media":283574,"template":"","meta":{"_acf_changed":false,"inline_featured_image":false},"product_brand":[],"product_cat":[395,441,385,386],"product_tag":[],"class_list":{"0":"post-289811","1":"product","2":"type-product","3":"status-publish","4":"has-post-thumbnail","6":"product_cat-commutateurs-multidirectionnels-ou-bouton-poussoir-multivoies","7":"product_cat-joystick-paddle","8":"product_cat-joysticks","9":"product_cat-pressostat-et-bouton-poussoir","10":"pa_hersteller-otto-controls-fr","12":"first","13":"instock","14":"shipping-taxable","15":"product-type-simple"},"acf":[],"yoast_head":"<!-- This site is optimized with the Yoast SEO plugin v26.6 - https:\/\/yoast.com\/wordpress\/plugins\/seo\/ -->\n<title>OTTO Controls s\u00e9ries T1-T - ALDERS electronic GmbH<\/title>\n<meta name=\"robots\" content=\"noindex, follow, max-snippet:-1, max-image-preview:large, max-video-preview:-1\" \/>\n<meta property=\"og:locale\" content=\"fr_FR\" \/>\n<meta property=\"og:type\" content=\"article\" \/>\n<meta property=\"og:title\" content=\"OTTO Controls s\u00e9ries T1-T - ALDERS electronic GmbH\" \/>\n<meta property=\"og:description\" content=\"Le T1-T Mini Trim est un interrupteur \u00e0 contact \u00e0 verrouillage, unipolaire, unidirectionnel, centr\u00e9, \u00e0 action momentan\u00e9e\/maintenue. Le T1-T est dot\u00e9 d&#039;un bo\u00eetier filet\u00e9 de 11\/16&quot;, ce qui le rend id\u00e9al pour le montage sur panneau ou sur poign\u00e9e de commande. L&#039;interrupteur offre une action \u00e0 bascule momentan\u00e9e\/maintenue \u00e0 2 voies avec une action de clic positive. Quatre options d&#039;action\/circuit de commutation vous offrent le choix dont vous avez besoin pour votre application dans l&#039;a\u00e9rospatiale, le tout-terrain et toutes les autres applications exigeantes.\" \/>\n<meta property=\"og:url\" content=\"https:\/\/alders.p3group.de\/fr\/produit\/otto-controls-mehrwegetaster-t1-t\/\" \/>\n<meta property=\"og:site_name\" content=\"ALDERS electronic GmbH\" \/>\n<meta property=\"article:publisher\" content=\"https:\/\/www.facebook.com\/Alders.electronic\/\" \/>\n<meta property=\"article:modified_time\" content=\"2024-04-16T09:05:53+00:00\" \/>\n<meta property=\"og:image\" content=\"https:\/\/alders.p3group.de\/wp-content\/uploads\/2021\/09\/T1-T-Centered-and-Maintained-e1632132544506.png\" \/>\n\t<meta property=\"og:image:width\" content=\"200\" \/>\n\t<meta property=\"og:image:height\" content=\"214\" \/>\n\t<meta property=\"og:image:type\" content=\"image\/png\" \/>\n<meta name=\"twitter:card\" content=\"summary_large_image\" \/>\n<script type=\"application\/ld+json\" class=\"yoast-schema-graph\">{\"@context\":\"https:\/\/schema.org\",\"@graph\":[{\"@type\":\"WebPage\",\"@id\":\"https:\/\/alders.p3group.de\/fr\/produit\/otto-controls-mehrwegetaster-t1-t\/\",\"url\":\"https:\/\/alders.p3group.de\/fr\/produit\/otto-controls-mehrwegetaster-t1-t\/\",\"name\":\"OTTO Controls s\u00e9ries T1-T - ALDERS electronic GmbH\",\"isPartOf\":{\"@id\":\"https:\/\/alders.p3group.de\/fr\/#website\"},\"primaryImageOfPage\":{\"@id\":\"https:\/\/alders.p3group.de\/fr\/produit\/otto-controls-mehrwegetaster-t1-t\/#primaryimage\"},\"image\":{\"@id\":\"https:\/\/alders.p3group.de\/fr\/produit\/otto-controls-mehrwegetaster-t1-t\/#primaryimage\"},\"thumbnailUrl\":\"https:\/\/alders.p3group.de\/wp-content\/uploads\/2021\/09\/T1-T-Centered-and-Maintained-e1632132544506.png\",\"datePublished\":\"2021-09-17T13:11:15+00:00\",\"dateModified\":\"2024-04-16T09:05:53+00:00\",\"breadcrumb\":{\"@id\":\"https:\/\/alders.p3group.de\/fr\/produit\/otto-controls-mehrwegetaster-t1-t\/#breadcrumb\"},\"inLanguage\":\"fr-FR\",\"potentialAction\":[{\"@type\":\"ReadAction\",\"target\":[\"https:\/\/alders.p3group.de\/fr\/produit\/otto-controls-mehrwegetaster-t1-t\/\"]}]},{\"@type\":\"ImageObject\",\"inLanguage\":\"fr-FR\",\"@id\":\"https:\/\/alders.p3group.de\/fr\/produit\/otto-controls-mehrwegetaster-t1-t\/#primaryimage\",\"url\":\"https:\/\/alders.p3group.de\/wp-content\/uploads\/2021\/09\/T1-T-Centered-and-Maintained-e1632132544506.png\",\"contentUrl\":\"https:\/\/alders.p3group.de\/wp-content\/uploads\/2021\/09\/T1-T-Centered-and-Maintained-e1632132544506.png\",\"width\":200,\"height\":214},{\"@type\":\"BreadcrumbList\",\"@id\":\"https:\/\/alders.p3group.de\/fr\/produit\/otto-controls-mehrwegetaster-t1-t\/#breadcrumb\",\"itemListElement\":[{\"@type\":\"ListItem\",\"position\":1,\"name\":\"ALDERS\",\"item\":\"https:\/\/alders.p3group.de\/fr\/\"},{\"@type\":\"ListItem\",\"position\":2,\"name\":\"Catalogue\",\"item\":\"https:\/\/alders.p3group.de\/fr\/catalogue\/\"},{\"@type\":\"ListItem\",\"position\":3,\"name\":\"OTTO Controls s\u00e9ries T1-T\"}]},{\"@type\":\"WebSite\",\"@id\":\"https:\/\/alders.p3group.de\/fr\/#website\",\"url\":\"https:\/\/alders.p3group.de\/fr\/\",\"name\":\"ALDERS electronic GmbH\",\"description\":\"Der Spezialist f\u00fcr elektromechanische L\u00f6sungen\",\"publisher\":{\"@id\":\"https:\/\/alders.p3group.de\/fr\/#organization\"},\"potentialAction\":[{\"@type\":\"SearchAction\",\"target\":{\"@type\":\"EntryPoint\",\"urlTemplate\":\"https:\/\/alders.p3group.de\/fr\/?s={search_term_string}\"},\"query-input\":{\"@type\":\"PropertyValueSpecification\",\"valueRequired\":true,\"valueName\":\"search_term_string\"}}],\"inLanguage\":\"fr-FR\"},{\"@type\":\"Organization\",\"@id\":\"https:\/\/alders.p3group.de\/fr\/#organization\",\"name\":\"ALDERS electronic GmbH\",\"url\":\"https:\/\/alders.p3group.de\/fr\/\",\"logo\":{\"@type\":\"ImageObject\",\"inLanguage\":\"fr-FR\",\"@id\":\"https:\/\/alders.p3group.de\/fr\/#\/schema\/logo\/image\/\",\"url\":\"https:\/\/alders.p3group.de\/wp-content\/uploads\/2022\/07\/Alders-logo-Komplett.png\",\"contentUrl\":\"https:\/\/alders.p3group.de\/wp-content\/uploads\/2022\/07\/Alders-logo-Komplett.png\",\"width\":1043,\"height\":253,\"caption\":\"ALDERS electronic GmbH\"},\"image\":{\"@id\":\"https:\/\/alders.p3group.de\/fr\/#\/schema\/logo\/image\/\"},\"sameAs\":[\"https:\/\/www.facebook.com\/Alders.electronic\/\",\"https:\/\/de.linkedin.com\/company\/alders-electronic-gmbh\",\"https:\/\/www.youtube.com\/channel\/UC-hR66wsAmKOdY03IokrlzA\",\"https:\/\/www.instagram.com\/alders.electronic\/\"]}]}<\/script>\n<!-- \/ Yoast SEO plugin. -->","yoast_head_json":{"title":"OTTO Controls s\u00e9ries T1-T - ALDERS electronic GmbH","robots":{"index":"noindex","follow":"follow","max-snippet":"max-snippet:-1","max-image-preview":"max-image-preview:large","max-video-preview":"max-video-preview:-1"},"og_locale":"fr_FR","og_type":"article","og_title":"OTTO Controls s\u00e9ries T1-T - ALDERS electronic GmbH","og_description":"Le T1-T Mini Trim est un interrupteur \u00e0 contact \u00e0 verrouillage, unipolaire, unidirectionnel, centr\u00e9, \u00e0 action momentan\u00e9e\/maintenue. Le T1-T est dot\u00e9 d'un bo\u00eetier filet\u00e9 de 11\/16\", ce qui le rend id\u00e9al pour le montage sur panneau ou sur poign\u00e9e de commande. L'interrupteur offre une action \u00e0 bascule momentan\u00e9e\/maintenue \u00e0 2 voies avec une action de clic positive. Quatre options d'action\/circuit de commutation vous offrent le choix dont vous avez besoin pour votre application dans l'a\u00e9rospatiale, le tout-terrain et toutes les autres applications exigeantes.","og_url":"https:\/\/alders.p3group.de\/fr\/produit\/otto-controls-mehrwegetaster-t1-t\/","og_site_name":"ALDERS electronic GmbH","article_publisher":"https:\/\/www.facebook.com\/Alders.electronic\/","article_modified_time":"2024-04-16T09:05:53+00:00","og_image":[{"width":200,"height":214,"url":"https:\/\/alders.p3group.de\/wp-content\/uploads\/2021\/09\/T1-T-Centered-and-Maintained-e1632132544506.png","type":"image\/png"}],"twitter_card":"summary_large_image","schema":{"@context":"https:\/\/schema.org","@graph":[{"@type":"WebPage","@id":"https:\/\/alders.p3group.de\/fr\/produit\/otto-controls-mehrwegetaster-t1-t\/","url":"https:\/\/alders.p3group.de\/fr\/produit\/otto-controls-mehrwegetaster-t1-t\/","name":"OTTO Controls s\u00e9ries T1-T - ALDERS electronic GmbH","isPartOf":{"@id":"https:\/\/alders.p3group.de\/fr\/#website"},"primaryImageOfPage":{"@id":"https:\/\/alders.p3group.de\/fr\/produit\/otto-controls-mehrwegetaster-t1-t\/#primaryimage"},"image":{"@id":"https:\/\/alders.p3group.de\/fr\/produit\/otto-controls-mehrwegetaster-t1-t\/#primaryimage"},"thumbnailUrl":"https:\/\/alders.p3group.de\/wp-content\/uploads\/2021\/09\/T1-T-Centered-and-Maintained-e1632132544506.png","datePublished":"2021-09-17T13:11:15+00:00","dateModified":"2024-04-16T09:05:53+00:00","breadcrumb":{"@id":"https:\/\/alders.p3group.de\/fr\/produit\/otto-controls-mehrwegetaster-t1-t\/#breadcrumb"},"inLanguage":"fr-FR","potentialAction":[{"@type":"ReadAction","target":["https:\/\/alders.p3group.de\/fr\/produit\/otto-controls-mehrwegetaster-t1-t\/"]}]},{"@type":"ImageObject","inLanguage":"fr-FR","@id":"https:\/\/alders.p3group.de\/fr\/produit\/otto-controls-mehrwegetaster-t1-t\/#primaryimage","url":"https:\/\/alders.p3group.de\/wp-content\/uploads\/2021\/09\/T1-T-Centered-and-Maintained-e1632132544506.png","contentUrl":"https:\/\/alders.p3group.de\/wp-content\/uploads\/2021\/09\/T1-T-Centered-and-Maintained-e1632132544506.png","width":200,"height":214},{"@type":"BreadcrumbList","@id":"https:\/\/alders.p3group.de\/fr\/produit\/otto-controls-mehrwegetaster-t1-t\/#breadcrumb","itemListElement":[{"@type":"ListItem","position":1,"name":"ALDERS","item":"https:\/\/alders.p3group.de\/fr\/"},{"@type":"ListItem","position":2,"name":"Catalogue","item":"https:\/\/alders.p3group.de\/fr\/catalogue\/"},{"@type":"ListItem","position":3,"name":"OTTO Controls s\u00e9ries T1-T"}]},{"@type":"WebSite","@id":"https:\/\/alders.p3group.de\/fr\/#website","url":"https:\/\/alders.p3group.de\/fr\/","name":"ALDERS electronic GmbH","description":"Der Spezialist f\u00fcr elektromechanische L\u00f6sungen","publisher":{"@id":"https:\/\/alders.p3group.de\/fr\/#organization"},"potentialAction":[{"@type":"SearchAction","target":{"@type":"EntryPoint","urlTemplate":"https:\/\/alders.p3group.de\/fr\/?s={search_term_string}"},"query-input":{"@type":"PropertyValueSpecification","valueRequired":true,"valueName":"search_term_string"}}],"inLanguage":"fr-FR"},{"@type":"Organization","@id":"https:\/\/alders.p3group.de\/fr\/#organization","name":"ALDERS electronic GmbH","url":"https:\/\/alders.p3group.de\/fr\/","logo":{"@type":"ImageObject","inLanguage":"fr-FR","@id":"https:\/\/alders.p3group.de\/fr\/#\/schema\/logo\/image\/","url":"https:\/\/alders.p3group.de\/wp-content\/uploads\/2022\/07\/Alders-logo-Komplett.png","contentUrl":"https:\/\/alders.p3group.de\/wp-content\/uploads\/2022\/07\/Alders-logo-Komplett.png","width":1043,"height":253,"caption":"ALDERS electronic GmbH"},"image":{"@id":"https:\/\/alders.p3group.de\/fr\/#\/schema\/logo\/image\/"},"sameAs":["https:\/\/www.facebook.com\/Alders.electronic\/","https:\/\/de.linkedin.com\/company\/alders-electronic-gmbh","https:\/\/www.youtube.com\/channel\/UC-hR66wsAmKOdY03IokrlzA","https:\/\/www.instagram.com\/alders.electronic\/"]}]}},"_links":{"self":[{"href":"https:\/\/alders.p3group.de\/fr\/wp-json\/wp\/v2\/product\/289811","targetHints":{"allow":["GET"]}}],"collection":[{"href":"https:\/\/alders.p3group.de\/fr\/wp-json\/wp\/v2\/product"}],"about":[{"href":"https:\/\/alders.p3group.de\/fr\/wp-json\/wp\/v2\/types\/product"}],"wp:featuredmedia":[{"embeddable":true,"href":"https:\/\/alders.p3group.de\/fr\/wp-json\/wp\/v2\/media\/283574"}],"wp:attachment":[{"href":"https:\/\/alders.p3group.de\/fr\/wp-json\/wp\/v2\/media?parent=289811"}],"wp:term":[{"taxonomy":"product_brand","embeddable":true,"href":"https:\/\/alders.p3group.de\/fr\/wp-json\/wp\/v2\/product_brand?post=289811"},{"taxonomy":"product_cat","embeddable":true,"href":"https:\/\/alders.p3group.de\/fr\/wp-json\/wp\/v2\/product_cat?post=289811"},{"taxonomy":"product_tag","embeddable":true,"href":"https:\/\/alders.p3group.de\/fr\/wp-json\/wp\/v2\/product_tag?post=289811"}],"curies":[{"name":"wp","href":"https:\/\/api.w.org\/{rel}","templated":true}]}}