{"id":289944,"date":"2024-03-22T11:25:11","date_gmt":"2024-03-22T10:25:11","guid":{"rendered":"https:\/\/alders.de\/product\/otto-controls-can-tastatur\/"},"modified":"2024-06-21T13:43:19","modified_gmt":"2024-06-21T11:43:19","slug":"otto-controls-can-tastatur","status":"publish","type":"product","link":"https:\/\/alders.p3group.de\/fr\/produit\/otto-controls-can-tastatur\/","title":{"rendered":"OTTO Controls CAN clavier CM-R"},"content":{"rendered":"<ul>\n<li><span class=\"jCAhz ChMk0b\"><span class=\"ryNqvb\">Sorties CANbus J1939 et CANopen avec option de connecteur Deutsch\u00ae int\u00e9gr\u00e9<\/span><\/span><\/li>\n<li><span class=\"jCAhz ChMk0b\"><span class=\"ryNqvb\">Conception facile \u00e0 clipser<\/span><\/span><\/li>\n<li><span class=\"jCAhz ChMk0b\"><span class=\"ryNqvb\">Les LED RVB 24 bits sur les boutons sont contr\u00f4lables par logiciel pour la couleur et la luminosit\u00e9<\/span><\/span><\/li>\n<li><span class=\"jCAhz ChMk0b\"><span class=\"ryNqvb\">L\u00e9gendes personnalis\u00e9es disponibles pour les boutons<\/span><\/span><\/li>\n<li><span class=\"jCAhz ChMk0b\"><span class=\"ryNqvb\">Encodeur central avec bouton poussoir<\/span><\/span><\/li>\n<li><span class=\"jCAhz ChMk0b\"><span class=\"ryNqvb\">Connecteur d&rsquo;entr\u00e9e et de sortie s\u00e9par\u00e9 pour connecter facilement des appareils en s\u00e9rie<\/span><\/span><\/li>\n<li><span class=\"jCAhz ChMk0b\"><span class=\"ryNqvb\">Jusqu&rsquo;\u00e0 1 million de cycles<\/span><\/span><\/li>\n<li><span class=\"jCAhz ChMk0b\"><span class=\"ryNqvb\">R\u00e9siste \u00e0 des temp\u00e9ratures de fonctionnement de -40\u00b0C \u00e0 +85\u00b0C<\/span><\/span><\/li>\n<li><span class=\"jCAhz ChMk0b\"><span class=\"ryNqvb\">\u00c9tanch\u00e9it\u00e9 IP68S<\/span><\/span><\/li>\n<\/ul>\n","protected":false},"excerpt":{"rendered":"<p><span class=\"jCAhz ChMk0b\"><span class=\"ryNqvb\">Le clavier CAN est un contr\u00f4leur robuste et programmable compatible CANbus qui peut communiquer avec d&rsquo;autres claviers CAN, bascules CAN et joysticks CANbus sur le m\u00eame r\u00e9seau.<\/span><\/span> <span class=\"jCAhz ChMk0b\"><span class=\"ryNqvb\">Sa conception encliquetable permet un montage facile \u00e0 l&rsquo;avant, verticalement ou horizontalement, dans des panneaux ou des accoudoirs sur des \u00e9quipements et v\u00e9hicules lourds.<\/span><\/span><\/p>\n<p><span class=\"jCAhz ChMk0b\"><span class=\"ryNqvb\">Chacun des six boutons est dot\u00e9 d&rsquo;une LED de r\u00e9tro\u00e9clairage blanche pr\u00e8s du centre et de trois LED RVB en couleur sur le bord ext\u00e9rieur.<\/span><\/span> <span class=\"jCAhz ChMk0b\"><span class=\"ryNqvb\">Les LED RVB, qui clignotent de mani\u00e8re synchronis\u00e9e ou individuellement, peuvent \u00eatre r\u00e9gl\u00e9es par des messages CAN.<\/span><\/span> <span class=\"jCAhz ChMk0b\"><span class=\"ryNqvb\">Le module clavier CAN standard est livr\u00e9 avec une configuration par d\u00e9faut avec des param\u00e8tres de communication pr\u00e9d\u00e9finis.<\/span><\/span> <span class=\"jCAhz ChMk0b\"><span class=\"ryNqvb\">Le module standard peut \u00eatre imm\u00e9diatement int\u00e9gr\u00e9 \u00e0 un r\u00e9seau CAN client si le r\u00e9seau est con\u00e7u pour accepter les param\u00e8tres par d\u00e9faut.<\/span><\/span><\/p>\n<p><span class=\"jCAhz ChMk0b\"><span class=\"ryNqvb\">Le module peut \u00e9galement \u00eatre command\u00e9 en tant que pi\u00e8ce personnalis\u00e9e, pr\u00e9configur\u00e9e selon les param\u00e8tres du client.<\/span><\/span> <span class=\"jCAhz ChMk0b\"><span class=\"ryNqvb\">Consultez un vendeur OTTO pour obtenir des prix personnalis\u00e9s et plus d\u2019informations.<\/span><\/span> <span class=\"jCAhz ChMk0b\"><span class=\"ryNqvb\">Reportez-vous au manuel d&rsquo;utilisation (OTTO P\/N\u00a0: 804486-1).<\/span><\/span><\/p>\n","protected":false},"featured_media":289939,"template":"","meta":{"_acf_changed":false,"inline_featured_image":false},"product_brand":[],"product_cat":[386],"product_tag":[],"class_list":{"0":"post-289944","1":"product","2":"type-product","3":"status-publish","4":"has-post-thumbnail","6":"product_cat-pressostat-et-bouton-poussoir","7":"pa_hersteller-otto-controls-fr","9":"first","10":"instock","11":"shipping-taxable","12":"product-type-simple"},"acf":[],"yoast_head":"<!-- This site is optimized with the Yoast SEO plugin v26.6 - https:\/\/yoast.com\/wordpress\/plugins\/seo\/ -->\n<title>OTTO Controls CAN clavier CM-R - ALDERS electronic GmbH<\/title>\n<meta name=\"description\" content=\"Le nouveau CAN Keypad avec CANbus J1939 ou Canopen output est maintenant disponible. S&#039;enclenche facilement dans les panneaux ou les accoudoirs | IP68S\" \/>\n<meta name=\"robots\" content=\"noindex, follow, max-snippet:-1, max-image-preview:large, max-video-preview:-1\" \/>\n<meta property=\"og:locale\" content=\"fr_FR\" \/>\n<meta property=\"og:type\" content=\"article\" \/>\n<meta property=\"og:title\" content=\"OTTO Controls CAN clavier CM-R - ALDERS electronic GmbH\" \/>\n<meta property=\"og:description\" content=\"Le nouveau CAN Keypad avec CANbus J1939 ou Canopen output est maintenant disponible. S&#039;enclenche facilement dans les panneaux ou les accoudoirs | IP68S\" \/>\n<meta property=\"og:url\" content=\"https:\/\/alders.p3group.de\/fr\/produit\/otto-controls-can-tastatur\/\" \/>\n<meta property=\"og:site_name\" content=\"ALDERS electronic GmbH\" \/>\n<meta property=\"article:publisher\" content=\"https:\/\/www.facebook.com\/Alders.electronic\/\" \/>\n<meta property=\"article:modified_time\" content=\"2024-06-21T11:43:19+00:00\" \/>\n<meta property=\"og:image\" content=\"https:\/\/alders.p3group.de\/wp-content\/uploads\/2024\/03\/original_legend_lights.png\" \/>\n\t<meta property=\"og:image:width\" content=\"1000\" \/>\n\t<meta property=\"og:image:height\" content=\"1072\" \/>\n\t<meta property=\"og:image:type\" content=\"image\/png\" \/>\n<meta name=\"twitter:card\" content=\"summary_large_image\" \/>\n<script type=\"application\/ld+json\" class=\"yoast-schema-graph\">{\"@context\":\"https:\/\/schema.org\",\"@graph\":[{\"@type\":\"WebPage\",\"@id\":\"https:\/\/alders.p3group.de\/fr\/produit\/otto-controls-can-tastatur\/\",\"url\":\"https:\/\/alders.p3group.de\/fr\/produit\/otto-controls-can-tastatur\/\",\"name\":\"OTTO Controls CAN clavier CM-R - ALDERS electronic GmbH\",\"isPartOf\":{\"@id\":\"https:\/\/alders.p3group.de\/fr\/#website\"},\"primaryImageOfPage\":{\"@id\":\"https:\/\/alders.p3group.de\/fr\/produit\/otto-controls-can-tastatur\/#primaryimage\"},\"image\":{\"@id\":\"https:\/\/alders.p3group.de\/fr\/produit\/otto-controls-can-tastatur\/#primaryimage\"},\"thumbnailUrl\":\"https:\/\/alders.p3group.de\/wp-content\/uploads\/2024\/03\/original_legend_lights.png\",\"datePublished\":\"2024-03-22T10:25:11+00:00\",\"dateModified\":\"2024-06-21T11:43:19+00:00\",\"description\":\"Le nouveau CAN Keypad avec CANbus J1939 ou Canopen output est maintenant disponible. S'enclenche facilement dans les panneaux ou les accoudoirs | IP68S\",\"breadcrumb\":{\"@id\":\"https:\/\/alders.p3group.de\/fr\/produit\/otto-controls-can-tastatur\/#breadcrumb\"},\"inLanguage\":\"fr-FR\",\"potentialAction\":[{\"@type\":\"ReadAction\",\"target\":[\"https:\/\/alders.p3group.de\/fr\/produit\/otto-controls-can-tastatur\/\"]}]},{\"@type\":\"ImageObject\",\"inLanguage\":\"fr-FR\",\"@id\":\"https:\/\/alders.p3group.de\/fr\/produit\/otto-controls-can-tastatur\/#primaryimage\",\"url\":\"https:\/\/alders.p3group.de\/wp-content\/uploads\/2024\/03\/original_legend_lights.png\",\"contentUrl\":\"https:\/\/alders.p3group.de\/wp-content\/uploads\/2024\/03\/original_legend_lights.png\",\"width\":1000,\"height\":1072},{\"@type\":\"BreadcrumbList\",\"@id\":\"https:\/\/alders.p3group.de\/fr\/produit\/otto-controls-can-tastatur\/#breadcrumb\",\"itemListElement\":[{\"@type\":\"ListItem\",\"position\":1,\"name\":\"ALDERS\",\"item\":\"https:\/\/alders.p3group.de\/fr\/\"},{\"@type\":\"ListItem\",\"position\":2,\"name\":\"Catalogue\",\"item\":\"https:\/\/alders.p3group.de\/fr\/catalogue\/\"},{\"@type\":\"ListItem\",\"position\":3,\"name\":\"OTTO Controls CAN clavier CM-R\"}]},{\"@type\":\"WebSite\",\"@id\":\"https:\/\/alders.p3group.de\/fr\/#website\",\"url\":\"https:\/\/alders.p3group.de\/fr\/\",\"name\":\"ALDERS electronic GmbH\",\"description\":\"Der Spezialist f\u00fcr elektromechanische L\u00f6sungen\",\"publisher\":{\"@id\":\"https:\/\/alders.p3group.de\/fr\/#organization\"},\"potentialAction\":[{\"@type\":\"SearchAction\",\"target\":{\"@type\":\"EntryPoint\",\"urlTemplate\":\"https:\/\/alders.p3group.de\/fr\/?s={search_term_string}\"},\"query-input\":{\"@type\":\"PropertyValueSpecification\",\"valueRequired\":true,\"valueName\":\"search_term_string\"}}],\"inLanguage\":\"fr-FR\"},{\"@type\":\"Organization\",\"@id\":\"https:\/\/alders.p3group.de\/fr\/#organization\",\"name\":\"ALDERS electronic GmbH\",\"url\":\"https:\/\/alders.p3group.de\/fr\/\",\"logo\":{\"@type\":\"ImageObject\",\"inLanguage\":\"fr-FR\",\"@id\":\"https:\/\/alders.p3group.de\/fr\/#\/schema\/logo\/image\/\",\"url\":\"https:\/\/alders.p3group.de\/wp-content\/uploads\/2022\/07\/Alders-logo-Komplett.png\",\"contentUrl\":\"https:\/\/alders.p3group.de\/wp-content\/uploads\/2022\/07\/Alders-logo-Komplett.png\",\"width\":1043,\"height\":253,\"caption\":\"ALDERS electronic GmbH\"},\"image\":{\"@id\":\"https:\/\/alders.p3group.de\/fr\/#\/schema\/logo\/image\/\"},\"sameAs\":[\"https:\/\/www.facebook.com\/Alders.electronic\/\",\"https:\/\/de.linkedin.com\/company\/alders-electronic-gmbh\",\"https:\/\/www.youtube.com\/channel\/UC-hR66wsAmKOdY03IokrlzA\",\"https:\/\/www.instagram.com\/alders.electronic\/\"]}]}<\/script>\n<!-- \/ Yoast SEO plugin. -->","yoast_head_json":{"title":"OTTO Controls CAN clavier CM-R - ALDERS electronic GmbH","description":"Le nouveau CAN Keypad avec CANbus J1939 ou Canopen output est maintenant disponible. S'enclenche facilement dans les panneaux ou les accoudoirs | IP68S","robots":{"index":"noindex","follow":"follow","max-snippet":"max-snippet:-1","max-image-preview":"max-image-preview:large","max-video-preview":"max-video-preview:-1"},"og_locale":"fr_FR","og_type":"article","og_title":"OTTO Controls CAN clavier CM-R - ALDERS electronic GmbH","og_description":"Le nouveau CAN Keypad avec CANbus J1939 ou Canopen output est maintenant disponible. S'enclenche facilement dans les panneaux ou les accoudoirs | IP68S","og_url":"https:\/\/alders.p3group.de\/fr\/produit\/otto-controls-can-tastatur\/","og_site_name":"ALDERS electronic GmbH","article_publisher":"https:\/\/www.facebook.com\/Alders.electronic\/","article_modified_time":"2024-06-21T11:43:19+00:00","og_image":[{"width":1000,"height":1072,"url":"https:\/\/alders.p3group.de\/wp-content\/uploads\/2024\/03\/original_legend_lights.png","type":"image\/png"}],"twitter_card":"summary_large_image","schema":{"@context":"https:\/\/schema.org","@graph":[{"@type":"WebPage","@id":"https:\/\/alders.p3group.de\/fr\/produit\/otto-controls-can-tastatur\/","url":"https:\/\/alders.p3group.de\/fr\/produit\/otto-controls-can-tastatur\/","name":"OTTO Controls CAN clavier CM-R - ALDERS electronic GmbH","isPartOf":{"@id":"https:\/\/alders.p3group.de\/fr\/#website"},"primaryImageOfPage":{"@id":"https:\/\/alders.p3group.de\/fr\/produit\/otto-controls-can-tastatur\/#primaryimage"},"image":{"@id":"https:\/\/alders.p3group.de\/fr\/produit\/otto-controls-can-tastatur\/#primaryimage"},"thumbnailUrl":"https:\/\/alders.p3group.de\/wp-content\/uploads\/2024\/03\/original_legend_lights.png","datePublished":"2024-03-22T10:25:11+00:00","dateModified":"2024-06-21T11:43:19+00:00","description":"Le nouveau CAN Keypad avec CANbus J1939 ou Canopen output est maintenant disponible. S'enclenche facilement dans les panneaux ou les accoudoirs | IP68S","breadcrumb":{"@id":"https:\/\/alders.p3group.de\/fr\/produit\/otto-controls-can-tastatur\/#breadcrumb"},"inLanguage":"fr-FR","potentialAction":[{"@type":"ReadAction","target":["https:\/\/alders.p3group.de\/fr\/produit\/otto-controls-can-tastatur\/"]}]},{"@type":"ImageObject","inLanguage":"fr-FR","@id":"https:\/\/alders.p3group.de\/fr\/produit\/otto-controls-can-tastatur\/#primaryimage","url":"https:\/\/alders.p3group.de\/wp-content\/uploads\/2024\/03\/original_legend_lights.png","contentUrl":"https:\/\/alders.p3group.de\/wp-content\/uploads\/2024\/03\/original_legend_lights.png","width":1000,"height":1072},{"@type":"BreadcrumbList","@id":"https:\/\/alders.p3group.de\/fr\/produit\/otto-controls-can-tastatur\/#breadcrumb","itemListElement":[{"@type":"ListItem","position":1,"name":"ALDERS","item":"https:\/\/alders.p3group.de\/fr\/"},{"@type":"ListItem","position":2,"name":"Catalogue","item":"https:\/\/alders.p3group.de\/fr\/catalogue\/"},{"@type":"ListItem","position":3,"name":"OTTO Controls CAN clavier CM-R"}]},{"@type":"WebSite","@id":"https:\/\/alders.p3group.de\/fr\/#website","url":"https:\/\/alders.p3group.de\/fr\/","name":"ALDERS electronic GmbH","description":"Der Spezialist f\u00fcr elektromechanische L\u00f6sungen","publisher":{"@id":"https:\/\/alders.p3group.de\/fr\/#organization"},"potentialAction":[{"@type":"SearchAction","target":{"@type":"EntryPoint","urlTemplate":"https:\/\/alders.p3group.de\/fr\/?s={search_term_string}"},"query-input":{"@type":"PropertyValueSpecification","valueRequired":true,"valueName":"search_term_string"}}],"inLanguage":"fr-FR"},{"@type":"Organization","@id":"https:\/\/alders.p3group.de\/fr\/#organization","name":"ALDERS electronic GmbH","url":"https:\/\/alders.p3group.de\/fr\/","logo":{"@type":"ImageObject","inLanguage":"fr-FR","@id":"https:\/\/alders.p3group.de\/fr\/#\/schema\/logo\/image\/","url":"https:\/\/alders.p3group.de\/wp-content\/uploads\/2022\/07\/Alders-logo-Komplett.png","contentUrl":"https:\/\/alders.p3group.de\/wp-content\/uploads\/2022\/07\/Alders-logo-Komplett.png","width":1043,"height":253,"caption":"ALDERS electronic GmbH"},"image":{"@id":"https:\/\/alders.p3group.de\/fr\/#\/schema\/logo\/image\/"},"sameAs":["https:\/\/www.facebook.com\/Alders.electronic\/","https:\/\/de.linkedin.com\/company\/alders-electronic-gmbh","https:\/\/www.youtube.com\/channel\/UC-hR66wsAmKOdY03IokrlzA","https:\/\/www.instagram.com\/alders.electronic\/"]}]}},"_links":{"self":[{"href":"https:\/\/alders.p3group.de\/fr\/wp-json\/wp\/v2\/product\/289944","targetHints":{"allow":["GET"]}}],"collection":[{"href":"https:\/\/alders.p3group.de\/fr\/wp-json\/wp\/v2\/product"}],"about":[{"href":"https:\/\/alders.p3group.de\/fr\/wp-json\/wp\/v2\/types\/product"}],"wp:featuredmedia":[{"embeddable":true,"href":"https:\/\/alders.p3group.de\/fr\/wp-json\/wp\/v2\/media\/289939"}],"wp:attachment":[{"href":"https:\/\/alders.p3group.de\/fr\/wp-json\/wp\/v2\/media?parent=289944"}],"wp:term":[{"taxonomy":"product_brand","embeddable":true,"href":"https:\/\/alders.p3group.de\/fr\/wp-json\/wp\/v2\/product_brand?post=289944"},{"taxonomy":"product_cat","embeddable":true,"href":"https:\/\/alders.p3group.de\/fr\/wp-json\/wp\/v2\/product_cat?post=289944"},{"taxonomy":"product_tag","embeddable":true,"href":"https:\/\/alders.p3group.de\/fr\/wp-json\/wp\/v2\/product_tag?post=289944"}],"curies":[{"name":"wp","href":"https:\/\/api.w.org\/{rel}","templated":true}]}}