{"id":290064,"date":"2021-05-07T10:22:48","date_gmt":"2021-05-07T08:22:48","guid":{"rendered":"https:\/\/alders.de\/product\/fes-sensor-technology-wasserstoffsensor-gehaeuse-fuer-h2-cni-sensor\/"},"modified":"2024-04-10T08:40:26","modified_gmt":"2024-04-10T06:40:26","slug":"fes-sensor-technology-capteurs-de-gaz-boitier-gsh4-h2-pour-capteur-h2","status":"publish","type":"product","link":"https:\/\/alders.p3group.de\/fr\/produit\/fes-sensor-technology-capteurs-de-gaz-boitier-gsh4-h2-pour-capteur-h2\/","title":{"rendered":"FES Sensor Technology Capteurs de gaz Boitier GSH4-H2 pour capteur H2"},"content":{"rendered":"<ul>\n<li>Certifi\u00e9 ATEX II 2 G Ex db IIC T4 Gb<\/li>\n<li>Certifi\u00e9 IECEx Ex db IIC T4 Gb<\/li>\n<li>Ta = -20 \u00b0C \u00e0 +60 \u00b0C<\/li>\n<li>Bo\u00eetier antid\u00e9flagrant Exd certifi\u00e9 ATEX et IECEx pour les capteurs H2<\/li>\n<li>Bo\u00eetier en acier inoxydable avec protection contre les manipulations<\/li>\n<li>\u00c0 utiliser avec des bo\u00eetes de jonction certifi\u00e9es s\u00e9par\u00e9ment selon les normes industrielles ou des bo\u00eetiers de d\u00e9tecteurs de gaz OEM<\/li>\n<li>Taille compacte<\/li>\n<li>Diff\u00e9rents filetages de montage disponibles M20, \u00bd\u00a0\u00bb NPT, \u00be\u00a0\u00bb NPT<\/li>\n<li>Le bo\u00eetier peut \u00eatre ouvert pour permettre l&rsquo;acc\u00e8s au capteur enfichable<\/li>\n<li>Un adaptateur d&rsquo;\u00e9chantillon de gaz est disponible en tant qu&rsquo;accessoire pour faciliter l&rsquo;\u00e9talonnage.<\/li>\n<li>Des accessoires de protection contre la pluie avec fonction d&rsquo;\u00e9chantillonnage de gaz sont \u00e9galement disponibles pour prot\u00e9ger le capteur dans les environnements humides ou les zones o\u00f9 il est en contact avec des \u00e9claboussures.<\/li>\n<\/ul>\n","protected":false},"excerpt":{"rendered":"<p>Nous vous proposons un bo\u00eetier en acier inoxydable antid\u00e9flagrant certifi\u00e9 ATEX\/IECEx avec le capteur d&rsquo;hydrog\u00e8ne H2. Le bo\u00eetier a \u00e9t\u00e9 sp\u00e9cialement d\u00e9velopp\u00e9 pour la d\u00e9tection d&rsquo;hydrog\u00e8ne dans les zones dangereuses de la zone 1 et de la zone 2 par notre partenaire premium Dynament. La combinaison du capteur d&rsquo;hydrog\u00e8ne H2 et du bo\u00eetier de capteur certifi\u00e9 ATEX\/IECEx offre une s\u00e9curit\u00e9 dans l&rsquo;utilisation industrielle de l&rsquo;hydrog\u00e8ne.<\/p>\n","protected":false},"featured_media":290720,"template":"","meta":{"_acf_changed":false,"inline_featured_image":false},"product_brand":[],"product_cat":[598,569],"product_tag":[494,471],"class_list":{"0":"post-290064","1":"product","2":"type-product","3":"status-publish","4":"has-post-thumbnail","6":"product_cat-accessoires-pour-capteurs-de-gaz-fr","7":"product_cat-capteurs-de-gaz-fr","8":"product_tag-capteur-de-gaz-fr-2","9":"product_tag-capteur-de-gaz-fr","10":"pa_hersteller-fes-sensor-technology-fr","12":"first","13":"instock","14":"shipping-taxable","15":"product-type-simple"},"acf":[],"yoast_head":"<!-- This site is optimized with the Yoast SEO plugin v26.6 - https:\/\/yoast.com\/wordpress\/plugins\/seo\/ -->\n<title>FES Sensor Technology Capteurs de gaz Boitier GSH4-H2 pour capteur H2 - ALDERS electronic GmbH<\/title>\n<meta name=\"robots\" content=\"noindex, follow, max-snippet:-1, max-image-preview:large, max-video-preview:-1\" \/>\n<meta property=\"og:locale\" content=\"fr_FR\" \/>\n<meta property=\"og:type\" content=\"article\" \/>\n<meta property=\"og:title\" content=\"FES Sensor Technology Capteurs de gaz Boitier GSH4-H2 pour capteur H2 - ALDERS electronic GmbH\" \/>\n<meta property=\"og:description\" content=\"Nous vous proposons un bo\u00eetier en acier inoxydable antid\u00e9flagrant certifi\u00e9 ATEX\/IECEx avec le capteur d&#039;hydrog\u00e8ne H2. Le bo\u00eetier a \u00e9t\u00e9 sp\u00e9cialement d\u00e9velopp\u00e9 pour la d\u00e9tection d&#039;hydrog\u00e8ne dans les zones dangereuses de la zone 1 et de la zone 2 par notre partenaire premium Dynament. La combinaison du capteur d&#039;hydrog\u00e8ne H2 et du bo\u00eetier de capteur certifi\u00e9 ATEX\/IECEx offre une s\u00e9curit\u00e9 dans l&#039;utilisation industrielle de l&#039;hydrog\u00e8ne.\" \/>\n<meta property=\"og:url\" content=\"https:\/\/alders.p3group.de\/fr\/produit\/fes-sensor-technology-capteurs-de-gaz-boitier-gsh4-h2-pour-capteur-h2\/\" \/>\n<meta property=\"og:site_name\" content=\"ALDERS electronic GmbH\" \/>\n<meta property=\"article:publisher\" content=\"https:\/\/www.facebook.com\/Alders.electronic\/\" \/>\n<meta property=\"article:modified_time\" content=\"2024-04-10T06:40:26+00:00\" \/>\n<meta property=\"og:image\" content=\"https:\/\/alders.p3group.de\/wp-content\/uploads\/2021\/05\/Explosionsschutzgehaeuse.png\" \/>\n\t<meta property=\"og:image:width\" content=\"1240\" \/>\n\t<meta property=\"og:image:height\" content=\"1240\" \/>\n\t<meta property=\"og:image:type\" content=\"image\/png\" \/>\n<meta name=\"twitter:card\" content=\"summary_large_image\" \/>\n<meta name=\"twitter:label1\" content=\"Dur\u00e9e de lecture estim\u00e9e\" \/>\n\t<meta name=\"twitter:data1\" content=\"1 minute\" \/>\n<script type=\"application\/ld+json\" class=\"yoast-schema-graph\">{\"@context\":\"https:\/\/schema.org\",\"@graph\":[{\"@type\":\"WebPage\",\"@id\":\"https:\/\/alders.p3group.de\/fr\/produit\/fes-sensor-technology-capteurs-de-gaz-boitier-gsh4-h2-pour-capteur-h2\/\",\"url\":\"https:\/\/alders.p3group.de\/fr\/produit\/fes-sensor-technology-capteurs-de-gaz-boitier-gsh4-h2-pour-capteur-h2\/\",\"name\":\"FES Sensor Technology Capteurs de gaz Boitier GSH4-H2 pour capteur H2 - ALDERS electronic GmbH\",\"isPartOf\":{\"@id\":\"https:\/\/alders.p3group.de\/fr\/#website\"},\"primaryImageOfPage\":{\"@id\":\"https:\/\/alders.p3group.de\/fr\/produit\/fes-sensor-technology-capteurs-de-gaz-boitier-gsh4-h2-pour-capteur-h2\/#primaryimage\"},\"image\":{\"@id\":\"https:\/\/alders.p3group.de\/fr\/produit\/fes-sensor-technology-capteurs-de-gaz-boitier-gsh4-h2-pour-capteur-h2\/#primaryimage\"},\"thumbnailUrl\":\"https:\/\/alders.p3group.de\/wp-content\/uploads\/2021\/05\/Explosionsschutzgehaeuse.png\",\"datePublished\":\"2021-05-07T08:22:48+00:00\",\"dateModified\":\"2024-04-10T06:40:26+00:00\",\"breadcrumb\":{\"@id\":\"https:\/\/alders.p3group.de\/fr\/produit\/fes-sensor-technology-capteurs-de-gaz-boitier-gsh4-h2-pour-capteur-h2\/#breadcrumb\"},\"inLanguage\":\"fr-FR\",\"potentialAction\":[{\"@type\":\"ReadAction\",\"target\":[\"https:\/\/alders.p3group.de\/fr\/produit\/fes-sensor-technology-capteurs-de-gaz-boitier-gsh4-h2-pour-capteur-h2\/\"]}]},{\"@type\":\"ImageObject\",\"inLanguage\":\"fr-FR\",\"@id\":\"https:\/\/alders.p3group.de\/fr\/produit\/fes-sensor-technology-capteurs-de-gaz-boitier-gsh4-h2-pour-capteur-h2\/#primaryimage\",\"url\":\"https:\/\/alders.p3group.de\/wp-content\/uploads\/2021\/05\/Explosionsschutzgehaeuse.png\",\"contentUrl\":\"https:\/\/alders.p3group.de\/wp-content\/uploads\/2021\/05\/Explosionsschutzgehaeuse.png\",\"width\":1240,\"height\":1240,\"caption\":\"FES Gassensoren Geh\u00e4use GSH4-H2 f\u00fcr H2-Sensor ALDERS\"},{\"@type\":\"BreadcrumbList\",\"@id\":\"https:\/\/alders.p3group.de\/fr\/produit\/fes-sensor-technology-capteurs-de-gaz-boitier-gsh4-h2-pour-capteur-h2\/#breadcrumb\",\"itemListElement\":[{\"@type\":\"ListItem\",\"position\":1,\"name\":\"ALDERS\",\"item\":\"https:\/\/alders.p3group.de\/fr\/\"},{\"@type\":\"ListItem\",\"position\":2,\"name\":\"Catalogue\",\"item\":\"https:\/\/alders.p3group.de\/fr\/catalogue\/\"},{\"@type\":\"ListItem\",\"position\":3,\"name\":\"FES Sensor Technology Capteurs de gaz Boitier GSH4-H2 pour capteur H2\"}]},{\"@type\":\"WebSite\",\"@id\":\"https:\/\/alders.p3group.de\/fr\/#website\",\"url\":\"https:\/\/alders.p3group.de\/fr\/\",\"name\":\"ALDERS electronic GmbH\",\"description\":\"Der Spezialist f\u00fcr elektromechanische L\u00f6sungen\",\"publisher\":{\"@id\":\"https:\/\/alders.p3group.de\/fr\/#organization\"},\"potentialAction\":[{\"@type\":\"SearchAction\",\"target\":{\"@type\":\"EntryPoint\",\"urlTemplate\":\"https:\/\/alders.p3group.de\/fr\/?s={search_term_string}\"},\"query-input\":{\"@type\":\"PropertyValueSpecification\",\"valueRequired\":true,\"valueName\":\"search_term_string\"}}],\"inLanguage\":\"fr-FR\"},{\"@type\":\"Organization\",\"@id\":\"https:\/\/alders.p3group.de\/fr\/#organization\",\"name\":\"ALDERS electronic GmbH\",\"url\":\"https:\/\/alders.p3group.de\/fr\/\",\"logo\":{\"@type\":\"ImageObject\",\"inLanguage\":\"fr-FR\",\"@id\":\"https:\/\/alders.p3group.de\/fr\/#\/schema\/logo\/image\/\",\"url\":\"https:\/\/alders.p3group.de\/wp-content\/uploads\/2022\/07\/Alders-logo-Komplett.png\",\"contentUrl\":\"https:\/\/alders.p3group.de\/wp-content\/uploads\/2022\/07\/Alders-logo-Komplett.png\",\"width\":1043,\"height\":253,\"caption\":\"ALDERS electronic GmbH\"},\"image\":{\"@id\":\"https:\/\/alders.p3group.de\/fr\/#\/schema\/logo\/image\/\"},\"sameAs\":[\"https:\/\/www.facebook.com\/Alders.electronic\/\",\"https:\/\/de.linkedin.com\/company\/alders-electronic-gmbh\",\"https:\/\/www.youtube.com\/channel\/UC-hR66wsAmKOdY03IokrlzA\",\"https:\/\/www.instagram.com\/alders.electronic\/\"]}]}<\/script>\n<!-- \/ Yoast SEO plugin. -->","yoast_head_json":{"title":"FES Sensor Technology Capteurs de gaz Boitier GSH4-H2 pour capteur H2 - ALDERS electronic GmbH","robots":{"index":"noindex","follow":"follow","max-snippet":"max-snippet:-1","max-image-preview":"max-image-preview:large","max-video-preview":"max-video-preview:-1"},"og_locale":"fr_FR","og_type":"article","og_title":"FES Sensor Technology Capteurs de gaz Boitier GSH4-H2 pour capteur H2 - ALDERS electronic GmbH","og_description":"Nous vous proposons un bo\u00eetier en acier inoxydable antid\u00e9flagrant certifi\u00e9 ATEX\/IECEx avec le capteur d'hydrog\u00e8ne H2. Le bo\u00eetier a \u00e9t\u00e9 sp\u00e9cialement d\u00e9velopp\u00e9 pour la d\u00e9tection d'hydrog\u00e8ne dans les zones dangereuses de la zone 1 et de la zone 2 par notre partenaire premium Dynament. La combinaison du capteur d'hydrog\u00e8ne H2 et du bo\u00eetier de capteur certifi\u00e9 ATEX\/IECEx offre une s\u00e9curit\u00e9 dans l'utilisation industrielle de l'hydrog\u00e8ne.","og_url":"https:\/\/alders.p3group.de\/fr\/produit\/fes-sensor-technology-capteurs-de-gaz-boitier-gsh4-h2-pour-capteur-h2\/","og_site_name":"ALDERS electronic GmbH","article_publisher":"https:\/\/www.facebook.com\/Alders.electronic\/","article_modified_time":"2024-04-10T06:40:26+00:00","og_image":[{"width":1240,"height":1240,"url":"https:\/\/alders.p3group.de\/wp-content\/uploads\/2021\/05\/Explosionsschutzgehaeuse.png","type":"image\/png"}],"twitter_card":"summary_large_image","twitter_misc":{"Dur\u00e9e de lecture estim\u00e9e":"1 minute"},"schema":{"@context":"https:\/\/schema.org","@graph":[{"@type":"WebPage","@id":"https:\/\/alders.p3group.de\/fr\/produit\/fes-sensor-technology-capteurs-de-gaz-boitier-gsh4-h2-pour-capteur-h2\/","url":"https:\/\/alders.p3group.de\/fr\/produit\/fes-sensor-technology-capteurs-de-gaz-boitier-gsh4-h2-pour-capteur-h2\/","name":"FES Sensor Technology Capteurs de gaz Boitier GSH4-H2 pour capteur H2 - ALDERS electronic GmbH","isPartOf":{"@id":"https:\/\/alders.p3group.de\/fr\/#website"},"primaryImageOfPage":{"@id":"https:\/\/alders.p3group.de\/fr\/produit\/fes-sensor-technology-capteurs-de-gaz-boitier-gsh4-h2-pour-capteur-h2\/#primaryimage"},"image":{"@id":"https:\/\/alders.p3group.de\/fr\/produit\/fes-sensor-technology-capteurs-de-gaz-boitier-gsh4-h2-pour-capteur-h2\/#primaryimage"},"thumbnailUrl":"https:\/\/alders.p3group.de\/wp-content\/uploads\/2021\/05\/Explosionsschutzgehaeuse.png","datePublished":"2021-05-07T08:22:48+00:00","dateModified":"2024-04-10T06:40:26+00:00","breadcrumb":{"@id":"https:\/\/alders.p3group.de\/fr\/produit\/fes-sensor-technology-capteurs-de-gaz-boitier-gsh4-h2-pour-capteur-h2\/#breadcrumb"},"inLanguage":"fr-FR","potentialAction":[{"@type":"ReadAction","target":["https:\/\/alders.p3group.de\/fr\/produit\/fes-sensor-technology-capteurs-de-gaz-boitier-gsh4-h2-pour-capteur-h2\/"]}]},{"@type":"ImageObject","inLanguage":"fr-FR","@id":"https:\/\/alders.p3group.de\/fr\/produit\/fes-sensor-technology-capteurs-de-gaz-boitier-gsh4-h2-pour-capteur-h2\/#primaryimage","url":"https:\/\/alders.p3group.de\/wp-content\/uploads\/2021\/05\/Explosionsschutzgehaeuse.png","contentUrl":"https:\/\/alders.p3group.de\/wp-content\/uploads\/2021\/05\/Explosionsschutzgehaeuse.png","width":1240,"height":1240,"caption":"FES Gassensoren Geh\u00e4use GSH4-H2 f\u00fcr H2-Sensor ALDERS"},{"@type":"BreadcrumbList","@id":"https:\/\/alders.p3group.de\/fr\/produit\/fes-sensor-technology-capteurs-de-gaz-boitier-gsh4-h2-pour-capteur-h2\/#breadcrumb","itemListElement":[{"@type":"ListItem","position":1,"name":"ALDERS","item":"https:\/\/alders.p3group.de\/fr\/"},{"@type":"ListItem","position":2,"name":"Catalogue","item":"https:\/\/alders.p3group.de\/fr\/catalogue\/"},{"@type":"ListItem","position":3,"name":"FES Sensor Technology Capteurs de gaz Boitier GSH4-H2 pour capteur H2"}]},{"@type":"WebSite","@id":"https:\/\/alders.p3group.de\/fr\/#website","url":"https:\/\/alders.p3group.de\/fr\/","name":"ALDERS electronic GmbH","description":"Der Spezialist f\u00fcr elektromechanische L\u00f6sungen","publisher":{"@id":"https:\/\/alders.p3group.de\/fr\/#organization"},"potentialAction":[{"@type":"SearchAction","target":{"@type":"EntryPoint","urlTemplate":"https:\/\/alders.p3group.de\/fr\/?s={search_term_string}"},"query-input":{"@type":"PropertyValueSpecification","valueRequired":true,"valueName":"search_term_string"}}],"inLanguage":"fr-FR"},{"@type":"Organization","@id":"https:\/\/alders.p3group.de\/fr\/#organization","name":"ALDERS electronic GmbH","url":"https:\/\/alders.p3group.de\/fr\/","logo":{"@type":"ImageObject","inLanguage":"fr-FR","@id":"https:\/\/alders.p3group.de\/fr\/#\/schema\/logo\/image\/","url":"https:\/\/alders.p3group.de\/wp-content\/uploads\/2022\/07\/Alders-logo-Komplett.png","contentUrl":"https:\/\/alders.p3group.de\/wp-content\/uploads\/2022\/07\/Alders-logo-Komplett.png","width":1043,"height":253,"caption":"ALDERS electronic GmbH"},"image":{"@id":"https:\/\/alders.p3group.de\/fr\/#\/schema\/logo\/image\/"},"sameAs":["https:\/\/www.facebook.com\/Alders.electronic\/","https:\/\/de.linkedin.com\/company\/alders-electronic-gmbh","https:\/\/www.youtube.com\/channel\/UC-hR66wsAmKOdY03IokrlzA","https:\/\/www.instagram.com\/alders.electronic\/"]}]}},"_links":{"self":[{"href":"https:\/\/alders.p3group.de\/fr\/wp-json\/wp\/v2\/product\/290064","targetHints":{"allow":["GET"]}}],"collection":[{"href":"https:\/\/alders.p3group.de\/fr\/wp-json\/wp\/v2\/product"}],"about":[{"href":"https:\/\/alders.p3group.de\/fr\/wp-json\/wp\/v2\/types\/product"}],"wp:featuredmedia":[{"embeddable":true,"href":"https:\/\/alders.p3group.de\/fr\/wp-json\/wp\/v2\/media\/290720"}],"wp:attachment":[{"href":"https:\/\/alders.p3group.de\/fr\/wp-json\/wp\/v2\/media?parent=290064"}],"wp:term":[{"taxonomy":"product_brand","embeddable":true,"href":"https:\/\/alders.p3group.de\/fr\/wp-json\/wp\/v2\/product_brand?post=290064"},{"taxonomy":"product_cat","embeddable":true,"href":"https:\/\/alders.p3group.de\/fr\/wp-json\/wp\/v2\/product_cat?post=290064"},{"taxonomy":"product_tag","embeddable":true,"href":"https:\/\/alders.p3group.de\/fr\/wp-json\/wp\/v2\/product_tag?post=290064"}],"curies":[{"name":"wp","href":"https:\/\/api.w.org\/{rel}","templated":true}]}}