{"id":290087,"date":"2021-09-02T11:38:32","date_gmt":"2021-09-02T09:38:32","guid":{"rendered":"https:\/\/alders.de\/product\/alders-gassensoren-gehaeuse-ash-202101-fuer-h2-sensor-2\/"},"modified":"2024-04-10T08:58:08","modified_gmt":"2024-04-10T06:58:08","slug":"alders-alders-boitier-ash-202101-xxx-pour-capteurs-de-gaz-h2","status":"publish","type":"product","link":"https:\/\/alders.p3group.de\/fr\/produit\/alders-alders-boitier-ash-202101-xxx-pour-capteurs-de-gaz-h2\/","title":{"rendered":"ALDERS Boitier ASH-202101-XXX pour capteurs de gaz H2"},"content":{"rendered":"<ul>\n<li>Bo\u00eetier adaptateur \u00e0 visser dans les tuyauteries ou autres bo\u00eetiers<\/li>\n<li>Equerre de montage AMW-202101 correspondante pour une fixation universelle disponible en option<\/li>\n<li>Grand choix de filetages int\u00e9rieurs et ext\u00e9rieurs standard en pouces et m\u00e9triques<\/li>\n<li>Filetages sp\u00e9ciaux possibles<\/li>\n<li>Bo\u00eetier d&rsquo;adaptateur en acier inoxydable<\/li>\n<li>Presse-\u00e9toupe, gris argent\u00e9, M16x1,5 pour c\u00e2ble \u00d8 4,5 &#8211; 10 mm<\/li>\n<\/ul>\n","protected":false},"excerpt":{"rendered":"<p>Nous vous proposons un bo\u00eetier en inox pour accueillir la sonde hydrog\u00e8ne H2. Le bo\u00eetier a \u00e9t\u00e9 sp\u00e9cialement d\u00e9velopp\u00e9 pour adapter une mesure de la concentration d&rsquo;hydrog\u00e8ne dans les canalisations. Avec le support de montage assorti AMW-202101, une installation universelle est possible presque partout. La combinaison du capteur d&rsquo;hydrog\u00e8ne et du bo\u00eetier du capteur H2 offre une s\u00e9curit\u00e9 dans l&rsquo;utilisation industrielle de l&rsquo;hydrog\u00e8ne.<\/p>\n","protected":false},"featured_media":290711,"template":"","meta":{"_acf_changed":false,"inline_featured_image":false},"product_brand":[],"product_cat":[598,569],"product_tag":[494,471],"class_list":{"0":"post-290087","1":"product","2":"type-product","3":"status-publish","4":"has-post-thumbnail","6":"product_cat-accessoires-pour-capteurs-de-gaz-fr","7":"product_cat-capteurs-de-gaz-fr","8":"product_tag-capteur-de-gaz-fr-2","9":"product_tag-capteur-de-gaz-fr","10":"pa_hersteller-fes-sensor-technology-fr","12":"first","13":"instock","14":"shipping-taxable","15":"product-type-simple"},"acf":[],"yoast_head":"<!-- This site is optimized with the Yoast SEO plugin v26.6 - https:\/\/yoast.com\/wordpress\/plugins\/seo\/ -->\n<title>ALDERS Boitier ASH-202101-XXX pour capteurs de gaz H2 - ALDERS electronic GmbH<\/title>\n<meta name=\"description\" content=\"Nous vous proposons un bo\u00eetier en inox pour accueillir la sonde hydrog\u00e8ne H2. Le bo\u00eetier a \u00e9t\u00e9 sp\u00e9cialement d\u00e9velopp\u00e9 pour adapter une mesure de la concentration d&#039;hydrog\u00e8ne dans les canalisations.\" \/>\n<meta name=\"robots\" content=\"noindex, follow, max-snippet:-1, max-image-preview:large, max-video-preview:-1\" \/>\n<meta property=\"og:locale\" content=\"fr_FR\" \/>\n<meta property=\"og:type\" content=\"article\" \/>\n<meta property=\"og:title\" content=\"ALDERS Boitier ASH-202101-XXX pour capteurs de gaz H2 - ALDERS electronic GmbH\" \/>\n<meta property=\"og:description\" content=\"Nous vous proposons un bo\u00eetier en inox pour accueillir la sonde hydrog\u00e8ne H2. Le bo\u00eetier a \u00e9t\u00e9 sp\u00e9cialement d\u00e9velopp\u00e9 pour adapter une mesure de la concentration d&#039;hydrog\u00e8ne dans les canalisations.\" \/>\n<meta property=\"og:url\" content=\"https:\/\/alders.p3group.de\/fr\/produit\/alders-alders-boitier-ash-202101-xxx-pour-capteurs-de-gaz-h2\/\" \/>\n<meta property=\"og:site_name\" content=\"ALDERS electronic GmbH\" \/>\n<meta property=\"article:publisher\" content=\"https:\/\/www.facebook.com\/Alders.electronic\/\" \/>\n<meta property=\"article:modified_time\" content=\"2024-04-10T06:58:08+00:00\" \/>\n<meta property=\"og:image\" content=\"https:\/\/alders.p3group.de\/wp-content\/uploads\/2021\/09\/GSH4_H2_Variante_02.png\" \/>\n\t<meta property=\"og:image:width\" content=\"1240\" \/>\n\t<meta property=\"og:image:height\" content=\"1240\" \/>\n\t<meta property=\"og:image:type\" content=\"image\/png\" \/>\n<meta name=\"twitter:card\" content=\"summary_large_image\" \/>\n<script type=\"application\/ld+json\" class=\"yoast-schema-graph\">{\"@context\":\"https:\/\/schema.org\",\"@graph\":[{\"@type\":\"WebPage\",\"@id\":\"https:\/\/alders.p3group.de\/fr\/produit\/alders-alders-boitier-ash-202101-xxx-pour-capteurs-de-gaz-h2\/\",\"url\":\"https:\/\/alders.p3group.de\/fr\/produit\/alders-alders-boitier-ash-202101-xxx-pour-capteurs-de-gaz-h2\/\",\"name\":\"ALDERS Boitier ASH-202101-XXX pour capteurs de gaz H2 - ALDERS electronic GmbH\",\"isPartOf\":{\"@id\":\"https:\/\/alders.p3group.de\/fr\/#website\"},\"primaryImageOfPage\":{\"@id\":\"https:\/\/alders.p3group.de\/fr\/produit\/alders-alders-boitier-ash-202101-xxx-pour-capteurs-de-gaz-h2\/#primaryimage\"},\"image\":{\"@id\":\"https:\/\/alders.p3group.de\/fr\/produit\/alders-alders-boitier-ash-202101-xxx-pour-capteurs-de-gaz-h2\/#primaryimage\"},\"thumbnailUrl\":\"https:\/\/alders.p3group.de\/wp-content\/uploads\/2021\/09\/GSH4_H2_Variante_02.png\",\"datePublished\":\"2021-09-02T09:38:32+00:00\",\"dateModified\":\"2024-04-10T06:58:08+00:00\",\"description\":\"Nous vous proposons un bo\u00eetier en inox pour accueillir la sonde hydrog\u00e8ne H2. Le bo\u00eetier a \u00e9t\u00e9 sp\u00e9cialement d\u00e9velopp\u00e9 pour adapter une mesure de la concentration d'hydrog\u00e8ne dans les canalisations.\",\"breadcrumb\":{\"@id\":\"https:\/\/alders.p3group.de\/fr\/produit\/alders-alders-boitier-ash-202101-xxx-pour-capteurs-de-gaz-h2\/#breadcrumb\"},\"inLanguage\":\"fr-FR\",\"potentialAction\":[{\"@type\":\"ReadAction\",\"target\":[\"https:\/\/alders.p3group.de\/fr\/produit\/alders-alders-boitier-ash-202101-xxx-pour-capteurs-de-gaz-h2\/\"]}]},{\"@type\":\"ImageObject\",\"inLanguage\":\"fr-FR\",\"@id\":\"https:\/\/alders.p3group.de\/fr\/produit\/alders-alders-boitier-ash-202101-xxx-pour-capteurs-de-gaz-h2\/#primaryimage\",\"url\":\"https:\/\/alders.p3group.de\/wp-content\/uploads\/2021\/09\/GSH4_H2_Variante_02.png\",\"contentUrl\":\"https:\/\/alders.p3group.de\/wp-content\/uploads\/2021\/09\/GSH4_H2_Variante_02.png\",\"width\":1240,\"height\":1240,\"caption\":\"FES GSH4_H2 ALDERS\"},{\"@type\":\"BreadcrumbList\",\"@id\":\"https:\/\/alders.p3group.de\/fr\/produit\/alders-alders-boitier-ash-202101-xxx-pour-capteurs-de-gaz-h2\/#breadcrumb\",\"itemListElement\":[{\"@type\":\"ListItem\",\"position\":1,\"name\":\"ALDERS\",\"item\":\"https:\/\/alders.p3group.de\/fr\/\"},{\"@type\":\"ListItem\",\"position\":2,\"name\":\"Catalogue\",\"item\":\"https:\/\/alders.p3group.de\/fr\/catalogue\/\"},{\"@type\":\"ListItem\",\"position\":3,\"name\":\"ALDERS Boitier ASH-202101-XXX pour capteurs de gaz H2\"}]},{\"@type\":\"WebSite\",\"@id\":\"https:\/\/alders.p3group.de\/fr\/#website\",\"url\":\"https:\/\/alders.p3group.de\/fr\/\",\"name\":\"ALDERS electronic GmbH\",\"description\":\"Der Spezialist f\u00fcr elektromechanische L\u00f6sungen\",\"publisher\":{\"@id\":\"https:\/\/alders.p3group.de\/fr\/#organization\"},\"potentialAction\":[{\"@type\":\"SearchAction\",\"target\":{\"@type\":\"EntryPoint\",\"urlTemplate\":\"https:\/\/alders.p3group.de\/fr\/?s={search_term_string}\"},\"query-input\":{\"@type\":\"PropertyValueSpecification\",\"valueRequired\":true,\"valueName\":\"search_term_string\"}}],\"inLanguage\":\"fr-FR\"},{\"@type\":\"Organization\",\"@id\":\"https:\/\/alders.p3group.de\/fr\/#organization\",\"name\":\"ALDERS electronic GmbH\",\"url\":\"https:\/\/alders.p3group.de\/fr\/\",\"logo\":{\"@type\":\"ImageObject\",\"inLanguage\":\"fr-FR\",\"@id\":\"https:\/\/alders.p3group.de\/fr\/#\/schema\/logo\/image\/\",\"url\":\"https:\/\/alders.p3group.de\/wp-content\/uploads\/2022\/07\/Alders-logo-Komplett.png\",\"contentUrl\":\"https:\/\/alders.p3group.de\/wp-content\/uploads\/2022\/07\/Alders-logo-Komplett.png\",\"width\":1043,\"height\":253,\"caption\":\"ALDERS electronic GmbH\"},\"image\":{\"@id\":\"https:\/\/alders.p3group.de\/fr\/#\/schema\/logo\/image\/\"},\"sameAs\":[\"https:\/\/www.facebook.com\/Alders.electronic\/\",\"https:\/\/de.linkedin.com\/company\/alders-electronic-gmbh\",\"https:\/\/www.youtube.com\/channel\/UC-hR66wsAmKOdY03IokrlzA\",\"https:\/\/www.instagram.com\/alders.electronic\/\"]}]}<\/script>\n<!-- \/ Yoast SEO plugin. -->","yoast_head_json":{"title":"ALDERS Boitier ASH-202101-XXX pour capteurs de gaz H2 - ALDERS electronic GmbH","description":"Nous vous proposons un bo\u00eetier en inox pour accueillir la sonde hydrog\u00e8ne H2. Le bo\u00eetier a \u00e9t\u00e9 sp\u00e9cialement d\u00e9velopp\u00e9 pour adapter une mesure de la concentration d'hydrog\u00e8ne dans les canalisations.","robots":{"index":"noindex","follow":"follow","max-snippet":"max-snippet:-1","max-image-preview":"max-image-preview:large","max-video-preview":"max-video-preview:-1"},"og_locale":"fr_FR","og_type":"article","og_title":"ALDERS Boitier ASH-202101-XXX pour capteurs de gaz H2 - ALDERS electronic GmbH","og_description":"Nous vous proposons un bo\u00eetier en inox pour accueillir la sonde hydrog\u00e8ne H2. Le bo\u00eetier a \u00e9t\u00e9 sp\u00e9cialement d\u00e9velopp\u00e9 pour adapter une mesure de la concentration d'hydrog\u00e8ne dans les canalisations.","og_url":"https:\/\/alders.p3group.de\/fr\/produit\/alders-alders-boitier-ash-202101-xxx-pour-capteurs-de-gaz-h2\/","og_site_name":"ALDERS electronic GmbH","article_publisher":"https:\/\/www.facebook.com\/Alders.electronic\/","article_modified_time":"2024-04-10T06:58:08+00:00","og_image":[{"width":1240,"height":1240,"url":"https:\/\/alders.p3group.de\/wp-content\/uploads\/2021\/09\/GSH4_H2_Variante_02.png","type":"image\/png"}],"twitter_card":"summary_large_image","schema":{"@context":"https:\/\/schema.org","@graph":[{"@type":"WebPage","@id":"https:\/\/alders.p3group.de\/fr\/produit\/alders-alders-boitier-ash-202101-xxx-pour-capteurs-de-gaz-h2\/","url":"https:\/\/alders.p3group.de\/fr\/produit\/alders-alders-boitier-ash-202101-xxx-pour-capteurs-de-gaz-h2\/","name":"ALDERS Boitier ASH-202101-XXX pour capteurs de gaz H2 - ALDERS electronic GmbH","isPartOf":{"@id":"https:\/\/alders.p3group.de\/fr\/#website"},"primaryImageOfPage":{"@id":"https:\/\/alders.p3group.de\/fr\/produit\/alders-alders-boitier-ash-202101-xxx-pour-capteurs-de-gaz-h2\/#primaryimage"},"image":{"@id":"https:\/\/alders.p3group.de\/fr\/produit\/alders-alders-boitier-ash-202101-xxx-pour-capteurs-de-gaz-h2\/#primaryimage"},"thumbnailUrl":"https:\/\/alders.p3group.de\/wp-content\/uploads\/2021\/09\/GSH4_H2_Variante_02.png","datePublished":"2021-09-02T09:38:32+00:00","dateModified":"2024-04-10T06:58:08+00:00","description":"Nous vous proposons un bo\u00eetier en inox pour accueillir la sonde hydrog\u00e8ne H2. Le bo\u00eetier a \u00e9t\u00e9 sp\u00e9cialement d\u00e9velopp\u00e9 pour adapter une mesure de la concentration d'hydrog\u00e8ne dans les canalisations.","breadcrumb":{"@id":"https:\/\/alders.p3group.de\/fr\/produit\/alders-alders-boitier-ash-202101-xxx-pour-capteurs-de-gaz-h2\/#breadcrumb"},"inLanguage":"fr-FR","potentialAction":[{"@type":"ReadAction","target":["https:\/\/alders.p3group.de\/fr\/produit\/alders-alders-boitier-ash-202101-xxx-pour-capteurs-de-gaz-h2\/"]}]},{"@type":"ImageObject","inLanguage":"fr-FR","@id":"https:\/\/alders.p3group.de\/fr\/produit\/alders-alders-boitier-ash-202101-xxx-pour-capteurs-de-gaz-h2\/#primaryimage","url":"https:\/\/alders.p3group.de\/wp-content\/uploads\/2021\/09\/GSH4_H2_Variante_02.png","contentUrl":"https:\/\/alders.p3group.de\/wp-content\/uploads\/2021\/09\/GSH4_H2_Variante_02.png","width":1240,"height":1240,"caption":"FES GSH4_H2 ALDERS"},{"@type":"BreadcrumbList","@id":"https:\/\/alders.p3group.de\/fr\/produit\/alders-alders-boitier-ash-202101-xxx-pour-capteurs-de-gaz-h2\/#breadcrumb","itemListElement":[{"@type":"ListItem","position":1,"name":"ALDERS","item":"https:\/\/alders.p3group.de\/fr\/"},{"@type":"ListItem","position":2,"name":"Catalogue","item":"https:\/\/alders.p3group.de\/fr\/catalogue\/"},{"@type":"ListItem","position":3,"name":"ALDERS Boitier ASH-202101-XXX pour capteurs de gaz H2"}]},{"@type":"WebSite","@id":"https:\/\/alders.p3group.de\/fr\/#website","url":"https:\/\/alders.p3group.de\/fr\/","name":"ALDERS electronic GmbH","description":"Der Spezialist f\u00fcr elektromechanische L\u00f6sungen","publisher":{"@id":"https:\/\/alders.p3group.de\/fr\/#organization"},"potentialAction":[{"@type":"SearchAction","target":{"@type":"EntryPoint","urlTemplate":"https:\/\/alders.p3group.de\/fr\/?s={search_term_string}"},"query-input":{"@type":"PropertyValueSpecification","valueRequired":true,"valueName":"search_term_string"}}],"inLanguage":"fr-FR"},{"@type":"Organization","@id":"https:\/\/alders.p3group.de\/fr\/#organization","name":"ALDERS electronic GmbH","url":"https:\/\/alders.p3group.de\/fr\/","logo":{"@type":"ImageObject","inLanguage":"fr-FR","@id":"https:\/\/alders.p3group.de\/fr\/#\/schema\/logo\/image\/","url":"https:\/\/alders.p3group.de\/wp-content\/uploads\/2022\/07\/Alders-logo-Komplett.png","contentUrl":"https:\/\/alders.p3group.de\/wp-content\/uploads\/2022\/07\/Alders-logo-Komplett.png","width":1043,"height":253,"caption":"ALDERS electronic GmbH"},"image":{"@id":"https:\/\/alders.p3group.de\/fr\/#\/schema\/logo\/image\/"},"sameAs":["https:\/\/www.facebook.com\/Alders.electronic\/","https:\/\/de.linkedin.com\/company\/alders-electronic-gmbh","https:\/\/www.youtube.com\/channel\/UC-hR66wsAmKOdY03IokrlzA","https:\/\/www.instagram.com\/alders.electronic\/"]}]}},"_links":{"self":[{"href":"https:\/\/alders.p3group.de\/fr\/wp-json\/wp\/v2\/product\/290087","targetHints":{"allow":["GET"]}}],"collection":[{"href":"https:\/\/alders.p3group.de\/fr\/wp-json\/wp\/v2\/product"}],"about":[{"href":"https:\/\/alders.p3group.de\/fr\/wp-json\/wp\/v2\/types\/product"}],"wp:featuredmedia":[{"embeddable":true,"href":"https:\/\/alders.p3group.de\/fr\/wp-json\/wp\/v2\/media\/290711"}],"wp:attachment":[{"href":"https:\/\/alders.p3group.de\/fr\/wp-json\/wp\/v2\/media?parent=290087"}],"wp:term":[{"taxonomy":"product_brand","embeddable":true,"href":"https:\/\/alders.p3group.de\/fr\/wp-json\/wp\/v2\/product_brand?post=290087"},{"taxonomy":"product_cat","embeddable":true,"href":"https:\/\/alders.p3group.de\/fr\/wp-json\/wp\/v2\/product_cat?post=290087"},{"taxonomy":"product_tag","embeddable":true,"href":"https:\/\/alders.p3group.de\/fr\/wp-json\/wp\/v2\/product_tag?post=290087"}],"curies":[{"name":"wp","href":"https:\/\/api.w.org\/{rel}","templated":true}]}}