{"id":290901,"date":"2024-06-25T10:23:44","date_gmt":"2024-06-25T08:23:44","guid":{"rendered":"https:\/\/alders.de\/product\/otto-controls-unterbaujoystick-jhl\/"},"modified":"2024-06-25T10:42:14","modified_gmt":"2024-06-25T08:42:14","slug":"otto-controls-unterbaujoystick-jhl","status":"publish","type":"product","link":"https:\/\/alders.p3group.de\/fr\/produit\/otto-controls-unterbaujoystick-jhl\/","title":{"rendered":"OTTO Controls joystick JHL"},"content":{"rendered":"<ul>\n<li><span class=\"jCAhz JxVs2d ChMk0b\"><span class=\"ryNqvb\">Sortie analogique sans contact avec technologie \u00e0 effet Hall<\/span><\/span><\/li>\n<li><span class=\"jCAhz JxVs2d ChMk0b\"><span class=\"ryNqvb\">\u00c9lectronique scell\u00e9e IP68S<\/span><\/span><\/li>\n<li><span class=\"jCAhz JxVs2d ChMk0b\"><span class=\"ryNqvb\">R\u00e9sistance \u00e0 la charge statique jusqu&rsquo;\u00e0 250 lb au point de r\u00e9f\u00e9rence de pr\u00e9hension (GRP)<\/span><\/span><\/li>\n<li><span class=\"jCAhz JxVs2d ChMk0b\"><span class=\"ryNqvb\">Le montage sup\u00e9rieur est standard Excellente immunit\u00e9 EFI\/RFI<\/span><\/span><\/li>\n<li><span class=\"jCAhz JxVs2d ChMk0b\"><span class=\"ryNqvb\">Dur\u00e9e de vie m\u00e9canique jusqu&rsquo;\u00e0 6 millions de cycles (dur\u00e9e de vie de 1 million de cycles avec d\u00e9tente)<\/span><\/span><\/li>\n<li><span class=\"jCAhz JxVs2d ChMk0b\"><span class=\"ryNqvb\">Plusieurs configurations de sortie disponibles<\/span><\/span><\/li>\n<li><span class=\"jCAhz JxVs2d ChMk0b\"><span class=\"ryNqvb\">Disponible avec les poign\u00e9es de la s\u00e9rie HJLG3 CANbus J1939 avec port Deutsch et CANopen avec options de sortie de port Deutsch<\/span><\/span><\/li>\n<\/ul>\n","protected":false},"excerpt":{"rendered":"<p><span class=\"jCAhz JxVs2d ChMk0b\"><span class=\"ryNqvb\">La s\u00e9rie JHL offre des performances \u00e9lev\u00e9es dans un joystick \u00e0 effet Hall scell\u00e9 et \u00e9conomique, offre une dur\u00e9e de vie allant jusqu&rsquo;\u00e0 6 millions de cycles et peut g\u00e9rer une charge statique allant jusqu&rsquo;\u00e0 250 lb.<\/span><\/span> <span class=\"jCAhz JxVs2d ChMk0b\"><span class=\"ryNqvb\">L&rsquo;\u00e9lectronique est scell\u00e9e selon IP68S et offre une excellente immunit\u00e9 aux RFI et EMI selon SAE J1113.<\/span><\/span> <span class=\"jCAhz JxVs2d ChMk0b\"><span class=\"ryNqvb\">Le JHL standard est un joystick mont\u00e9 sur le dessus.<\/span><\/span> <span class=\"jCAhz JxVs2d ChMk0b\"><span class=\"ryNqvb\">Disponible sous forme de joystick seul ou avec une poign\u00e9e sph\u00e9rique, il propose plusieurs options de d\u00e9clenchement et diverses configurations de sortie, notamment une sortie analogique unique, une sortie analogique double, CANopen, CANbus J1939 et des capteurs redondants.<\/span><\/span> <span class=\"jCAhz JxVs2d ChMk0b\"><span class=\"ryNqvb\">Le JHL peut \u00e9galement \u00eatre combin\u00e9 avec une poign\u00e9e universelle de la s\u00e9rie OTTO G3 ou une poign\u00e9e de commande G3-D pour une solution plus compl\u00e8te.<\/span><\/span><\/p>\n","protected":false},"featured_media":290892,"template":"","meta":{"_acf_changed":false,"inline_featured_image":false},"product_brand":[],"product_cat":[450,385],"product_tag":[],"class_list":{"0":"post-290901","1":"product","2":"type-product","3":"status-publish","4":"has-post-thumbnail","6":"product_cat-bases-pour-joysticks","7":"product_cat-joysticks","8":"pa_hersteller-otto-controls-fr","10":"first","11":"instock","12":"shipping-taxable","13":"product-type-simple"},"acf":[],"yoast_head":"<!-- This site is optimized with the Yoast SEO plugin v26.6 - https:\/\/yoast.com\/wordpress\/plugins\/seo\/ -->\n<title>OTTO Controls joystick JHL - ALDERS electronic GmbH<\/title>\n<meta name=\"robots\" content=\"noindex, follow, max-snippet:-1, max-image-preview:large, max-video-preview:-1\" \/>\n<meta property=\"og:locale\" content=\"fr_FR\" \/>\n<meta property=\"og:type\" content=\"article\" \/>\n<meta property=\"og:title\" content=\"OTTO Controls joystick JHL - ALDERS electronic GmbH\" \/>\n<meta property=\"og:description\" content=\"La s\u00e9rie JHL offre des performances \u00e9lev\u00e9es dans un joystick \u00e0 effet Hall scell\u00e9 et \u00e9conomique, offre une dur\u00e9e de vie allant jusqu&#039;\u00e0 6 millions de cycles et peut g\u00e9rer une charge statique allant jusqu&#039;\u00e0 250 lb. L&#039;\u00e9lectronique est scell\u00e9e selon IP68S et offre une excellente immunit\u00e9 aux RFI et EMI selon SAE J1113. Le JHL standard est un joystick mont\u00e9 sur le dessus. Disponible sous forme de joystick seul ou avec une poign\u00e9e sph\u00e9rique, il propose plusieurs options de d\u00e9clenchement et diverses configurations de sortie, notamment une sortie analogique unique, une sortie analogique double, CANopen, CANbus J1939 et des capteurs redondants. Le JHL peut \u00e9galement \u00eatre combin\u00e9 avec une poign\u00e9e universelle de la s\u00e9rie OTTO G3 ou une poign\u00e9e de commande G3-D pour une solution plus compl\u00e8te.\" \/>\n<meta property=\"og:url\" content=\"https:\/\/alders.p3group.de\/fr\/produit\/otto-controls-unterbaujoystick-jhl\/\" \/>\n<meta property=\"og:site_name\" content=\"ALDERS electronic GmbH\" \/>\n<meta property=\"article:publisher\" content=\"https:\/\/www.facebook.com\/Alders.electronic\/\" \/>\n<meta property=\"article:modified_time\" content=\"2024-06-25T08:42:14+00:00\" \/>\n<meta property=\"og:image\" content=\"https:\/\/alders.p3group.de\/wp-content\/uploads\/2024\/06\/JHL_for_Ball-Actuator_NoBall-web-b.png\" \/>\n\t<meta property=\"og:image:width\" content=\"1000\" \/>\n\t<meta property=\"og:image:height\" content=\"1072\" \/>\n\t<meta property=\"og:image:type\" content=\"image\/png\" \/>\n<meta name=\"twitter:card\" content=\"summary_large_image\" \/>\n<script type=\"application\/ld+json\" class=\"yoast-schema-graph\">{\"@context\":\"https:\/\/schema.org\",\"@graph\":[{\"@type\":\"WebPage\",\"@id\":\"https:\/\/alders.p3group.de\/fr\/produit\/otto-controls-unterbaujoystick-jhl\/\",\"url\":\"https:\/\/alders.p3group.de\/fr\/produit\/otto-controls-unterbaujoystick-jhl\/\",\"name\":\"OTTO Controls joystick JHL - ALDERS electronic GmbH\",\"isPartOf\":{\"@id\":\"https:\/\/alders.p3group.de\/fr\/#website\"},\"primaryImageOfPage\":{\"@id\":\"https:\/\/alders.p3group.de\/fr\/produit\/otto-controls-unterbaujoystick-jhl\/#primaryimage\"},\"image\":{\"@id\":\"https:\/\/alders.p3group.de\/fr\/produit\/otto-controls-unterbaujoystick-jhl\/#primaryimage\"},\"thumbnailUrl\":\"https:\/\/alders.p3group.de\/wp-content\/uploads\/2024\/06\/JHL_for_Ball-Actuator_NoBall-web-b.png\",\"datePublished\":\"2024-06-25T08:23:44+00:00\",\"dateModified\":\"2024-06-25T08:42:14+00:00\",\"breadcrumb\":{\"@id\":\"https:\/\/alders.p3group.de\/fr\/produit\/otto-controls-unterbaujoystick-jhl\/#breadcrumb\"},\"inLanguage\":\"fr-FR\",\"potentialAction\":[{\"@type\":\"ReadAction\",\"target\":[\"https:\/\/alders.p3group.de\/fr\/produit\/otto-controls-unterbaujoystick-jhl\/\"]}]},{\"@type\":\"ImageObject\",\"inLanguage\":\"fr-FR\",\"@id\":\"https:\/\/alders.p3group.de\/fr\/produit\/otto-controls-unterbaujoystick-jhl\/#primaryimage\",\"url\":\"https:\/\/alders.p3group.de\/wp-content\/uploads\/2024\/06\/JHL_for_Ball-Actuator_NoBall-web-b.png\",\"contentUrl\":\"https:\/\/alders.p3group.de\/wp-content\/uploads\/2024\/06\/JHL_for_Ball-Actuator_NoBall-web-b.png\",\"width\":1000,\"height\":1072},{\"@type\":\"BreadcrumbList\",\"@id\":\"https:\/\/alders.p3group.de\/fr\/produit\/otto-controls-unterbaujoystick-jhl\/#breadcrumb\",\"itemListElement\":[{\"@type\":\"ListItem\",\"position\":1,\"name\":\"ALDERS\",\"item\":\"https:\/\/alders.p3group.de\/fr\/\"},{\"@type\":\"ListItem\",\"position\":2,\"name\":\"Catalogue\",\"item\":\"https:\/\/alders.p3group.de\/fr\/catalogue\/\"},{\"@type\":\"ListItem\",\"position\":3,\"name\":\"OTTO Controls joystick JHL\"}]},{\"@type\":\"WebSite\",\"@id\":\"https:\/\/alders.p3group.de\/fr\/#website\",\"url\":\"https:\/\/alders.p3group.de\/fr\/\",\"name\":\"ALDERS electronic GmbH\",\"description\":\"Der Spezialist f\u00fcr elektromechanische L\u00f6sungen\",\"publisher\":{\"@id\":\"https:\/\/alders.p3group.de\/fr\/#organization\"},\"potentialAction\":[{\"@type\":\"SearchAction\",\"target\":{\"@type\":\"EntryPoint\",\"urlTemplate\":\"https:\/\/alders.p3group.de\/fr\/?s={search_term_string}\"},\"query-input\":{\"@type\":\"PropertyValueSpecification\",\"valueRequired\":true,\"valueName\":\"search_term_string\"}}],\"inLanguage\":\"fr-FR\"},{\"@type\":\"Organization\",\"@id\":\"https:\/\/alders.p3group.de\/fr\/#organization\",\"name\":\"ALDERS electronic GmbH\",\"url\":\"https:\/\/alders.p3group.de\/fr\/\",\"logo\":{\"@type\":\"ImageObject\",\"inLanguage\":\"fr-FR\",\"@id\":\"https:\/\/alders.p3group.de\/fr\/#\/schema\/logo\/image\/\",\"url\":\"https:\/\/alders.p3group.de\/wp-content\/uploads\/2022\/07\/Alders-logo-Komplett.png\",\"contentUrl\":\"https:\/\/alders.p3group.de\/wp-content\/uploads\/2022\/07\/Alders-logo-Komplett.png\",\"width\":1043,\"height\":253,\"caption\":\"ALDERS electronic GmbH\"},\"image\":{\"@id\":\"https:\/\/alders.p3group.de\/fr\/#\/schema\/logo\/image\/\"},\"sameAs\":[\"https:\/\/www.facebook.com\/Alders.electronic\/\",\"https:\/\/de.linkedin.com\/company\/alders-electronic-gmbh\",\"https:\/\/www.youtube.com\/channel\/UC-hR66wsAmKOdY03IokrlzA\",\"https:\/\/www.instagram.com\/alders.electronic\/\"]}]}<\/script>\n<!-- \/ Yoast SEO plugin. -->","yoast_head_json":{"title":"OTTO Controls joystick JHL - ALDERS electronic GmbH","robots":{"index":"noindex","follow":"follow","max-snippet":"max-snippet:-1","max-image-preview":"max-image-preview:large","max-video-preview":"max-video-preview:-1"},"og_locale":"fr_FR","og_type":"article","og_title":"OTTO Controls joystick JHL - ALDERS electronic GmbH","og_description":"La s\u00e9rie JHL offre des performances \u00e9lev\u00e9es dans un joystick \u00e0 effet Hall scell\u00e9 et \u00e9conomique, offre une dur\u00e9e de vie allant jusqu'\u00e0 6 millions de cycles et peut g\u00e9rer une charge statique allant jusqu'\u00e0 250 lb. L'\u00e9lectronique est scell\u00e9e selon IP68S et offre une excellente immunit\u00e9 aux RFI et EMI selon SAE J1113. Le JHL standard est un joystick mont\u00e9 sur le dessus. Disponible sous forme de joystick seul ou avec une poign\u00e9e sph\u00e9rique, il propose plusieurs options de d\u00e9clenchement et diverses configurations de sortie, notamment une sortie analogique unique, une sortie analogique double, CANopen, CANbus J1939 et des capteurs redondants. Le JHL peut \u00e9galement \u00eatre combin\u00e9 avec une poign\u00e9e universelle de la s\u00e9rie OTTO G3 ou une poign\u00e9e de commande G3-D pour une solution plus compl\u00e8te.","og_url":"https:\/\/alders.p3group.de\/fr\/produit\/otto-controls-unterbaujoystick-jhl\/","og_site_name":"ALDERS electronic GmbH","article_publisher":"https:\/\/www.facebook.com\/Alders.electronic\/","article_modified_time":"2024-06-25T08:42:14+00:00","og_image":[{"width":1000,"height":1072,"url":"https:\/\/alders.p3group.de\/wp-content\/uploads\/2024\/06\/JHL_for_Ball-Actuator_NoBall-web-b.png","type":"image\/png"}],"twitter_card":"summary_large_image","schema":{"@context":"https:\/\/schema.org","@graph":[{"@type":"WebPage","@id":"https:\/\/alders.p3group.de\/fr\/produit\/otto-controls-unterbaujoystick-jhl\/","url":"https:\/\/alders.p3group.de\/fr\/produit\/otto-controls-unterbaujoystick-jhl\/","name":"OTTO Controls joystick JHL - ALDERS electronic GmbH","isPartOf":{"@id":"https:\/\/alders.p3group.de\/fr\/#website"},"primaryImageOfPage":{"@id":"https:\/\/alders.p3group.de\/fr\/produit\/otto-controls-unterbaujoystick-jhl\/#primaryimage"},"image":{"@id":"https:\/\/alders.p3group.de\/fr\/produit\/otto-controls-unterbaujoystick-jhl\/#primaryimage"},"thumbnailUrl":"https:\/\/alders.p3group.de\/wp-content\/uploads\/2024\/06\/JHL_for_Ball-Actuator_NoBall-web-b.png","datePublished":"2024-06-25T08:23:44+00:00","dateModified":"2024-06-25T08:42:14+00:00","breadcrumb":{"@id":"https:\/\/alders.p3group.de\/fr\/produit\/otto-controls-unterbaujoystick-jhl\/#breadcrumb"},"inLanguage":"fr-FR","potentialAction":[{"@type":"ReadAction","target":["https:\/\/alders.p3group.de\/fr\/produit\/otto-controls-unterbaujoystick-jhl\/"]}]},{"@type":"ImageObject","inLanguage":"fr-FR","@id":"https:\/\/alders.p3group.de\/fr\/produit\/otto-controls-unterbaujoystick-jhl\/#primaryimage","url":"https:\/\/alders.p3group.de\/wp-content\/uploads\/2024\/06\/JHL_for_Ball-Actuator_NoBall-web-b.png","contentUrl":"https:\/\/alders.p3group.de\/wp-content\/uploads\/2024\/06\/JHL_for_Ball-Actuator_NoBall-web-b.png","width":1000,"height":1072},{"@type":"BreadcrumbList","@id":"https:\/\/alders.p3group.de\/fr\/produit\/otto-controls-unterbaujoystick-jhl\/#breadcrumb","itemListElement":[{"@type":"ListItem","position":1,"name":"ALDERS","item":"https:\/\/alders.p3group.de\/fr\/"},{"@type":"ListItem","position":2,"name":"Catalogue","item":"https:\/\/alders.p3group.de\/fr\/catalogue\/"},{"@type":"ListItem","position":3,"name":"OTTO Controls joystick JHL"}]},{"@type":"WebSite","@id":"https:\/\/alders.p3group.de\/fr\/#website","url":"https:\/\/alders.p3group.de\/fr\/","name":"ALDERS electronic GmbH","description":"Der Spezialist f\u00fcr elektromechanische L\u00f6sungen","publisher":{"@id":"https:\/\/alders.p3group.de\/fr\/#organization"},"potentialAction":[{"@type":"SearchAction","target":{"@type":"EntryPoint","urlTemplate":"https:\/\/alders.p3group.de\/fr\/?s={search_term_string}"},"query-input":{"@type":"PropertyValueSpecification","valueRequired":true,"valueName":"search_term_string"}}],"inLanguage":"fr-FR"},{"@type":"Organization","@id":"https:\/\/alders.p3group.de\/fr\/#organization","name":"ALDERS electronic GmbH","url":"https:\/\/alders.p3group.de\/fr\/","logo":{"@type":"ImageObject","inLanguage":"fr-FR","@id":"https:\/\/alders.p3group.de\/fr\/#\/schema\/logo\/image\/","url":"https:\/\/alders.p3group.de\/wp-content\/uploads\/2022\/07\/Alders-logo-Komplett.png","contentUrl":"https:\/\/alders.p3group.de\/wp-content\/uploads\/2022\/07\/Alders-logo-Komplett.png","width":1043,"height":253,"caption":"ALDERS electronic GmbH"},"image":{"@id":"https:\/\/alders.p3group.de\/fr\/#\/schema\/logo\/image\/"},"sameAs":["https:\/\/www.facebook.com\/Alders.electronic\/","https:\/\/de.linkedin.com\/company\/alders-electronic-gmbh","https:\/\/www.youtube.com\/channel\/UC-hR66wsAmKOdY03IokrlzA","https:\/\/www.instagram.com\/alders.electronic\/"]}]}},"_links":{"self":[{"href":"https:\/\/alders.p3group.de\/fr\/wp-json\/wp\/v2\/product\/290901","targetHints":{"allow":["GET"]}}],"collection":[{"href":"https:\/\/alders.p3group.de\/fr\/wp-json\/wp\/v2\/product"}],"about":[{"href":"https:\/\/alders.p3group.de\/fr\/wp-json\/wp\/v2\/types\/product"}],"wp:featuredmedia":[{"embeddable":true,"href":"https:\/\/alders.p3group.de\/fr\/wp-json\/wp\/v2\/media\/290892"}],"wp:attachment":[{"href":"https:\/\/alders.p3group.de\/fr\/wp-json\/wp\/v2\/media?parent=290901"}],"wp:term":[{"taxonomy":"product_brand","embeddable":true,"href":"https:\/\/alders.p3group.de\/fr\/wp-json\/wp\/v2\/product_brand?post=290901"},{"taxonomy":"product_cat","embeddable":true,"href":"https:\/\/alders.p3group.de\/fr\/wp-json\/wp\/v2\/product_cat?post=290901"},{"taxonomy":"product_tag","embeddable":true,"href":"https:\/\/alders.p3group.de\/fr\/wp-json\/wp\/v2\/product_tag?post=290901"}],"curies":[{"name":"wp","href":"https:\/\/api.w.org\/{rel}","templated":true}]}}