{"id":291303,"date":"2024-10-09T10:45:00","date_gmt":"2024-10-09T08:45:00","guid":{"rendered":"https:\/\/alders.de\/?post_type=product&#038;p=291303"},"modified":"2024-10-09T11:44:59","modified_gmt":"2024-10-09T09:44:59","slug":"fes-sensor-technology-capteur-de-gaz-h2-tcd-12c-i","status":"publish","type":"product","link":"https:\/\/alders.p3group.de\/fr\/produit\/fes-sensor-technology-capteur-de-gaz-h2-tcd-12c-i\/","title":{"rendered":"FES Sensor Technology Capteur de gaz H2-TCD 12C-I"},"content":{"rendered":"<ul class=\"defaultList\">\n<li class=\"m-size-11 size-16\">D\u00e9tection pr\u00e9cise des niveaux d&rsquo;hydrog\u00e8ne dans l&rsquo;azote jusqu&rsquo;\u00e0 100% vol-%<\/li>\n<li class=\"m-size-11 size-16\">Temps de r\u00e9ponse et de r\u00e9cup\u00e9ration rapides<\/li>\n<li class=\"m-size-11 size-16\">D\u00e9rive de la ligne de base induite par l&rsquo;humidit\u00e9 n\u00e9gligeable<\/li>\n<li class=\"m-size-11 size-16\">Applicable \u00e0 une humidit\u00e9 relative (HR) comprise entre 0% et 100%<\/li>\n<li class=\"m-size-11 size-16\">Plage de temp\u00e9rature industrielle -40\u00b0C \u00e0 +85\u00b0C<\/li>\n<li class=\"m-size-11 size-16\">Sortie lin\u00e9aire jusqu&rsquo;\u00e0 100% vol-%<\/li>\n<\/ul>\n","protected":false},"excerpt":{"rendered":"<p><span class=\"jCAhz ChMk0b\"><span class=\"ryNqvb\">Le H2-TCD I2C-I est un capteur d&rsquo;hydrog\u00e8ne pour les applications sans oxyg\u00e8ne et est bas\u00e9 sur un principe de fonctionnement par conductivit\u00e9 thermique.<\/span><\/span> <span class=\"jCAhz ChMk0b\"><span class=\"ryNqvb\">Le capteur contient de l&rsquo;\u00e9lectronique embarqu\u00e9e, notamment les sources de tension pour les transducteurs chauff\u00e9s et le pont de Wheatstone.<\/span><\/span> <span class=\"jCAhz ChMk0b\"><span class=\"ryNqvb\">De plus, un amplificateur de gain programmable, un convertisseur analogique-num\u00e9rique \uf044\uf053 16 bits, un rh\u00e9ostat, une EEPROM 1 K bits et un capteur de temp\u00e9rature num\u00e9rique sont des composants cl\u00e9s du capteur.<\/span><\/span> <span class=\"jCAhz ChMk0b\"><span class=\"ryNqvb\">Il est con\u00e7u pour \u00eatre utilis\u00e9 dans une vari\u00e9t\u00e9 d&rsquo;applications qui n\u00e9cessitent une d\u00e9termination pr\u00e9cise de l&rsquo;hydrog\u00e8ne dans l&rsquo;azote ou d&rsquo;autres atmosph\u00e8res ne contenant pas d&rsquo;oxyg\u00e8ne.<\/span><\/span><\/p>\n","protected":false},"featured_media":291309,"template":"","meta":{"_acf_changed":false,"inline_featured_image":false},"product_brand":[],"product_cat":[540,569],"product_tag":[494,471],"class_list":{"0":"post-291303","1":"product","2":"type-product","3":"status-publish","4":"has-post-thumbnail","6":"product_cat-capteur-de-gaz","7":"product_cat-capteurs-de-gaz-fr","8":"product_tag-capteur-de-gaz-fr-2","9":"product_tag-capteur-de-gaz-fr","10":"pa_hersteller-fes-sensor-technology-fr","11":"pa_zielgas-hydrogene","13":"first","14":"instock","15":"shipping-taxable","16":"product-type-simple"},"acf":[],"yoast_head":"<!-- This site is optimized with the Yoast SEO plugin v26.6 - https:\/\/yoast.com\/wordpress\/plugins\/seo\/ -->\n<title>FES Sensor Technology Capteur de gaz H2-TCD 12C-I - ALDERS electronic GmbH<\/title>\n<meta name=\"robots\" content=\"noindex, follow, max-snippet:-1, max-image-preview:large, max-video-preview:-1\" \/>\n<meta property=\"og:locale\" content=\"fr_FR\" \/>\n<meta property=\"og:type\" content=\"article\" \/>\n<meta property=\"og:title\" content=\"FES Sensor Technology Capteur de gaz H2-TCD 12C-I - ALDERS electronic GmbH\" \/>\n<meta property=\"og:description\" content=\"Le H2-TCD I2C-I est un capteur d&#039;hydrog\u00e8ne pour les applications sans oxyg\u00e8ne et est bas\u00e9 sur un principe de fonctionnement par conductivit\u00e9 thermique. Le capteur contient de l&#039;\u00e9lectronique embarqu\u00e9e, notamment les sources de tension pour les transducteurs chauff\u00e9s et le pont de Wheatstone. De plus, un amplificateur de gain programmable, un convertisseur analogique-num\u00e9rique \uf044\uf053 16 bits, un rh\u00e9ostat, une EEPROM 1 K bits et un capteur de temp\u00e9rature num\u00e9rique sont des composants cl\u00e9s du capteur. Il est con\u00e7u pour \u00eatre utilis\u00e9 dans une vari\u00e9t\u00e9 d&#039;applications qui n\u00e9cessitent une d\u00e9termination pr\u00e9cise de l&#039;hydrog\u00e8ne dans l&#039;azote ou d&#039;autres atmosph\u00e8res ne contenant pas d&#039;oxyg\u00e8ne.\" \/>\n<meta property=\"og:url\" content=\"https:\/\/alders.p3group.de\/fr\/produit\/fes-sensor-technology-capteur-de-gaz-h2-tcd-12c-i\/\" \/>\n<meta property=\"og:site_name\" content=\"ALDERS electronic GmbH\" \/>\n<meta property=\"article:publisher\" content=\"https:\/\/www.facebook.com\/Alders.electronic\/\" \/>\n<meta property=\"article:modified_time\" content=\"2024-10-09T09:44:59+00:00\" \/>\n<meta property=\"og:image\" content=\"https:\/\/alders.p3group.de\/wp-content\/uploads\/2024\/10\/H2-TCD.png\" \/>\n\t<meta property=\"og:image:width\" content=\"147\" \/>\n\t<meta property=\"og:image:height\" content=\"151\" \/>\n\t<meta property=\"og:image:type\" content=\"image\/png\" \/>\n<meta name=\"twitter:card\" content=\"summary_large_image\" \/>\n<meta name=\"twitter:label1\" content=\"Dur\u00e9e de lecture estim\u00e9e\" \/>\n\t<meta name=\"twitter:data1\" content=\"1 minute\" \/>\n<script type=\"application\/ld+json\" class=\"yoast-schema-graph\">{\"@context\":\"https:\/\/schema.org\",\"@graph\":[{\"@type\":\"WebPage\",\"@id\":\"https:\/\/alders.p3group.de\/fr\/produit\/fes-sensor-technology-capteur-de-gaz-h2-tcd-12c-i\/\",\"url\":\"https:\/\/alders.p3group.de\/fr\/produit\/fes-sensor-technology-capteur-de-gaz-h2-tcd-12c-i\/\",\"name\":\"FES Sensor Technology Capteur de gaz H2-TCD 12C-I - ALDERS electronic GmbH\",\"isPartOf\":{\"@id\":\"https:\/\/alders.p3group.de\/fr\/#website\"},\"primaryImageOfPage\":{\"@id\":\"https:\/\/alders.p3group.de\/fr\/produit\/fes-sensor-technology-capteur-de-gaz-h2-tcd-12c-i\/#primaryimage\"},\"image\":{\"@id\":\"https:\/\/alders.p3group.de\/fr\/produit\/fes-sensor-technology-capteur-de-gaz-h2-tcd-12c-i\/#primaryimage\"},\"thumbnailUrl\":\"https:\/\/alders.p3group.de\/wp-content\/uploads\/2024\/10\/H2-TCD.png\",\"datePublished\":\"2024-10-09T08:45:00+00:00\",\"dateModified\":\"2024-10-09T09:44:59+00:00\",\"breadcrumb\":{\"@id\":\"https:\/\/alders.p3group.de\/fr\/produit\/fes-sensor-technology-capteur-de-gaz-h2-tcd-12c-i\/#breadcrumb\"},\"inLanguage\":\"fr-FR\",\"potentialAction\":[{\"@type\":\"ReadAction\",\"target\":[\"https:\/\/alders.p3group.de\/fr\/produit\/fes-sensor-technology-capteur-de-gaz-h2-tcd-12c-i\/\"]}]},{\"@type\":\"ImageObject\",\"inLanguage\":\"fr-FR\",\"@id\":\"https:\/\/alders.p3group.de\/fr\/produit\/fes-sensor-technology-capteur-de-gaz-h2-tcd-12c-i\/#primaryimage\",\"url\":\"https:\/\/alders.p3group.de\/wp-content\/uploads\/2024\/10\/H2-TCD.png\",\"contentUrl\":\"https:\/\/alders.p3group.de\/wp-content\/uploads\/2024\/10\/H2-TCD.png\",\"width\":147,\"height\":151},{\"@type\":\"BreadcrumbList\",\"@id\":\"https:\/\/alders.p3group.de\/fr\/produit\/fes-sensor-technology-capteur-de-gaz-h2-tcd-12c-i\/#breadcrumb\",\"itemListElement\":[{\"@type\":\"ListItem\",\"position\":1,\"name\":\"ALDERS\",\"item\":\"https:\/\/alders.p3group.de\/fr\/\"},{\"@type\":\"ListItem\",\"position\":2,\"name\":\"Catalogue\",\"item\":\"https:\/\/alders.p3group.de\/fr\/catalogue\/\"},{\"@type\":\"ListItem\",\"position\":3,\"name\":\"FES Sensor Technology Capteur de gaz H2-TCD 12C-I\"}]},{\"@type\":\"WebSite\",\"@id\":\"https:\/\/alders.p3group.de\/fr\/#website\",\"url\":\"https:\/\/alders.p3group.de\/fr\/\",\"name\":\"ALDERS electronic GmbH\",\"description\":\"Der Spezialist f\u00fcr elektromechanische L\u00f6sungen\",\"publisher\":{\"@id\":\"https:\/\/alders.p3group.de\/fr\/#organization\"},\"potentialAction\":[{\"@type\":\"SearchAction\",\"target\":{\"@type\":\"EntryPoint\",\"urlTemplate\":\"https:\/\/alders.p3group.de\/fr\/?s={search_term_string}\"},\"query-input\":{\"@type\":\"PropertyValueSpecification\",\"valueRequired\":true,\"valueName\":\"search_term_string\"}}],\"inLanguage\":\"fr-FR\"},{\"@type\":\"Organization\",\"@id\":\"https:\/\/alders.p3group.de\/fr\/#organization\",\"name\":\"ALDERS electronic GmbH\",\"url\":\"https:\/\/alders.p3group.de\/fr\/\",\"logo\":{\"@type\":\"ImageObject\",\"inLanguage\":\"fr-FR\",\"@id\":\"https:\/\/alders.p3group.de\/fr\/#\/schema\/logo\/image\/\",\"url\":\"https:\/\/alders.p3group.de\/wp-content\/uploads\/2022\/07\/Alders-logo-Komplett.png\",\"contentUrl\":\"https:\/\/alders.p3group.de\/wp-content\/uploads\/2022\/07\/Alders-logo-Komplett.png\",\"width\":1043,\"height\":253,\"caption\":\"ALDERS electronic GmbH\"},\"image\":{\"@id\":\"https:\/\/alders.p3group.de\/fr\/#\/schema\/logo\/image\/\"},\"sameAs\":[\"https:\/\/www.facebook.com\/Alders.electronic\/\",\"https:\/\/de.linkedin.com\/company\/alders-electronic-gmbh\",\"https:\/\/www.youtube.com\/channel\/UC-hR66wsAmKOdY03IokrlzA\",\"https:\/\/www.instagram.com\/alders.electronic\/\"]}]}<\/script>\n<!-- \/ Yoast SEO plugin. -->","yoast_head_json":{"title":"FES Sensor Technology Capteur de gaz H2-TCD 12C-I - ALDERS electronic GmbH","robots":{"index":"noindex","follow":"follow","max-snippet":"max-snippet:-1","max-image-preview":"max-image-preview:large","max-video-preview":"max-video-preview:-1"},"og_locale":"fr_FR","og_type":"article","og_title":"FES Sensor Technology Capteur de gaz H2-TCD 12C-I - ALDERS electronic GmbH","og_description":"Le H2-TCD I2C-I est un capteur d'hydrog\u00e8ne pour les applications sans oxyg\u00e8ne et est bas\u00e9 sur un principe de fonctionnement par conductivit\u00e9 thermique. Le capteur contient de l'\u00e9lectronique embarqu\u00e9e, notamment les sources de tension pour les transducteurs chauff\u00e9s et le pont de Wheatstone. De plus, un amplificateur de gain programmable, un convertisseur analogique-num\u00e9rique \uf044\uf053 16 bits, un rh\u00e9ostat, une EEPROM 1 K bits et un capteur de temp\u00e9rature num\u00e9rique sont des composants cl\u00e9s du capteur. Il est con\u00e7u pour \u00eatre utilis\u00e9 dans une vari\u00e9t\u00e9 d'applications qui n\u00e9cessitent une d\u00e9termination pr\u00e9cise de l'hydrog\u00e8ne dans l'azote ou d'autres atmosph\u00e8res ne contenant pas d'oxyg\u00e8ne.","og_url":"https:\/\/alders.p3group.de\/fr\/produit\/fes-sensor-technology-capteur-de-gaz-h2-tcd-12c-i\/","og_site_name":"ALDERS electronic GmbH","article_publisher":"https:\/\/www.facebook.com\/Alders.electronic\/","article_modified_time":"2024-10-09T09:44:59+00:00","og_image":[{"width":147,"height":151,"url":"https:\/\/alders.p3group.de\/wp-content\/uploads\/2024\/10\/H2-TCD.png","type":"image\/png"}],"twitter_card":"summary_large_image","twitter_misc":{"Dur\u00e9e de lecture estim\u00e9e":"1 minute"},"schema":{"@context":"https:\/\/schema.org","@graph":[{"@type":"WebPage","@id":"https:\/\/alders.p3group.de\/fr\/produit\/fes-sensor-technology-capteur-de-gaz-h2-tcd-12c-i\/","url":"https:\/\/alders.p3group.de\/fr\/produit\/fes-sensor-technology-capteur-de-gaz-h2-tcd-12c-i\/","name":"FES Sensor Technology Capteur de gaz H2-TCD 12C-I - ALDERS electronic GmbH","isPartOf":{"@id":"https:\/\/alders.p3group.de\/fr\/#website"},"primaryImageOfPage":{"@id":"https:\/\/alders.p3group.de\/fr\/produit\/fes-sensor-technology-capteur-de-gaz-h2-tcd-12c-i\/#primaryimage"},"image":{"@id":"https:\/\/alders.p3group.de\/fr\/produit\/fes-sensor-technology-capteur-de-gaz-h2-tcd-12c-i\/#primaryimage"},"thumbnailUrl":"https:\/\/alders.p3group.de\/wp-content\/uploads\/2024\/10\/H2-TCD.png","datePublished":"2024-10-09T08:45:00+00:00","dateModified":"2024-10-09T09:44:59+00:00","breadcrumb":{"@id":"https:\/\/alders.p3group.de\/fr\/produit\/fes-sensor-technology-capteur-de-gaz-h2-tcd-12c-i\/#breadcrumb"},"inLanguage":"fr-FR","potentialAction":[{"@type":"ReadAction","target":["https:\/\/alders.p3group.de\/fr\/produit\/fes-sensor-technology-capteur-de-gaz-h2-tcd-12c-i\/"]}]},{"@type":"ImageObject","inLanguage":"fr-FR","@id":"https:\/\/alders.p3group.de\/fr\/produit\/fes-sensor-technology-capteur-de-gaz-h2-tcd-12c-i\/#primaryimage","url":"https:\/\/alders.p3group.de\/wp-content\/uploads\/2024\/10\/H2-TCD.png","contentUrl":"https:\/\/alders.p3group.de\/wp-content\/uploads\/2024\/10\/H2-TCD.png","width":147,"height":151},{"@type":"BreadcrumbList","@id":"https:\/\/alders.p3group.de\/fr\/produit\/fes-sensor-technology-capteur-de-gaz-h2-tcd-12c-i\/#breadcrumb","itemListElement":[{"@type":"ListItem","position":1,"name":"ALDERS","item":"https:\/\/alders.p3group.de\/fr\/"},{"@type":"ListItem","position":2,"name":"Catalogue","item":"https:\/\/alders.p3group.de\/fr\/catalogue\/"},{"@type":"ListItem","position":3,"name":"FES Sensor Technology Capteur de gaz H2-TCD 12C-I"}]},{"@type":"WebSite","@id":"https:\/\/alders.p3group.de\/fr\/#website","url":"https:\/\/alders.p3group.de\/fr\/","name":"ALDERS electronic GmbH","description":"Der Spezialist f\u00fcr elektromechanische L\u00f6sungen","publisher":{"@id":"https:\/\/alders.p3group.de\/fr\/#organization"},"potentialAction":[{"@type":"SearchAction","target":{"@type":"EntryPoint","urlTemplate":"https:\/\/alders.p3group.de\/fr\/?s={search_term_string}"},"query-input":{"@type":"PropertyValueSpecification","valueRequired":true,"valueName":"search_term_string"}}],"inLanguage":"fr-FR"},{"@type":"Organization","@id":"https:\/\/alders.p3group.de\/fr\/#organization","name":"ALDERS electronic GmbH","url":"https:\/\/alders.p3group.de\/fr\/","logo":{"@type":"ImageObject","inLanguage":"fr-FR","@id":"https:\/\/alders.p3group.de\/fr\/#\/schema\/logo\/image\/","url":"https:\/\/alders.p3group.de\/wp-content\/uploads\/2022\/07\/Alders-logo-Komplett.png","contentUrl":"https:\/\/alders.p3group.de\/wp-content\/uploads\/2022\/07\/Alders-logo-Komplett.png","width":1043,"height":253,"caption":"ALDERS electronic GmbH"},"image":{"@id":"https:\/\/alders.p3group.de\/fr\/#\/schema\/logo\/image\/"},"sameAs":["https:\/\/www.facebook.com\/Alders.electronic\/","https:\/\/de.linkedin.com\/company\/alders-electronic-gmbh","https:\/\/www.youtube.com\/channel\/UC-hR66wsAmKOdY03IokrlzA","https:\/\/www.instagram.com\/alders.electronic\/"]}]}},"_links":{"self":[{"href":"https:\/\/alders.p3group.de\/fr\/wp-json\/wp\/v2\/product\/291303","targetHints":{"allow":["GET"]}}],"collection":[{"href":"https:\/\/alders.p3group.de\/fr\/wp-json\/wp\/v2\/product"}],"about":[{"href":"https:\/\/alders.p3group.de\/fr\/wp-json\/wp\/v2\/types\/product"}],"wp:featuredmedia":[{"embeddable":true,"href":"https:\/\/alders.p3group.de\/fr\/wp-json\/wp\/v2\/media\/291309"}],"wp:attachment":[{"href":"https:\/\/alders.p3group.de\/fr\/wp-json\/wp\/v2\/media?parent=291303"}],"wp:term":[{"taxonomy":"product_brand","embeddable":true,"href":"https:\/\/alders.p3group.de\/fr\/wp-json\/wp\/v2\/product_brand?post=291303"},{"taxonomy":"product_cat","embeddable":true,"href":"https:\/\/alders.p3group.de\/fr\/wp-json\/wp\/v2\/product_cat?post=291303"},{"taxonomy":"product_tag","embeddable":true,"href":"https:\/\/alders.p3group.de\/fr\/wp-json\/wp\/v2\/product_tag?post=291303"}],"curies":[{"name":"wp","href":"https:\/\/api.w.org\/{rel}","templated":true}]}}