{"id":291312,"date":"2024-10-09T11:37:04","date_gmt":"2024-10-09T09:37:05","guid":{"rendered":"https:\/\/alders.de\/?post_type=product&#038;p=291312"},"modified":"2024-10-09T11:42:45","modified_gmt":"2024-10-09T09:42:45","slug":"fes-sensor-technology-capteur-de-gaz-h2-tcd-4-20ma","status":"publish","type":"product","link":"https:\/\/alders.p3group.de\/fr\/produit\/fes-sensor-technology-capteur-de-gaz-h2-tcd-4-20ma\/","title":{"rendered":"FES Sensor Technology Capteur de gaz H2-TCD 4-20mA"},"content":{"rendered":"<ul class=\"defaultList\">\n<li class=\"m-size-11 size-16\">D\u00e9tection pr\u00e9cise des niveaux d&rsquo;hydrog\u00e8ne dans l&rsquo;air et l&rsquo;azote jusqu&rsquo;\u00e0 15% vol-%<\/li>\n<li class=\"m-size-11 size-16\">Temps de r\u00e9ponse et de r\u00e9cup\u00e9ration rapides<\/li>\n<li class=\"m-size-11 size-16\">Applicable dans une humidit\u00e9 relative (HR) comprise entre 0% et 100%<\/li>\n<li class=\"m-size-11 size-16\">Plage de temp\u00e9rature -20\u00b0C \u00e0 +85\u00b0C<\/li>\n<li class=\"m-size-11 size-16\">Sortie lin\u00e9aire jusqu&rsquo;\u00e0 5% vol-%<\/li>\n<li class=\"m-size-11 size-16\">Tr\u00e8s faible consommation d&rsquo;\u00e9nergie &lt; 10 mW<\/li>\n<li class=\"m-size-11 size-16\">Transmetteur de boucle de courant 4-20 mA avec fonctionnement en tension inverse et protection contre les surtensions<\/li>\n<li class=\"m-size-11 size-16\">Tension d&rsquo;alimentation avec protection contre les polarisations invers\u00e9es<\/li>\n<\/ul>\n","protected":false},"excerpt":{"rendered":"<div class=\"lRu31\" dir=\"ltr\"><span class=\"HwtZe\" lang=\"fr\"><span class=\"jCAhz ChMk0b\"><span class=\"ryNqvb\">Le H2-TCD 4-20 mA est un capteur d&rsquo;hydrog\u00e8ne pour les applications sans oxyg\u00e8ne et repose sur un principe de fonctionnement par conductivit\u00e9 thermique.<\/span><\/span> <span class=\"jCAhz ChMk0b\"><span class=\"ryNqvb\">Le capteur contient un transducteur chauff\u00e9 \u00e0 base de Si, fabriqu\u00e9 par gravure anisotrope, et une \u00e9lectronique embarqu\u00e9e, notamment les sources de tension pour le transducteur, un rh\u00e9ostat num\u00e9rique non volatil pour ajuster le pont de Wheatstone avec le transducteur, un amplificateur d&rsquo;instrumentation et une interface de courant s\u00e9curis\u00e9e 4-20 mA.<\/span><\/span> <span class=\"jCAhz ChMk0b\"><span class=\"ryNqvb\">Il est con\u00e7u pour \u00eatre utilis\u00e9 dans une vari\u00e9t\u00e9 d&rsquo;applications qui n\u00e9cessitent une d\u00e9termination pr\u00e9cise de l&rsquo;hydrog\u00e8ne dans l&rsquo;azote ou d&rsquo;autres atmosph\u00e8res ne contenant pas d&rsquo;oxyg\u00e8ne.<\/span><\/span><\/span><\/div>\n","protected":false},"featured_media":291318,"template":"","meta":{"_acf_changed":false,"inline_featured_image":false},"product_brand":[],"product_cat":[540,569],"product_tag":[494,471],"class_list":{"0":"post-291312","1":"product","2":"type-product","3":"status-publish","4":"has-post-thumbnail","6":"product_cat-capteur-de-gaz","7":"product_cat-capteurs-de-gaz-fr","8":"product_tag-capteur-de-gaz-fr-2","9":"product_tag-capteur-de-gaz-fr","10":"pa_hersteller-fes-sensor-technology-fr","11":"pa_zielgas-hydrogene","13":"first","14":"instock","15":"shipping-taxable","16":"product-type-simple"},"acf":[],"yoast_head":"<!-- This site is optimized with the Yoast SEO plugin v26.6 - https:\/\/yoast.com\/wordpress\/plugins\/seo\/ -->\n<title>FES Sensor Technology Capteur de gaz H2-TCD 4-20mA - ALDERS electronic GmbH<\/title>\n<meta name=\"robots\" content=\"noindex, follow, max-snippet:-1, max-image-preview:large, max-video-preview:-1\" \/>\n<meta property=\"og:locale\" content=\"fr_FR\" \/>\n<meta property=\"og:type\" content=\"article\" \/>\n<meta property=\"og:title\" content=\"FES Sensor Technology Capteur de gaz H2-TCD 4-20mA - ALDERS electronic GmbH\" \/>\n<meta property=\"og:description\" content=\"Le H2-TCD 4-20 mA est un capteur d&#039;hydrog\u00e8ne pour les applications sans oxyg\u00e8ne et repose sur un principe de fonctionnement par conductivit\u00e9 thermique. Le capteur contient un transducteur chauff\u00e9 \u00e0 base de Si, fabriqu\u00e9 par gravure anisotrope, et une \u00e9lectronique embarqu\u00e9e, notamment les sources de tension pour le transducteur, un rh\u00e9ostat num\u00e9rique non volatil pour ajuster le pont de Wheatstone avec le transducteur, un amplificateur d&#039;instrumentation et une interface de courant s\u00e9curis\u00e9e 4-20 mA. Il est con\u00e7u pour \u00eatre utilis\u00e9 dans une vari\u00e9t\u00e9 d&#039;applications qui n\u00e9cessitent une d\u00e9termination pr\u00e9cise de l&#039;hydrog\u00e8ne dans l&#039;azote ou d&#039;autres atmosph\u00e8res ne contenant pas d&#039;oxyg\u00e8ne.\" \/>\n<meta property=\"og:url\" content=\"https:\/\/alders.p3group.de\/fr\/produit\/fes-sensor-technology-capteur-de-gaz-h2-tcd-4-20ma\/\" \/>\n<meta property=\"og:site_name\" content=\"ALDERS electronic GmbH\" \/>\n<meta property=\"article:publisher\" content=\"https:\/\/www.facebook.com\/Alders.electronic\/\" \/>\n<meta property=\"article:modified_time\" content=\"2024-10-09T09:42:45+00:00\" \/>\n<meta property=\"og:image\" content=\"https:\/\/alders.p3group.de\/wp-content\/uploads\/2024\/10\/H2-TCD-mA.png\" \/>\n\t<meta property=\"og:image:width\" content=\"143\" \/>\n\t<meta property=\"og:image:height\" content=\"149\" \/>\n\t<meta property=\"og:image:type\" content=\"image\/png\" \/>\n<meta name=\"twitter:card\" content=\"summary_large_image\" \/>\n<meta name=\"twitter:label1\" content=\"Dur\u00e9e de lecture estim\u00e9e\" \/>\n\t<meta name=\"twitter:data1\" content=\"1 minute\" \/>\n<script type=\"application\/ld+json\" class=\"yoast-schema-graph\">{\"@context\":\"https:\/\/schema.org\",\"@graph\":[{\"@type\":\"WebPage\",\"@id\":\"https:\/\/alders.p3group.de\/fr\/produit\/fes-sensor-technology-capteur-de-gaz-h2-tcd-4-20ma\/\",\"url\":\"https:\/\/alders.p3group.de\/fr\/produit\/fes-sensor-technology-capteur-de-gaz-h2-tcd-4-20ma\/\",\"name\":\"FES Sensor Technology Capteur de gaz H2-TCD 4-20mA - ALDERS electronic GmbH\",\"isPartOf\":{\"@id\":\"https:\/\/alders.p3group.de\/fr\/#website\"},\"primaryImageOfPage\":{\"@id\":\"https:\/\/alders.p3group.de\/fr\/produit\/fes-sensor-technology-capteur-de-gaz-h2-tcd-4-20ma\/#primaryimage\"},\"image\":{\"@id\":\"https:\/\/alders.p3group.de\/fr\/produit\/fes-sensor-technology-capteur-de-gaz-h2-tcd-4-20ma\/#primaryimage\"},\"thumbnailUrl\":\"https:\/\/alders.p3group.de\/wp-content\/uploads\/2024\/10\/H2-TCD-mA.png\",\"datePublished\":\"2024-10-09T09:37:05+00:00\",\"dateModified\":\"2024-10-09T09:42:45+00:00\",\"breadcrumb\":{\"@id\":\"https:\/\/alders.p3group.de\/fr\/produit\/fes-sensor-technology-capteur-de-gaz-h2-tcd-4-20ma\/#breadcrumb\"},\"inLanguage\":\"fr-FR\",\"potentialAction\":[{\"@type\":\"ReadAction\",\"target\":[\"https:\/\/alders.p3group.de\/fr\/produit\/fes-sensor-technology-capteur-de-gaz-h2-tcd-4-20ma\/\"]}]},{\"@type\":\"ImageObject\",\"inLanguage\":\"fr-FR\",\"@id\":\"https:\/\/alders.p3group.de\/fr\/produit\/fes-sensor-technology-capteur-de-gaz-h2-tcd-4-20ma\/#primaryimage\",\"url\":\"https:\/\/alders.p3group.de\/wp-content\/uploads\/2024\/10\/H2-TCD-mA.png\",\"contentUrl\":\"https:\/\/alders.p3group.de\/wp-content\/uploads\/2024\/10\/H2-TCD-mA.png\",\"width\":143,\"height\":149},{\"@type\":\"BreadcrumbList\",\"@id\":\"https:\/\/alders.p3group.de\/fr\/produit\/fes-sensor-technology-capteur-de-gaz-h2-tcd-4-20ma\/#breadcrumb\",\"itemListElement\":[{\"@type\":\"ListItem\",\"position\":1,\"name\":\"ALDERS\",\"item\":\"https:\/\/alders.p3group.de\/fr\/\"},{\"@type\":\"ListItem\",\"position\":2,\"name\":\"Catalogue\",\"item\":\"https:\/\/alders.p3group.de\/fr\/catalogue\/\"},{\"@type\":\"ListItem\",\"position\":3,\"name\":\"FES Sensor Technology Capteur de gaz H2-TCD 4-20mA\"}]},{\"@type\":\"WebSite\",\"@id\":\"https:\/\/alders.p3group.de\/fr\/#website\",\"url\":\"https:\/\/alders.p3group.de\/fr\/\",\"name\":\"ALDERS electronic GmbH\",\"description\":\"Der Spezialist f\u00fcr elektromechanische L\u00f6sungen\",\"publisher\":{\"@id\":\"https:\/\/alders.p3group.de\/fr\/#organization\"},\"potentialAction\":[{\"@type\":\"SearchAction\",\"target\":{\"@type\":\"EntryPoint\",\"urlTemplate\":\"https:\/\/alders.p3group.de\/fr\/?s={search_term_string}\"},\"query-input\":{\"@type\":\"PropertyValueSpecification\",\"valueRequired\":true,\"valueName\":\"search_term_string\"}}],\"inLanguage\":\"fr-FR\"},{\"@type\":\"Organization\",\"@id\":\"https:\/\/alders.p3group.de\/fr\/#organization\",\"name\":\"ALDERS electronic GmbH\",\"url\":\"https:\/\/alders.p3group.de\/fr\/\",\"logo\":{\"@type\":\"ImageObject\",\"inLanguage\":\"fr-FR\",\"@id\":\"https:\/\/alders.p3group.de\/fr\/#\/schema\/logo\/image\/\",\"url\":\"https:\/\/alders.p3group.de\/wp-content\/uploads\/2022\/07\/Alders-logo-Komplett.png\",\"contentUrl\":\"https:\/\/alders.p3group.de\/wp-content\/uploads\/2022\/07\/Alders-logo-Komplett.png\",\"width\":1043,\"height\":253,\"caption\":\"ALDERS electronic GmbH\"},\"image\":{\"@id\":\"https:\/\/alders.p3group.de\/fr\/#\/schema\/logo\/image\/\"},\"sameAs\":[\"https:\/\/www.facebook.com\/Alders.electronic\/\",\"https:\/\/de.linkedin.com\/company\/alders-electronic-gmbh\",\"https:\/\/www.youtube.com\/channel\/UC-hR66wsAmKOdY03IokrlzA\",\"https:\/\/www.instagram.com\/alders.electronic\/\"]}]}<\/script>\n<!-- \/ Yoast SEO plugin. -->","yoast_head_json":{"title":"FES Sensor Technology Capteur de gaz H2-TCD 4-20mA - ALDERS electronic GmbH","robots":{"index":"noindex","follow":"follow","max-snippet":"max-snippet:-1","max-image-preview":"max-image-preview:large","max-video-preview":"max-video-preview:-1"},"og_locale":"fr_FR","og_type":"article","og_title":"FES Sensor Technology Capteur de gaz H2-TCD 4-20mA - ALDERS electronic GmbH","og_description":"Le H2-TCD 4-20 mA est un capteur d'hydrog\u00e8ne pour les applications sans oxyg\u00e8ne et repose sur un principe de fonctionnement par conductivit\u00e9 thermique. Le capteur contient un transducteur chauff\u00e9 \u00e0 base de Si, fabriqu\u00e9 par gravure anisotrope, et une \u00e9lectronique embarqu\u00e9e, notamment les sources de tension pour le transducteur, un rh\u00e9ostat num\u00e9rique non volatil pour ajuster le pont de Wheatstone avec le transducteur, un amplificateur d'instrumentation et une interface de courant s\u00e9curis\u00e9e 4-20 mA. Il est con\u00e7u pour \u00eatre utilis\u00e9 dans une vari\u00e9t\u00e9 d'applications qui n\u00e9cessitent une d\u00e9termination pr\u00e9cise de l'hydrog\u00e8ne dans l'azote ou d'autres atmosph\u00e8res ne contenant pas d'oxyg\u00e8ne.","og_url":"https:\/\/alders.p3group.de\/fr\/produit\/fes-sensor-technology-capteur-de-gaz-h2-tcd-4-20ma\/","og_site_name":"ALDERS electronic GmbH","article_publisher":"https:\/\/www.facebook.com\/Alders.electronic\/","article_modified_time":"2024-10-09T09:42:45+00:00","og_image":[{"width":143,"height":149,"url":"https:\/\/alders.p3group.de\/wp-content\/uploads\/2024\/10\/H2-TCD-mA.png","type":"image\/png"}],"twitter_card":"summary_large_image","twitter_misc":{"Dur\u00e9e de lecture estim\u00e9e":"1 minute"},"schema":{"@context":"https:\/\/schema.org","@graph":[{"@type":"WebPage","@id":"https:\/\/alders.p3group.de\/fr\/produit\/fes-sensor-technology-capteur-de-gaz-h2-tcd-4-20ma\/","url":"https:\/\/alders.p3group.de\/fr\/produit\/fes-sensor-technology-capteur-de-gaz-h2-tcd-4-20ma\/","name":"FES Sensor Technology Capteur de gaz H2-TCD 4-20mA - ALDERS electronic GmbH","isPartOf":{"@id":"https:\/\/alders.p3group.de\/fr\/#website"},"primaryImageOfPage":{"@id":"https:\/\/alders.p3group.de\/fr\/produit\/fes-sensor-technology-capteur-de-gaz-h2-tcd-4-20ma\/#primaryimage"},"image":{"@id":"https:\/\/alders.p3group.de\/fr\/produit\/fes-sensor-technology-capteur-de-gaz-h2-tcd-4-20ma\/#primaryimage"},"thumbnailUrl":"https:\/\/alders.p3group.de\/wp-content\/uploads\/2024\/10\/H2-TCD-mA.png","datePublished":"2024-10-09T09:37:05+00:00","dateModified":"2024-10-09T09:42:45+00:00","breadcrumb":{"@id":"https:\/\/alders.p3group.de\/fr\/produit\/fes-sensor-technology-capteur-de-gaz-h2-tcd-4-20ma\/#breadcrumb"},"inLanguage":"fr-FR","potentialAction":[{"@type":"ReadAction","target":["https:\/\/alders.p3group.de\/fr\/produit\/fes-sensor-technology-capteur-de-gaz-h2-tcd-4-20ma\/"]}]},{"@type":"ImageObject","inLanguage":"fr-FR","@id":"https:\/\/alders.p3group.de\/fr\/produit\/fes-sensor-technology-capteur-de-gaz-h2-tcd-4-20ma\/#primaryimage","url":"https:\/\/alders.p3group.de\/wp-content\/uploads\/2024\/10\/H2-TCD-mA.png","contentUrl":"https:\/\/alders.p3group.de\/wp-content\/uploads\/2024\/10\/H2-TCD-mA.png","width":143,"height":149},{"@type":"BreadcrumbList","@id":"https:\/\/alders.p3group.de\/fr\/produit\/fes-sensor-technology-capteur-de-gaz-h2-tcd-4-20ma\/#breadcrumb","itemListElement":[{"@type":"ListItem","position":1,"name":"ALDERS","item":"https:\/\/alders.p3group.de\/fr\/"},{"@type":"ListItem","position":2,"name":"Catalogue","item":"https:\/\/alders.p3group.de\/fr\/catalogue\/"},{"@type":"ListItem","position":3,"name":"FES Sensor Technology Capteur de gaz H2-TCD 4-20mA"}]},{"@type":"WebSite","@id":"https:\/\/alders.p3group.de\/fr\/#website","url":"https:\/\/alders.p3group.de\/fr\/","name":"ALDERS electronic GmbH","description":"Der Spezialist f\u00fcr elektromechanische L\u00f6sungen","publisher":{"@id":"https:\/\/alders.p3group.de\/fr\/#organization"},"potentialAction":[{"@type":"SearchAction","target":{"@type":"EntryPoint","urlTemplate":"https:\/\/alders.p3group.de\/fr\/?s={search_term_string}"},"query-input":{"@type":"PropertyValueSpecification","valueRequired":true,"valueName":"search_term_string"}}],"inLanguage":"fr-FR"},{"@type":"Organization","@id":"https:\/\/alders.p3group.de\/fr\/#organization","name":"ALDERS electronic GmbH","url":"https:\/\/alders.p3group.de\/fr\/","logo":{"@type":"ImageObject","inLanguage":"fr-FR","@id":"https:\/\/alders.p3group.de\/fr\/#\/schema\/logo\/image\/","url":"https:\/\/alders.p3group.de\/wp-content\/uploads\/2022\/07\/Alders-logo-Komplett.png","contentUrl":"https:\/\/alders.p3group.de\/wp-content\/uploads\/2022\/07\/Alders-logo-Komplett.png","width":1043,"height":253,"caption":"ALDERS electronic GmbH"},"image":{"@id":"https:\/\/alders.p3group.de\/fr\/#\/schema\/logo\/image\/"},"sameAs":["https:\/\/www.facebook.com\/Alders.electronic\/","https:\/\/de.linkedin.com\/company\/alders-electronic-gmbh","https:\/\/www.youtube.com\/channel\/UC-hR66wsAmKOdY03IokrlzA","https:\/\/www.instagram.com\/alders.electronic\/"]}]}},"_links":{"self":[{"href":"https:\/\/alders.p3group.de\/fr\/wp-json\/wp\/v2\/product\/291312","targetHints":{"allow":["GET"]}}],"collection":[{"href":"https:\/\/alders.p3group.de\/fr\/wp-json\/wp\/v2\/product"}],"about":[{"href":"https:\/\/alders.p3group.de\/fr\/wp-json\/wp\/v2\/types\/product"}],"wp:featuredmedia":[{"embeddable":true,"href":"https:\/\/alders.p3group.de\/fr\/wp-json\/wp\/v2\/media\/291318"}],"wp:attachment":[{"href":"https:\/\/alders.p3group.de\/fr\/wp-json\/wp\/v2\/media?parent=291312"}],"wp:term":[{"taxonomy":"product_brand","embeddable":true,"href":"https:\/\/alders.p3group.de\/fr\/wp-json\/wp\/v2\/product_brand?post=291312"},{"taxonomy":"product_cat","embeddable":true,"href":"https:\/\/alders.p3group.de\/fr\/wp-json\/wp\/v2\/product_cat?post=291312"},{"taxonomy":"product_tag","embeddable":true,"href":"https:\/\/alders.p3group.de\/fr\/wp-json\/wp\/v2\/product_tag?post=291312"}],"curies":[{"name":"wp","href":"https:\/\/api.w.org\/{rel}","templated":true}]}}